{"id":5400,"date":"2024-12-26T14:30:09","date_gmt":"2024-12-26T06:30:09","guid":{"rendered":"https:\/\/www.springrollsolution.com\/?post_type=product&#038;p=5400"},"modified":"2025-06-26T19:26:15","modified_gmt":"2025-06-26T11:26:15","slug":"automatic-popiah-sheet-machine","status":"publish","type":"product","link":"https:\/\/www.springrollsolution.com\/fr\/produit\/automatic-popiah-sheet-machine\/","title":{"rendered":"Fournisseur de machines automatiques \u00e0 feuilles de popiah"},"content":{"rendered":"<p>La machine automatique \u00e0 fabriquer des feuilles de popiah est un \u00e9quipement de transformation alimentaire efficace qui permet de produire rapidement des feuilles de popiah. Dans l'industrie alimentaire moderne, l'efficacit\u00e9 et la qualit\u00e9 sont les cl\u00e9s du succ\u00e8s.<\/p>\n<p>La capacit\u00e9 de production horaire moyenne de cette machine peut atteindre jusqu'\u00e0 10 000 feuilles de popiah, en fonction des exigences de forme et de taille. Si vous souhaitez obtenir plus d'informations et de devis, vous pouvez nous faire part de vos besoins.<\/p>\n<p>En tant que fournisseur professionnel de machines \u00e0 fabriquer des feuilles de popiah, notre soci\u00e9t\u00e9 a de nombreuses ann\u00e9es d'exp\u00e9rience dans l'industrie. Elle s'est engag\u00e9e \u00e0 fournir aux clients des solutions automatiques de haute qualit\u00e9 pour les peaux de popiah.<\/p>\n<p><img fetchpriority=\"high\" decoding=\"async\" class=\"alignnone size-full wp-image-5403\" src=\"https:\/\/www.springrollsolution.com\/wp-content\/uploads\/2024\/12\/53.jpg\" alt=\"Machine \u00e0 fabriquer des feuilles de Popiah\" width=\"680\" height=\"400\" srcset=\"https:\/\/www.springrollsolution.com\/wp-content\/uploads\/2024\/12\/53.jpg 680w, https:\/\/www.springrollsolution.com\/wp-content\/uploads\/2024\/12\/53-300x176.jpg 300w, https:\/\/www.springrollsolution.com\/wp-content\/uploads\/2024\/12\/53-18x12.jpg 18w\" sizes=\"(max-width: 680px) 100vw, 680px\" \/><\/p>\n<h2><strong>Caract\u00e9ristiques de la machine automatique \u00e0 fabriquer des feuilles de Popiah<\/strong><\/h2>\n<ol>\n<li>Vitesse de production accrue : la machine tire parti d'une automatisation avanc\u00e9e pour produire une quantit\u00e9 substantielle de feuilles de popiah dans un d\u00e9lai court, avec une capacit\u00e9 allant de 1000 \u00e0 10000 feuilles de popiah par heure, ce qui am\u00e9liore consid\u00e9rablement le rendement de la production.<\/li>\n<li>Qualit\u00e9 fiable : Fabriqu\u00e9e en acier inoxydable 304, notre machine respecte les protocoles de s\u00e9curit\u00e9 alimentaire et produit des feuilles de popiah d'une \u00e9paisseur uniforme, garantissant un go\u00fbt constant et d\u00e9licieux qui trouve un \u00e9cho aupr\u00e8s des consommateurs.<\/li>\n<li>Fonctionnement simplifi\u00e9 : Dot\u00e9e d'un syst\u00e8me de contr\u00f4le intelligent et d'une interface conviviale, notre machine \u00e0 emballer les popias simplifie le processus op\u00e9rationnel. Elle ne n\u00e9cessite qu'une formation minimale, ce qui permet aux utilisateurs de l'utiliser avec facilit\u00e9 et efficacit\u00e9.<\/li>\n<li>Solutions personnalis\u00e9es : Conscients de la diversit\u00e9 des besoins de notre client\u00e8le, nous proposons des services personnalis\u00e9s. Nous sommes en mesure d'ajuster l'\u00e9chelle de production, les dimensions de la feuille popiah ou d'incorporer des fonctionnalit\u00e9s sp\u00e9cifiques pour r\u00e9pondre aux demandes uniques de chaque client, en veillant \u00e0 ce que nos machines soient parfaitement adapt\u00e9es \u00e0 leurs besoins de production.<\/li>\n<li>S\u00e9lection d'un double mode de chauffage : La machine automatique de fabrication de feuilles de popiah propose deux modes de chauffage, \u00e0 savoir le chauffage \u00e9lectrique et le chauffage au gaz. La machine peut \u00eatre s\u00e9lectionn\u00e9e de mani\u00e8re flexible en fonction des diff\u00e9rents environnements de production et des conditions d'approvisionnement en \u00e9nergie.<\/li>\n<\/ol>\n<h2><strong>Comment faire des feuilles de Popiah<\/strong><\/h2>\n<p><iframe title=\"Gelgoog Popiah Wrapper\/Lumpia Wrapper Machine\" width=\"500\" height=\"281\" src=\"https:\/\/www.youtube.com\/embed\/a4ILEyMv4d0?feature=oembed\" frameborder=\"0\" allow=\"accelerometer; autoplay; clipboard-write; encrypted-media; gyroscope; picture-in-picture; web-share\" referrerpolicy=\"strict-origin-when-cross-origin\" allowfullscreen><\/iframe><\/p>\n<h2><strong>Application de la machine \u00e0 fabriquer des feuilles de Popiah<\/strong><\/h2>\n<p>Cette machine est largement utilis\u00e9e dans diverses entreprises de transformation alimentaire, notamment pour la production de feuilles de popiah, d'emballages de rouleaux de printemps, d'emballages de popiah, d'emballages de lumpia et d'autres produits \u00e0 base de p\u00e2te \u00e0 frire. Les grandes usines de transformation alimentaire comme les petites et moyennes entreprises peuvent en b\u00e9n\u00e9ficier.<\/p>\n<h2><strong>Service apr\u00e8s-vente<\/strong><\/h2>\n<p>Afin de s'assurer que l'\u00e9quipement du client est toujours dans les meilleures conditions de fonctionnement, le fournisseur de machines automatiques \u00e0 fabriquer les feuilles de popiah fournit un service apr\u00e8s-vente complet. Ce service comprend l'installation et la mise en service de l'\u00e9quipement, la formation \u00e0 l'utilisation, l'entretien r\u00e9gulier et l'assistance technique. L'\u00e9quipe professionnelle du service apr\u00e8s-vente est disponible \u00e0 tout moment pour r\u00e9soudre les probl\u00e8mes rencontr\u00e9s par les clients pendant l'utilisation.<\/p>\n<p><img decoding=\"async\" class=\"alignnone size-full wp-image-5402\" src=\"https:\/\/www.springrollsolution.com\/wp-content\/uploads\/2024\/12\/52.jpg\" alt=\"Machine de fabrication de feuilles de Popiah \u00e0 vendre\" width=\"680\" height=\"400\" srcset=\"https:\/\/www.springrollsolution.com\/wp-content\/uploads\/2024\/12\/52.jpg 680w, https:\/\/www.springrollsolution.com\/wp-content\/uploads\/2024\/12\/52-300x176.jpg 300w, https:\/\/www.springrollsolution.com\/wp-content\/uploads\/2024\/12\/52-18x12.jpg 18w\" sizes=\"(max-width: 680px) 100vw, 680px\" \/><\/p>\n<h2><strong>Avis des clients - Machine \u00e0 fabriquer des feuilles Popiah<\/strong><\/h2>\n<p>Nos machines ont \u00e9t\u00e9 vendues avec succ\u00e8s dans de nombreux pays et r\u00e9gions du monde, notamment en Malaisie, en Indon\u00e9sie, aux \u00c9tats-Unis, au Canada, aux Philippines, au Vi\u00eat Nam, en Australie, au Chili, etc. Nos machines sont largement utilis\u00e9es et reconnues sur le march\u00e9 mondial.<\/p>\n<p>De nombreux clients ont fait l'\u00e9loge des machines et des services de notre soci\u00e9t\u00e9. Ils estiment que la machine am\u00e9liore non seulement l'efficacit\u00e9 de la production de feuilles de popiah, mais qu'elle r\u00e9duit aussi consid\u00e9rablement les co\u00fbts de production. Le service personnalis\u00e9 leur fait sentir le professionnalisme et le d\u00e9vouement de l'entreprise.<\/p>\n<h3><strong>Param\u00e8tres techniques<\/strong><\/h3>\n<table border=\"0\" cellspacing=\"0\" cellpadding=\"0\">\n<tbody>\n<tr>\n<td>Mod\u00e8le<\/td>\n<td>GGSR-5029Y\/F<\/td>\n<td>GGSR-8045Y\/F<\/td>\n<td>GGSR-12060Y\/F<\/td>\n<\/tr>\n<tr>\n<td>Tension<\/td>\n<td>380\/220V\uff0850\/60HZ\uff09<\/td>\n<td>380\/220V\uff0850\/60HZ\uff09<\/td>\n<td>380\/220V\uff0850\/60HZ\uff09<\/td>\n<\/tr>\n<tr>\n<td>Puissance<\/td>\n<td>18kw<\/td>\n<td>40kw<\/td>\n<td>59kw<\/td>\n<\/tr>\n<tr>\n<td>Puissance d'accueil<\/td>\n<td>0,4kw<\/td>\n<td>0,4kw<\/td>\n<td>0,75kw<\/td>\n<\/tr>\n<tr>\n<td>Puissance de coupe<\/td>\n<td>0,2kw<\/td>\n<td>0,2kw<\/td>\n<td>0,2kw<\/td>\n<\/tr>\n<tr>\n<td>Puissance de la bande transporteuse<\/td>\n<td>0,36kw<\/td>\n<td>0,36kw<\/td>\n<td>0,55kw<\/td>\n<\/tr>\n<tr>\n<td>Capacit\u00e9<\/td>\n<td>1000-1500pcs\/h<\/td>\n<td>3500-4500pcs\/h<\/td>\n<td>4500-7000pcs\/h<\/td>\n<\/tr>\n<tr>\n<td>Taille<\/td>\n<td>5200*950*1350mm<\/td>\n<td>6200*1100*1600mm<\/td>\n<td>6200*1300*2000mm<\/td>\n<\/tr>\n<tr>\n<td>Poids net<\/td>\n<td>520 kg<\/td>\n<td>1000kg<\/td>\n<td>1750kg<\/td>\n<\/tr>\n<tr>\n<td>Epaisseur de la feuille de popiah<\/td>\n<td>0,3-2,0 mm<\/td>\n<td>0,3-2,0 mm<\/td>\n<td>0,3-2,0 mm<\/td>\n<\/tr>\n<\/tbody>\n<\/table>\n<h3><strong>Envoyer une demande de devis gratuit<\/strong><\/h3>\n<div id=\"wpcf7-f3214-p3282-o2\" class=\"wpcf7\" dir=\"ltr\" lang=\"en-US\" role=\"form\">\n<div id=\"wpcf7-f3214-p4439-o2\" class=\"wpcf7 js\" dir=\"ltr\" lang=\"en-US\"><span style=\"font-size: 16px;\">\n<div class=\"wpcf7 no-js\" id=\"wpcf7-f3214-o1\" lang=\"en-US\" dir=\"ltr\" data-wpcf7-id=\"3214\">\n<div class=\"screen-reader-response\"><p role=\"status\" aria-live=\"polite\" aria-atomic=\"true\"><\/p> <ul><\/ul><\/div>\n<form action=\"\/fr\/wp-json\/wp\/v2\/product\/5400#wpcf7-f3214-o1\" method=\"post\" class=\"wpcf7-form init\" aria-label=\"Formulaire de contact\" novalidate=\"novalidate\" data-status=\"init\" data-trp-original-action=\"\/fr\/wp-json\/wp\/v2\/product\/5400#wpcf7-f3214-o1\">\n<fieldset class=\"hidden-fields-container\"><input type=\"hidden\" name=\"_wpcf7\" value=\"3214\" \/><input type=\"hidden\" name=\"_wpcf7_version\" value=\"6.1.5\" \/><input type=\"hidden\" name=\"_wpcf7_locale\" value=\"en_US\" \/><input type=\"hidden\" name=\"_wpcf7_unit_tag\" value=\"wpcf7-f3214-o1\" \/><input type=\"hidden\" name=\"_wpcf7_container_post\" value=\"0\" \/><input type=\"hidden\" name=\"_wpcf7_posted_data_hash\" value=\"\" \/>\n<\/fieldset>\n<p><label> Votre nom*<br \/>\n<span class=\"wpcf7-form-control-wrap\" data-name=\"your-name\"><input size=\"40\" maxlength=\"400\" class=\"wpcf7-form-control wpcf7-text wpcf7-validates-as-required\" aria-required=\"true\" aria-invalid=\"false\" value=\"\" type=\"text\" name=\"your-name\" \/><\/span> <\/label>\n<\/p>\n<p><label> Votre pays<br \/>\n<span class=\"wpcf7-form-control-wrap\" data-name=\"your-country\"><input size=\"40\" maxlength=\"400\" class=\"wpcf7-form-control wpcf7-text\" aria-invalid=\"false\" value=\"\" type=\"text\" name=\"your-country\" \/><\/span> <\/label>\n<\/p>\n<p><label> Votre courriel*<br \/>\n<span class=\"wpcf7-form-control-wrap\" data-name=\"your-email\"><input size=\"40\" maxlength=\"400\" class=\"wpcf7-form-control wpcf7-email wpcf7-validates-as-required wpcf7-text wpcf7-validates-as-email\" aria-required=\"true\" aria-invalid=\"false\" value=\"\" type=\"email\" name=\"your-email\" \/><\/span> <\/label>\n<\/p>\n<p><label> Votre t\u00e9l\u00e9phone<br \/>\n<span class=\"wpcf7-form-control-wrap\" data-name=\"your-phone\"><input size=\"40\" maxlength=\"400\" class=\"wpcf7-form-control wpcf7-tel wpcf7-text wpcf7-validates-as-tel\" aria-invalid=\"false\" value=\"\" type=\"tel\" name=\"your-phone\" \/><\/span> <\/label>\n<\/p>\n<p><label> Nom de l'entreprise<br \/>\n<span class=\"wpcf7-form-control-wrap\" data-name=\"text-457\"><input size=\"40\" maxlength=\"400\" class=\"wpcf7-form-control wpcf7-text\" aria-invalid=\"false\" value=\"\" type=\"text\" name=\"text-457\" \/><\/span> <\/label>\n<\/p>\n<p><label> Le site web de votre entreprise<br \/>\n<span class=\"wpcf7-form-control-wrap\" data-name=\"text-546\"><input size=\"40\" maxlength=\"400\" class=\"wpcf7-form-control wpcf7-text\" aria-invalid=\"false\" value=\"\" type=\"text\" name=\"text-546\" \/><\/span> <\/label>\n<\/p>\n<p><label> Votre demande*<br \/>\n<span class=\"wpcf7-form-control-wrap\" data-name=\"your-requirement\"><textarea cols=\"40\" rows=\"10\" maxlength=\"2000\" class=\"wpcf7-form-control wpcf7-textarea wpcf7-validates-as-required\" aria-required=\"true\" aria-invalid=\"false\" name=\"your-requirement\"><\/textarea><\/span> <\/label>\n<\/p>\n<p><input class=\"wpcf7-form-control wpcf7-submit has-spinner\" type=\"submit\" value=\"Soumettre\" \/>\n<\/p>\n<div style=\"clear:both\">\n<\/div><p style=\"display: none !important;\" class=\"akismet-fields-container\" data-prefix=\"_wpcf7_ak_\"><label>&#916;<textarea name=\"_wpcf7_ak_hp_textarea\" cols=\"45\" rows=\"8\" maxlength=\"100\"><\/textarea><\/label><input type=\"hidden\" id=\"ak_js_1\" name=\"_wpcf7_ak_js\" value=\"155\"\/><script>document.getElementById( \"ak_js_1\" ).setAttribute( \"value\", ( new Date() ).getTime() );<\/script><\/p><div class=\"wpcf7-response-output\" aria-hidden=\"true\"><\/div>\n<input type=\"hidden\" name=\"trp-form-language\" value=\"fr\"\/><\/form>\n<\/div>\n<\/span><\/div>\n<\/div>\n<div style='text-align:left' class='yasr-auto-insert-visitor'><\/div>","protected":false},"excerpt":{"rendered":"<p>Automatic popiah sheet machine is an efficient food processing equipment that can quickly produce popiah sheet. In the modern food processing industry, efficiency and quality are the keys to success. The average hourly production capacity of this machine can reach up to 10,000 popiah sheets, depending on the shape and size requirements. If you want [&hellip;]<\/p>","protected":false},"featured_media":5404,"comment_status":"open","ping_status":"closed","template":"","meta":{"site-sidebar-layout":"default","site-content-layout":"default","ast-site-content-layout":"default","site-content-style":"default","site-sidebar-style":"default","ast-global-header-display":"","ast-banner-title-visibility":"","ast-main-header-display":"","ast-hfb-above-header-display":"","ast-hfb-below-header-display":"","ast-hfb-mobile-header-display":"","site-post-title":"","ast-breadcrumbs-content":"","ast-featured-img":"","footer-sml-layout":"","theme-transparent-header-meta":"","adv-header-id-meta":"","stick-header-meta":"","header-above-stick-meta":"","header-main-stick-meta":"","header-below-stick-meta":"","astra-migrate-meta-layouts":"default","ast-page-background-enabled":"default","ast-page-background-meta":{"desktop":{"background-color":"","background-image":"","background-repeat":"repeat","background-position":"center center","background-size":"auto","background-attachment":"scroll","background-type":"","background-media":"","overlay-type":"","overlay-color":"","overlay-opacity":"","overlay-gradient":""},"tablet":{"background-color":"","background-image":"","background-repeat":"repeat","background-position":"center center","background-size":"auto","background-attachment":"scroll","background-type":"","background-media":"","overlay-type":"","overlay-color":"","overlay-opacity":"","overlay-gradient":""},"mobile":{"background-color":"","background-image":"","background-repeat":"repeat","background-position":"center center","background-size":"auto","background-attachment":"scroll","background-type":"","background-media":"","overlay-type":"","overlay-color":"","overlay-opacity":"","overlay-gradient":""}},"ast-content-background-meta":{"desktop":{"background-color":"var(--ast-global-color-5)","background-image":"","background-repeat":"repeat","background-position":"center center","background-size":"auto","background-attachment":"scroll","background-type":"","background-media":"","overlay-type":"","overlay-color":"","overlay-opacity":"","overlay-gradient":""},"tablet":{"background-color":"var(--ast-global-color-5)","background-image":"","background-repeat":"repeat","background-position":"center center","background-size":"auto","background-attachment":"scroll","background-type":"","background-media":"","overlay-type":"","overlay-color":"","overlay-opacity":"","overlay-gradient":""},"mobile":{"background-color":"var(--ast-global-color-5)","background-image":"","background-repeat":"repeat","background-position":"center center","background-size":"auto","background-attachment":"scroll","background-type":"","background-media":"","overlay-type":"","overlay-color":"","overlay-opacity":"","overlay-gradient":""}},"yasr_overall_rating":0,"yasr_post_is_review":"","yasr_auto_insert_disabled":"","yasr_review_type":""},"product_brand":[],"product_cat":[6],"product_tag":[],"class_list":{"0":"post-5400","1":"product","2":"type-product","3":"status-publish","4":"has-post-thumbnail","6":"product_cat-wrapper-machine","7":"desktop-align-left","8":"tablet-align-left","9":"mobile-align-left","11":"first","12":"instock","13":"shipping-taxable","14":"product-type-simple"},"yoast_head":"<!-- This site is optimized with the Yoast SEO plugin v26.4 - https:\/\/yoast.com\/wordpress\/plugins\/seo\/ -->\n<title>Automatic Popiah Sheet Machine Supplier Customizable<\/title>\n<meta name=\"description\" content=\"As an automatic popiah sheet machine supplier, the company&#039;s products are characterized by high efficiency, high quality and customization.\" \/>\n<meta name=\"robots\" content=\"index, follow, max-snippet:-1, max-image-preview:large, max-video-preview:-1\" \/>\n<link rel=\"canonical\" href=\"https:\/\/www.springrollsolution.com\/fr\/produit\/automatic-popiah-sheet-machine\/\" \/>\n<meta property=\"og:locale\" content=\"fr_FR\" \/>\n<meta property=\"og:type\" content=\"article\" \/>\n<meta property=\"og:title\" content=\"Automatic Popiah Sheet Machine Supplier Customizable\" \/>\n<meta property=\"og:description\" content=\"As an automatic popiah sheet machine supplier, the company&#039;s products are characterized by high efficiency, high quality and customization.\" \/>\n<meta property=\"og:url\" content=\"https:\/\/www.springrollsolution.com\/fr\/produit\/automatic-popiah-sheet-machine\/\" \/>\n<meta property=\"og:site_name\" content=\"Spring Roll Processing Machine\" \/>\n<meta property=\"article:modified_time\" content=\"2025-06-26T11:26:15+00:00\" \/>\n<meta property=\"og:image\" content=\"https:\/\/www.springrollsolution.com\/wp-content\/uploads\/2024\/12\/4-2.jpg\" \/>\n\t<meta property=\"og:image:width\" content=\"600\" \/>\n\t<meta property=\"og:image:height\" content=\"600\" \/>\n\t<meta property=\"og:image:type\" content=\"image\/jpeg\" \/>\n<meta name=\"twitter:card\" content=\"summary_large_image\" \/>\n<meta name=\"twitter:label1\" content=\"Dur\u00e9e de lecture estim\u00e9e\" \/>\n\t<meta name=\"twitter:data1\" content=\"3 minutes\" \/>\n<script type=\"application\/ld+json\" class=\"yoast-schema-graph\">{\"@context\":\"https:\/\/schema.org\",\"@graph\":[{\"@type\":\"WebPage\",\"@id\":\"https:\/\/www.springrollsolution.com\/product\/automatic-popiah-sheet-machine\/\",\"url\":\"https:\/\/www.springrollsolution.com\/product\/automatic-popiah-sheet-machine\/\",\"name\":\"Automatic Popiah Sheet Machine Supplier Customizable\",\"isPartOf\":{\"@id\":\"https:\/\/www.springrollsolution.com\/#website\"},\"primaryImageOfPage\":{\"@id\":\"https:\/\/www.springrollsolution.com\/product\/automatic-popiah-sheet-machine\/#primaryimage\"},\"image\":{\"@id\":\"https:\/\/www.springrollsolution.com\/product\/automatic-popiah-sheet-machine\/#primaryimage\"},\"thumbnailUrl\":\"https:\/\/www.springrollsolution.com\/wp-content\/uploads\/2024\/12\/4-2.jpg\",\"datePublished\":\"2024-12-26T06:30:09+00:00\",\"dateModified\":\"2025-06-26T11:26:15+00:00\",\"description\":\"As an automatic popiah sheet machine supplier, the company's products are characterized by high efficiency, high quality and customization.\",\"breadcrumb\":{\"@id\":\"https:\/\/www.springrollsolution.com\/product\/automatic-popiah-sheet-machine\/#breadcrumb\"},\"inLanguage\":\"fr-FR\",\"potentialAction\":[{\"@type\":\"ReadAction\",\"target\":[\"https:\/\/www.springrollsolution.com\/product\/automatic-popiah-sheet-machine\/\"]}]},{\"@type\":\"ImageObject\",\"inLanguage\":\"fr-FR\",\"@id\":\"https:\/\/www.springrollsolution.com\/product\/automatic-popiah-sheet-machine\/#primaryimage\",\"url\":\"https:\/\/www.springrollsolution.com\/wp-content\/uploads\/2024\/12\/4-2.jpg\",\"contentUrl\":\"https:\/\/www.springrollsolution.com\/wp-content\/uploads\/2024\/12\/4-2.jpg\",\"width\":600,\"height\":600,\"caption\":\"Industrial Popiah Sheet Machine\"},{\"@type\":\"BreadcrumbList\",\"@id\":\"https:\/\/www.springrollsolution.com\/product\/automatic-popiah-sheet-machine\/#breadcrumb\",\"itemListElement\":[{\"@type\":\"ListItem\",\"position\":1,\"name\":\"Home\",\"item\":\"https:\/\/www.springrollsolution.com\/\"},{\"@type\":\"ListItem\",\"position\":2,\"name\":\"Products\",\"item\":\"https:\/\/www.springrollsolution.com\/shop\/\"},{\"@type\":\"ListItem\",\"position\":3,\"name\":\"Automatic Popiah Sheet Machine Supplier Customizable\"}]},{\"@type\":\"WebSite\",\"@id\":\"https:\/\/www.springrollsolution.com\/#website\",\"url\":\"https:\/\/www.springrollsolution.com\/\",\"name\":\"Spring Roll Processing Machine\",\"description\":\"Spring roll processing solution provider\",\"publisher\":{\"@id\":\"https:\/\/www.springrollsolution.com\/#organization\"},\"potentialAction\":[{\"@type\":\"SearchAction\",\"target\":{\"@type\":\"EntryPoint\",\"urlTemplate\":\"https:\/\/www.springrollsolution.com\/?s={search_term_string}\"},\"query-input\":{\"@type\":\"PropertyValueSpecification\",\"valueRequired\":true,\"valueName\":\"search_term_string\"}}],\"inLanguage\":\"fr-FR\"},{\"@type\":\"Organization\",\"@id\":\"https:\/\/www.springrollsolution.com\/#organization\",\"name\":\"Spring Roll Processing Machine\",\"url\":\"https:\/\/www.springrollsolution.com\/\",\"logo\":{\"@type\":\"ImageObject\",\"inLanguage\":\"fr-FR\",\"@id\":\"https:\/\/www.springrollsolution.com\/#\/schema\/logo\/image\/\",\"url\":\"https:\/\/www.springrollsolution.com\/wp-content\/uploads\/2025\/05\/cropped-logo.png\",\"contentUrl\":\"https:\/\/www.springrollsolution.com\/wp-content\/uploads\/2025\/05\/cropped-logo.png\",\"width\":180,\"height\":60,\"caption\":\"Spring Roll Processing Machine\"},\"image\":{\"@id\":\"https:\/\/www.springrollsolution.com\/#\/schema\/logo\/image\/\"}},false]}<\/script>\n<!-- \/ Yoast SEO plugin. -->","yoast_head_json":{"title":"Fournisseur de machines automatiques \u00e0 feuilles de popiah","description":"En tant que fournisseur de machines automatiques \u00e0 fabriquer des feuilles de popiah, les produits de la soci\u00e9t\u00e9 se caract\u00e9risent par leur grande efficacit\u00e9, leur qualit\u00e9 \u00e9lev\u00e9e et leur personnalisation.","robots":{"index":"index","follow":"follow","max-snippet":"max-snippet:-1","max-image-preview":"max-image-preview:large","max-video-preview":"max-video-preview:-1"},"canonical":"https:\/\/www.springrollsolution.com\/fr\/produit\/automatic-popiah-sheet-machine\/","og_locale":"fr_FR","og_type":"article","og_title":"Automatic Popiah Sheet Machine Supplier Customizable","og_description":"As an automatic popiah sheet machine supplier, the company's products are characterized by high efficiency, high quality and customization.","og_url":"https:\/\/www.springrollsolution.com\/fr\/produit\/automatic-popiah-sheet-machine\/","og_site_name":"Spring Roll Processing Machine","article_modified_time":"2025-06-26T11:26:15+00:00","og_image":[{"width":600,"height":600,"url":"https:\/\/www.springrollsolution.com\/wp-content\/uploads\/2024\/12\/4-2.jpg","type":"image\/jpeg"}],"twitter_card":"summary_large_image","twitter_misc":{"Dur\u00e9e de lecture estim\u00e9e":"3 minutes"},"schema":{"@context":"https:\/\/schema.org","@graph":[{"@type":"WebPage","@id":"https:\/\/www.springrollsolution.com\/product\/automatic-popiah-sheet-machine\/","url":"https:\/\/www.springrollsolution.com\/product\/automatic-popiah-sheet-machine\/","name":"Fournisseur de machines automatiques \u00e0 feuilles de popiah","isPartOf":{"@id":"https:\/\/www.springrollsolution.com\/#website"},"primaryImageOfPage":{"@id":"https:\/\/www.springrollsolution.com\/product\/automatic-popiah-sheet-machine\/#primaryimage"},"image":{"@id":"https:\/\/www.springrollsolution.com\/product\/automatic-popiah-sheet-machine\/#primaryimage"},"thumbnailUrl":"https:\/\/www.springrollsolution.com\/wp-content\/uploads\/2024\/12\/4-2.jpg","datePublished":"2024-12-26T06:30:09+00:00","dateModified":"2025-06-26T11:26:15+00:00","description":"En tant que fournisseur de machines automatiques \u00e0 fabriquer des feuilles de popiah, les produits de la soci\u00e9t\u00e9 se caract\u00e9risent par leur grande efficacit\u00e9, leur qualit\u00e9 \u00e9lev\u00e9e et leur personnalisation.","breadcrumb":{"@id":"https:\/\/www.springrollsolution.com\/product\/automatic-popiah-sheet-machine\/#breadcrumb"},"inLanguage":"fr-FR","potentialAction":[{"@type":"ReadAction","target":["https:\/\/www.springrollsolution.com\/product\/automatic-popiah-sheet-machine\/"]}]},{"@type":"ImageObject","inLanguage":"fr-FR","@id":"https:\/\/www.springrollsolution.com\/product\/automatic-popiah-sheet-machine\/#primaryimage","url":"https:\/\/www.springrollsolution.com\/wp-content\/uploads\/2024\/12\/4-2.jpg","contentUrl":"https:\/\/www.springrollsolution.com\/wp-content\/uploads\/2024\/12\/4-2.jpg","width":600,"height":600,"caption":"Industrial Popiah Sheet Machine"},{"@type":"BreadcrumbList","@id":"https:\/\/www.springrollsolution.com\/product\/automatic-popiah-sheet-machine\/#breadcrumb","itemListElement":[{"@type":"ListItem","position":1,"name":"Home","item":"https:\/\/www.springrollsolution.com\/"},{"@type":"ListItem","position":2,"name":"Products","item":"https:\/\/www.springrollsolution.com\/shop\/"},{"@type":"ListItem","position":3,"name":"Automatic Popiah Sheet Machine Supplier Customizable"}]},{"@type":"WebSite","@id":"https:\/\/www.springrollsolution.com\/#website","url":"https:\/\/www.springrollsolution.com\/","name":"Machine de traitement des rouleaux de printemps","description":"Fournisseur de solutions pour le traitement des rouleaux de printemps","publisher":{"@id":"https:\/\/www.springrollsolution.com\/#organization"},"potentialAction":[{"@type":"SearchAction","target":{"@type":"EntryPoint","urlTemplate":"https:\/\/www.springrollsolution.com\/?s={search_term_string}"},"query-input":{"@type":"PropertyValueSpecification","valueRequired":true,"valueName":"search_term_string"}}],"inLanguage":"fr-FR"},{"@type":"Organization","@id":"https:\/\/www.springrollsolution.com\/#organization","name":"Machine de traitement des rouleaux de printemps","url":"https:\/\/www.springrollsolution.com\/","logo":{"@type":"ImageObject","inLanguage":"fr-FR","@id":"https:\/\/www.springrollsolution.com\/#\/schema\/logo\/image\/","url":"https:\/\/www.springrollsolution.com\/wp-content\/uploads\/2025\/05\/cropped-logo.png","contentUrl":"https:\/\/www.springrollsolution.com\/wp-content\/uploads\/2025\/05\/cropped-logo.png","width":180,"height":60,"caption":"Spring Roll Processing Machine"},"image":{"@id":"https:\/\/www.springrollsolution.com\/#\/schema\/logo\/image\/"}},false]}},"yasr_visitor_votes":{"stars_attributes":{"read_only":false,"span_bottom":false},"number_of_votes":1,"sum_votes":5},"_links":{"self":[{"href":"https:\/\/www.springrollsolution.com\/fr\/wp-json\/wp\/v2\/product\/5400","targetHints":{"allow":["GET"]}}],"collection":[{"href":"https:\/\/www.springrollsolution.com\/fr\/wp-json\/wp\/v2\/product"}],"about":[{"href":"https:\/\/www.springrollsolution.com\/fr\/wp-json\/wp\/v2\/types\/product"}],"replies":[{"embeddable":true,"href":"https:\/\/www.springrollsolution.com\/fr\/wp-json\/wp\/v2\/comments?post=5400"}],"wp:featuredmedia":[{"embeddable":true,"href":"https:\/\/www.springrollsolution.com\/fr\/wp-json\/wp\/v2\/media\/5404"}],"wp:attachment":[{"href":"https:\/\/www.springrollsolution.com\/fr\/wp-json\/wp\/v2\/media?parent=5400"}],"wp:term":[{"taxonomy":"product_brand","embeddable":true,"href":"https:\/\/www.springrollsolution.com\/fr\/wp-json\/wp\/v2\/product_brand?post=5400"},{"taxonomy":"product_cat","embeddable":true,"href":"https:\/\/www.springrollsolution.com\/fr\/wp-json\/wp\/v2\/product_cat?post=5400"},{"taxonomy":"product_tag","embeddable":true,"href":"https:\/\/www.springrollsolution.com\/fr\/wp-json\/wp\/v2\/product_tag?post=5400"}],"curies":[{"name":"wp","href":"https:\/\/api.w.org\/{rel}","templated":true}]}}