{"id":5394,"date":"2024-12-23T15:55:08","date_gmt":"2024-12-23T07:55:08","guid":{"rendered":"https:\/\/www.springrollsolution.com\/?post_type=product&#038;p=5394"},"modified":"2024-12-23T16:12:02","modified_gmt":"2024-12-23T08:12:02","slug":"automatic-cheese-roll-machine","status":"publish","type":"product","link":"https:\/\/www.springrollsolution.com\/fr\/produit\/automatic-cheese-roll-machine\/","title":{"rendered":"Machine automatique \u00e0 rouler le fromage Fournisseur en Chine"},"content":{"rendered":"<p>La machine automatique \u00e0 rouler le fromage r\u00e9volutionne la m\u00e9thode traditionnelle de fabrication des petits pains au fromage. Cet \u00e9quipement de pointe automatise le processus de fabrication des rouleaux de fromage, garantissant une qualit\u00e9 constante et r\u00e9duisant le temps de production.<\/p>\n<p>La machine est con\u00e7ue pour traiter des rouleaux de fromage de diff\u00e9rentes tailles afin de r\u00e9pondre aux exigences des diff\u00e9rentes usines alimentaires. La taille et les garnitures des rouleaux de fromage peuvent \u00eatre personnalis\u00e9es en fonction de la demande.<\/p>\n<p><img fetchpriority=\"high\" decoding=\"async\" class=\"alignnone size-full wp-image-5397\" src=\"https:\/\/www.springrollsolution.com\/wp-content\/uploads\/2024\/12\/6-1.jpg\" alt=\"Solution pour la machine \u00e0 rouler le fromage\" width=\"650\" height=\"300\" srcset=\"https:\/\/www.springrollsolution.com\/wp-content\/uploads\/2024\/12\/6-1.jpg 650w, https:\/\/www.springrollsolution.com\/wp-content\/uploads\/2024\/12\/6-1-300x138.jpg 300w, https:\/\/www.springrollsolution.com\/wp-content\/uploads\/2024\/12\/6-1-18x8.jpg 18w\" sizes=\"(max-width: 650px) 100vw, 650px\" \/><\/p>\n<h2><strong>Avantages de la machine automatique \u00e0 rouler le fromage<\/strong><\/h2>\n<ol>\n<li>Automatisation avanc\u00e9e : La machine est con\u00e7ue pour am\u00e9liorer la vitesse et l'efficacit\u00e9 de la production tout en garantissant la coh\u00e9rence et la qualit\u00e9 des produits de rouleaux de fromage. Gr\u00e2ce \u00e0 des fonctionnalit\u00e9s telles que l'int\u00e9gration de l'IoT et de l'IA, ces machines optimisent les op\u00e9rations, r\u00e9duisent le gaspillage et diminuent les co\u00fbts de production.<\/li>\n<li>Polyvalence : Capable de traiter un large \u00e9ventail de types de rouleaux de fromage, du lait frais de vache ou de ch\u00e8vre \u00e0 des vari\u00e9t\u00e9s plus complexes, cette machine est une solution unique pour r\u00e9pondre aux divers besoins de production de rouleaux de fromage.<\/li>\n<li>Facilit\u00e9 d'utilisation : \u00c9quip\u00e9es d'interfaces conviviales, ces machines ne n\u00e9cessitent qu'une intervention manuelle minimale, ce qui les rend accessibles \u00e0 des op\u00e9rateurs ayant des niveaux d'expertise vari\u00e9s.<\/li>\n<li>Assurance qualit\u00e9 : Les machines \u00e0 rouler le fromage sont accompagn\u00e9es de certificats d'inspection de l'\u00e9quipement et de manuels garantissant une installation et une utilisation correctes. En outre, les fabricants fournissent des conseils sur place pour l'installation, la mise en service et la formation des clients jusqu'\u00e0 ce qu'ils soient satisfaits.<\/li>\n<li>Assistance apr\u00e8s-vente : Avec une p\u00e9riode de garantie pour les accessoires d'usure et des services de maintenance \u00e0 vie, y compris l'envoi d'ing\u00e9nieurs sur le site du client si n\u00e9cessaire, la machine offre une assistance compl\u00e8te apr\u00e8s l'achat.<\/li>\n<\/ol>\n<p><img decoding=\"async\" class=\"alignnone size-full wp-image-5398\" src=\"https:\/\/www.springrollsolution.com\/wp-content\/uploads\/2024\/12\/8.jpg\" alt=\"Machine de traitement des rouleaux de fromage\" width=\"650\" height=\"500\" srcset=\"https:\/\/www.springrollsolution.com\/wp-content\/uploads\/2024\/12\/8.jpg 650w, https:\/\/www.springrollsolution.com\/wp-content\/uploads\/2024\/12\/8-300x231.jpg 300w, https:\/\/www.springrollsolution.com\/wp-content\/uploads\/2024\/12\/8-16x12.jpg 16w\" sizes=\"(max-width: 650px) 100vw, 650px\" \/><\/p>\n<h2><strong>Caract\u00e9ristiques de la machine \u00e0 fabriquer des rouleaux de fromage<\/strong><\/h2>\n<ul>\n<li>Capacit\u00e9 de production : La machine offre une capacit\u00e9 variable, pouvant aller de 1000 \u00e0 10 000 pi\u00e8ces par heure. Elle convient aussi bien aux besoins de production \u00e0 moyenne qu'\u00e0 grande \u00e9chelle.<\/li>\n<li>Mat\u00e9riau de la machine : Construite en acier inoxydable 304, la machine garantit sa durabilit\u00e9 et sa r\u00e9sistance \u00e0 la corrosion, ce qui est essentiel pour maintenir les normes d'hygi\u00e8ne dans la transformation des aliments et assurer la long\u00e9vit\u00e9 de l'\u00e9quipement.<\/li>\n<li>Technologie avanc\u00e9e : \u00c9quip\u00e9e d'un automate programmable, d'un moteur, d'un palier, d'une bo\u00eete de vitesses, d'un moteur, d'un r\u00e9servoir sous pression, d'un engrenage et d'une pompe, la machine \u00e0 rouler le fromage automatique utilise une technologie avanc\u00e9e pour fournir un contr\u00f4le pr\u00e9cis et des r\u00e9sultats d'emballage de haute qualit\u00e9.<\/li>\n<\/ul>\n<p><strong>Perspectives de march\u00e9 :<\/strong><br \/>\nLa r\u00e9gion Asie-Pacifique, y compris les zones o\u00f9 la population chinoise est importante, devrait conna\u00eetre une croissance substantielle du march\u00e9 des petits pains au fromage. Cette expansion est due \u00e0 l'augmentation de la demande de petits pains au fromage, \u00e0 l'\u00e9volution des habitudes alimentaires et \u00e0 l'essor du secteur de l'alimentation et des boissons.<\/p>\n<p>La prolif\u00e9ration de la classe moyenne et l'augmentation de son revenu disponible devraient stimuler l'app\u00e9tit pour les petits pains au fromage, propulsant ainsi le march\u00e9 des \u00e9quipements de fabrication de petits pains au fromage.<\/p>\n<p>En tant que l'un des fournisseurs de machines industrielles \u00e0 rouler le fromage en Chine, nos produits pr\u00e9sentent des avantages et des caract\u00e9ristiques significatifs sur le march\u00e9. Par exemple, une capacit\u00e9 de production \u00e9lev\u00e9e, des tailles vari\u00e9es, un fonctionnement automatis\u00e9, une \u00e9conomie d'\u00e9nergie et une protection de l'environnement, etc.<\/p>\n<p>Gr\u00e2ce \u00e0 ces caract\u00e9ristiques, notre machine permet non seulement d'am\u00e9liorer l'efficacit\u00e9 de la production et de r\u00e9duire les co\u00fbts, mais aussi de garantir l'uniformit\u00e9 des produits et les normes d'hygi\u00e8ne, r\u00e9pondant ainsi aux exigences strictes de l'industrie alimentaire moderne.<\/p>\n<h3><strong>Param\u00e8tres techniques<\/strong><\/h3>\n<table border=\"0\" cellspacing=\"0\" cellpadding=\"0\">\n<tbody>\n<tr>\n<td colspan=\"4\" rowspan=\"1\">GG-CJX5000 Machine \u00e0 fabriquer des rouleaux de fromage<\/td>\n<\/tr>\n<tr>\n<td>Nom<\/td>\n<td>Dimensiton\uff08mm\uff09<\/td>\n<td>Puissance\uff08KW\uff09<\/td>\n<td>Non.<\/td>\n<\/tr>\n<tr>\n<td>Partie de l'applatisseur de rouleaux de fromage<\/td>\n<td>2200*2000*2200<\/td>\n<td>59<\/td>\n<td>1<\/td>\n<\/tr>\n<tr>\n<td>Partie farce<\/td>\n<td>700*600*1000<\/td>\n<td>0.4<\/td>\n<td>1<\/td>\n<\/tr>\n<tr>\n<td>Pi\u00e8ce de pliage pour rouleau de fromage<\/td>\n<td>1700*500*1360<\/td>\n<td>0.4<\/td>\n<td>1<\/td>\n<\/tr>\n<tr>\n<td>Pi\u00e8ce de formage de rouleaux de fromage<\/td>\n<td>4030*500*1100<\/td>\n<td>0.4<\/td>\n<td>1<\/td>\n<\/tr>\n<tr>\n<td>M\u00e9langeur de p\u00e2te \u00e0 frire<\/td>\n<td>1300*600*900<\/td>\n<td>1.1<\/td>\n<td>1<\/td>\n<\/tr>\n<tr>\n<td>R\u00e9servoir de batterie<\/td>\n<td>800*300*320<\/td>\n<td>\/<\/td>\n<td>1<\/td>\n<\/tr>\n<tr>\n<td>Pompe \u00e0 batterie<\/td>\n<td>-<\/td>\n<td>0.55<\/td>\n<td>2<\/td>\n<\/tr>\n<tr>\n<td colspan=\"4\" rowspan=\"1\">Capacit\u00e9 3000-4000pcs\/h<\/td>\n<\/tr>\n<\/tbody>\n<\/table>\n<h3><strong>Envoyer une demande de devis gratuit<\/strong><\/h3>\n\n<div class=\"wpcf7 no-js\" id=\"wpcf7-f3214-o1\" lang=\"en-US\" dir=\"ltr\" data-wpcf7-id=\"3214\">\n<div class=\"screen-reader-response\"><p role=\"status\" aria-live=\"polite\" aria-atomic=\"true\"><\/p> <ul><\/ul><\/div>\n<form action=\"\/fr\/wp-json\/wp\/v2\/product\/5394#wpcf7-f3214-o1\" method=\"post\" class=\"wpcf7-form init\" aria-label=\"Formulaire de contact\" novalidate=\"novalidate\" data-status=\"init\" data-trp-original-action=\"\/fr\/wp-json\/wp\/v2\/product\/5394#wpcf7-f3214-o1\">\n<fieldset class=\"hidden-fields-container\"><input type=\"hidden\" name=\"_wpcf7\" value=\"3214\" \/><input type=\"hidden\" name=\"_wpcf7_version\" value=\"6.1.5\" \/><input type=\"hidden\" name=\"_wpcf7_locale\" value=\"en_US\" \/><input type=\"hidden\" name=\"_wpcf7_unit_tag\" value=\"wpcf7-f3214-o1\" \/><input type=\"hidden\" name=\"_wpcf7_container_post\" value=\"0\" \/><input type=\"hidden\" name=\"_wpcf7_posted_data_hash\" value=\"\" \/>\n<\/fieldset>\n<p><label> Votre nom*<br \/>\n<span class=\"wpcf7-form-control-wrap\" data-name=\"your-name\"><input size=\"40\" maxlength=\"400\" class=\"wpcf7-form-control wpcf7-text wpcf7-validates-as-required\" aria-required=\"true\" aria-invalid=\"false\" value=\"\" type=\"text\" name=\"your-name\" \/><\/span> <\/label>\n<\/p>\n<p><label> Votre pays<br \/>\n<span class=\"wpcf7-form-control-wrap\" data-name=\"your-country\"><input size=\"40\" maxlength=\"400\" class=\"wpcf7-form-control wpcf7-text\" aria-invalid=\"false\" value=\"\" type=\"text\" name=\"your-country\" \/><\/span> <\/label>\n<\/p>\n<p><label> Votre courriel*<br \/>\n<span class=\"wpcf7-form-control-wrap\" data-name=\"your-email\"><input size=\"40\" maxlength=\"400\" class=\"wpcf7-form-control wpcf7-email wpcf7-validates-as-required wpcf7-text wpcf7-validates-as-email\" aria-required=\"true\" aria-invalid=\"false\" value=\"\" type=\"email\" name=\"your-email\" \/><\/span> <\/label>\n<\/p>\n<p><label> Votre t\u00e9l\u00e9phone<br \/>\n<span class=\"wpcf7-form-control-wrap\" data-name=\"your-phone\"><input size=\"40\" maxlength=\"400\" class=\"wpcf7-form-control wpcf7-tel wpcf7-text wpcf7-validates-as-tel\" aria-invalid=\"false\" value=\"\" type=\"tel\" name=\"your-phone\" \/><\/span> <\/label>\n<\/p>\n<p><label> Nom de l'entreprise<br \/>\n<span class=\"wpcf7-form-control-wrap\" data-name=\"text-457\"><input size=\"40\" maxlength=\"400\" class=\"wpcf7-form-control wpcf7-text\" aria-invalid=\"false\" value=\"\" type=\"text\" name=\"text-457\" \/><\/span> <\/label>\n<\/p>\n<p><label> Le site web de votre entreprise<br \/>\n<span class=\"wpcf7-form-control-wrap\" data-name=\"text-546\"><input size=\"40\" maxlength=\"400\" class=\"wpcf7-form-control wpcf7-text\" aria-invalid=\"false\" value=\"\" type=\"text\" name=\"text-546\" \/><\/span> <\/label>\n<\/p>\n<p><label> Votre demande*<br \/>\n<span class=\"wpcf7-form-control-wrap\" data-name=\"your-requirement\"><textarea cols=\"40\" rows=\"10\" maxlength=\"2000\" class=\"wpcf7-form-control wpcf7-textarea wpcf7-validates-as-required\" aria-required=\"true\" aria-invalid=\"false\" name=\"your-requirement\"><\/textarea><\/span> <\/label>\n<\/p>\n<p><input class=\"wpcf7-form-control wpcf7-submit has-spinner\" type=\"submit\" value=\"Soumettre\" \/>\n<\/p>\n<div style=\"clear:both\">\n<\/div><p style=\"display: none !important;\" class=\"akismet-fields-container\" data-prefix=\"_wpcf7_ak_\"><label>&#916;<textarea name=\"_wpcf7_ak_hp_textarea\" cols=\"45\" rows=\"8\" maxlength=\"100\"><\/textarea><\/label><input type=\"hidden\" id=\"ak_js_1\" name=\"_wpcf7_ak_js\" value=\"31\"\/><script>document.getElementById( \"ak_js_1\" ).setAttribute( \"value\", ( new Date() ).getTime() );<\/script><\/p><div class=\"wpcf7-response-output\" aria-hidden=\"true\"><\/div>\n<input type=\"hidden\" name=\"trp-form-language\" value=\"fr\"\/><\/form>\n<\/div>\n\n<div style='text-align:left' class='yasr-auto-insert-visitor'><\/div>","protected":false},"excerpt":{"rendered":"<p>The automatic cheese roll machine is revolutionizing the traditional way of making cheese rolls. This advanced equipment automates the cheese rolls process, ensuring consistent quality and reducing production time. The machine is designed to process cheese rolls of different sizes to meet the requirements of different food factories. The size and fillings of the cheese [&hellip;]<\/p>","protected":false},"featured_media":5396,"comment_status":"open","ping_status":"closed","template":"","meta":{"site-sidebar-layout":"default","site-content-layout":"default","ast-site-content-layout":"default","site-content-style":"default","site-sidebar-style":"default","ast-global-header-display":"","ast-banner-title-visibility":"","ast-main-header-display":"","ast-hfb-above-header-display":"","ast-hfb-below-header-display":"","ast-hfb-mobile-header-display":"","site-post-title":"","ast-breadcrumbs-content":"","ast-featured-img":"","footer-sml-layout":"","theme-transparent-header-meta":"","adv-header-id-meta":"","stick-header-meta":"","header-above-stick-meta":"","header-main-stick-meta":"","header-below-stick-meta":"","astra-migrate-meta-layouts":"default","ast-page-background-enabled":"default","ast-page-background-meta":{"desktop":{"background-color":"","background-image":"","background-repeat":"repeat","background-position":"center center","background-size":"auto","background-attachment":"scroll","background-type":"","background-media":"","overlay-type":"","overlay-color":"","overlay-opacity":"","overlay-gradient":""},"tablet":{"background-color":"","background-image":"","background-repeat":"repeat","background-position":"center center","background-size":"auto","background-attachment":"scroll","background-type":"","background-media":"","overlay-type":"","overlay-color":"","overlay-opacity":"","overlay-gradient":""},"mobile":{"background-color":"","background-image":"","background-repeat":"repeat","background-position":"center center","background-size":"auto","background-attachment":"scroll","background-type":"","background-media":"","overlay-type":"","overlay-color":"","overlay-opacity":"","overlay-gradient":""}},"ast-content-background-meta":{"desktop":{"background-color":"var(--ast-global-color-5)","background-image":"","background-repeat":"repeat","background-position":"center center","background-size":"auto","background-attachment":"scroll","background-type":"","background-media":"","overlay-type":"","overlay-color":"","overlay-opacity":"","overlay-gradient":""},"tablet":{"background-color":"var(--ast-global-color-5)","background-image":"","background-repeat":"repeat","background-position":"center center","background-size":"auto","background-attachment":"scroll","background-type":"","background-media":"","overlay-type":"","overlay-color":"","overlay-opacity":"","overlay-gradient":""},"mobile":{"background-color":"var(--ast-global-color-5)","background-image":"","background-repeat":"repeat","background-position":"center center","background-size":"auto","background-attachment":"scroll","background-type":"","background-media":"","overlay-type":"","overlay-color":"","overlay-opacity":"","overlay-gradient":""}},"yasr_overall_rating":0,"yasr_post_is_review":"","yasr_auto_insert_disabled":"","yasr_review_type":""},"product_brand":[],"product_cat":[24],"product_tag":[],"class_list":{"0":"post-5394","1":"product","2":"type-product","3":"status-publish","4":"has-post-thumbnail","6":"product_cat-spring-roll-machine","7":"desktop-align-left","8":"tablet-align-left","9":"mobile-align-left","11":"first","12":"instock","13":"shipping-taxable","14":"product-type-simple"},"yoast_head":"<!-- This site is optimized with the Yoast SEO plugin v26.4 - https:\/\/yoast.com\/wordpress\/plugins\/seo\/ -->\n<title>Automatic Cheese Roll Machine Supplier in China<\/title>\n<meta name=\"description\" content=\"The automatic cheese roll machine improve production efficiency and reduce cost, strictly produce cheese rolls with same size and meet hygiene standards.\" \/>\n<meta name=\"robots\" content=\"index, follow, max-snippet:-1, max-image-preview:large, max-video-preview:-1\" \/>\n<link rel=\"canonical\" href=\"https:\/\/www.springrollsolution.com\/fr\/produit\/automatic-cheese-roll-machine\/\" \/>\n<meta property=\"og:locale\" content=\"fr_FR\" \/>\n<meta property=\"og:type\" content=\"article\" \/>\n<meta property=\"og:title\" content=\"Automatic Cheese Roll Machine Supplier in China\" \/>\n<meta property=\"og:description\" content=\"The automatic cheese roll machine improve production efficiency and reduce cost, strictly produce cheese rolls with same size and meet hygiene standards.\" \/>\n<meta property=\"og:url\" content=\"https:\/\/www.springrollsolution.com\/fr\/produit\/automatic-cheese-roll-machine\/\" \/>\n<meta property=\"og:site_name\" content=\"Spring Roll Processing Machine\" \/>\n<meta property=\"article:modified_time\" content=\"2024-12-23T08:12:02+00:00\" \/>\n<meta property=\"og:image\" content=\"https:\/\/www.springrollsolution.com\/wp-content\/uploads\/2024\/12\/44.jpg\" \/>\n\t<meta property=\"og:image:width\" content=\"600\" \/>\n\t<meta property=\"og:image:height\" content=\"600\" \/>\n\t<meta property=\"og:image:type\" content=\"image\/jpeg\" \/>\n<meta name=\"twitter:card\" content=\"summary_large_image\" \/>\n<meta name=\"twitter:label1\" content=\"Dur\u00e9e de lecture estim\u00e9e\" \/>\n\t<meta name=\"twitter:data1\" content=\"3 minutes\" \/>\n<script type=\"application\/ld+json\" class=\"yoast-schema-graph\">{\"@context\":\"https:\/\/schema.org\",\"@graph\":[{\"@type\":\"WebPage\",\"@id\":\"https:\/\/www.springrollsolution.com\/fr\/produit\/automatic-cheese-roll-machine\/\",\"url\":\"https:\/\/www.springrollsolution.com\/fr\/produit\/automatic-cheese-roll-machine\/\",\"name\":\"Automatic Cheese Roll Machine Supplier in China\",\"isPartOf\":{\"@id\":\"https:\/\/www.springrollsolution.com\/#website\"},\"primaryImageOfPage\":{\"@id\":\"https:\/\/www.springrollsolution.com\/fr\/produit\/automatic-cheese-roll-machine\/#primaryimage\"},\"image\":{\"@id\":\"https:\/\/www.springrollsolution.com\/fr\/produit\/automatic-cheese-roll-machine\/#primaryimage\"},\"thumbnailUrl\":\"https:\/\/www.springrollsolution.com\/wp-content\/uploads\/2024\/12\/44.jpg\",\"datePublished\":\"2024-12-23T07:55:08+00:00\",\"dateModified\":\"2024-12-23T08:12:02+00:00\",\"description\":\"The automatic cheese roll machine improve production efficiency and reduce cost, strictly produce cheese rolls with same size and meet hygiene standards.\",\"breadcrumb\":{\"@id\":\"https:\/\/www.springrollsolution.com\/fr\/produit\/automatic-cheese-roll-machine\/#breadcrumb\"},\"inLanguage\":\"fr-FR\",\"potentialAction\":[{\"@type\":\"ReadAction\",\"target\":[\"https:\/\/www.springrollsolution.com\/fr\/produit\/automatic-cheese-roll-machine\/\"]}]},{\"@type\":\"ImageObject\",\"inLanguage\":\"fr-FR\",\"@id\":\"https:\/\/www.springrollsolution.com\/fr\/produit\/automatic-cheese-roll-machine\/#primaryimage\",\"url\":\"https:\/\/www.springrollsolution.com\/wp-content\/uploads\/2024\/12\/44.jpg\",\"contentUrl\":\"https:\/\/www.springrollsolution.com\/wp-content\/uploads\/2024\/12\/44.jpg\",\"width\":600,\"height\":600,\"caption\":\"Automatic Cheese Roll Machine Supplier\"},{\"@type\":\"BreadcrumbList\",\"@id\":\"https:\/\/www.springrollsolution.com\/fr\/produit\/automatic-cheese-roll-machine\/#breadcrumb\",\"itemListElement\":[{\"@type\":\"ListItem\",\"position\":1,\"name\":\"Home\",\"item\":\"https:\/\/www.springrollsolution.com\/\"},{\"@type\":\"ListItem\",\"position\":2,\"name\":\"Products\",\"item\":\"https:\/\/www.springrollsolution.com\/shop\/\"},{\"@type\":\"ListItem\",\"position\":3,\"name\":\"Automatic Cheese Roll Machine Supplier in China\"}]},{\"@type\":\"WebSite\",\"@id\":\"https:\/\/www.springrollsolution.com\/#website\",\"url\":\"https:\/\/www.springrollsolution.com\/\",\"name\":\"Spring Roll Processing Machine\",\"description\":\"Spring roll processing solution provider\",\"publisher\":{\"@id\":\"https:\/\/www.springrollsolution.com\/#organization\"},\"potentialAction\":[{\"@type\":\"SearchAction\",\"target\":{\"@type\":\"EntryPoint\",\"urlTemplate\":\"https:\/\/www.springrollsolution.com\/?s={search_term_string}\"},\"query-input\":{\"@type\":\"PropertyValueSpecification\",\"valueRequired\":true,\"valueName\":\"search_term_string\"}}],\"inLanguage\":\"fr-FR\"},{\"@type\":\"Organization\",\"@id\":\"https:\/\/www.springrollsolution.com\/#organization\",\"name\":\"Spring Roll Processing Machine\",\"url\":\"https:\/\/www.springrollsolution.com\/\",\"logo\":{\"@type\":\"ImageObject\",\"inLanguage\":\"fr-FR\",\"@id\":\"https:\/\/www.springrollsolution.com\/#\/schema\/logo\/image\/\",\"url\":\"https:\/\/www.springrollsolution.com\/wp-content\/uploads\/2025\/05\/cropped-logo.png\",\"contentUrl\":\"https:\/\/www.springrollsolution.com\/wp-content\/uploads\/2025\/05\/cropped-logo.png\",\"width\":180,\"height\":60,\"caption\":\"Spring Roll Processing Machine\"},\"image\":{\"@id\":\"https:\/\/www.springrollsolution.com\/#\/schema\/logo\/image\/\"}},false]}<\/script>\n<!-- \/ Yoast SEO plugin. -->","yoast_head_json":{"title":"Machine automatique \u00e0 rouler le fromage Fournisseur en Chine","description":"La machine automatique \u00e0 rouler le fromage am\u00e9liore l'efficacit\u00e9 de la production et r\u00e9duit les co\u00fbts. Elle produit strictement des rouleaux de fromage de m\u00eame taille et r\u00e9pond aux normes d'hygi\u00e8ne.","robots":{"index":"index","follow":"follow","max-snippet":"max-snippet:-1","max-image-preview":"max-image-preview:large","max-video-preview":"max-video-preview:-1"},"canonical":"https:\/\/www.springrollsolution.com\/fr\/produit\/automatic-cheese-roll-machine\/","og_locale":"fr_FR","og_type":"article","og_title":"Automatic Cheese Roll Machine Supplier in China","og_description":"The automatic cheese roll machine improve production efficiency and reduce cost, strictly produce cheese rolls with same size and meet hygiene standards.","og_url":"https:\/\/www.springrollsolution.com\/fr\/produit\/automatic-cheese-roll-machine\/","og_site_name":"Spring Roll Processing Machine","article_modified_time":"2024-12-23T08:12:02+00:00","og_image":[{"width":600,"height":600,"url":"https:\/\/www.springrollsolution.com\/wp-content\/uploads\/2024\/12\/44.jpg","type":"image\/jpeg"}],"twitter_card":"summary_large_image","twitter_misc":{"Dur\u00e9e de lecture estim\u00e9e":"3 minutes"},"schema":{"@context":"https:\/\/schema.org","@graph":[{"@type":"WebPage","@id":"https:\/\/www.springrollsolution.com\/fr\/produit\/automatic-cheese-roll-machine\/","url":"https:\/\/www.springrollsolution.com\/fr\/produit\/automatic-cheese-roll-machine\/","name":"Machine automatique \u00e0 rouler le fromage Fournisseur en Chine","isPartOf":{"@id":"https:\/\/www.springrollsolution.com\/#website"},"primaryImageOfPage":{"@id":"https:\/\/www.springrollsolution.com\/fr\/produit\/automatic-cheese-roll-machine\/#primaryimage"},"image":{"@id":"https:\/\/www.springrollsolution.com\/fr\/produit\/automatic-cheese-roll-machine\/#primaryimage"},"thumbnailUrl":"https:\/\/www.springrollsolution.com\/wp-content\/uploads\/2024\/12\/44.jpg","datePublished":"2024-12-23T07:55:08+00:00","dateModified":"2024-12-23T08:12:02+00:00","description":"La machine automatique \u00e0 rouler le fromage am\u00e9liore l'efficacit\u00e9 de la production et r\u00e9duit les co\u00fbts. Elle produit strictement des rouleaux de fromage de m\u00eame taille et r\u00e9pond aux normes d'hygi\u00e8ne.","breadcrumb":{"@id":"https:\/\/www.springrollsolution.com\/fr\/produit\/automatic-cheese-roll-machine\/#breadcrumb"},"inLanguage":"fr-FR","potentialAction":[{"@type":"ReadAction","target":["https:\/\/www.springrollsolution.com\/fr\/produit\/automatic-cheese-roll-machine\/"]}]},{"@type":"ImageObject","inLanguage":"fr-FR","@id":"https:\/\/www.springrollsolution.com\/fr\/produit\/automatic-cheese-roll-machine\/#primaryimage","url":"https:\/\/www.springrollsolution.com\/wp-content\/uploads\/2024\/12\/44.jpg","contentUrl":"https:\/\/www.springrollsolution.com\/wp-content\/uploads\/2024\/12\/44.jpg","width":600,"height":600,"caption":"Automatic Cheese Roll Machine Supplier"},{"@type":"BreadcrumbList","@id":"https:\/\/www.springrollsolution.com\/fr\/produit\/automatic-cheese-roll-machine\/#breadcrumb","itemListElement":[{"@type":"ListItem","position":1,"name":"Home","item":"https:\/\/www.springrollsolution.com\/"},{"@type":"ListItem","position":2,"name":"Products","item":"https:\/\/www.springrollsolution.com\/shop\/"},{"@type":"ListItem","position":3,"name":"Automatic Cheese Roll Machine Supplier in China"}]},{"@type":"WebSite","@id":"https:\/\/www.springrollsolution.com\/#website","url":"https:\/\/www.springrollsolution.com\/","name":"Machine de traitement des rouleaux de printemps","description":"Fournisseur de solutions pour le traitement des rouleaux de printemps","publisher":{"@id":"https:\/\/www.springrollsolution.com\/#organization"},"potentialAction":[{"@type":"SearchAction","target":{"@type":"EntryPoint","urlTemplate":"https:\/\/www.springrollsolution.com\/?s={search_term_string}"},"query-input":{"@type":"PropertyValueSpecification","valueRequired":true,"valueName":"search_term_string"}}],"inLanguage":"fr-FR"},{"@type":"Organization","@id":"https:\/\/www.springrollsolution.com\/#organization","name":"Machine de traitement des rouleaux de printemps","url":"https:\/\/www.springrollsolution.com\/","logo":{"@type":"ImageObject","inLanguage":"fr-FR","@id":"https:\/\/www.springrollsolution.com\/#\/schema\/logo\/image\/","url":"https:\/\/www.springrollsolution.com\/wp-content\/uploads\/2025\/05\/cropped-logo.png","contentUrl":"https:\/\/www.springrollsolution.com\/wp-content\/uploads\/2025\/05\/cropped-logo.png","width":180,"height":60,"caption":"Spring Roll Processing Machine"},"image":{"@id":"https:\/\/www.springrollsolution.com\/#\/schema\/logo\/image\/"}},false]}},"yasr_visitor_votes":{"stars_attributes":{"read_only":false,"span_bottom":false},"number_of_votes":0,"sum_votes":0},"_links":{"self":[{"href":"https:\/\/www.springrollsolution.com\/fr\/wp-json\/wp\/v2\/product\/5394","targetHints":{"allow":["GET"]}}],"collection":[{"href":"https:\/\/www.springrollsolution.com\/fr\/wp-json\/wp\/v2\/product"}],"about":[{"href":"https:\/\/www.springrollsolution.com\/fr\/wp-json\/wp\/v2\/types\/product"}],"replies":[{"embeddable":true,"href":"https:\/\/www.springrollsolution.com\/fr\/wp-json\/wp\/v2\/comments?post=5394"}],"wp:featuredmedia":[{"embeddable":true,"href":"https:\/\/www.springrollsolution.com\/fr\/wp-json\/wp\/v2\/media\/5396"}],"wp:attachment":[{"href":"https:\/\/www.springrollsolution.com\/fr\/wp-json\/wp\/v2\/media?parent=5394"}],"wp:term":[{"taxonomy":"product_brand","embeddable":true,"href":"https:\/\/www.springrollsolution.com\/fr\/wp-json\/wp\/v2\/product_brand?post=5394"},{"taxonomy":"product_cat","embeddable":true,"href":"https:\/\/www.springrollsolution.com\/fr\/wp-json\/wp\/v2\/product_cat?post=5394"},{"taxonomy":"product_tag","embeddable":true,"href":"https:\/\/www.springrollsolution.com\/fr\/wp-json\/wp\/v2\/product_tag?post=5394"}],"curies":[{"name":"wp","href":"https:\/\/api.w.org\/{rel}","templated":true}]}}