{"id":5273,"date":"2024-11-26T14:09:46","date_gmt":"2024-11-26T06:09:46","guid":{"rendered":"https:\/\/www.springrollsolution.com\/?post_type=product&#038;p=5273"},"modified":"2024-11-26T14:58:23","modified_gmt":"2024-11-26T06:58:23","slug":"mini-spring-roll-machine","status":"publish","type":"product","link":"https:\/\/www.springrollsolution.com\/fr\/produit\/mini-spring-roll-machine\/","title":{"rendered":"Mini machine \u00e0 rouleaux de printemps GG-CJX7000"},"content":{"rendered":"<p>Cette mini machine \u00e0 rouleaux de printemps est un ensemble complet d'\u00e9quipements permettant de produire des mini rouleaux de printemps de qualit\u00e9 uniforme. Cette ligne comprend une machine \u00e0 m\u00e9langer la p\u00e2te, une machine \u00e0 cuire, un convoyeur de refroidissement, une machine \u00e0 remplir, une machine \u00e0 plier et \u00e0 rouler, etc.<\/p>\n<p>Dans le secteur de la restauration, qui \u00e9volue rapidement, l'efficacit\u00e9 et la qualit\u00e9 sont les cl\u00e9s du succ\u00e8s. La machine GG-CJX7000 est con\u00e7ue pour r\u00e9pondre \u00e0 ces besoins. Elle peut produire 6 000 \u00e0 7 000 mini-rouleaux de printemps par heure. Nous pouvons fournir des mod\u00e8les plus grands si n\u00e9cessaire.<\/p>\n<p><img fetchpriority=\"high\" decoding=\"async\" class=\"alignnone size-full wp-image-5277\" src=\"https:\/\/www.springrollsolution.com\/wp-content\/uploads\/2024\/11\/spring-roll-line.jpg\" alt=\"Mini machine \u00e0 fabriquer des rouleaux de printemps\" width=\"700\" height=\"450\" srcset=\"https:\/\/www.springrollsolution.com\/wp-content\/uploads\/2024\/11\/spring-roll-line.jpg 700w, https:\/\/www.springrollsolution.com\/wp-content\/uploads\/2024\/11\/spring-roll-line-300x193.jpg 300w\" sizes=\"(max-width: 700px) 100vw, 700px\" \/><\/p>\n<h2><strong>Caract\u00e9ristiques de la mini-machine automatique \u00e0 rouleaux de printemps<\/strong><\/h2>\n<p>1.\u3010Efficacit\u00e9 de la production\u3011<br \/>\nCette machine peut produire un grand nombre de mini-rouleaux de printemps de haute qualit\u00e9 en peu de temps pour r\u00e9pondre aux besoins des usines \u00e0 forte consommation. Qu'il s'agisse d'une cha\u00eene de restaurants tr\u00e8s fr\u00e9quent\u00e9e ou d'une grande usine de produits surgel\u00e9s, elle peut assurer l'approvisionnement en mini rouleaux de printemps.<\/p>\n<p>2.\u3010Intelligent Operation\u3011<br \/>\nLe syst\u00e8me de contr\u00f4le intelligent rend la machine facile \u00e0 configurer et \u00e0 r\u00e9gler, et m\u00eame les op\u00e9rateurs sans exp\u00e9rience professionnelle peuvent rapidement commencer \u00e0 travailler. En outre, le degr\u00e9 \u00e9lev\u00e9 d'automatisation de la machine r\u00e9duit les interventions manuelles et le risque d'erreurs de manipulation.<\/p>\n<p>3.\u3010Innovation technologique\u3011<br \/>\nLa machine industrielle \u00e0 mini-rouleaux de printemps utilise les derni\u00e8res technologies de transformation des aliments pour garantir l'uniformit\u00e9 et le go\u00fbt des mini-rouleaux de printemps. Qu'il s'agisse de fabriquer des enveloppes de rouleaux de printemps ou de remplir des farces, cette machine peut contr\u00f4ler avec pr\u00e9cision et garantir que chaque mini-rouleau de printemps atteint la meilleure qualit\u00e9.<\/p>\n<p><img decoding=\"async\" class=\"alignnone size-full wp-image-5278\" src=\"https:\/\/www.springrollsolution.com\/wp-content\/uploads\/2024\/11\/65.jpg\" alt=\"Machine automatique pour mini rouleaux de printemps\" width=\"700\" height=\"500\" srcset=\"https:\/\/www.springrollsolution.com\/wp-content\/uploads\/2024\/11\/65.jpg 700w, https:\/\/www.springrollsolution.com\/wp-content\/uploads\/2024\/11\/65-300x214.jpg 300w\" sizes=\"(max-width: 700px) 100vw, 700px\" \/><\/p>\n<p>4.\u3010Durabilit\u00e9 et entretien\u3011<br \/>\nLes principaux composants de la machine sont fabriqu\u00e9s \u00e0 partir de mat\u00e9riaux de haute qualit\u00e9 afin de garantir la stabilit\u00e9 et la fiabilit\u00e9 de la machine en cas d'utilisation intensive. En m\u00eame temps, la conception propre et facile \u00e0 entretenir prolonge la dur\u00e9e de vie de la machine et r\u00e9duit les co\u00fbts d'entretien \u00e0 long terme.<\/p>\n<p>5.\u3010Retour sur investissement\u3011<br \/>\nPour les entreprises qui cherchent \u00e0 am\u00e9liorer l'efficacit\u00e9 de leur production et \u00e0 r\u00e9duire leurs co\u00fbts d'exploitation, le GG-CJX7000 est un choix d'investissement judicieux. Il permet non seulement d'am\u00e9liorer l'efficacit\u00e9 de la production des mini-rouleaux de printemps, mais aussi d'augmenter les b\u00e9n\u00e9fices en r\u00e9duisant les co\u00fbts de main-d'\u0153uvre et en am\u00e9liorant la qualit\u00e9 des produits.<\/p>\n<h2><strong>Machine \u00e0 rouleaux de printemps pour diff\u00e9rentes garnitures<\/strong><\/h2>\n<ul>\n<li>Garniture de viande : Les rouleaux de printemps couramment garnis de viande comprennent du porc, souvent accompagn\u00e9 de poireaux, de poireaux, d'\u00e9pinards, de bourse-\u00e0-pasteur, de germes de haricots mungo, de pousses de bambou d'hiver, de carottes effiloch\u00e9es, etc.<\/li>\n<li>Garniture v\u00e9g\u00e9tarienne : Elle se divise en deux cat\u00e9gories : sal\u00e9e et sucr\u00e9e. Les garnitures sucr\u00e9es sont g\u00e9n\u00e9ralement des garnitures \u00e0 base de p\u00e2te de haricots, tandis que les garnitures sal\u00e9es sont g\u00e9n\u00e9ralement des assortiments v\u00e9g\u00e9tariens, des garnitures \u00e0 base de champignons, etc.<\/li>\n<li>Garnitures sp\u00e9ciales : Certains clients utilisent des garnitures \u00e0 base de poulet, de crevettes, de cacahu\u00e8tes, etc. pour confectionner des rouleaux de printemps. Nos machines offrent une grande vari\u00e9t\u00e9 de saveurs.<\/li>\n<\/ul>\n<p><img decoding=\"async\" class=\"alignnone size-full wp-image-5276\" src=\"https:\/\/www.springrollsolution.com\/wp-content\/uploads\/2024\/11\/4.jpg\" alt=\"Machine \u00e0 rouleaux de printemps avec diff\u00e9rentes garnitures\" width=\"700\" height=\"540\" srcset=\"https:\/\/www.springrollsolution.com\/wp-content\/uploads\/2024\/11\/4.jpg 700w, https:\/\/www.springrollsolution.com\/wp-content\/uploads\/2024\/11\/4-300x231.jpg 300w\" sizes=\"(max-width: 700px) 100vw, 700px\" \/><\/p>\n<p>La mini machine automatique \u00e0 rouleaux de printemps peut s'adapter \u00e0 une vari\u00e9t\u00e9 de garnitures diff\u00e9rentes, qu'il s'agisse de garnitures traditionnelles \u00e0 base de viande, de garnitures v\u00e9g\u00e9tariennes ou de garnitures sp\u00e9ciales innovantes, elle peut r\u00e9pondre aux besoins des diff\u00e9rents consommateurs.<\/p>\n<p>Cette machine apporte des r\u00e9formes plus efficaces \u00e0 l'industrie des rouleaux de printemps surgel\u00e9s. Gr\u00e2ce \u00e0 sa grande efficacit\u00e9, son intelligence et sa technologie innovante, elle apporte une nouvelle solution \u00e0 la fabrication des rouleaux de printemps. Si vous \u00eates \u00e0 la recherche d'un moyen d'am\u00e9liorer l'efficacit\u00e9 de la production, de r\u00e9duire les co\u00fbts et d'am\u00e9liorer la qualit\u00e9 des produits, cette mini machine \u00e0 rouleaux de printemps est sans aucun doute votre choix id\u00e9al.<\/p>\n<h3><strong>Param\u00e8tres techniques<\/strong><\/h3>\n<table border=\"0\" cellspacing=\"0\" cellpadding=\"0\">\n<tbody>\n<tr>\n<td colspan=\"4\" rowspan=\"1\">GG-CJX7000 Mini ligne de production de rouleaux de printemps<\/td>\n<\/tr>\n<tr>\n<td>Nom<\/td>\n<td>Dimensiton\uff08mm\uff09<\/td>\n<td>Puissance\uff08KW\uff09<\/td>\n<td>Non.<\/td>\n<\/tr>\n<tr>\n<td>Pi\u00e8ce de l'enrouleur de rouleaux de printemps<\/td>\n<td>3000*11900*2200<\/td>\n<td>82<\/td>\n<td>1<\/td>\n<\/tr>\n<tr>\n<td>Partie farce<\/td>\n<td>500*400*800<\/td>\n<td>2.5*2<\/td>\n<td>1<\/td>\n<\/tr>\n<tr>\n<td>Rouleau \u00e0 ressort Pi\u00e8ce pliante<\/td>\n<td>5000*1300*1200<\/td>\n<td>0.75<\/td>\n<td>1<\/td>\n<\/tr>\n<tr>\n<td>Pi\u00e8ce de formage pour rouleau de ressort<\/td>\n<td>3500*950*1200<\/td>\n<td>0.2<\/td>\n<td>1<\/td>\n<\/tr>\n<tr>\n<td>M\u00e9langeur de p\u00e2te \u00e0 frire<\/td>\n<td>1300*600*900<\/td>\n<td>1.1<\/td>\n<td>1<\/td>\n<\/tr>\n<tr>\n<td>R\u00e9servoir de batterie<\/td>\n<td>800*300*320<\/td>\n<td>\/<\/td>\n<td>1<\/td>\n<\/tr>\n<tr>\n<td>Pompe \u00e0 batterie<\/td>\n<td>-<\/td>\n<td>0.55<\/td>\n<td>2<\/td>\n<\/tr>\n<tr>\n<td colspan=\"4\" rowspan=\"1\">Capacit\u00e9 6000-7000pcs\/h<\/td>\n<\/tr>\n<\/tbody>\n<\/table>\n<h3><strong>Envoyer une demande de devis gratuit<\/strong><\/h3>\n<div id=\"wpcf7-f3214-p3261-o2\" class=\"wpcf7 js\" dir=\"ltr\" lang=\"en-US\">\n<div class=\"wpcf7 no-js\" id=\"wpcf7-f3214-o1\" lang=\"en-US\" dir=\"ltr\" data-wpcf7-id=\"3214\">\n<div class=\"screen-reader-response\"><p role=\"status\" aria-live=\"polite\" aria-atomic=\"true\"><\/p> <ul><\/ul><\/div>\n<form action=\"\/fr\/wp-json\/wp\/v2\/product\/5273#wpcf7-f3214-o1\" method=\"post\" class=\"wpcf7-form init\" aria-label=\"Formulaire de contact\" novalidate=\"novalidate\" data-status=\"init\" data-trp-original-action=\"\/fr\/wp-json\/wp\/v2\/product\/5273#wpcf7-f3214-o1\">\n<fieldset class=\"hidden-fields-container\"><input type=\"hidden\" name=\"_wpcf7\" value=\"3214\" \/><input type=\"hidden\" name=\"_wpcf7_version\" value=\"6.1.5\" \/><input type=\"hidden\" name=\"_wpcf7_locale\" value=\"en_US\" \/><input type=\"hidden\" name=\"_wpcf7_unit_tag\" value=\"wpcf7-f3214-o1\" \/><input type=\"hidden\" name=\"_wpcf7_container_post\" value=\"0\" \/><input type=\"hidden\" name=\"_wpcf7_posted_data_hash\" value=\"\" \/>\n<\/fieldset>\n<p><label> Votre nom*<br \/>\n<span class=\"wpcf7-form-control-wrap\" data-name=\"your-name\"><input size=\"40\" maxlength=\"400\" class=\"wpcf7-form-control wpcf7-text wpcf7-validates-as-required\" aria-required=\"true\" aria-invalid=\"false\" value=\"\" type=\"text\" name=\"your-name\" \/><\/span> <\/label>\n<\/p>\n<p><label> Votre pays<br \/>\n<span class=\"wpcf7-form-control-wrap\" data-name=\"your-country\"><input size=\"40\" maxlength=\"400\" class=\"wpcf7-form-control wpcf7-text\" aria-invalid=\"false\" value=\"\" type=\"text\" name=\"your-country\" \/><\/span> <\/label>\n<\/p>\n<p><label> Votre courriel*<br \/>\n<span class=\"wpcf7-form-control-wrap\" data-name=\"your-email\"><input size=\"40\" maxlength=\"400\" class=\"wpcf7-form-control wpcf7-email wpcf7-validates-as-required wpcf7-text wpcf7-validates-as-email\" aria-required=\"true\" aria-invalid=\"false\" value=\"\" type=\"email\" name=\"your-email\" \/><\/span> <\/label>\n<\/p>\n<p><label> Votre t\u00e9l\u00e9phone<br \/>\n<span class=\"wpcf7-form-control-wrap\" data-name=\"your-phone\"><input size=\"40\" maxlength=\"400\" class=\"wpcf7-form-control wpcf7-tel wpcf7-text wpcf7-validates-as-tel\" aria-invalid=\"false\" value=\"\" type=\"tel\" name=\"your-phone\" \/><\/span> <\/label>\n<\/p>\n<p><label> Nom de l'entreprise<br \/>\n<span class=\"wpcf7-form-control-wrap\" data-name=\"text-457\"><input size=\"40\" maxlength=\"400\" class=\"wpcf7-form-control wpcf7-text\" aria-invalid=\"false\" value=\"\" type=\"text\" name=\"text-457\" \/><\/span> <\/label>\n<\/p>\n<p><label> Le site web de votre entreprise<br \/>\n<span class=\"wpcf7-form-control-wrap\" data-name=\"text-546\"><input size=\"40\" maxlength=\"400\" class=\"wpcf7-form-control wpcf7-text\" aria-invalid=\"false\" value=\"\" type=\"text\" name=\"text-546\" \/><\/span> <\/label>\n<\/p>\n<p><label> Votre demande*<br \/>\n<span class=\"wpcf7-form-control-wrap\" data-name=\"your-requirement\"><textarea cols=\"40\" rows=\"10\" maxlength=\"2000\" class=\"wpcf7-form-control wpcf7-textarea wpcf7-validates-as-required\" aria-required=\"true\" aria-invalid=\"false\" name=\"your-requirement\"><\/textarea><\/span> <\/label>\n<\/p>\n<p><input class=\"wpcf7-form-control wpcf7-submit has-spinner\" type=\"submit\" value=\"Soumettre\" \/>\n<\/p>\n<div style=\"clear:both\">\n<\/div><p style=\"display: none !important;\" class=\"akismet-fields-container\" data-prefix=\"_wpcf7_ak_\"><label>&#916;<textarea name=\"_wpcf7_ak_hp_textarea\" cols=\"45\" rows=\"8\" maxlength=\"100\"><\/textarea><\/label><input type=\"hidden\" id=\"ak_js_1\" name=\"_wpcf7_ak_js\" value=\"41\"\/><script>document.getElementById( \"ak_js_1\" ).setAttribute( \"value\", ( new Date() ).getTime() );<\/script><\/p><div class=\"wpcf7-response-output\" aria-hidden=\"true\"><\/div>\n<input type=\"hidden\" name=\"trp-form-language\" value=\"fr\"\/><\/form>\n<\/div>\n<\/div>\n<div style='text-align:left' class='yasr-auto-insert-visitor'><\/div>","protected":false},"excerpt":{"rendered":"<p>This mini spring roll machine is a full set of equipment for producing uniform quality mini spring rolls. This line includes a batter mixing machine, a baking machine, a cooling conveyor, a filling machine, a folding and rolling machine, etc. In the fast-paced catering industry, efficiency and quality are the keys to success. The GG-CJX7000 [&hellip;]<\/p>","protected":false},"featured_media":5274,"comment_status":"open","ping_status":"closed","template":"","meta":{"site-sidebar-layout":"default","site-content-layout":"default","ast-site-content-layout":"default","site-content-style":"default","site-sidebar-style":"default","ast-global-header-display":"","ast-banner-title-visibility":"","ast-main-header-display":"","ast-hfb-above-header-display":"","ast-hfb-below-header-display":"","ast-hfb-mobile-header-display":"","site-post-title":"","ast-breadcrumbs-content":"","ast-featured-img":"","footer-sml-layout":"","theme-transparent-header-meta":"","adv-header-id-meta":"","stick-header-meta":"","header-above-stick-meta":"","header-main-stick-meta":"","header-below-stick-meta":"","astra-migrate-meta-layouts":"default","ast-page-background-enabled":"default","ast-page-background-meta":{"desktop":{"background-color":"","background-image":"","background-repeat":"repeat","background-position":"center center","background-size":"auto","background-attachment":"scroll","background-type":"","background-media":"","overlay-type":"","overlay-color":"","overlay-opacity":"","overlay-gradient":""},"tablet":{"background-color":"","background-image":"","background-repeat":"repeat","background-position":"center center","background-size":"auto","background-attachment":"scroll","background-type":"","background-media":"","overlay-type":"","overlay-color":"","overlay-opacity":"","overlay-gradient":""},"mobile":{"background-color":"","background-image":"","background-repeat":"repeat","background-position":"center center","background-size":"auto","background-attachment":"scroll","background-type":"","background-media":"","overlay-type":"","overlay-color":"","overlay-opacity":"","overlay-gradient":""}},"ast-content-background-meta":{"desktop":{"background-color":"var(--ast-global-color-5)","background-image":"","background-repeat":"repeat","background-position":"center center","background-size":"auto","background-attachment":"scroll","background-type":"","background-media":"","overlay-type":"","overlay-color":"","overlay-opacity":"","overlay-gradient":""},"tablet":{"background-color":"var(--ast-global-color-5)","background-image":"","background-repeat":"repeat","background-position":"center center","background-size":"auto","background-attachment":"scroll","background-type":"","background-media":"","overlay-type":"","overlay-color":"","overlay-opacity":"","overlay-gradient":""},"mobile":{"background-color":"var(--ast-global-color-5)","background-image":"","background-repeat":"repeat","background-position":"center center","background-size":"auto","background-attachment":"scroll","background-type":"","background-media":"","overlay-type":"","overlay-color":"","overlay-opacity":"","overlay-gradient":""}},"yasr_overall_rating":0,"yasr_post_is_review":"","yasr_auto_insert_disabled":"","yasr_review_type":""},"product_brand":[],"product_cat":[24],"product_tag":[],"class_list":{"0":"post-5273","1":"product","2":"type-product","3":"status-publish","4":"has-post-thumbnail","6":"product_cat-spring-roll-machine","7":"desktop-align-left","8":"tablet-align-left","9":"mobile-align-left","11":"first","12":"instock","13":"shipping-taxable","14":"product-type-simple"},"yoast_head":"<!-- This site is optimized with the Yoast SEO plugin v26.4 - https:\/\/yoast.com\/wordpress\/plugins\/seo\/ -->\n<title>Full Set Mini Spring Roll Machine Price GG-CJX7000<\/title>\n<meta name=\"description\" content=\"The mini spring roll machine can batch production of mini spring rolls with its high efficiency and automation. It is suitable for large factories.\" \/>\n<meta name=\"robots\" content=\"index, follow, max-snippet:-1, max-image-preview:large, max-video-preview:-1\" \/>\n<link rel=\"canonical\" href=\"https:\/\/www.springrollsolution.com\/fr\/produit\/mini-spring-roll-machine\/\" \/>\n<meta property=\"og:locale\" content=\"fr_FR\" \/>\n<meta property=\"og:type\" content=\"article\" \/>\n<meta property=\"og:title\" content=\"Full Set Mini Spring Roll Machine Price GG-CJX7000\" \/>\n<meta property=\"og:description\" content=\"The mini spring roll machine can batch production of mini spring rolls with its high efficiency and automation. It is suitable for large factories.\" \/>\n<meta property=\"og:url\" content=\"https:\/\/www.springrollsolution.com\/fr\/produit\/mini-spring-roll-machine\/\" \/>\n<meta property=\"og:site_name\" content=\"Spring Roll Processing Machine\" \/>\n<meta property=\"article:modified_time\" content=\"2024-11-26T06:58:23+00:00\" \/>\n<meta property=\"og:image\" content=\"https:\/\/www.springrollsolution.com\/wp-content\/uploads\/2024\/11\/spring-roll-machine.jpg\" \/>\n\t<meta property=\"og:image:width\" content=\"600\" \/>\n\t<meta property=\"og:image:height\" content=\"600\" \/>\n\t<meta property=\"og:image:type\" content=\"image\/jpeg\" \/>\n<meta name=\"twitter:card\" content=\"summary_large_image\" \/>\n<meta name=\"twitter:label1\" content=\"Dur\u00e9e de lecture estim\u00e9e\" \/>\n\t<meta name=\"twitter:data1\" content=\"3 minutes\" \/>\n<script type=\"application\/ld+json\" class=\"yoast-schema-graph\">{\"@context\":\"https:\/\/schema.org\",\"@graph\":[{\"@type\":\"WebPage\",\"@id\":\"https:\/\/www.springrollsolution.com\/product\/mini-spring-roll-machine\/\",\"url\":\"https:\/\/www.springrollsolution.com\/product\/mini-spring-roll-machine\/\",\"name\":\"Full Set Mini Spring Roll Machine Price GG-CJX7000\",\"isPartOf\":{\"@id\":\"https:\/\/www.springrollsolution.com\/#website\"},\"primaryImageOfPage\":{\"@id\":\"https:\/\/www.springrollsolution.com\/product\/mini-spring-roll-machine\/#primaryimage\"},\"image\":{\"@id\":\"https:\/\/www.springrollsolution.com\/product\/mini-spring-roll-machine\/#primaryimage\"},\"thumbnailUrl\":\"https:\/\/www.springrollsolution.com\/wp-content\/uploads\/2024\/11\/spring-roll-machine.jpg\",\"datePublished\":\"2024-11-26T06:09:46+00:00\",\"dateModified\":\"2024-11-26T06:58:23+00:00\",\"description\":\"The mini spring roll machine can batch production of mini spring rolls with its high efficiency and automation. It is suitable for large factories.\",\"breadcrumb\":{\"@id\":\"https:\/\/www.springrollsolution.com\/product\/mini-spring-roll-machine\/#breadcrumb\"},\"inLanguage\":\"fr-FR\",\"potentialAction\":[{\"@type\":\"ReadAction\",\"target\":[\"https:\/\/www.springrollsolution.com\/product\/mini-spring-roll-machine\/\"]}]},{\"@type\":\"ImageObject\",\"inLanguage\":\"fr-FR\",\"@id\":\"https:\/\/www.springrollsolution.com\/product\/mini-spring-roll-machine\/#primaryimage\",\"url\":\"https:\/\/www.springrollsolution.com\/wp-content\/uploads\/2024\/11\/spring-roll-machine.jpg\",\"contentUrl\":\"https:\/\/www.springrollsolution.com\/wp-content\/uploads\/2024\/11\/spring-roll-machine.jpg\",\"width\":600,\"height\":600,\"caption\":\"Automatic Machine for Mini Spring Rolls\"},{\"@type\":\"BreadcrumbList\",\"@id\":\"https:\/\/www.springrollsolution.com\/product\/mini-spring-roll-machine\/#breadcrumb\",\"itemListElement\":[{\"@type\":\"ListItem\",\"position\":1,\"name\":\"Home\",\"item\":\"https:\/\/www.springrollsolution.com\/\"},{\"@type\":\"ListItem\",\"position\":2,\"name\":\"Products\",\"item\":\"https:\/\/www.springrollsolution.com\/shop\/\"},{\"@type\":\"ListItem\",\"position\":3,\"name\":\"Full Set Mini Spring Roll Machine Price GG-CJX7000\"}]},{\"@type\":\"WebSite\",\"@id\":\"https:\/\/www.springrollsolution.com\/#website\",\"url\":\"https:\/\/www.springrollsolution.com\/\",\"name\":\"Spring Roll Processing Machine\",\"description\":\"Spring roll processing solution provider\",\"publisher\":{\"@id\":\"https:\/\/www.springrollsolution.com\/#organization\"},\"potentialAction\":[{\"@type\":\"SearchAction\",\"target\":{\"@type\":\"EntryPoint\",\"urlTemplate\":\"https:\/\/www.springrollsolution.com\/?s={search_term_string}\"},\"query-input\":{\"@type\":\"PropertyValueSpecification\",\"valueRequired\":true,\"valueName\":\"search_term_string\"}}],\"inLanguage\":\"fr-FR\"},{\"@type\":\"Organization\",\"@id\":\"https:\/\/www.springrollsolution.com\/#organization\",\"name\":\"Spring Roll Processing Machine\",\"url\":\"https:\/\/www.springrollsolution.com\/\",\"logo\":{\"@type\":\"ImageObject\",\"inLanguage\":\"fr-FR\",\"@id\":\"https:\/\/www.springrollsolution.com\/#\/schema\/logo\/image\/\",\"url\":\"https:\/\/www.springrollsolution.com\/wp-content\/uploads\/2025\/05\/cropped-logo.png\",\"contentUrl\":\"https:\/\/www.springrollsolution.com\/wp-content\/uploads\/2025\/05\/cropped-logo.png\",\"width\":180,\"height\":60,\"caption\":\"Spring Roll Processing Machine\"},\"image\":{\"@id\":\"https:\/\/www.springrollsolution.com\/#\/schema\/logo\/image\/\"}},false]}<\/script>\n<!-- \/ Yoast SEO plugin. -->","yoast_head_json":{"title":"Mini machine \u00e0 rouleaux de printemps GG-CJX7000","description":"La mini machine \u00e0 rouleaux de printemps peut produire des rouleaux de printemps par lots gr\u00e2ce \u00e0 sa grande efficacit\u00e9 et \u00e0 son automatisation. Elle convient aux grandes usines.","robots":{"index":"index","follow":"follow","max-snippet":"max-snippet:-1","max-image-preview":"max-image-preview:large","max-video-preview":"max-video-preview:-1"},"canonical":"https:\/\/www.springrollsolution.com\/fr\/produit\/mini-spring-roll-machine\/","og_locale":"fr_FR","og_type":"article","og_title":"Full Set Mini Spring Roll Machine Price GG-CJX7000","og_description":"The mini spring roll machine can batch production of mini spring rolls with its high efficiency and automation. It is suitable for large factories.","og_url":"https:\/\/www.springrollsolution.com\/fr\/produit\/mini-spring-roll-machine\/","og_site_name":"Spring Roll Processing Machine","article_modified_time":"2024-11-26T06:58:23+00:00","og_image":[{"width":600,"height":600,"url":"https:\/\/www.springrollsolution.com\/wp-content\/uploads\/2024\/11\/spring-roll-machine.jpg","type":"image\/jpeg"}],"twitter_card":"summary_large_image","twitter_misc":{"Dur\u00e9e de lecture estim\u00e9e":"3 minutes"},"schema":{"@context":"https:\/\/schema.org","@graph":[{"@type":"WebPage","@id":"https:\/\/www.springrollsolution.com\/product\/mini-spring-roll-machine\/","url":"https:\/\/www.springrollsolution.com\/product\/mini-spring-roll-machine\/","name":"Mini machine \u00e0 rouleaux de printemps GG-CJX7000","isPartOf":{"@id":"https:\/\/www.springrollsolution.com\/#website"},"primaryImageOfPage":{"@id":"https:\/\/www.springrollsolution.com\/product\/mini-spring-roll-machine\/#primaryimage"},"image":{"@id":"https:\/\/www.springrollsolution.com\/product\/mini-spring-roll-machine\/#primaryimage"},"thumbnailUrl":"https:\/\/www.springrollsolution.com\/wp-content\/uploads\/2024\/11\/spring-roll-machine.jpg","datePublished":"2024-11-26T06:09:46+00:00","dateModified":"2024-11-26T06:58:23+00:00","description":"La mini machine \u00e0 rouleaux de printemps peut produire des rouleaux de printemps par lots gr\u00e2ce \u00e0 sa grande efficacit\u00e9 et \u00e0 son automatisation. Elle convient aux grandes usines.","breadcrumb":{"@id":"https:\/\/www.springrollsolution.com\/product\/mini-spring-roll-machine\/#breadcrumb"},"inLanguage":"fr-FR","potentialAction":[{"@type":"ReadAction","target":["https:\/\/www.springrollsolution.com\/product\/mini-spring-roll-machine\/"]}]},{"@type":"ImageObject","inLanguage":"fr-FR","@id":"https:\/\/www.springrollsolution.com\/product\/mini-spring-roll-machine\/#primaryimage","url":"https:\/\/www.springrollsolution.com\/wp-content\/uploads\/2024\/11\/spring-roll-machine.jpg","contentUrl":"https:\/\/www.springrollsolution.com\/wp-content\/uploads\/2024\/11\/spring-roll-machine.jpg","width":600,"height":600,"caption":"Automatic Machine for Mini Spring Rolls"},{"@type":"BreadcrumbList","@id":"https:\/\/www.springrollsolution.com\/product\/mini-spring-roll-machine\/#breadcrumb","itemListElement":[{"@type":"ListItem","position":1,"name":"Home","item":"https:\/\/www.springrollsolution.com\/"},{"@type":"ListItem","position":2,"name":"Products","item":"https:\/\/www.springrollsolution.com\/shop\/"},{"@type":"ListItem","position":3,"name":"Full Set Mini Spring Roll Machine Price GG-CJX7000"}]},{"@type":"WebSite","@id":"https:\/\/www.springrollsolution.com\/#website","url":"https:\/\/www.springrollsolution.com\/","name":"Machine de traitement des rouleaux de printemps","description":"Fournisseur de solutions pour le traitement des rouleaux de printemps","publisher":{"@id":"https:\/\/www.springrollsolution.com\/#organization"},"potentialAction":[{"@type":"SearchAction","target":{"@type":"EntryPoint","urlTemplate":"https:\/\/www.springrollsolution.com\/?s={search_term_string}"},"query-input":{"@type":"PropertyValueSpecification","valueRequired":true,"valueName":"search_term_string"}}],"inLanguage":"fr-FR"},{"@type":"Organization","@id":"https:\/\/www.springrollsolution.com\/#organization","name":"Machine de traitement des rouleaux de printemps","url":"https:\/\/www.springrollsolution.com\/","logo":{"@type":"ImageObject","inLanguage":"fr-FR","@id":"https:\/\/www.springrollsolution.com\/#\/schema\/logo\/image\/","url":"https:\/\/www.springrollsolution.com\/wp-content\/uploads\/2025\/05\/cropped-logo.png","contentUrl":"https:\/\/www.springrollsolution.com\/wp-content\/uploads\/2025\/05\/cropped-logo.png","width":180,"height":60,"caption":"Spring Roll Processing Machine"},"image":{"@id":"https:\/\/www.springrollsolution.com\/#\/schema\/logo\/image\/"}},false]}},"yasr_visitor_votes":{"stars_attributes":{"read_only":false,"span_bottom":false},"number_of_votes":0,"sum_votes":0},"_links":{"self":[{"href":"https:\/\/www.springrollsolution.com\/fr\/wp-json\/wp\/v2\/product\/5273","targetHints":{"allow":["GET"]}}],"collection":[{"href":"https:\/\/www.springrollsolution.com\/fr\/wp-json\/wp\/v2\/product"}],"about":[{"href":"https:\/\/www.springrollsolution.com\/fr\/wp-json\/wp\/v2\/types\/product"}],"replies":[{"embeddable":true,"href":"https:\/\/www.springrollsolution.com\/fr\/wp-json\/wp\/v2\/comments?post=5273"}],"wp:featuredmedia":[{"embeddable":true,"href":"https:\/\/www.springrollsolution.com\/fr\/wp-json\/wp\/v2\/media\/5274"}],"wp:attachment":[{"href":"https:\/\/www.springrollsolution.com\/fr\/wp-json\/wp\/v2\/media?parent=5273"}],"wp:term":[{"taxonomy":"product_brand","embeddable":true,"href":"https:\/\/www.springrollsolution.com\/fr\/wp-json\/wp\/v2\/product_brand?post=5273"},{"taxonomy":"product_cat","embeddable":true,"href":"https:\/\/www.springrollsolution.com\/fr\/wp-json\/wp\/v2\/product_cat?post=5273"},{"taxonomy":"product_tag","embeddable":true,"href":"https:\/\/www.springrollsolution.com\/fr\/wp-json\/wp\/v2\/product_tag?post=5273"}],"curies":[{"name":"wp","href":"https:\/\/api.w.org\/{rel}","templated":true}]}}