{"id":5137,"date":"2024-04-25T12:03:19","date_gmt":"2024-04-25T04:03:19","guid":{"rendered":"https:\/\/www.springrollsolution.com\/?post_type=product&#038;p=5137"},"modified":"2024-05-09T10:00:24","modified_gmt":"2024-05-09T02:00:24","slug":"vietnamese-rice-paper-roll-line","status":"publish","type":"product","link":"https:\/\/www.springrollsolution.com\/fr\/produit\/vietnamese-rice-paper-roll-line\/","title":{"rendered":"Ligne de production automatique de rouleaux de papier de riz vietnamien"},"content":{"rendered":"<p>La ligne de production de rouleaux de papier de riz vietnamien est une machine professionnelle con\u00e7ue pour automatiser la production de rouleaux de papier de riz vietnamien traditionnels, connus pour leur texture d\u00e9licate et leur polyvalence dans les applications culinaires.<\/p>\n<p>Cette ligne de production est con\u00e7ue pour r\u00e9pondre \u00e0 la demande croissante de ces rouleaux dans l'industrie alimentaire tout en pr\u00e9servant l'authenticit\u00e9 du produit. Elle garantit que chaque rouleau vietnamien conserve la qualit\u00e9 d\u00e9licate et artisanale qui a fait des rouleaux de papier de riz vietnamiens un favori culinaire dans le monde entier.<\/p>\n<p><img fetchpriority=\"high\" decoding=\"async\" class=\"alignnone size-full wp-image-5140\" src=\"https:\/\/www.springrollsolution.com\/wp-content\/uploads\/2024\/04\/9.jpg\" alt=\"Ligne de fabrication de rouleaux de papier de riz vietnamien\" width=\"630\" height=\"400\" srcset=\"https:\/\/www.springrollsolution.com\/wp-content\/uploads\/2024\/04\/9.jpg 630w, https:\/\/www.springrollsolution.com\/wp-content\/uploads\/2024\/04\/9-300x190.jpg 300w\" sizes=\"(max-width: 630px) 100vw, 630px\" \/><\/p>\n<h2><strong>Caract\u00e9ristiques de la ligne de production de rouleaux de papier de riz vietnamien<\/strong><\/h2>\n<ol>\n<li>Processus automatis\u00e9 : La ligne int\u00e8gre des processus enti\u00e8rement automatis\u00e9s, depuis le papier de riz jusqu'au remplissage final et au roulage des petits pains vietnamiens.<\/li>\n<li>Mat\u00e9riaux de haute qualit\u00e9 : Il utilise de l'acier inoxydable de haute qualit\u00e9 pour toutes les surfaces de contact afin de garantir la durabilit\u00e9 et l'hygi\u00e8ne.<\/li>\n<li>Efficacit\u00e9 \u00e9nerg\u00e9tique : Le syst\u00e8me est con\u00e7u avec des caract\u00e9ristiques d'\u00e9conomie d'\u00e9nergie, r\u00e9duisant les co\u00fbts d'exploitation et l'impact sur l'environnement.<\/li>\n<li>Param\u00e8tres personnalisables : Permet d'ajuster l'\u00e9paisseur, la taille et la texture des rouleaux de papier de riz vietnamien pour r\u00e9pondre aux diff\u00e9rentes pr\u00e9f\u00e9rences du march\u00e9.<\/li>\n<li>Conception hygi\u00e9nique : La conception ferm\u00e9e minimise le risque de contamination et garantit un environnement de production propre.<\/li>\n<\/ol>\n<p>&nbsp;<\/p>\n<h2><strong>Avantages de la ligne de production de rouleaux vietnamiens<\/strong><\/h2>\n<ol>\n<li>Efficacit\u00e9 : La machine r\u00e9duit consid\u00e9rablement le travail manuel et augmente le rendement, ce qui la rend id\u00e9ale pour la production \u00e0 grande \u00e9chelle.<\/li>\n<li>L'uniformit\u00e9 : Elle garantit l'uniformit\u00e9 de la qualit\u00e9 et de la taille des rouleaux de papier de riz vietnamien, ce qui est essentiel pour les secteurs de la restauration et de la vente au d\u00e9tail.<\/li>\n<li>Polyvalence : La ligne peut \u00eatre adapt\u00e9e pour produire une vari\u00e9t\u00e9 de rouleaux de papier de riz au-del\u00e0 des rouleaux traditionnels, ce qui \u00e9largit les opportunit\u00e9s de march\u00e9.<\/li>\n<li>Rentabilit\u00e9 : Bien qu'il s'agisse d'un investissement initial, la ligne de production de rouleaux vietnamiens offre un retour sur investissement \u00e9lev\u00e9 gr\u00e2ce \u00e0 la r\u00e9duction des co\u00fbts de main-d'\u0153uvre et \u00e0 l'augmentation de la capacit\u00e9 de production.<\/li>\n<li>Durabilit\u00e9 : En optimisant l'utilisation de l'\u00e9nergie et en r\u00e9duisant les d\u00e9chets, la ligne soutient des pratiques de production durables.<\/li>\n<li>Entretien facile : Les machines sont con\u00e7ues pour \u00eatre faciles \u00e0 nettoyer et \u00e0 entretenir, ce qui r\u00e9duit les temps d'arr\u00eat et garantit un fonctionnement continu.<\/li>\n<li>Conformit\u00e9 aux normes de s\u00e9curit\u00e9 : Il r\u00e9pond aux normes de s\u00e9curit\u00e9 internationales, garantissant la s\u00e9curit\u00e9 des travailleurs et des consommateurs.<\/li>\n<li>Assistance technique : Ce produit est assorti d'une assistance apr\u00e8s-vente compl\u00e8te, y compris la formation des op\u00e9rateurs et du personnel d'entretien.<\/li>\n<li>Innovation : La ligne de transformation est le r\u00e9sultat d'une recherche et d'un d\u00e9veloppement continus, int\u00e9grant les derni\u00e8res technologies en mati\u00e8re de machines de production alimentaire.<\/li>\n<\/ol>\n<p>&nbsp;<\/p>\n<h2><strong>Comment pr\u00e9parer un rouleau de papier de riz vietnamien<\/strong><\/h2>\n<p><iframe title=\"Ligne de production de rouleaux de printemps en papier de riz vietnamien Fournisseur\" width=\"500\" height=\"281\" src=\"https:\/\/www.youtube.com\/embed\/e5K3Huwq7PY?feature=oembed\" frameborder=\"0\" allow=\"accelerometer; autoplay; clipboard-write; encrypted-media; gyroscope; picture-in-picture; web-share\" referrerpolicy=\"strict-origin-when-cross-origin\" allowfullscreen><\/iframe><\/p>\n<p>&nbsp;<\/p>\n<p>La ligne de production de rouleaux de papier de riz vietnamien est un excellent exemple de la fa\u00e7on dont l'artisanat traditionnel peut \u00eatre am\u00e9lior\u00e9 par l'ing\u00e9nierie moderne. Elle offre une approche de production flexible aux entreprises qui cherchent \u00e0 \u00e9largir leur champ d'action en tirant parti de la renomm\u00e9e internationale des d\u00e9lices culinaires vietnamiens. En privil\u00e9giant l'excellence, la productivit\u00e9 et le respect de l'environnement, cette ligne de production \u00e9tablit une nouvelle r\u00e9f\u00e9rence pour la cr\u00e9ation d'authentiques rouleaux de papier de riz vietnamien.<\/p>\n<p>&nbsp;<\/p>\n<h3><strong>Param\u00e8tres techniques<\/strong><\/h3>\n<table width=\"449\">\n<tbody>\n<tr>\n<td colspan=\"4\" width=\"449\">GG-MPCJ2000<\/td>\n<\/tr>\n<tr>\n<td>Nom<\/td>\n<td>Dimensiton(MM)<\/td>\n<td>Puissance (KW)<\/td>\n<td>Set (jeu de mots)<\/td>\n<\/tr>\n<tr>\n<td width=\"134\">Syst\u00e8me d'alimentation en papier de riz<\/td>\n<td width=\"171\">1500*1150*2000<\/td>\n<td>1.2<\/td>\n<td>1<\/td>\n<\/tr>\n<tr>\n<td>Dispositif de pulv\u00e9risation<\/td>\n<td width=\"171\">1080*535*1400<\/td>\n<td>0.12<\/td>\n<td>1<\/td>\n<\/tr>\n<tr>\n<td>Partie vapeur<\/td>\n<td width=\"171\">2135*725*1350<\/td>\n<td>18<\/td>\n<td>1<\/td>\n<\/tr>\n<tr>\n<td>Machine \u00e0 farcir<\/td>\n<td>700*600*1000<\/td>\n<td>2.5<\/td>\n<td>1<\/td>\n<\/tr>\n<tr>\n<td>Pi\u00e8ce de gu\u00e9<\/td>\n<td>3000*500*1360<\/td>\n<td>1.1<\/td>\n<td>1<\/td>\n<\/tr>\n<tr>\n<td>Partie roulante<\/td>\n<td width=\"171\">2000*500*1100<\/td>\n<td>0.4<\/td>\n<td>1<\/td>\n<\/tr>\n<tr>\n<td colspan=\"4\" width=\"449\">Dimensions totales : 9250*1150*2000mm<\/td>\n<\/tr>\n<tr>\n<td colspan=\"4\" width=\"449\">Capacit\u00e9 : 1000-2000pcs\/h<\/td>\n<\/tr>\n<tr>\n<td colspan=\"4\">\u00a0Poids : 1900 kg<\/td>\n<\/tr>\n<\/tbody>\n<\/table>\n<p>&nbsp;<\/p>\n<h3><strong>Envoyer une demande de devis gratuit<\/strong><\/h3>\n<p>&nbsp;<\/p>\n<div id=\"wpcf7-f3214-p3261-o2\" class=\"wpcf7 js\" dir=\"ltr\" lang=\"en-US\">\n<div class=\"screen-reader-response\">\n<div id=\"wpcf7-f3214-p4914-o2\" class=\"wpcf7 js\" dir=\"ltr\" lang=\"en-US\">\n<div class=\"wpcf7 no-js\" id=\"wpcf7-f3214-o1\" lang=\"en-US\" dir=\"ltr\" data-wpcf7-id=\"3214\">\n<div class=\"screen-reader-response\"><p role=\"status\" aria-live=\"polite\" aria-atomic=\"true\"><\/p> <ul><\/ul><\/div>\n<form action=\"\/fr\/wp-json\/wp\/v2\/product\/5137#wpcf7-f3214-o1\" method=\"post\" class=\"wpcf7-form init\" aria-label=\"Formulaire de contact\" novalidate=\"novalidate\" data-status=\"init\" data-trp-original-action=\"\/fr\/wp-json\/wp\/v2\/product\/5137#wpcf7-f3214-o1\">\n<fieldset class=\"hidden-fields-container\"><input type=\"hidden\" name=\"_wpcf7\" value=\"3214\" \/><input type=\"hidden\" name=\"_wpcf7_version\" value=\"6.1.5\" \/><input type=\"hidden\" name=\"_wpcf7_locale\" value=\"en_US\" \/><input type=\"hidden\" name=\"_wpcf7_unit_tag\" value=\"wpcf7-f3214-o1\" \/><input type=\"hidden\" name=\"_wpcf7_container_post\" value=\"0\" \/><input type=\"hidden\" name=\"_wpcf7_posted_data_hash\" value=\"\" \/>\n<\/fieldset>\n<p><label> Votre nom*<br \/>\n<span class=\"wpcf7-form-control-wrap\" data-name=\"your-name\"><input size=\"40\" maxlength=\"400\" class=\"wpcf7-form-control wpcf7-text wpcf7-validates-as-required\" aria-required=\"true\" aria-invalid=\"false\" value=\"\" type=\"text\" name=\"your-name\" \/><\/span> <\/label>\n<\/p>\n<p><label> Votre pays<br \/>\n<span class=\"wpcf7-form-control-wrap\" data-name=\"your-country\"><input size=\"40\" maxlength=\"400\" class=\"wpcf7-form-control wpcf7-text\" aria-invalid=\"false\" value=\"\" type=\"text\" name=\"your-country\" \/><\/span> <\/label>\n<\/p>\n<p><label> Votre courriel*<br \/>\n<span class=\"wpcf7-form-control-wrap\" data-name=\"your-email\"><input size=\"40\" maxlength=\"400\" class=\"wpcf7-form-control wpcf7-email wpcf7-validates-as-required wpcf7-text wpcf7-validates-as-email\" aria-required=\"true\" aria-invalid=\"false\" value=\"\" type=\"email\" name=\"your-email\" \/><\/span> <\/label>\n<\/p>\n<p><label> Votre t\u00e9l\u00e9phone<br \/>\n<span class=\"wpcf7-form-control-wrap\" data-name=\"your-phone\"><input size=\"40\" maxlength=\"400\" class=\"wpcf7-form-control wpcf7-tel wpcf7-text wpcf7-validates-as-tel\" aria-invalid=\"false\" value=\"\" type=\"tel\" name=\"your-phone\" \/><\/span> <\/label>\n<\/p>\n<p><label> Nom de l'entreprise<br \/>\n<span class=\"wpcf7-form-control-wrap\" data-name=\"text-457\"><input size=\"40\" maxlength=\"400\" class=\"wpcf7-form-control wpcf7-text\" aria-invalid=\"false\" value=\"\" type=\"text\" name=\"text-457\" \/><\/span> <\/label>\n<\/p>\n<p><label> Le site web de votre entreprise<br \/>\n<span class=\"wpcf7-form-control-wrap\" data-name=\"text-546\"><input size=\"40\" maxlength=\"400\" class=\"wpcf7-form-control wpcf7-text\" aria-invalid=\"false\" value=\"\" type=\"text\" name=\"text-546\" \/><\/span> <\/label>\n<\/p>\n<p><label> Votre demande*<br \/>\n<span class=\"wpcf7-form-control-wrap\" data-name=\"your-requirement\"><textarea cols=\"40\" rows=\"10\" maxlength=\"2000\" class=\"wpcf7-form-control wpcf7-textarea wpcf7-validates-as-required\" aria-required=\"true\" aria-invalid=\"false\" name=\"your-requirement\"><\/textarea><\/span> <\/label>\n<\/p>\n<p><input class=\"wpcf7-form-control wpcf7-submit has-spinner\" type=\"submit\" value=\"Soumettre\" \/>\n<\/p>\n<div style=\"clear:both\">\n<\/div><p style=\"display: none !important;\" class=\"akismet-fields-container\" data-prefix=\"_wpcf7_ak_\"><label>&#916;<textarea name=\"_wpcf7_ak_hp_textarea\" cols=\"45\" rows=\"8\" maxlength=\"100\"><\/textarea><\/label><input type=\"hidden\" id=\"ak_js_1\" name=\"_wpcf7_ak_js\" value=\"73\"\/><script>document.getElementById( \"ak_js_1\" ).setAttribute( \"value\", ( new Date() ).getTime() );<\/script><\/p><div class=\"wpcf7-response-output\" aria-hidden=\"true\"><\/div>\n<input type=\"hidden\" name=\"trp-form-language\" value=\"fr\"\/><\/form>\n<\/div>\n<\/div>\n<div dir=\"ltr\" lang=\"en-US\"><\/div>\n<\/div>\n<\/div>\n<div style='text-align:left' class='yasr-auto-insert-visitor'><\/div>","protected":false},"excerpt":{"rendered":"<p>The vietnamese rice paper roll production line is a professional machinery designed to automate the production of traditional vietnamese rice paper rolls, known for their delicate texture and versatility in culinary applications. This production line is engineered to cater to the increasing demand for these rolls in the food industry while maintaining the authenticity of [&hellip;]<\/p>","protected":false},"featured_media":5139,"comment_status":"open","ping_status":"closed","template":"","meta":{"site-sidebar-layout":"default","site-content-layout":"default","ast-site-content-layout":"default","site-content-style":"default","site-sidebar-style":"default","ast-global-header-display":"","ast-banner-title-visibility":"","ast-main-header-display":"","ast-hfb-above-header-display":"","ast-hfb-below-header-display":"","ast-hfb-mobile-header-display":"","site-post-title":"","ast-breadcrumbs-content":"","ast-featured-img":"","footer-sml-layout":"","theme-transparent-header-meta":"","adv-header-id-meta":"","stick-header-meta":"","header-above-stick-meta":"","header-main-stick-meta":"","header-below-stick-meta":"","astra-migrate-meta-layouts":"default","ast-page-background-enabled":"default","ast-page-background-meta":{"desktop":{"background-color":"","background-image":"","background-repeat":"repeat","background-position":"center center","background-size":"auto","background-attachment":"scroll","background-type":"","background-media":"","overlay-type":"","overlay-color":"","overlay-opacity":"","overlay-gradient":""},"tablet":{"background-color":"","background-image":"","background-repeat":"repeat","background-position":"center center","background-size":"auto","background-attachment":"scroll","background-type":"","background-media":"","overlay-type":"","overlay-color":"","overlay-opacity":"","overlay-gradient":""},"mobile":{"background-color":"","background-image":"","background-repeat":"repeat","background-position":"center center","background-size":"auto","background-attachment":"scroll","background-type":"","background-media":"","overlay-type":"","overlay-color":"","overlay-opacity":"","overlay-gradient":""}},"ast-content-background-meta":{"desktop":{"background-color":"var(--ast-global-color-5)","background-image":"","background-repeat":"repeat","background-position":"center center","background-size":"auto","background-attachment":"scroll","background-type":"","background-media":"","overlay-type":"","overlay-color":"","overlay-opacity":"","overlay-gradient":""},"tablet":{"background-color":"var(--ast-global-color-5)","background-image":"","background-repeat":"repeat","background-position":"center center","background-size":"auto","background-attachment":"scroll","background-type":"","background-media":"","overlay-type":"","overlay-color":"","overlay-opacity":"","overlay-gradient":""},"mobile":{"background-color":"var(--ast-global-color-5)","background-image":"","background-repeat":"repeat","background-position":"center center","background-size":"auto","background-attachment":"scroll","background-type":"","background-media":"","overlay-type":"","overlay-color":"","overlay-opacity":"","overlay-gradient":""}},"yasr_overall_rating":0,"yasr_post_is_review":"","yasr_auto_insert_disabled":"","yasr_review_type":""},"product_brand":[],"product_cat":[24],"product_tag":[],"class_list":{"0":"post-5137","1":"product","2":"type-product","3":"status-publish","4":"has-post-thumbnail","6":"product_cat-spring-roll-machine","7":"desktop-align-left","8":"tablet-align-left","9":"mobile-align-left","11":"first","12":"instock","13":"shipping-taxable","14":"product-type-simple"},"yoast_head":"<!-- This site is optimized with the Yoast SEO plugin v26.4 - https:\/\/yoast.com\/wordpress\/plugins\/seo\/ -->\n<title>Vietnamese Rice Paper Roll Production Line in Automatic<\/title>\n<meta name=\"description\" content=\"Vietnamese rice paper roll production line is an automated solution, can be used to make high quality of Vietnamese rice paper rolls.\" \/>\n<meta name=\"robots\" content=\"index, follow, max-snippet:-1, max-image-preview:large, max-video-preview:-1\" \/>\n<link rel=\"canonical\" href=\"https:\/\/www.springrollsolution.com\/fr\/produit\/vietnamese-rice-paper-roll-line\/\" \/>\n<meta property=\"og:locale\" content=\"fr_FR\" \/>\n<meta property=\"og:type\" content=\"article\" \/>\n<meta property=\"og:title\" content=\"Vietnamese Rice Paper Roll Production Line in Automatic\" \/>\n<meta property=\"og:description\" content=\"Vietnamese rice paper roll production line is an automated solution, can be used to make high quality of Vietnamese rice paper rolls.\" \/>\n<meta property=\"og:url\" content=\"https:\/\/www.springrollsolution.com\/fr\/produit\/vietnamese-rice-paper-roll-line\/\" \/>\n<meta property=\"og:site_name\" content=\"Spring Roll Processing Machine\" \/>\n<meta property=\"article:modified_time\" content=\"2024-05-09T02:00:24+00:00\" \/>\n<meta property=\"og:image\" content=\"https:\/\/www.springrollsolution.com\/wp-content\/uploads\/2024\/04\/7.jpg\" \/>\n\t<meta property=\"og:image:width\" content=\"600\" \/>\n\t<meta property=\"og:image:height\" content=\"600\" \/>\n\t<meta property=\"og:image:type\" content=\"image\/jpeg\" \/>\n<meta name=\"twitter:card\" content=\"summary_large_image\" \/>\n<meta name=\"twitter:label1\" content=\"Dur\u00e9e de lecture estim\u00e9e\" \/>\n\t<meta name=\"twitter:data1\" content=\"3 minutes\" \/>\n<script type=\"application\/ld+json\" class=\"yoast-schema-graph\">{\"@context\":\"https:\/\/schema.org\",\"@graph\":[{\"@type\":\"WebPage\",\"@id\":\"https:\/\/www.springrollsolution.com\/id\/produk\/vietnamese-rice-paper-roll-line\/\",\"url\":\"https:\/\/www.springrollsolution.com\/id\/produk\/vietnamese-rice-paper-roll-line\/\",\"name\":\"Vietnamese Rice Paper Roll Production Line in Automatic\",\"isPartOf\":{\"@id\":\"https:\/\/www.springrollsolution.com\/#website\"},\"primaryImageOfPage\":{\"@id\":\"https:\/\/www.springrollsolution.com\/id\/produk\/vietnamese-rice-paper-roll-line\/#primaryimage\"},\"image\":{\"@id\":\"https:\/\/www.springrollsolution.com\/id\/produk\/vietnamese-rice-paper-roll-line\/#primaryimage\"},\"thumbnailUrl\":\"https:\/\/www.springrollsolution.com\/wp-content\/uploads\/2024\/04\/7.jpg\",\"datePublished\":\"2024-04-25T04:03:19+00:00\",\"dateModified\":\"2024-05-09T02:00:24+00:00\",\"description\":\"Vietnamese rice paper roll production line is an automated solution, can be used to make high quality of Vietnamese rice paper rolls.\",\"breadcrumb\":{\"@id\":\"https:\/\/www.springrollsolution.com\/id\/produk\/vietnamese-rice-paper-roll-line\/#breadcrumb\"},\"inLanguage\":\"fr-FR\",\"potentialAction\":[{\"@type\":\"ReadAction\",\"target\":[\"https:\/\/www.springrollsolution.com\/id\/produk\/vietnamese-rice-paper-roll-line\/\"]}]},{\"@type\":\"ImageObject\",\"inLanguage\":\"fr-FR\",\"@id\":\"https:\/\/www.springrollsolution.com\/id\/produk\/vietnamese-rice-paper-roll-line\/#primaryimage\",\"url\":\"https:\/\/www.springrollsolution.com\/wp-content\/uploads\/2024\/04\/7.jpg\",\"contentUrl\":\"https:\/\/www.springrollsolution.com\/wp-content\/uploads\/2024\/04\/7.jpg\",\"width\":600,\"height\":600,\"caption\":\"Vietnamese Rice Paper Roll Processing Line\"},{\"@type\":\"BreadcrumbList\",\"@id\":\"https:\/\/www.springrollsolution.com\/id\/produk\/vietnamese-rice-paper-roll-line\/#breadcrumb\",\"itemListElement\":[{\"@type\":\"ListItem\",\"position\":1,\"name\":\"Home\",\"item\":\"https:\/\/www.springrollsolution.com\/\"},{\"@type\":\"ListItem\",\"position\":2,\"name\":\"Products\",\"item\":\"https:\/\/www.springrollsolution.com\/shop\/\"},{\"@type\":\"ListItem\",\"position\":3,\"name\":\"Vietnamese Rice Paper Roll Production Line in Automatic\"}]},{\"@type\":\"WebSite\",\"@id\":\"https:\/\/www.springrollsolution.com\/#website\",\"url\":\"https:\/\/www.springrollsolution.com\/\",\"name\":\"Spring Roll Processing Machine\",\"description\":\"Spring roll processing solution provider\",\"publisher\":{\"@id\":\"https:\/\/www.springrollsolution.com\/#organization\"},\"potentialAction\":[{\"@type\":\"SearchAction\",\"target\":{\"@type\":\"EntryPoint\",\"urlTemplate\":\"https:\/\/www.springrollsolution.com\/?s={search_term_string}\"},\"query-input\":{\"@type\":\"PropertyValueSpecification\",\"valueRequired\":true,\"valueName\":\"search_term_string\"}}],\"inLanguage\":\"fr-FR\"},{\"@type\":\"Organization\",\"@id\":\"https:\/\/www.springrollsolution.com\/#organization\",\"name\":\"Spring Roll Processing Machine\",\"url\":\"https:\/\/www.springrollsolution.com\/\",\"logo\":{\"@type\":\"ImageObject\",\"inLanguage\":\"fr-FR\",\"@id\":\"https:\/\/www.springrollsolution.com\/#\/schema\/logo\/image\/\",\"url\":\"https:\/\/www.springrollsolution.com\/wp-content\/uploads\/2025\/05\/cropped-logo.png\",\"contentUrl\":\"https:\/\/www.springrollsolution.com\/wp-content\/uploads\/2025\/05\/cropped-logo.png\",\"width\":180,\"height\":60,\"caption\":\"Spring Roll Processing Machine\"},\"image\":{\"@id\":\"https:\/\/www.springrollsolution.com\/#\/schema\/logo\/image\/\"}},false]}<\/script>\n<!-- \/ Yoast SEO plugin. -->","yoast_head_json":{"title":"Ligne de production automatique de rouleaux de papier de riz vietnamien","description":"La ligne de production de rouleaux de papier de riz vietnamien est une solution automatis\u00e9e qui peut \u00eatre utilis\u00e9e pour fabriquer des rouleaux de papier de riz vietnamien de haute qualit\u00e9.","robots":{"index":"index","follow":"follow","max-snippet":"max-snippet:-1","max-image-preview":"max-image-preview:large","max-video-preview":"max-video-preview:-1"},"canonical":"https:\/\/www.springrollsolution.com\/fr\/produit\/vietnamese-rice-paper-roll-line\/","og_locale":"fr_FR","og_type":"article","og_title":"Vietnamese Rice Paper Roll Production Line in Automatic","og_description":"Vietnamese rice paper roll production line is an automated solution, can be used to make high quality of Vietnamese rice paper rolls.","og_url":"https:\/\/www.springrollsolution.com\/fr\/produit\/vietnamese-rice-paper-roll-line\/","og_site_name":"Spring Roll Processing Machine","article_modified_time":"2024-05-09T02:00:24+00:00","og_image":[{"width":600,"height":600,"url":"https:\/\/www.springrollsolution.com\/wp-content\/uploads\/2024\/04\/7.jpg","type":"image\/jpeg"}],"twitter_card":"summary_large_image","twitter_misc":{"Dur\u00e9e de lecture estim\u00e9e":"3 minutes"},"schema":{"@context":"https:\/\/schema.org","@graph":[{"@type":"WebPage","@id":"https:\/\/www.springrollsolution.com\/id\/produk\/vietnamese-rice-paper-roll-line\/","url":"https:\/\/www.springrollsolution.com\/id\/produk\/vietnamese-rice-paper-roll-line\/","name":"Ligne de production automatique de rouleaux de papier de riz vietnamien","isPartOf":{"@id":"https:\/\/www.springrollsolution.com\/#website"},"primaryImageOfPage":{"@id":"https:\/\/www.springrollsolution.com\/id\/produk\/vietnamese-rice-paper-roll-line\/#primaryimage"},"image":{"@id":"https:\/\/www.springrollsolution.com\/id\/produk\/vietnamese-rice-paper-roll-line\/#primaryimage"},"thumbnailUrl":"https:\/\/www.springrollsolution.com\/wp-content\/uploads\/2024\/04\/7.jpg","datePublished":"2024-04-25T04:03:19+00:00","dateModified":"2024-05-09T02:00:24+00:00","description":"La ligne de production de rouleaux de papier de riz vietnamien est une solution automatis\u00e9e qui peut \u00eatre utilis\u00e9e pour fabriquer des rouleaux de papier de riz vietnamien de haute qualit\u00e9.","breadcrumb":{"@id":"https:\/\/www.springrollsolution.com\/id\/produk\/vietnamese-rice-paper-roll-line\/#breadcrumb"},"inLanguage":"fr-FR","potentialAction":[{"@type":"ReadAction","target":["https:\/\/www.springrollsolution.com\/id\/produk\/vietnamese-rice-paper-roll-line\/"]}]},{"@type":"ImageObject","inLanguage":"fr-FR","@id":"https:\/\/www.springrollsolution.com\/id\/produk\/vietnamese-rice-paper-roll-line\/#primaryimage","url":"https:\/\/www.springrollsolution.com\/wp-content\/uploads\/2024\/04\/7.jpg","contentUrl":"https:\/\/www.springrollsolution.com\/wp-content\/uploads\/2024\/04\/7.jpg","width":600,"height":600,"caption":"Vietnamese Rice Paper Roll Processing Line"},{"@type":"BreadcrumbList","@id":"https:\/\/www.springrollsolution.com\/id\/produk\/vietnamese-rice-paper-roll-line\/#breadcrumb","itemListElement":[{"@type":"ListItem","position":1,"name":"Home","item":"https:\/\/www.springrollsolution.com\/"},{"@type":"ListItem","position":2,"name":"Products","item":"https:\/\/www.springrollsolution.com\/shop\/"},{"@type":"ListItem","position":3,"name":"Vietnamese Rice Paper Roll Production Line in Automatic"}]},{"@type":"WebSite","@id":"https:\/\/www.springrollsolution.com\/#website","url":"https:\/\/www.springrollsolution.com\/","name":"Machine de traitement des rouleaux de printemps","description":"Fournisseur de solutions pour le traitement des rouleaux de printemps","publisher":{"@id":"https:\/\/www.springrollsolution.com\/#organization"},"potentialAction":[{"@type":"SearchAction","target":{"@type":"EntryPoint","urlTemplate":"https:\/\/www.springrollsolution.com\/?s={search_term_string}"},"query-input":{"@type":"PropertyValueSpecification","valueRequired":true,"valueName":"search_term_string"}}],"inLanguage":"fr-FR"},{"@type":"Organization","@id":"https:\/\/www.springrollsolution.com\/#organization","name":"Machine de traitement des rouleaux de printemps","url":"https:\/\/www.springrollsolution.com\/","logo":{"@type":"ImageObject","inLanguage":"fr-FR","@id":"https:\/\/www.springrollsolution.com\/#\/schema\/logo\/image\/","url":"https:\/\/www.springrollsolution.com\/wp-content\/uploads\/2025\/05\/cropped-logo.png","contentUrl":"https:\/\/www.springrollsolution.com\/wp-content\/uploads\/2025\/05\/cropped-logo.png","width":180,"height":60,"caption":"Spring Roll Processing Machine"},"image":{"@id":"https:\/\/www.springrollsolution.com\/#\/schema\/logo\/image\/"}},false]}},"yasr_visitor_votes":{"stars_attributes":{"read_only":false,"span_bottom":false},"number_of_votes":1,"sum_votes":5},"_links":{"self":[{"href":"https:\/\/www.springrollsolution.com\/fr\/wp-json\/wp\/v2\/product\/5137","targetHints":{"allow":["GET"]}}],"collection":[{"href":"https:\/\/www.springrollsolution.com\/fr\/wp-json\/wp\/v2\/product"}],"about":[{"href":"https:\/\/www.springrollsolution.com\/fr\/wp-json\/wp\/v2\/types\/product"}],"replies":[{"embeddable":true,"href":"https:\/\/www.springrollsolution.com\/fr\/wp-json\/wp\/v2\/comments?post=5137"}],"wp:featuredmedia":[{"embeddable":true,"href":"https:\/\/www.springrollsolution.com\/fr\/wp-json\/wp\/v2\/media\/5139"}],"wp:attachment":[{"href":"https:\/\/www.springrollsolution.com\/fr\/wp-json\/wp\/v2\/media?parent=5137"}],"wp:term":[{"taxonomy":"product_brand","embeddable":true,"href":"https:\/\/www.springrollsolution.com\/fr\/wp-json\/wp\/v2\/product_brand?post=5137"},{"taxonomy":"product_cat","embeddable":true,"href":"https:\/\/www.springrollsolution.com\/fr\/wp-json\/wp\/v2\/product_cat?post=5137"},{"taxonomy":"product_tag","embeddable":true,"href":"https:\/\/www.springrollsolution.com\/fr\/wp-json\/wp\/v2\/product_tag?post=5137"}],"curies":[{"name":"wp","href":"https:\/\/api.w.org\/{rel}","templated":true}]}}