{"id":5073,"date":"2024-03-07T14:51:15","date_gmt":"2024-03-07T06:51:15","guid":{"rendered":"https:\/\/www.springrollsolution.com\/?post_type=product&#038;p=5073"},"modified":"2024-03-07T15:11:54","modified_gmt":"2024-03-07T07:11:54","slug":"chiko-roll-machine","status":"publish","type":"product","link":"https:\/\/www.springrollsolution.com\/fr\/produit\/chiko-roll-machine\/","title":{"rendered":"Machine australienne \u00e0 rouler les chikos (1000-6500 pi\u00e8ces\/h)"},"content":{"rendered":"<p>Les <strong>machine australienne \u00e0 rouler les chiko<\/strong> est un appareil intelligent qui allie efficacit\u00e9, commodit\u00e9 et gourmandise. Il est sp\u00e9cialement con\u00e7u pour r\u00e9pondre \u00e0 la double exigence d'efficacit\u00e9 et de qualit\u00e9 dans le secteur de la restauration moderne.<\/p>\n<p>&nbsp;<\/p>\n<p>La machine utilise une technologie de transformation alimentaire avanc\u00e9e et contr\u00f4le rigoureusement chaque processus afin de garantir que chaque rouleau Chiko puisse reproduire avec pr\u00e9cision l'authentique saveur australienne.<\/p>\n<p><img fetchpriority=\"high\" decoding=\"async\" class=\"alignnone size-full wp-image-5074\" src=\"https:\/\/www.springrollsolution.com\/wp-content\/uploads\/2024\/03\/5-2.jpg\" alt=\"Machine pour rouleaux de chiko\" width=\"600\" height=\"600\" srcset=\"https:\/\/www.springrollsolution.com\/wp-content\/uploads\/2024\/03\/5-2.jpg 600w, https:\/\/www.springrollsolution.com\/wp-content\/uploads\/2024\/03\/5-2-300x300.jpg 300w, https:\/\/www.springrollsolution.com\/wp-content\/uploads\/2024\/03\/5-2-150x150.jpg 150w, https:\/\/www.springrollsolution.com\/wp-content\/uploads\/2024\/03\/5-2-100x100.jpg 100w\" sizes=\"(max-width: 600px) 100vw, 600px\" \/><\/p>\n<h2><strong>Caract\u00e9ristiques de la ligne de production de rouleaux Chiko<\/strong><\/h2>\n<ol>\n<li>Une saveur unique : Les rouleaux de chiko produits par cette machine ont un go\u00fbt australien distinctif. Il s'agit d'un produit de restauration rapide contenant un m\u00e9lange de farces (poulet, b\u0153uf, oignons, carottes, etc.), qui combine les influences culinaires orientales et occidentales.<\/li>\n<li>Production automatis\u00e9e : Utilisant une technologie d'automatisation de pointe, cette machine am\u00e9liore consid\u00e9rablement l'efficacit\u00e9 de la production tout en garantissant un calibrage coh\u00e9rent des produits.<\/li>\n<li>Garantie de qualit\u00e9 \u00e9lev\u00e9e : La machine \u00e0 fabriquer les rouleaux de chiko contr\u00f4le strictement la temp\u00e9rature et le temps pendant le processus de production afin de garantir que chaque rouleau de chiko atteigne la cuisson et le go\u00fbt id\u00e9aux, tout en assurant la s\u00e9curit\u00e9 et l'hygi\u00e8ne alimentaires et en se conformant aux normes internationales.<\/li>\n<li>Facilit\u00e9 d'utilisation et d'entretien : La machine est dot\u00e9e d'une interface conviviale qui permet aux employ\u00e9s de comprendre rapidement les proc\u00e9dures d'utilisation avec un minimum de formation. En outre, la structure interne est optimis\u00e9e pour faciliter le nettoyage quotidien et l'entretien de routine.<\/li>\n<li>Personnalisation flexible : Con\u00e7ue pour r\u00e9pondre aux diff\u00e9rentes pr\u00e9f\u00e9rences des clients, la machine \u00e0 rouleaux chiko peut ajuster les rapports de formule pour produire des rouleaux aux saveurs diff\u00e9rentes, r\u00e9pondant ainsi aux diverses demandes du march\u00e9.<\/li>\n<li>\u00c9conomies d'\u00e9nergie et efficacit\u00e9 : Cette machine est con\u00e7ue en tenant compte de l'efficacit\u00e9 de l'utilisation de l'\u00e9nergie et des faibles co\u00fbts d'exploitation. Elle permet d'\u00e9conomiser efficacement la consommation d'\u00e9nergie et de r\u00e9aliser une double combinaison d'avantages \u00e9conomiques et de concepts de protection de l'environnement.<\/li>\n<\/ol>\n<p><img decoding=\"async\" class=\"alignnone size-full wp-image-5076\" src=\"https:\/\/www.springrollsolution.com\/wp-content\/uploads\/2024\/03\/8-1.jpg\" alt=\"Machine \u00e0 fabriquer des rouleaux de chiko\" width=\"600\" height=\"600\" srcset=\"https:\/\/www.springrollsolution.com\/wp-content\/uploads\/2024\/03\/8-1.jpg 600w, https:\/\/www.springrollsolution.com\/wp-content\/uploads\/2024\/03\/8-1-300x300.jpg 300w, https:\/\/www.springrollsolution.com\/wp-content\/uploads\/2024\/03\/8-1-150x150.jpg 150w, https:\/\/www.springrollsolution.com\/wp-content\/uploads\/2024\/03\/8-1-100x100.jpg 100w\" sizes=\"(max-width: 600px) 100vw, 600px\" \/><\/p>\n<h2><strong>Avantages de la machine \u00e0 rouleaux Chiko<\/strong><\/h2>\n<ul>\n<li>Production efficace : La machine peut produire des rouleaux de chiko \u00e0 une vitesse de 1 000 \u00e0 6 500 pi\u00e8ces par heure, ce qui am\u00e9liore consid\u00e9rablement l'efficacit\u00e9 de la production et permet de r\u00e9pondre \u00e0 la demande croissante du march\u00e9.<\/li>\n<li>Qualit\u00e9 constante du produit : Le processus de production automatis\u00e9 garantit la constance de la qualit\u00e9 des rouleaux de chiko, \u00e9limine les changements qui peuvent \u00eatre caus\u00e9s par la production manuelle et garantit la qualit\u00e9 de chaque produit.<\/li>\n<li>R\u00e9duire les co\u00fbts de production : L'introduction de machines \u00e0 rouleaux de chiko australiens r\u00e9duit les co\u00fbts de main-d'\u0153uvre et am\u00e9liore l'efficacit\u00e9 de la production, ce qui permet de r\u00e9duire les co\u00fbts de production et d'augmenter les marges b\u00e9n\u00e9ficiaires.<\/li>\n<li>Innovation des produits : La flexibilit\u00e9 de la machine permet aux fabricants d'essayer de nouvelles saveurs, de nouveaux fourrages et de nouvelles tailles, r\u00e9pondant ainsi aux besoins gustatifs des diff\u00e9rents consommateurs et favorisant l'innovation des produits.<\/li>\n<li>Maintien du go\u00fbt traditionnel : Bien que produits par des machines, le go\u00fbt et la saveur traditionnels des rouleaux de chiko sont pr\u00e9serv\u00e9s, conservant ainsi les souvenirs et les d\u00e9sirs des traditions alimentaires australiennes.<\/li>\n<li>Cette machine est conviviale et capable d'ex\u00e9cuter automatiquement une s\u00e9rie de t\u00e2ches, y compris la cuisson de la p\u00e2te, le remplissage, le roulage et la friture, d'un simple clic.<\/li>\n<\/ul>\n<p>&nbsp;<\/p>\n<h2><strong>Vid\u00e9o de la machine australienne \u00e0 rouler les chiko<\/strong><\/h2>\n<p><iframe title=\"Ligne de production automatique de rouleaux de ressort\" width=\"500\" height=\"281\" src=\"https:\/\/www.youtube.com\/embed\/ARf76a2-dys?feature=oembed\" frameborder=\"0\" allow=\"accelerometer; autoplay; clipboard-write; encrypted-media; gyroscope; picture-in-picture; web-share\" referrerpolicy=\"strict-origin-when-cross-origin\" allowfullscreen><\/iframe><\/p>\n<p>&nbsp;<\/p>\n<h3><strong>Param\u00e8tres techniques<\/strong><\/h3>\n<table border=\"0\" cellspacing=\"0\" cellpadding=\"0\">\n<tbody>\n<tr>\n<td colspan=\"4\" rowspan=\"1\">GG-CJX5000<\/td>\n<\/tr>\n<tr>\n<td>Nom<\/td>\n<td>Dimensiton\uff08mm\uff09<\/td>\n<td>Puissance\uff08KW\uff09<\/td>\n<td>Non.<\/td>\n<\/tr>\n<tr>\n<td>Pi\u00e8ce de l'enrouleur de rouleaux de printemps<\/td>\n<td>2200*2000*2200<\/td>\n<td>59<\/td>\n<td>1<\/td>\n<\/tr>\n<tr>\n<td>Partie farce<\/td>\n<td>700*600*1000<\/td>\n<td>0.4<\/td>\n<td>1<\/td>\n<\/tr>\n<tr>\n<td>Rouleau \u00e0 ressort Pi\u00e8ce pliante<\/td>\n<td>1700*500*1360<\/td>\n<td>0.4<\/td>\n<td>1<\/td>\n<\/tr>\n<tr>\n<td>Pi\u00e8ce de formage pour rouleau de ressort<\/td>\n<td>4030*500*1100<\/td>\n<td>0.4<\/td>\n<td>1<\/td>\n<\/tr>\n<tr>\n<td>M\u00e9langeur de p\u00e2te \u00e0 frire<\/td>\n<td>1300*600*900<\/td>\n<td>1.1<\/td>\n<td>1<\/td>\n<\/tr>\n<tr>\n<td>R\u00e9servoir de batterie<\/td>\n<td>800*300*320<\/td>\n<td>\/<\/td>\n<td>1<\/td>\n<\/tr>\n<tr>\n<td>Pompe \u00e0 batterie<\/td>\n<td>-<\/td>\n<td>0.55<\/td>\n<td>2<\/td>\n<\/tr>\n<tr>\n<td colspan=\"4\" rowspan=\"1\">Capacit\u00e9 3000-4000pcs\/h<\/td>\n<\/tr>\n<\/tbody>\n<\/table>\n<p>&nbsp;<\/p>\n<h3><strong>Envoyer une demande de devis gratuit<\/strong><\/h3>\n<div id=\"wpcf7-f3214-p4903-o2\" class=\"wpcf7 js\" dir=\"ltr\" lang=\"en-US\">\n<div class=\"wpcf7 no-js\" id=\"wpcf7-f3214-o1\" lang=\"en-US\" dir=\"ltr\" data-wpcf7-id=\"3214\">\n<div class=\"screen-reader-response\"><p role=\"status\" aria-live=\"polite\" aria-atomic=\"true\"><\/p> <ul><\/ul><\/div>\n<form action=\"\/fr\/wp-json\/wp\/v2\/product\/5073#wpcf7-f3214-o1\" method=\"post\" class=\"wpcf7-form init\" aria-label=\"Formulaire de contact\" novalidate=\"novalidate\" data-status=\"init\" data-trp-original-action=\"\/fr\/wp-json\/wp\/v2\/product\/5073#wpcf7-f3214-o1\">\n<fieldset class=\"hidden-fields-container\"><input type=\"hidden\" name=\"_wpcf7\" value=\"3214\" \/><input type=\"hidden\" name=\"_wpcf7_version\" value=\"6.1.5\" \/><input type=\"hidden\" name=\"_wpcf7_locale\" value=\"en_US\" \/><input type=\"hidden\" name=\"_wpcf7_unit_tag\" value=\"wpcf7-f3214-o1\" \/><input type=\"hidden\" name=\"_wpcf7_container_post\" value=\"0\" \/><input type=\"hidden\" name=\"_wpcf7_posted_data_hash\" value=\"\" \/>\n<\/fieldset>\n<p><label> Votre nom*<br \/>\n<span class=\"wpcf7-form-control-wrap\" data-name=\"your-name\"><input size=\"40\" maxlength=\"400\" class=\"wpcf7-form-control wpcf7-text wpcf7-validates-as-required\" aria-required=\"true\" aria-invalid=\"false\" value=\"\" type=\"text\" name=\"your-name\" \/><\/span> <\/label>\n<\/p>\n<p><label> Votre pays<br \/>\n<span class=\"wpcf7-form-control-wrap\" data-name=\"your-country\"><input size=\"40\" maxlength=\"400\" class=\"wpcf7-form-control wpcf7-text\" aria-invalid=\"false\" value=\"\" type=\"text\" name=\"your-country\" \/><\/span> <\/label>\n<\/p>\n<p><label> Votre courriel*<br \/>\n<span class=\"wpcf7-form-control-wrap\" data-name=\"your-email\"><input size=\"40\" maxlength=\"400\" class=\"wpcf7-form-control wpcf7-email wpcf7-validates-as-required wpcf7-text wpcf7-validates-as-email\" aria-required=\"true\" aria-invalid=\"false\" value=\"\" type=\"email\" name=\"your-email\" \/><\/span> <\/label>\n<\/p>\n<p><label> Votre t\u00e9l\u00e9phone<br \/>\n<span class=\"wpcf7-form-control-wrap\" data-name=\"your-phone\"><input size=\"40\" maxlength=\"400\" class=\"wpcf7-form-control wpcf7-tel wpcf7-text wpcf7-validates-as-tel\" aria-invalid=\"false\" value=\"\" type=\"tel\" name=\"your-phone\" \/><\/span> <\/label>\n<\/p>\n<p><label> Nom de l'entreprise<br \/>\n<span class=\"wpcf7-form-control-wrap\" data-name=\"text-457\"><input size=\"40\" maxlength=\"400\" class=\"wpcf7-form-control wpcf7-text\" aria-invalid=\"false\" value=\"\" type=\"text\" name=\"text-457\" \/><\/span> <\/label>\n<\/p>\n<p><label> Le site web de votre entreprise<br \/>\n<span class=\"wpcf7-form-control-wrap\" data-name=\"text-546\"><input size=\"40\" maxlength=\"400\" class=\"wpcf7-form-control wpcf7-text\" aria-invalid=\"false\" value=\"\" type=\"text\" name=\"text-546\" \/><\/span> <\/label>\n<\/p>\n<p><label> Votre demande*<br \/>\n<span class=\"wpcf7-form-control-wrap\" data-name=\"your-requirement\"><textarea cols=\"40\" rows=\"10\" maxlength=\"2000\" class=\"wpcf7-form-control wpcf7-textarea wpcf7-validates-as-required\" aria-required=\"true\" aria-invalid=\"false\" name=\"your-requirement\"><\/textarea><\/span> <\/label>\n<\/p>\n<p><input class=\"wpcf7-form-control wpcf7-submit has-spinner\" type=\"submit\" value=\"Soumettre\" \/>\n<\/p>\n<div style=\"clear:both\">\n<\/div><p style=\"display: none !important;\" class=\"akismet-fields-container\" data-prefix=\"_wpcf7_ak_\"><label>&#916;<textarea name=\"_wpcf7_ak_hp_textarea\" cols=\"45\" rows=\"8\" maxlength=\"100\"><\/textarea><\/label><input type=\"hidden\" id=\"ak_js_1\" name=\"_wpcf7_ak_js\" value=\"15\"\/><script>document.getElementById( \"ak_js_1\" ).setAttribute( \"value\", ( new Date() ).getTime() );<\/script><\/p><div class=\"wpcf7-response-output\" aria-hidden=\"true\"><\/div>\n<input type=\"hidden\" name=\"trp-form-language\" value=\"fr\"\/><\/form>\n<\/div>\n<\/div>\n<div style='text-align:left' class='yasr-auto-insert-visitor'><\/div>","protected":false},"excerpt":{"rendered":"<p>The australian chiko roll machine is a intelligent device that combines efficiency, convenience and deliciousness. It is specially designed to meet the dual requirements of efficiency and quality in the modern catering industry. &nbsp; The machine uses advanced food processing technology and strictly controls every process to ensure that each Chiko Roll can accurately replicate [&hellip;]<\/p>","protected":false},"featured_media":5077,"comment_status":"open","ping_status":"closed","template":"","meta":{"site-sidebar-layout":"default","site-content-layout":"default","ast-site-content-layout":"default","site-content-style":"default","site-sidebar-style":"default","ast-global-header-display":"","ast-banner-title-visibility":"","ast-main-header-display":"","ast-hfb-above-header-display":"","ast-hfb-below-header-display":"","ast-hfb-mobile-header-display":"","site-post-title":"","ast-breadcrumbs-content":"","ast-featured-img":"","footer-sml-layout":"","theme-transparent-header-meta":"","adv-header-id-meta":"","stick-header-meta":"","header-above-stick-meta":"","header-main-stick-meta":"","header-below-stick-meta":"","astra-migrate-meta-layouts":"default","ast-page-background-enabled":"default","ast-page-background-meta":{"desktop":{"background-color":"","background-image":"","background-repeat":"repeat","background-position":"center center","background-size":"auto","background-attachment":"scroll","background-type":"","background-media":"","overlay-type":"","overlay-color":"","overlay-opacity":"","overlay-gradient":""},"tablet":{"background-color":"","background-image":"","background-repeat":"repeat","background-position":"center center","background-size":"auto","background-attachment":"scroll","background-type":"","background-media":"","overlay-type":"","overlay-color":"","overlay-opacity":"","overlay-gradient":""},"mobile":{"background-color":"","background-image":"","background-repeat":"repeat","background-position":"center center","background-size":"auto","background-attachment":"scroll","background-type":"","background-media":"","overlay-type":"","overlay-color":"","overlay-opacity":"","overlay-gradient":""}},"ast-content-background-meta":{"desktop":{"background-color":"var(--ast-global-color-5)","background-image":"","background-repeat":"repeat","background-position":"center center","background-size":"auto","background-attachment":"scroll","background-type":"","background-media":"","overlay-type":"","overlay-color":"","overlay-opacity":"","overlay-gradient":""},"tablet":{"background-color":"var(--ast-global-color-5)","background-image":"","background-repeat":"repeat","background-position":"center center","background-size":"auto","background-attachment":"scroll","background-type":"","background-media":"","overlay-type":"","overlay-color":"","overlay-opacity":"","overlay-gradient":""},"mobile":{"background-color":"var(--ast-global-color-5)","background-image":"","background-repeat":"repeat","background-position":"center center","background-size":"auto","background-attachment":"scroll","background-type":"","background-media":"","overlay-type":"","overlay-color":"","overlay-opacity":"","overlay-gradient":""}},"yasr_overall_rating":0,"yasr_post_is_review":"","yasr_auto_insert_disabled":"","yasr_review_type":""},"product_brand":[],"product_cat":[24],"product_tag":[],"class_list":{"0":"post-5073","1":"product","2":"type-product","3":"status-publish","4":"has-post-thumbnail","6":"product_cat-spring-roll-machine","7":"desktop-align-left","8":"tablet-align-left","9":"mobile-align-left","11":"first","12":"instock","13":"shipping-taxable","14":"product-type-simple"},"yoast_head":"<!-- This site is optimized with the Yoast SEO plugin v26.4 - https:\/\/yoast.com\/wordpress\/plugins\/seo\/ -->\n<title>Australian Chiko Roll Machine in 1000-6500 pieces\/h<\/title>\n<meta name=\"description\" content=\"The australian chiko roll machine is a intelligent device that combines efficiency, convenience. It can produce chiko roll with 1000-6500 pcs\/h.\" \/>\n<meta name=\"robots\" content=\"index, follow, max-snippet:-1, max-image-preview:large, max-video-preview:-1\" \/>\n<link rel=\"canonical\" href=\"https:\/\/www.springrollsolution.com\/fr\/produit\/chiko-roll-machine\/\" \/>\n<meta property=\"og:locale\" content=\"fr_FR\" \/>\n<meta property=\"og:type\" content=\"article\" \/>\n<meta property=\"og:title\" content=\"Australian Chiko Roll Machine in 1000-6500 pieces\/h\" \/>\n<meta property=\"og:description\" content=\"The australian chiko roll machine is a intelligent device that combines efficiency, convenience. It can produce chiko roll with 1000-6500 pcs\/h.\" \/>\n<meta property=\"og:url\" content=\"https:\/\/www.springrollsolution.com\/fr\/produit\/chiko-roll-machine\/\" \/>\n<meta property=\"og:site_name\" content=\"Spring Roll Processing Machine\" \/>\n<meta property=\"article:modified_time\" content=\"2024-03-07T07:11:54+00:00\" \/>\n<meta property=\"og:image\" content=\"https:\/\/www.springrollsolution.com\/wp-content\/uploads\/2024\/03\/9-1.jpg\" \/>\n\t<meta property=\"og:image:width\" content=\"600\" \/>\n\t<meta property=\"og:image:height\" content=\"600\" \/>\n\t<meta property=\"og:image:type\" content=\"image\/jpeg\" \/>\n<meta name=\"twitter:card\" content=\"summary_large_image\" \/>\n<meta name=\"twitter:label1\" content=\"Dur\u00e9e de lecture estim\u00e9e\" \/>\n\t<meta name=\"twitter:data1\" content=\"3 minutes\" \/>\n<script type=\"application\/ld+json\" class=\"yoast-schema-graph\">{\"@context\":\"https:\/\/schema.org\",\"@graph\":[{\"@type\":\"WebPage\",\"@id\":\"https:\/\/www.springrollsolution.com\/product\/chiko-roll-machine\/\",\"url\":\"https:\/\/www.springrollsolution.com\/product\/chiko-roll-machine\/\",\"name\":\"Australian Chiko Roll Machine in 1000-6500 pieces\/h\",\"isPartOf\":{\"@id\":\"https:\/\/www.springrollsolution.com\/#website\"},\"primaryImageOfPage\":{\"@id\":\"https:\/\/www.springrollsolution.com\/product\/chiko-roll-machine\/#primaryimage\"},\"image\":{\"@id\":\"https:\/\/www.springrollsolution.com\/product\/chiko-roll-machine\/#primaryimage\"},\"thumbnailUrl\":\"https:\/\/www.springrollsolution.com\/wp-content\/uploads\/2024\/03\/9-1.jpg\",\"datePublished\":\"2024-03-07T06:51:15+00:00\",\"dateModified\":\"2024-03-07T07:11:54+00:00\",\"description\":\"The australian chiko roll machine is a intelligent device that combines efficiency, convenience. It can produce chiko roll with 1000-6500 pcs\/h.\",\"breadcrumb\":{\"@id\":\"https:\/\/www.springrollsolution.com\/product\/chiko-roll-machine\/#breadcrumb\"},\"inLanguage\":\"fr-FR\",\"potentialAction\":[{\"@type\":\"ReadAction\",\"target\":[\"https:\/\/www.springrollsolution.com\/product\/chiko-roll-machine\/\"]}]},{\"@type\":\"ImageObject\",\"inLanguage\":\"fr-FR\",\"@id\":\"https:\/\/www.springrollsolution.com\/product\/chiko-roll-machine\/#primaryimage\",\"url\":\"https:\/\/www.springrollsolution.com\/wp-content\/uploads\/2024\/03\/9-1.jpg\",\"contentUrl\":\"https:\/\/www.springrollsolution.com\/wp-content\/uploads\/2024\/03\/9-1.jpg\",\"width\":600,\"height\":600,\"caption\":\"Chiko Roll Machine For Sale\"},{\"@type\":\"BreadcrumbList\",\"@id\":\"https:\/\/www.springrollsolution.com\/product\/chiko-roll-machine\/#breadcrumb\",\"itemListElement\":[{\"@type\":\"ListItem\",\"position\":1,\"name\":\"Home\",\"item\":\"https:\/\/www.springrollsolution.com\/\"},{\"@type\":\"ListItem\",\"position\":2,\"name\":\"Products\",\"item\":\"https:\/\/www.springrollsolution.com\/shop\/\"},{\"@type\":\"ListItem\",\"position\":3,\"name\":\"Australian Chiko Roll Machine in 1000-6500 pieces\/h\"}]},{\"@type\":\"WebSite\",\"@id\":\"https:\/\/www.springrollsolution.com\/#website\",\"url\":\"https:\/\/www.springrollsolution.com\/\",\"name\":\"Spring Roll Processing Machine\",\"description\":\"Spring roll processing solution provider\",\"publisher\":{\"@id\":\"https:\/\/www.springrollsolution.com\/#organization\"},\"potentialAction\":[{\"@type\":\"SearchAction\",\"target\":{\"@type\":\"EntryPoint\",\"urlTemplate\":\"https:\/\/www.springrollsolution.com\/?s={search_term_string}\"},\"query-input\":{\"@type\":\"PropertyValueSpecification\",\"valueRequired\":true,\"valueName\":\"search_term_string\"}}],\"inLanguage\":\"fr-FR\"},{\"@type\":\"Organization\",\"@id\":\"https:\/\/www.springrollsolution.com\/#organization\",\"name\":\"Spring Roll Processing Machine\",\"url\":\"https:\/\/www.springrollsolution.com\/\",\"logo\":{\"@type\":\"ImageObject\",\"inLanguage\":\"fr-FR\",\"@id\":\"https:\/\/www.springrollsolution.com\/#\/schema\/logo\/image\/\",\"url\":\"https:\/\/www.springrollsolution.com\/wp-content\/uploads\/2025\/05\/cropped-logo.png\",\"contentUrl\":\"https:\/\/www.springrollsolution.com\/wp-content\/uploads\/2025\/05\/cropped-logo.png\",\"width\":180,\"height\":60,\"caption\":\"Spring Roll Processing Machine\"},\"image\":{\"@id\":\"https:\/\/www.springrollsolution.com\/#\/schema\/logo\/image\/\"}},false]}<\/script>\n<!-- \/ Yoast SEO plugin. -->","yoast_head_json":{"title":"Machine australienne \u00e0 rouler les chikos (1000-6500 pi\u00e8ces\/h)","description":"La machine \u00e0 rouleaux de chiko australiens est un dispositif intelligent qui allie efficacit\u00e9 et commodit\u00e9. Elle peut produire des rouleaux de chiko \u00e0 raison de 1000-6500 pcs\/h.","robots":{"index":"index","follow":"follow","max-snippet":"max-snippet:-1","max-image-preview":"max-image-preview:large","max-video-preview":"max-video-preview:-1"},"canonical":"https:\/\/www.springrollsolution.com\/fr\/produit\/chiko-roll-machine\/","og_locale":"fr_FR","og_type":"article","og_title":"Australian Chiko Roll Machine in 1000-6500 pieces\/h","og_description":"The australian chiko roll machine is a intelligent device that combines efficiency, convenience. It can produce chiko roll with 1000-6500 pcs\/h.","og_url":"https:\/\/www.springrollsolution.com\/fr\/produit\/chiko-roll-machine\/","og_site_name":"Spring Roll Processing Machine","article_modified_time":"2024-03-07T07:11:54+00:00","og_image":[{"width":600,"height":600,"url":"https:\/\/www.springrollsolution.com\/wp-content\/uploads\/2024\/03\/9-1.jpg","type":"image\/jpeg"}],"twitter_card":"summary_large_image","twitter_misc":{"Dur\u00e9e de lecture estim\u00e9e":"3 minutes"},"schema":{"@context":"https:\/\/schema.org","@graph":[{"@type":"WebPage","@id":"https:\/\/www.springrollsolution.com\/product\/chiko-roll-machine\/","url":"https:\/\/www.springrollsolution.com\/product\/chiko-roll-machine\/","name":"Machine australienne \u00e0 rouler les chikos (1000-6500 pi\u00e8ces\/h)","isPartOf":{"@id":"https:\/\/www.springrollsolution.com\/#website"},"primaryImageOfPage":{"@id":"https:\/\/www.springrollsolution.com\/product\/chiko-roll-machine\/#primaryimage"},"image":{"@id":"https:\/\/www.springrollsolution.com\/product\/chiko-roll-machine\/#primaryimage"},"thumbnailUrl":"https:\/\/www.springrollsolution.com\/wp-content\/uploads\/2024\/03\/9-1.jpg","datePublished":"2024-03-07T06:51:15+00:00","dateModified":"2024-03-07T07:11:54+00:00","description":"La machine \u00e0 rouleaux de chiko australiens est un dispositif intelligent qui allie efficacit\u00e9 et commodit\u00e9. Elle peut produire des rouleaux de chiko \u00e0 raison de 1000-6500 pcs\/h.","breadcrumb":{"@id":"https:\/\/www.springrollsolution.com\/product\/chiko-roll-machine\/#breadcrumb"},"inLanguage":"fr-FR","potentialAction":[{"@type":"ReadAction","target":["https:\/\/www.springrollsolution.com\/product\/chiko-roll-machine\/"]}]},{"@type":"ImageObject","inLanguage":"fr-FR","@id":"https:\/\/www.springrollsolution.com\/product\/chiko-roll-machine\/#primaryimage","url":"https:\/\/www.springrollsolution.com\/wp-content\/uploads\/2024\/03\/9-1.jpg","contentUrl":"https:\/\/www.springrollsolution.com\/wp-content\/uploads\/2024\/03\/9-1.jpg","width":600,"height":600,"caption":"Chiko Roll Machine For Sale"},{"@type":"BreadcrumbList","@id":"https:\/\/www.springrollsolution.com\/product\/chiko-roll-machine\/#breadcrumb","itemListElement":[{"@type":"ListItem","position":1,"name":"Home","item":"https:\/\/www.springrollsolution.com\/"},{"@type":"ListItem","position":2,"name":"Products","item":"https:\/\/www.springrollsolution.com\/shop\/"},{"@type":"ListItem","position":3,"name":"Australian Chiko Roll Machine in 1000-6500 pieces\/h"}]},{"@type":"WebSite","@id":"https:\/\/www.springrollsolution.com\/#website","url":"https:\/\/www.springrollsolution.com\/","name":"Machine de traitement des rouleaux de printemps","description":"Fournisseur de solutions pour le traitement des rouleaux de printemps","publisher":{"@id":"https:\/\/www.springrollsolution.com\/#organization"},"potentialAction":[{"@type":"SearchAction","target":{"@type":"EntryPoint","urlTemplate":"https:\/\/www.springrollsolution.com\/?s={search_term_string}"},"query-input":{"@type":"PropertyValueSpecification","valueRequired":true,"valueName":"search_term_string"}}],"inLanguage":"fr-FR"},{"@type":"Organization","@id":"https:\/\/www.springrollsolution.com\/#organization","name":"Machine de traitement des rouleaux de printemps","url":"https:\/\/www.springrollsolution.com\/","logo":{"@type":"ImageObject","inLanguage":"fr-FR","@id":"https:\/\/www.springrollsolution.com\/#\/schema\/logo\/image\/","url":"https:\/\/www.springrollsolution.com\/wp-content\/uploads\/2025\/05\/cropped-logo.png","contentUrl":"https:\/\/www.springrollsolution.com\/wp-content\/uploads\/2025\/05\/cropped-logo.png","width":180,"height":60,"caption":"Spring Roll Processing Machine"},"image":{"@id":"https:\/\/www.springrollsolution.com\/#\/schema\/logo\/image\/"}},false]}},"yasr_visitor_votes":{"stars_attributes":{"read_only":false,"span_bottom":false},"number_of_votes":0,"sum_votes":0},"_links":{"self":[{"href":"https:\/\/www.springrollsolution.com\/fr\/wp-json\/wp\/v2\/product\/5073","targetHints":{"allow":["GET"]}}],"collection":[{"href":"https:\/\/www.springrollsolution.com\/fr\/wp-json\/wp\/v2\/product"}],"about":[{"href":"https:\/\/www.springrollsolution.com\/fr\/wp-json\/wp\/v2\/types\/product"}],"replies":[{"embeddable":true,"href":"https:\/\/www.springrollsolution.com\/fr\/wp-json\/wp\/v2\/comments?post=5073"}],"wp:featuredmedia":[{"embeddable":true,"href":"https:\/\/www.springrollsolution.com\/fr\/wp-json\/wp\/v2\/media\/5077"}],"wp:attachment":[{"href":"https:\/\/www.springrollsolution.com\/fr\/wp-json\/wp\/v2\/media?parent=5073"}],"wp:term":[{"taxonomy":"product_brand","embeddable":true,"href":"https:\/\/www.springrollsolution.com\/fr\/wp-json\/wp\/v2\/product_brand?post=5073"},{"taxonomy":"product_cat","embeddable":true,"href":"https:\/\/www.springrollsolution.com\/fr\/wp-json\/wp\/v2\/product_cat?post=5073"},{"taxonomy":"product_tag","embeddable":true,"href":"https:\/\/www.springrollsolution.com\/fr\/wp-json\/wp\/v2\/product_tag?post=5073"}],"curies":[{"name":"wp","href":"https:\/\/api.w.org\/{rel}","templated":true}]}}