{"id":4982,"date":"2024-02-04T11:02:19","date_gmt":"2024-02-04T03:02:19","guid":{"rendered":"https:\/\/www.springrollsolution.com\/?post_type=product&#038;p=4982"},"modified":"2026-02-28T14:56:08","modified_gmt":"2026-02-28T06:56:08","slug":"mozzarella-sticks-machine","status":"publish","type":"product","link":"https:\/\/www.springrollsolution.com\/fr\/produit\/mozzarella-sticks-machine\/","title":{"rendered":"Machine \u00e0 b\u00e2tonnets de mozzarella avec appareil \u00e9lectrique"},"content":{"rendered":"<p>La machine industrielle \u00e0 fabriquer des b\u00e2tonnets de mozzarella est utilis\u00e9e professionnellement pour produire des b\u00e2tonnets de mozzarella de haute qualit\u00e9, des b\u00e2tonnets de fromage. L'ensemble du processus de traitement est automatis\u00e9 et fonctionne efficacement. Il s'agit d'un \u00e9quipement tr\u00e8s pratique.<\/p>\n<p>Notre usine se consacre \u00e0 la production de b\u00e2tonnets de mozzarella de haute qualit\u00e9 et de haute performance. Am\u00e9liorer les capacit\u00e9s de production des transformateurs de produits alimentaires et \u00e9tendre la production pour r\u00e9pondre \u00e0 des besoins croissants.<\/p>\n<p><img fetchpriority=\"high\" decoding=\"async\" class=\"alignnone size-full wp-image-4983\" src=\"https:\/\/www.springrollsolution.com\/wp-content\/uploads\/2024\/02\/4.jpg\" alt=\"Machine industrielle \u00e0 fabriquer des b\u00e2tonnets de mozzarella\" width=\"630\" height=\"430\" srcset=\"https:\/\/www.springrollsolution.com\/wp-content\/uploads\/2024\/02\/4.jpg 630w, https:\/\/www.springrollsolution.com\/wp-content\/uploads\/2024\/02\/4-300x205.jpg 300w\" sizes=\"(max-width: 630px) 100vw, 630px\" \/><\/p>\n<h2><strong>Caract\u00e9ristiques de la machine \u00e0 b\u00e2tonnets de mozzarella<\/strong><\/h2>\n<ol>\n<li>Traitement automatis\u00e9 : La machine peut enti\u00e8rement automatiser le traitement, de la pr\u00e9paration de la p\u00e2te au remplissage et au roulage des b\u00e2tonnets de mozzarella. Cela permet non seulement de r\u00e9duire les co\u00fbts de main-d'\u0153uvre, mais aussi de garantir la qualit\u00e9 du produit.<\/li>\n<li>Polyvalence : En ajustant les r\u00e9glages, la machine peut s'adapter \u00e0 une vari\u00e9t\u00e9 de tailles de b\u00e2tonnets de mozzarella, ce qui permet de r\u00e9pondre aux diff\u00e9rents besoins du march\u00e9.<\/li>\n<li>Contr\u00f4le pr\u00e9cis des portions : L'\u00e9quipement est dot\u00e9 d'un syst\u00e8me de contr\u00f4le avanc\u00e9 qui garantit une taille uniforme des b\u00e2tonnets de mozzarella, ce qui rend le produit fini plus standard et satisfait les clients.<\/li>\n<li>Conception \u00e9conome en \u00e9nergie : La machine industrielle \u00e0 fabriquer des b\u00e2tonnets de mozzarella utilise une technologie d'\u00e9conomie d'\u00e9nergie pour minimiser l'impact sur l'environnement. Son syst\u00e8me de gestion intelligente de l'\u00e9nergie garantit la durabilit\u00e9 sans compromettre la productivit\u00e9.<\/li>\n<li>Encombrement r\u00e9duit : Pour r\u00e9pondre aux contraintes d'espace dans les installations de production, la machine se distingue par sa conception compacte sans compromis sur la fonctionnalit\u00e9. Ce gain de place garantit la flexibilit\u00e9 de l'agencement de l'usine tout en maintenant une capacit\u00e9 de production optimale.<\/li>\n<\/ol>\n<p>&nbsp;<\/p>\n<h2><strong>Vid\u00e9o de la machine \u00e0 b\u00e2tonnets de fromage<\/strong><\/h2>\n<p><iframe title=\"Machine commerciale Lumpiang Shanghai|Mozzarella Sticks Machine\" width=\"500\" height=\"281\" src=\"https:\/\/www.youtube.com\/embed\/sHsnn3LF71o?feature=oembed\" frameborder=\"0\" allow=\"accelerometer; autoplay; clipboard-write; encrypted-media; gyroscope; picture-in-picture; web-share\" referrerpolicy=\"strict-origin-when-cross-origin\" allowfullscreen><\/iframe><\/p>\n<h2><strong>Avantages de la machine \u00e0 fabriquer des b\u00e2tonnets de mozzarella<\/strong><\/h2>\n<ul>\n<li>Am\u00e9lioration de l'efficacit\u00e9 : Les op\u00e9rations automatis\u00e9es am\u00e9liorent l'efficacit\u00e9 de la production, r\u00e9duisent le temps de traitement des produits et les co\u00fbts de main-d'\u0153uvre, ce qui contribue en fin de compte \u00e0 augmenter les marges b\u00e9n\u00e9ficiaires.<\/li>\n<li>Assurance de la qualit\u00e9 : La production \u00e0 l'aide d'\u00e9quipements de pointe permet d'\u00e9viter les erreurs humaines et de garantir que chaque lot de b\u00e2tonnets de mozzarella r\u00e9pond toujours \u00e0 des normes \u00e9lev\u00e9es.<\/li>\n<li>Capacit\u00e9s de personnalisation : Les entreprises peuvent facilement ajuster les r\u00e9glages des machines pour produire diff\u00e9rents produits, tels que des b\u00e2tonnets de mozzarella, des rouleaux de printemps, etc.<\/li>\n<li>Conception hygi\u00e9nique : Les mat\u00e9riaux et la conception de la machine sont ax\u00e9s sur l'hygi\u00e8ne, ce qui la rend facile \u00e0 nettoyer et \u00e0 entretenir, et garantit la conformit\u00e9 aux normes et r\u00e9glementations industrielles.<\/li>\n<\/ul>\n<p>&nbsp;<\/p>\n<p>Cette machine utilise une technologie de pointe pour automatiser le processus de production. La pr\u00e9cision est au c\u0153ur de cette innovation, garantissant que chaque b\u00e2tonnet de mozzarella est de taille et de qualit\u00e9 uniformes. Adaptable, elle permet aux entreprises de personnaliser facilement la taille des b\u00e2tonnets et les enrobages pour r\u00e9pondre aux diff\u00e9rentes pr\u00e9f\u00e9rences des consommateurs.<\/p>\n<p>La machine industrielle \u00e0 fabriquer des b\u00e2tonnets de mozzarella repr\u00e9sente un progr\u00e8s d\u00e9cisif dans le paysage de la production d'aliments \u00e0 grignoter. Avec ses processus automatis\u00e9s, son adaptabilit\u00e9, sa fonctionnalit\u00e9 m\u00e9ticuleuse et une myriade d'avantages, elle appara\u00eet non seulement comme un outil de fabrication, mais aussi comme une pierre angulaire strat\u00e9gique pour les entreprises qui aspirent \u00e0 prosp\u00e9rer sur le march\u00e9 extr\u00eamement concurrentiel des b\u00e2tonnets de mozzarella.<\/p>\n<p>&nbsp;<\/p>\n<h3><strong>Param\u00e8tres techniques<\/strong><\/h3>\n<table border=\"0\" cellspacing=\"0\" cellpadding=\"0\">\n<tbody>\n<tr>\n<td colspan=\"4\" rowspan=\"1\">GG-CJX5000<\/td>\n<\/tr>\n<tr>\n<td>Nom<\/td>\n<td>Dimensiton\uff08mm\uff09<\/td>\n<td>Puissance\uff08KW\uff09<\/td>\n<td>Non.<\/td>\n<\/tr>\n<tr>\n<td>Pi\u00e8ce de l'enrouleur de rouleaux de printemps<\/td>\n<td>2200*2000*2200<\/td>\n<td>59<\/td>\n<td>1<\/td>\n<\/tr>\n<tr>\n<td>Partie farce<\/td>\n<td>700*600*1000<\/td>\n<td>0.4<\/td>\n<td>1<\/td>\n<\/tr>\n<tr>\n<td>Rouleau \u00e0 ressort Pi\u00e8ce pliante<\/td>\n<td>1700*500*1360<\/td>\n<td>0.4<\/td>\n<td>1<\/td>\n<\/tr>\n<tr>\n<td>Pi\u00e8ce de formage pour rouleau de ressort<\/td>\n<td>4030*500*1100<\/td>\n<td>0.4<\/td>\n<td>1<\/td>\n<\/tr>\n<tr>\n<td>M\u00e9langeur de p\u00e2te \u00e0 frire<\/td>\n<td>1300*600*900<\/td>\n<td>1.1<\/td>\n<td>1<\/td>\n<\/tr>\n<tr>\n<td>R\u00e9servoir de batterie<\/td>\n<td>800*300*320<\/td>\n<td>\/<\/td>\n<td>1<\/td>\n<\/tr>\n<tr>\n<td>Pompe \u00e0 batterie<\/td>\n<td>-<\/td>\n<td>0.55<\/td>\n<td>2<\/td>\n<\/tr>\n<tr>\n<td colspan=\"4\" rowspan=\"1\">Capacit\u00e9 3000-4000pcs\/h<\/td>\n<\/tr>\n<\/tbody>\n<\/table>\n<p>&nbsp;<\/p>\n<h3><strong>Envoyer une demande de devis gratuit<\/strong><\/h3>\n<div id=\"wpcf7-f3214-p4903-o2\" class=\"wpcf7 js\" dir=\"ltr\" lang=\"en-US\">\n<div id=\"wpcf7-f3214-p4955-o2\" class=\"wpcf7 js\" dir=\"ltr\" lang=\"en-US\">\n<div class=\"wpcf7 no-js\" id=\"wpcf7-f3214-o1\" lang=\"en-US\" dir=\"ltr\" data-wpcf7-id=\"3214\">\n<div class=\"screen-reader-response\"><p role=\"status\" aria-live=\"polite\" aria-atomic=\"true\"><\/p> <ul><\/ul><\/div>\n<form action=\"\/fr\/wp-json\/wp\/v2\/product\/4982#wpcf7-f3214-o1\" method=\"post\" class=\"wpcf7-form init\" aria-label=\"Formulaire de contact\" novalidate=\"novalidate\" data-status=\"init\" data-trp-original-action=\"\/fr\/wp-json\/wp\/v2\/product\/4982#wpcf7-f3214-o1\">\n<fieldset class=\"hidden-fields-container\"><input type=\"hidden\" name=\"_wpcf7\" value=\"3214\" \/><input type=\"hidden\" name=\"_wpcf7_version\" value=\"6.1.5\" \/><input type=\"hidden\" name=\"_wpcf7_locale\" value=\"en_US\" \/><input type=\"hidden\" name=\"_wpcf7_unit_tag\" value=\"wpcf7-f3214-o1\" \/><input type=\"hidden\" name=\"_wpcf7_container_post\" value=\"0\" \/><input type=\"hidden\" name=\"_wpcf7_posted_data_hash\" value=\"\" \/>\n<\/fieldset>\n<p><label> Votre nom*<br \/>\n<span class=\"wpcf7-form-control-wrap\" data-name=\"your-name\"><input size=\"40\" maxlength=\"400\" class=\"wpcf7-form-control wpcf7-text wpcf7-validates-as-required\" aria-required=\"true\" aria-invalid=\"false\" value=\"\" type=\"text\" name=\"your-name\" \/><\/span> <\/label>\n<\/p>\n<p><label> Votre pays<br \/>\n<span class=\"wpcf7-form-control-wrap\" data-name=\"your-country\"><input size=\"40\" maxlength=\"400\" class=\"wpcf7-form-control wpcf7-text\" aria-invalid=\"false\" value=\"\" type=\"text\" name=\"your-country\" \/><\/span> <\/label>\n<\/p>\n<p><label> Votre courriel*<br \/>\n<span class=\"wpcf7-form-control-wrap\" data-name=\"your-email\"><input size=\"40\" maxlength=\"400\" class=\"wpcf7-form-control wpcf7-email wpcf7-validates-as-required wpcf7-text wpcf7-validates-as-email\" aria-required=\"true\" aria-invalid=\"false\" value=\"\" type=\"email\" name=\"your-email\" \/><\/span> <\/label>\n<\/p>\n<p><label> Votre t\u00e9l\u00e9phone<br \/>\n<span class=\"wpcf7-form-control-wrap\" data-name=\"your-phone\"><input size=\"40\" maxlength=\"400\" class=\"wpcf7-form-control wpcf7-tel wpcf7-text wpcf7-validates-as-tel\" aria-invalid=\"false\" value=\"\" type=\"tel\" name=\"your-phone\" \/><\/span> <\/label>\n<\/p>\n<p><label> Nom de l'entreprise<br \/>\n<span class=\"wpcf7-form-control-wrap\" data-name=\"text-457\"><input size=\"40\" maxlength=\"400\" class=\"wpcf7-form-control wpcf7-text\" aria-invalid=\"false\" value=\"\" type=\"text\" name=\"text-457\" \/><\/span> <\/label>\n<\/p>\n<p><label> Le site web de votre entreprise<br \/>\n<span class=\"wpcf7-form-control-wrap\" data-name=\"text-546\"><input size=\"40\" maxlength=\"400\" class=\"wpcf7-form-control wpcf7-text\" aria-invalid=\"false\" value=\"\" type=\"text\" name=\"text-546\" \/><\/span> <\/label>\n<\/p>\n<p><label> Votre demande*<br \/>\n<span class=\"wpcf7-form-control-wrap\" data-name=\"your-requirement\"><textarea cols=\"40\" rows=\"10\" maxlength=\"2000\" class=\"wpcf7-form-control wpcf7-textarea wpcf7-validates-as-required\" aria-required=\"true\" aria-invalid=\"false\" name=\"your-requirement\"><\/textarea><\/span> <\/label>\n<\/p>\n<p><input class=\"wpcf7-form-control wpcf7-submit has-spinner\" type=\"submit\" value=\"Soumettre\" \/>\n<\/p>\n<div style=\"clear:both\">\n<\/div><p style=\"display: none !important;\" class=\"akismet-fields-container\" data-prefix=\"_wpcf7_ak_\"><label>&#916;<textarea name=\"_wpcf7_ak_hp_textarea\" cols=\"45\" rows=\"8\" maxlength=\"100\"><\/textarea><\/label><input type=\"hidden\" id=\"ak_js_1\" name=\"_wpcf7_ak_js\" value=\"191\"\/><script>document.getElementById( \"ak_js_1\" ).setAttribute( \"value\", ( new Date() ).getTime() );<\/script><\/p><div class=\"wpcf7-response-output\" aria-hidden=\"true\"><\/div>\n<input type=\"hidden\" name=\"trp-form-language\" value=\"fr\"\/><\/form>\n<\/div>\n<\/div>\n<\/div>\n<div style='text-align:left' class='yasr-auto-insert-visitor'><\/div>","protected":false},"excerpt":{"rendered":"<p>Industrial mozzarella sticks machine is professionally used to produce high-quality mozzarella sticks, cheese sticks. The entire processing process is automated and works efficiently. It is a very practical equipment. Our factory is dedicated to producing high standard, high performance mozzarella stick solutions. Improve food processors&#8217; production capabilities and expand production to meet more growing needs. [&hellip;]<\/p>","protected":false},"featured_media":4984,"comment_status":"open","ping_status":"closed","template":"","meta":{"site-sidebar-layout":"default","site-content-layout":"default","ast-site-content-layout":"default","site-content-style":"default","site-sidebar-style":"default","ast-global-header-display":"","ast-banner-title-visibility":"","ast-main-header-display":"","ast-hfb-above-header-display":"","ast-hfb-below-header-display":"","ast-hfb-mobile-header-display":"","site-post-title":"","ast-breadcrumbs-content":"","ast-featured-img":"","footer-sml-layout":"","theme-transparent-header-meta":"","adv-header-id-meta":"","stick-header-meta":"","header-above-stick-meta":"","header-main-stick-meta":"","header-below-stick-meta":"","astra-migrate-meta-layouts":"default","ast-page-background-enabled":"default","ast-page-background-meta":{"desktop":{"background-color":"","background-image":"","background-repeat":"repeat","background-position":"center center","background-size":"auto","background-attachment":"scroll","background-type":"","background-media":"","overlay-type":"","overlay-color":"","overlay-opacity":"","overlay-gradient":""},"tablet":{"background-color":"","background-image":"","background-repeat":"repeat","background-position":"center center","background-size":"auto","background-attachment":"scroll","background-type":"","background-media":"","overlay-type":"","overlay-color":"","overlay-opacity":"","overlay-gradient":""},"mobile":{"background-color":"","background-image":"","background-repeat":"repeat","background-position":"center center","background-size":"auto","background-attachment":"scroll","background-type":"","background-media":"","overlay-type":"","overlay-color":"","overlay-opacity":"","overlay-gradient":""}},"ast-content-background-meta":{"desktop":{"background-color":"var(--ast-global-color-5)","background-image":"","background-repeat":"repeat","background-position":"center center","background-size":"auto","background-attachment":"scroll","background-type":"","background-media":"","overlay-type":"","overlay-color":"","overlay-opacity":"","overlay-gradient":""},"tablet":{"background-color":"var(--ast-global-color-5)","background-image":"","background-repeat":"repeat","background-position":"center center","background-size":"auto","background-attachment":"scroll","background-type":"","background-media":"","overlay-type":"","overlay-color":"","overlay-opacity":"","overlay-gradient":""},"mobile":{"background-color":"var(--ast-global-color-5)","background-image":"","background-repeat":"repeat","background-position":"center center","background-size":"auto","background-attachment":"scroll","background-type":"","background-media":"","overlay-type":"","overlay-color":"","overlay-opacity":"","overlay-gradient":""}},"yasr_overall_rating":0,"yasr_post_is_review":"","yasr_auto_insert_disabled":"","yasr_review_type":""},"product_brand":[],"product_cat":[24],"product_tag":[],"class_list":{"0":"post-4982","1":"product","2":"type-product","3":"status-publish","4":"has-post-thumbnail","6":"product_cat-spring-roll-machine","7":"desktop-align-left","8":"tablet-align-left","9":"mobile-align-left","11":"first","12":"instock","13":"shipping-taxable","14":"product-type-simple"},"yoast_head":"<!-- This site is optimized with the Yoast SEO plugin v26.4 - https:\/\/yoast.com\/wordpress\/plugins\/seo\/ -->\n<title>Industrial Mozzarella Sticks Machine with Electric<\/title>\n<meta name=\"description\" content=\"Industrial mozzarella sticks machine is used to produce high-quality mozzarella sticks, cheese sticks. The process is automated and works efficiently.\" \/>\n<meta name=\"robots\" content=\"index, follow, max-snippet:-1, max-image-preview:large, max-video-preview:-1\" \/>\n<link rel=\"canonical\" href=\"https:\/\/www.springrollsolution.com\/fr\/produit\/mozzarella-sticks-machine\/\" \/>\n<meta property=\"og:locale\" content=\"fr_FR\" \/>\n<meta property=\"og:type\" content=\"article\" \/>\n<meta property=\"og:title\" content=\"Industrial Mozzarella Sticks Machine with Electric\" \/>\n<meta property=\"og:description\" content=\"Industrial mozzarella sticks machine is used to produce high-quality mozzarella sticks, cheese sticks. The process is automated and works efficiently.\" \/>\n<meta property=\"og:url\" content=\"https:\/\/www.springrollsolution.com\/fr\/produit\/mozzarella-sticks-machine\/\" \/>\n<meta property=\"og:site_name\" content=\"Spring Roll Processing Machine\" \/>\n<meta property=\"article:modified_time\" content=\"2026-02-28T06:56:08+00:00\" \/>\n<meta property=\"og:image\" content=\"https:\/\/www.springrollsolution.com\/wp-content\/uploads\/2024\/02\/5.jpg\" \/>\n\t<meta property=\"og:image:width\" content=\"600\" \/>\n\t<meta property=\"og:image:height\" content=\"600\" \/>\n\t<meta property=\"og:image:type\" content=\"image\/jpeg\" \/>\n<meta name=\"twitter:card\" content=\"summary_large_image\" \/>\n<meta name=\"twitter:label1\" content=\"Dur\u00e9e de lecture estim\u00e9e\" \/>\n\t<meta name=\"twitter:data1\" content=\"3 minutes\" \/>\n<script type=\"application\/ld+json\" class=\"yoast-schema-graph\">{\"@context\":\"https:\/\/schema.org\",\"@graph\":[{\"@type\":\"WebPage\",\"@id\":\"https:\/\/www.springrollsolution.com\/es\/producto\/mozzarella-sticks-machine\/\",\"url\":\"https:\/\/www.springrollsolution.com\/es\/producto\/mozzarella-sticks-machine\/\",\"name\":\"Industrial Mozzarella Sticks Machine with Electric\",\"isPartOf\":{\"@id\":\"https:\/\/www.springrollsolution.com\/#website\"},\"primaryImageOfPage\":{\"@id\":\"https:\/\/www.springrollsolution.com\/es\/producto\/mozzarella-sticks-machine\/#primaryimage\"},\"image\":{\"@id\":\"https:\/\/www.springrollsolution.com\/es\/producto\/mozzarella-sticks-machine\/#primaryimage\"},\"thumbnailUrl\":\"https:\/\/www.springrollsolution.com\/wp-content\/uploads\/2024\/02\/5.jpg\",\"datePublished\":\"2024-02-04T03:02:19+00:00\",\"dateModified\":\"2026-02-28T06:56:08+00:00\",\"description\":\"Industrial mozzarella sticks machine is used to produce high-quality mozzarella sticks, cheese sticks. The process is automated and works efficiently.\",\"breadcrumb\":{\"@id\":\"https:\/\/www.springrollsolution.com\/es\/producto\/mozzarella-sticks-machine\/#breadcrumb\"},\"inLanguage\":\"fr-FR\",\"potentialAction\":[{\"@type\":\"ReadAction\",\"target\":[\"https:\/\/www.springrollsolution.com\/es\/producto\/mozzarella-sticks-machine\/\"]}]},{\"@type\":\"ImageObject\",\"inLanguage\":\"fr-FR\",\"@id\":\"https:\/\/www.springrollsolution.com\/es\/producto\/mozzarella-sticks-machine\/#primaryimage\",\"url\":\"https:\/\/www.springrollsolution.com\/wp-content\/uploads\/2024\/02\/5.jpg\",\"contentUrl\":\"https:\/\/www.springrollsolution.com\/wp-content\/uploads\/2024\/02\/5.jpg\",\"width\":600,\"height\":600,\"caption\":\"Mozzarella Sticks Making Machine\"},{\"@type\":\"BreadcrumbList\",\"@id\":\"https:\/\/www.springrollsolution.com\/es\/producto\/mozzarella-sticks-machine\/#breadcrumb\",\"itemListElement\":[{\"@type\":\"ListItem\",\"position\":1,\"name\":\"Home\",\"item\":\"https:\/\/www.springrollsolution.com\/\"},{\"@type\":\"ListItem\",\"position\":2,\"name\":\"Products\",\"item\":\"https:\/\/www.springrollsolution.com\/shop\/\"},{\"@type\":\"ListItem\",\"position\":3,\"name\":\"Industrial Mozzarella Sticks Machine with Electric\"}]},{\"@type\":\"WebSite\",\"@id\":\"https:\/\/www.springrollsolution.com\/#website\",\"url\":\"https:\/\/www.springrollsolution.com\/\",\"name\":\"Spring Roll Processing Machine\",\"description\":\"Spring roll processing solution provider\",\"publisher\":{\"@id\":\"https:\/\/www.springrollsolution.com\/#organization\"},\"potentialAction\":[{\"@type\":\"SearchAction\",\"target\":{\"@type\":\"EntryPoint\",\"urlTemplate\":\"https:\/\/www.springrollsolution.com\/?s={search_term_string}\"},\"query-input\":{\"@type\":\"PropertyValueSpecification\",\"valueRequired\":true,\"valueName\":\"search_term_string\"}}],\"inLanguage\":\"fr-FR\"},{\"@type\":\"Organization\",\"@id\":\"https:\/\/www.springrollsolution.com\/#organization\",\"name\":\"Spring Roll Processing Machine\",\"url\":\"https:\/\/www.springrollsolution.com\/\",\"logo\":{\"@type\":\"ImageObject\",\"inLanguage\":\"fr-FR\",\"@id\":\"https:\/\/www.springrollsolution.com\/#\/schema\/logo\/image\/\",\"url\":\"https:\/\/www.springrollsolution.com\/wp-content\/uploads\/2025\/05\/cropped-logo.png\",\"contentUrl\":\"https:\/\/www.springrollsolution.com\/wp-content\/uploads\/2025\/05\/cropped-logo.png\",\"width\":180,\"height\":60,\"caption\":\"Spring Roll Processing Machine\"},\"image\":{\"@id\":\"https:\/\/www.springrollsolution.com\/#\/schema\/logo\/image\/\"}},false]}<\/script>\n<!-- \/ Yoast SEO plugin. -->","yoast_head_json":{"title":"Machine \u00e0 b\u00e2tonnets de mozzarella avec appareil \u00e9lectrique","description":"La machine industrielle \u00e0 fabriquer des b\u00e2tonnets de mozzarella est utilis\u00e9e pour produire des b\u00e2tonnets de mozzarella de haute qualit\u00e9, des b\u00e2tonnets de fromage. Le processus est automatis\u00e9 et fonctionne efficacement.","robots":{"index":"index","follow":"follow","max-snippet":"max-snippet:-1","max-image-preview":"max-image-preview:large","max-video-preview":"max-video-preview:-1"},"canonical":"https:\/\/www.springrollsolution.com\/fr\/produit\/mozzarella-sticks-machine\/","og_locale":"fr_FR","og_type":"article","og_title":"Industrial Mozzarella Sticks Machine with Electric","og_description":"Industrial mozzarella sticks machine is used to produce high-quality mozzarella sticks, cheese sticks. The process is automated and works efficiently.","og_url":"https:\/\/www.springrollsolution.com\/fr\/produit\/mozzarella-sticks-machine\/","og_site_name":"Spring Roll Processing Machine","article_modified_time":"2026-02-28T06:56:08+00:00","og_image":[{"width":600,"height":600,"url":"https:\/\/www.springrollsolution.com\/wp-content\/uploads\/2024\/02\/5.jpg","type":"image\/jpeg"}],"twitter_card":"summary_large_image","twitter_misc":{"Dur\u00e9e de lecture estim\u00e9e":"3 minutes"},"schema":{"@context":"https:\/\/schema.org","@graph":[{"@type":"WebPage","@id":"https:\/\/www.springrollsolution.com\/es\/producto\/mozzarella-sticks-machine\/","url":"https:\/\/www.springrollsolution.com\/es\/producto\/mozzarella-sticks-machine\/","name":"Machine \u00e0 b\u00e2tonnets de mozzarella avec appareil \u00e9lectrique","isPartOf":{"@id":"https:\/\/www.springrollsolution.com\/#website"},"primaryImageOfPage":{"@id":"https:\/\/www.springrollsolution.com\/es\/producto\/mozzarella-sticks-machine\/#primaryimage"},"image":{"@id":"https:\/\/www.springrollsolution.com\/es\/producto\/mozzarella-sticks-machine\/#primaryimage"},"thumbnailUrl":"https:\/\/www.springrollsolution.com\/wp-content\/uploads\/2024\/02\/5.jpg","datePublished":"2024-02-04T03:02:19+00:00","dateModified":"2026-02-28T06:56:08+00:00","description":"La machine industrielle \u00e0 fabriquer des b\u00e2tonnets de mozzarella est utilis\u00e9e pour produire des b\u00e2tonnets de mozzarella de haute qualit\u00e9, des b\u00e2tonnets de fromage. Le processus est automatis\u00e9 et fonctionne efficacement.","breadcrumb":{"@id":"https:\/\/www.springrollsolution.com\/es\/producto\/mozzarella-sticks-machine\/#breadcrumb"},"inLanguage":"fr-FR","potentialAction":[{"@type":"ReadAction","target":["https:\/\/www.springrollsolution.com\/es\/producto\/mozzarella-sticks-machine\/"]}]},{"@type":"ImageObject","inLanguage":"fr-FR","@id":"https:\/\/www.springrollsolution.com\/es\/producto\/mozzarella-sticks-machine\/#primaryimage","url":"https:\/\/www.springrollsolution.com\/wp-content\/uploads\/2024\/02\/5.jpg","contentUrl":"https:\/\/www.springrollsolution.com\/wp-content\/uploads\/2024\/02\/5.jpg","width":600,"height":600,"caption":"Mozzarella Sticks Making Machine"},{"@type":"BreadcrumbList","@id":"https:\/\/www.springrollsolution.com\/es\/producto\/mozzarella-sticks-machine\/#breadcrumb","itemListElement":[{"@type":"ListItem","position":1,"name":"Home","item":"https:\/\/www.springrollsolution.com\/"},{"@type":"ListItem","position":2,"name":"Products","item":"https:\/\/www.springrollsolution.com\/shop\/"},{"@type":"ListItem","position":3,"name":"Industrial Mozzarella Sticks Machine with Electric"}]},{"@type":"WebSite","@id":"https:\/\/www.springrollsolution.com\/#website","url":"https:\/\/www.springrollsolution.com\/","name":"Machine de traitement des rouleaux de printemps","description":"Fournisseur de solutions pour le traitement des rouleaux de printemps","publisher":{"@id":"https:\/\/www.springrollsolution.com\/#organization"},"potentialAction":[{"@type":"SearchAction","target":{"@type":"EntryPoint","urlTemplate":"https:\/\/www.springrollsolution.com\/?s={search_term_string}"},"query-input":{"@type":"PropertyValueSpecification","valueRequired":true,"valueName":"search_term_string"}}],"inLanguage":"fr-FR"},{"@type":"Organization","@id":"https:\/\/www.springrollsolution.com\/#organization","name":"Machine de traitement des rouleaux de printemps","url":"https:\/\/www.springrollsolution.com\/","logo":{"@type":"ImageObject","inLanguage":"fr-FR","@id":"https:\/\/www.springrollsolution.com\/#\/schema\/logo\/image\/","url":"https:\/\/www.springrollsolution.com\/wp-content\/uploads\/2025\/05\/cropped-logo.png","contentUrl":"https:\/\/www.springrollsolution.com\/wp-content\/uploads\/2025\/05\/cropped-logo.png","width":180,"height":60,"caption":"Spring Roll Processing Machine"},"image":{"@id":"https:\/\/www.springrollsolution.com\/#\/schema\/logo\/image\/"}},false]}},"yasr_visitor_votes":{"stars_attributes":{"read_only":false,"span_bottom":false},"number_of_votes":1,"sum_votes":5},"_links":{"self":[{"href":"https:\/\/www.springrollsolution.com\/fr\/wp-json\/wp\/v2\/product\/4982","targetHints":{"allow":["GET"]}}],"collection":[{"href":"https:\/\/www.springrollsolution.com\/fr\/wp-json\/wp\/v2\/product"}],"about":[{"href":"https:\/\/www.springrollsolution.com\/fr\/wp-json\/wp\/v2\/types\/product"}],"replies":[{"embeddable":true,"href":"https:\/\/www.springrollsolution.com\/fr\/wp-json\/wp\/v2\/comments?post=4982"}],"wp:featuredmedia":[{"embeddable":true,"href":"https:\/\/www.springrollsolution.com\/fr\/wp-json\/wp\/v2\/media\/4984"}],"wp:attachment":[{"href":"https:\/\/www.springrollsolution.com\/fr\/wp-json\/wp\/v2\/media?parent=4982"}],"wp:term":[{"taxonomy":"product_brand","embeddable":true,"href":"https:\/\/www.springrollsolution.com\/fr\/wp-json\/wp\/v2\/product_brand?post=4982"},{"taxonomy":"product_cat","embeddable":true,"href":"https:\/\/www.springrollsolution.com\/fr\/wp-json\/wp\/v2\/product_cat?post=4982"},{"taxonomy":"product_tag","embeddable":true,"href":"https:\/\/www.springrollsolution.com\/fr\/wp-json\/wp\/v2\/product_tag?post=4982"}],"curies":[{"name":"wp","href":"https:\/\/api.w.org\/{rel}","templated":true}]}}