{"id":4914,"date":"2023-11-22T15:34:28","date_gmt":"2023-11-22T07:34:28","guid":{"rendered":"https:\/\/www.springrollsolution.com\/?post_type=product&#038;p=4914"},"modified":"2024-05-09T09:51:48","modified_gmt":"2024-05-09T01:51:48","slug":"rice-paper-spring-roll-line","status":"publish","type":"product","link":"https:\/\/www.springrollsolution.com\/fr\/produit\/rice-paper-spring-roll-line\/","title":{"rendered":"Ligne de production de rouleaux de printemps en papier de riz Efficacit\u00e9 \u00e9nerg\u00e9tique"},"content":{"rendered":"<p>La ligne de production de rouleaux de printemps en papier de riz est une ligne automatis\u00e9e qui produit des rouleaux de printemps en papier de riz \u00e0 l'aide d'enveloppes en papier de riz et de diverses garnitures. L'ensemble du processus est efficace, \u00e9conome en \u00e9nergie et respectueux de l'environnement.<\/p>\n<p><img fetchpriority=\"high\" decoding=\"async\" class=\"alignnone size-full wp-image-4917\" src=\"https:\/\/www.springrollsolution.com\/wp-content\/uploads\/2023\/11\/5-1.jpg\" alt=\"Ligne de production de rouleaux de papier de riz\" width=\"700\" height=\"400\" srcset=\"https:\/\/www.springrollsolution.com\/wp-content\/uploads\/2023\/11\/5-1.jpg 700w, https:\/\/www.springrollsolution.com\/wp-content\/uploads\/2023\/11\/5-1-300x171.jpg 300w\" sizes=\"(max-width: 700px) 100vw, 700px\" \/><\/p>\n<p>Il se compose de plusieurs machines qui fonctionnent ensemble, telles que le panneau de commande, le syst\u00e8me d'alimentation en papier de riz, le syst\u00e8me de vapeur, la machine de remplissage de la farce, le dispositif de pliage, le formage de rouleaux de printemps en papier de riz.<\/p>\n<ul>\n<li>Syst\u00e8me d'alimentation en papier de riz : Placer le papier de riz pr\u00e9par\u00e9 sous la ventouse, et d\u00e9placer le papier de riz vers le tapis roulant par aspiration.<\/li>\n<li>Syst\u00e8me de pulv\u00e9risation : Une grande quantit\u00e9 de vapeur d'eau ramollit le papier de riz pour faciliter les \u00e9tapes suivantes.<\/li>\n<li>Dispositif de remplissage : Diff\u00e9rents types de farces peuvent \u00eatre press\u00e9s sur le papier de riz \u00e0 travers la tr\u00e9mie. Les garnitures sont g\u00e9n\u00e9ralement des l\u00e9gumes hach\u00e9s ou des produits carn\u00e9s.<\/li>\n<li>Dispositif de pliage : Plier les deux extr\u00e9mit\u00e9s du papier de riz en soufflant de l'air, et la garniture est envelopp\u00e9e herm\u00e9tiquement.<\/li>\n<li>Roulage et mise en forme : Sous l'effet de la friction, le papier de riz et les garnitures sont roul\u00e9s pour former des rouleaux de printemps en papier de riz.<\/li>\n<\/ul>\n<p><img decoding=\"async\" class=\"alignnone size-full wp-image-4918\" src=\"https:\/\/www.springrollsolution.com\/wp-content\/uploads\/2023\/11\/65.jpg\" alt=\"Ligne de production de rouleaux de printemps en papier de riz\" width=\"700\" height=\"350\" srcset=\"https:\/\/www.springrollsolution.com\/wp-content\/uploads\/2023\/11\/65.jpg 700w, https:\/\/www.springrollsolution.com\/wp-content\/uploads\/2023\/11\/65-300x150.jpg 300w\" sizes=\"(max-width: 700px) 100vw, 700px\" \/><\/p>\n<h2><strong>Caract\u00e9ristiques de la ligne de production de rouleaux de printemps en papier de riz<\/strong><\/h2>\n<ul>\n<li>Facile \u00e0 utiliser et \u00e0 entretenir : Nous nous rendons sur le site du client pour installer l'\u00e9quipement et guider les travailleurs dans son utilisation. Assurez-vous de bien comprendre les \u00e9tapes avant de revenir. Les op\u00e9rateurs ma\u00eetrisent plus rapidement les techniques d'utilisation, ce qui permet de r\u00e9duire les temps d'arr\u00eat et de maintenir une production r\u00e9guli\u00e8re.<\/li>\n<li>Large \u00e9ventail d'utilisations : Cette ligne de production peut \u00eatre utilis\u00e9e pour produire des rouleaux de printemps en papier de riz de diff\u00e9rentes tailles, et les besoins sp\u00e9cifiques peuvent \u00eatre personnalis\u00e9s en fonction de vos besoins. En plus des rouleaux de papier de riz vietnamiens, nous pouvons \u00e9galement produire d'autres types de rouleaux de printemps en changeant la m\u00e9thode de chauffage.<\/li>\n<\/ul>\n<p>&nbsp;<\/p>\n<h2><strong>Vid\u00e9o de la machine \u00e0 fabriquer des rouleaux de printemps en papier de riz<\/strong><\/h2>\n<p><iframe title=\"Ligne de production de rouleaux de printemps en papier de riz de qualit\u00e9\" width=\"500\" height=\"281\" src=\"https:\/\/www.youtube.com\/embed\/GXQ5PeKyGF0?feature=oembed\" frameborder=\"0\" allow=\"accelerometer; autoplay; clipboard-write; encrypted-media; gyroscope; picture-in-picture; web-share\" referrerpolicy=\"strict-origin-when-cross-origin\" allowfullscreen><\/iframe><\/p>\n<h2><strong>Avantages de la ligne de production de rouleaux de papier de riz<\/strong><\/h2>\n<ol>\n<li>Efficace : La machine permet d'augmenter la capacit\u00e9 de production, et donc les ventes et les revenus.<\/li>\n<li>R\u00e9duction des co\u00fbts de main-d'\u0153uvre : Les lignes de production sont fortement automatis\u00e9es, ce qui permet de r\u00e9duire les co\u00fbts de main-d'\u0153uvre.<\/li>\n<li>Am\u00e9lioration de la qualit\u00e9 des produits : Il permet de produire des rouleaux de printemps en papier de riz de haute qualit\u00e9, dont la taille et la forme sont constantes.<\/li>\n<li>R\u00e9duction des d\u00e9chets : Les lignes de production de rouleaux de printemps en papier de riz sont con\u00e7ues pour minimiser les d\u00e9chets.<\/li>\n<li>Haute qualit\u00e9 : Toutes les pi\u00e8ces de l'\u00e9quipement sont fabriqu\u00e9es en acier inoxydable de haute qualit\u00e9 et en contr\u00f4leurs de marque, qui sont non seulement de bonne qualit\u00e9, mais aussi durables.<\/li>\n<\/ol>\n<p>&nbsp;<\/p>\n<p>La machine \u00e0 rouleaux de printemps en papier de riz est un \u00e9quipement professionnel et efficace pour toute entreprise produisant des rouleaux de printemps en papier de riz. Si vous cherchez une machine pour augmenter votre production, r\u00e9duire vos co\u00fbts de main-d'\u0153uvre et am\u00e9liorer la qualit\u00e9 de vos produits, cette ligne de production est un bon investissement.<\/p>\n<p>&nbsp;<\/p>\n<h3><strong>Param\u00e8tres techniques<\/strong><\/h3>\n<table width=\"449\">\n<tbody>\n<tr>\n<td colspan=\"4\" width=\"449\">GG-MPCJ2000<\/td>\n<\/tr>\n<tr>\n<td>Nom<\/td>\n<td>Dimensiton(MM)<\/td>\n<td>Puissance (KW)<\/td>\n<td>Set (jeu de mots)<\/td>\n<\/tr>\n<tr>\n<td width=\"134\">Syst\u00e8me d'alimentation en papier de riz<\/td>\n<td width=\"171\">1500*1150*2000<\/td>\n<td>1.2<\/td>\n<td>1<\/td>\n<\/tr>\n<tr>\n<td>Dispositif de pulv\u00e9risation<\/td>\n<td width=\"171\">1080*535*1400<\/td>\n<td>0.12<\/td>\n<td>1<\/td>\n<\/tr>\n<tr>\n<td>Partie vapeur<\/td>\n<td width=\"171\">2135*725*1350<\/td>\n<td>18<\/td>\n<td>1<\/td>\n<\/tr>\n<tr>\n<td>Machine \u00e0 farcir<\/td>\n<td>700*600*1000<\/td>\n<td>2.5<\/td>\n<td>1<\/td>\n<\/tr>\n<tr>\n<td>Pi\u00e8ce de gu\u00e9<\/td>\n<td>3000*500*1360<\/td>\n<td>1.1<\/td>\n<td>1<\/td>\n<\/tr>\n<tr>\n<td>Partie roulante<\/td>\n<td width=\"171\">2000*500*1100<\/td>\n<td>0.4<\/td>\n<td>1<\/td>\n<\/tr>\n<tr>\n<td colspan=\"4\" width=\"449\">Dimensions totales : 9250*1150*2000mm<\/td>\n<\/tr>\n<tr>\n<td colspan=\"4\" width=\"449\">Capacit\u00e9 : 1000-2000pcs\/h<\/td>\n<\/tr>\n<tr>\n<td colspan=\"4\">\u00a0Poids : 1900 kg<\/td>\n<\/tr>\n<\/tbody>\n<\/table>\n<p>&nbsp;<\/p>\n<h3><strong>Envoyer une demande de devis gratuit<\/strong><\/h3>\n<div id=\"wpcf7-f3214-p3261-o2\" class=\"wpcf7 js\" dir=\"ltr\" lang=\"en-US\">\n<div class=\"screen-reader-response\">\n<div class=\"wpcf7 no-js\" id=\"wpcf7-f3214-o1\" lang=\"en-US\" dir=\"ltr\" data-wpcf7-id=\"3214\">\n<div class=\"screen-reader-response\"><p role=\"status\" aria-live=\"polite\" aria-atomic=\"true\"><\/p> <ul><\/ul><\/div>\n<form action=\"\/fr\/wp-json\/wp\/v2\/product\/4914#wpcf7-f3214-o1\" method=\"post\" class=\"wpcf7-form init\" aria-label=\"Formulaire de contact\" novalidate=\"novalidate\" data-status=\"init\" data-trp-original-action=\"\/fr\/wp-json\/wp\/v2\/product\/4914#wpcf7-f3214-o1\">\n<fieldset class=\"hidden-fields-container\"><input type=\"hidden\" name=\"_wpcf7\" value=\"3214\" \/><input type=\"hidden\" name=\"_wpcf7_version\" value=\"6.1.5\" \/><input type=\"hidden\" name=\"_wpcf7_locale\" value=\"en_US\" \/><input type=\"hidden\" name=\"_wpcf7_unit_tag\" value=\"wpcf7-f3214-o1\" \/><input type=\"hidden\" name=\"_wpcf7_container_post\" value=\"0\" \/><input type=\"hidden\" name=\"_wpcf7_posted_data_hash\" value=\"\" \/>\n<\/fieldset>\n<p><label> Votre nom*<br \/>\n<span class=\"wpcf7-form-control-wrap\" data-name=\"your-name\"><input size=\"40\" maxlength=\"400\" class=\"wpcf7-form-control wpcf7-text wpcf7-validates-as-required\" aria-required=\"true\" aria-invalid=\"false\" value=\"\" type=\"text\" name=\"your-name\" \/><\/span> <\/label>\n<\/p>\n<p><label> Votre pays<br \/>\n<span class=\"wpcf7-form-control-wrap\" data-name=\"your-country\"><input size=\"40\" maxlength=\"400\" class=\"wpcf7-form-control wpcf7-text\" aria-invalid=\"false\" value=\"\" type=\"text\" name=\"your-country\" \/><\/span> <\/label>\n<\/p>\n<p><label> Votre courriel*<br \/>\n<span class=\"wpcf7-form-control-wrap\" data-name=\"your-email\"><input size=\"40\" maxlength=\"400\" class=\"wpcf7-form-control wpcf7-email wpcf7-validates-as-required wpcf7-text wpcf7-validates-as-email\" aria-required=\"true\" aria-invalid=\"false\" value=\"\" type=\"email\" name=\"your-email\" \/><\/span> <\/label>\n<\/p>\n<p><label> Votre t\u00e9l\u00e9phone<br \/>\n<span class=\"wpcf7-form-control-wrap\" data-name=\"your-phone\"><input size=\"40\" maxlength=\"400\" class=\"wpcf7-form-control wpcf7-tel wpcf7-text wpcf7-validates-as-tel\" aria-invalid=\"false\" value=\"\" type=\"tel\" name=\"your-phone\" \/><\/span> <\/label>\n<\/p>\n<p><label> Nom de l'entreprise<br \/>\n<span class=\"wpcf7-form-control-wrap\" data-name=\"text-457\"><input size=\"40\" maxlength=\"400\" class=\"wpcf7-form-control wpcf7-text\" aria-invalid=\"false\" value=\"\" type=\"text\" name=\"text-457\" \/><\/span> <\/label>\n<\/p>\n<p><label> Le site web de votre entreprise<br \/>\n<span class=\"wpcf7-form-control-wrap\" data-name=\"text-546\"><input size=\"40\" maxlength=\"400\" class=\"wpcf7-form-control wpcf7-text\" aria-invalid=\"false\" value=\"\" type=\"text\" name=\"text-546\" \/><\/span> <\/label>\n<\/p>\n<p><label> Votre demande*<br \/>\n<span class=\"wpcf7-form-control-wrap\" data-name=\"your-requirement\"><textarea cols=\"40\" rows=\"10\" maxlength=\"2000\" class=\"wpcf7-form-control wpcf7-textarea wpcf7-validates-as-required\" aria-required=\"true\" aria-invalid=\"false\" name=\"your-requirement\"><\/textarea><\/span> <\/label>\n<\/p>\n<p><input class=\"wpcf7-form-control wpcf7-submit has-spinner\" type=\"submit\" value=\"Soumettre\" \/>\n<\/p>\n<div style=\"clear:both\">\n<\/div><p style=\"display: none !important;\" class=\"akismet-fields-container\" data-prefix=\"_wpcf7_ak_\"><label>&#916;<textarea name=\"_wpcf7_ak_hp_textarea\" cols=\"45\" rows=\"8\" maxlength=\"100\"><\/textarea><\/label><input type=\"hidden\" id=\"ak_js_1\" name=\"_wpcf7_ak_js\" value=\"137\"\/><script>document.getElementById( \"ak_js_1\" ).setAttribute( \"value\", ( new Date() ).getTime() );<\/script><\/p><div class=\"wpcf7-response-output\" aria-hidden=\"true\"><\/div>\n<input type=\"hidden\" name=\"trp-form-language\" value=\"fr\"\/><\/form>\n<\/div>\n<\/div>\n<\/div>\n<div style='text-align:left' class='yasr-auto-insert-visitor'><\/div>","protected":false},"excerpt":{"rendered":"<p>The rice paper spring roll production line is an automated line that produces rice paper spring rolls using rice paper wrappers and various fillings. The entire process is efficient, energy-saving and environmentally friendly. It consists of several machines that work together, such as operation panel, rice paper feeding system, steam system, stuffing filling machine, folding [&hellip;]<\/p>","protected":false},"featured_media":4916,"comment_status":"open","ping_status":"closed","template":"","meta":{"site-sidebar-layout":"default","site-content-layout":"default","ast-site-content-layout":"default","site-content-style":"default","site-sidebar-style":"default","ast-global-header-display":"","ast-banner-title-visibility":"","ast-main-header-display":"","ast-hfb-above-header-display":"","ast-hfb-below-header-display":"","ast-hfb-mobile-header-display":"","site-post-title":"","ast-breadcrumbs-content":"","ast-featured-img":"","footer-sml-layout":"","theme-transparent-header-meta":"","adv-header-id-meta":"","stick-header-meta":"","header-above-stick-meta":"","header-main-stick-meta":"","header-below-stick-meta":"","astra-migrate-meta-layouts":"default","ast-page-background-enabled":"default","ast-page-background-meta":{"desktop":{"background-color":"","background-image":"","background-repeat":"repeat","background-position":"center center","background-size":"auto","background-attachment":"scroll","background-type":"","background-media":"","overlay-type":"","overlay-color":"","overlay-opacity":"","overlay-gradient":""},"tablet":{"background-color":"","background-image":"","background-repeat":"repeat","background-position":"center center","background-size":"auto","background-attachment":"scroll","background-type":"","background-media":"","overlay-type":"","overlay-color":"","overlay-opacity":"","overlay-gradient":""},"mobile":{"background-color":"","background-image":"","background-repeat":"repeat","background-position":"center center","background-size":"auto","background-attachment":"scroll","background-type":"","background-media":"","overlay-type":"","overlay-color":"","overlay-opacity":"","overlay-gradient":""}},"ast-content-background-meta":{"desktop":{"background-color":"var(--ast-global-color-5)","background-image":"","background-repeat":"repeat","background-position":"center center","background-size":"auto","background-attachment":"scroll","background-type":"","background-media":"","overlay-type":"","overlay-color":"","overlay-opacity":"","overlay-gradient":""},"tablet":{"background-color":"var(--ast-global-color-5)","background-image":"","background-repeat":"repeat","background-position":"center center","background-size":"auto","background-attachment":"scroll","background-type":"","background-media":"","overlay-type":"","overlay-color":"","overlay-opacity":"","overlay-gradient":""},"mobile":{"background-color":"var(--ast-global-color-5)","background-image":"","background-repeat":"repeat","background-position":"center center","background-size":"auto","background-attachment":"scroll","background-type":"","background-media":"","overlay-type":"","overlay-color":"","overlay-opacity":"","overlay-gradient":""}},"yasr_overall_rating":0,"yasr_post_is_review":"","yasr_auto_insert_disabled":"","yasr_review_type":""},"product_brand":[],"product_cat":[24],"product_tag":[],"class_list":{"0":"post-4914","1":"product","2":"type-product","3":"status-publish","4":"has-post-thumbnail","6":"product_cat-spring-roll-machine","7":"desktop-align-left","8":"tablet-align-left","9":"mobile-align-left","11":"first","12":"instock","13":"shipping-taxable","14":"product-type-simple"},"yoast_head":"<!-- This site is optimized with the Yoast SEO plugin v26.4 - https:\/\/yoast.com\/wordpress\/plugins\/seo\/ -->\n<title>Rice Paper Spring Roll Production Line Energy efficient<\/title>\n<meta name=\"description\" content=\"The rice paper spring roll production line is an automated line that produces rice paper spring rolls using rice paper wrappers and various fillings.\" \/>\n<meta name=\"robots\" content=\"index, follow, max-snippet:-1, max-image-preview:large, max-video-preview:-1\" \/>\n<link rel=\"canonical\" href=\"https:\/\/www.springrollsolution.com\/fr\/produit\/rice-paper-spring-roll-line\/\" \/>\n<meta property=\"og:locale\" content=\"fr_FR\" \/>\n<meta property=\"og:type\" content=\"article\" \/>\n<meta property=\"og:title\" content=\"Rice Paper Spring Roll Production Line Energy efficient\" \/>\n<meta property=\"og:description\" content=\"The rice paper spring roll production line is an automated line that produces rice paper spring rolls using rice paper wrappers and various fillings.\" \/>\n<meta property=\"og:url\" content=\"https:\/\/www.springrollsolution.com\/fr\/produit\/rice-paper-spring-roll-line\/\" \/>\n<meta property=\"og:site_name\" content=\"Spring Roll Processing Machine\" \/>\n<meta property=\"article:modified_time\" content=\"2024-05-09T01:51:48+00:00\" \/>\n<meta property=\"og:image\" content=\"https:\/\/www.springrollsolution.com\/wp-content\/uploads\/2023\/11\/53.jpg\" \/>\n\t<meta property=\"og:image:width\" content=\"600\" \/>\n\t<meta property=\"og:image:height\" content=\"600\" \/>\n\t<meta property=\"og:image:type\" content=\"image\/jpeg\" \/>\n<meta name=\"twitter:card\" content=\"summary_large_image\" \/>\n<meta name=\"twitter:label1\" content=\"Dur\u00e9e de lecture estim\u00e9e\" \/>\n\t<meta name=\"twitter:data1\" content=\"3 minutes\" \/>\n<script type=\"application\/ld+json\" class=\"yoast-schema-graph\">{\"@context\":\"https:\/\/schema.org\",\"@graph\":[{\"@type\":\"WebPage\",\"@id\":\"https:\/\/www.springrollsolution.com\/fr\/produit\/rice-paper-spring-roll-line\/\",\"url\":\"https:\/\/www.springrollsolution.com\/fr\/produit\/rice-paper-spring-roll-line\/\",\"name\":\"Rice Paper Spring Roll Production Line Energy efficient\",\"isPartOf\":{\"@id\":\"https:\/\/www.springrollsolution.com\/#website\"},\"primaryImageOfPage\":{\"@id\":\"https:\/\/www.springrollsolution.com\/fr\/produit\/rice-paper-spring-roll-line\/#primaryimage\"},\"image\":{\"@id\":\"https:\/\/www.springrollsolution.com\/fr\/produit\/rice-paper-spring-roll-line\/#primaryimage\"},\"thumbnailUrl\":\"https:\/\/www.springrollsolution.com\/wp-content\/uploads\/2023\/11\/53.jpg\",\"datePublished\":\"2023-11-22T07:34:28+00:00\",\"dateModified\":\"2024-05-09T01:51:48+00:00\",\"description\":\"The rice paper spring roll production line is an automated line that produces rice paper spring rolls using rice paper wrappers and various fillings.\",\"breadcrumb\":{\"@id\":\"https:\/\/www.springrollsolution.com\/fr\/produit\/rice-paper-spring-roll-line\/#breadcrumb\"},\"inLanguage\":\"fr-FR\",\"potentialAction\":[{\"@type\":\"ReadAction\",\"target\":[\"https:\/\/www.springrollsolution.com\/fr\/produit\/rice-paper-spring-roll-line\/\"]}]},{\"@type\":\"ImageObject\",\"inLanguage\":\"fr-FR\",\"@id\":\"https:\/\/www.springrollsolution.com\/fr\/produit\/rice-paper-spring-roll-line\/#primaryimage\",\"url\":\"https:\/\/www.springrollsolution.com\/wp-content\/uploads\/2023\/11\/53.jpg\",\"contentUrl\":\"https:\/\/www.springrollsolution.com\/wp-content\/uploads\/2023\/11\/53.jpg\",\"width\":600,\"height\":600,\"caption\":\"Rice Paper Spring Roll Production Line\"},{\"@type\":\"BreadcrumbList\",\"@id\":\"https:\/\/www.springrollsolution.com\/fr\/produit\/rice-paper-spring-roll-line\/#breadcrumb\",\"itemListElement\":[{\"@type\":\"ListItem\",\"position\":1,\"name\":\"Home\",\"item\":\"https:\/\/www.springrollsolution.com\/\"},{\"@type\":\"ListItem\",\"position\":2,\"name\":\"Products\",\"item\":\"https:\/\/www.springrollsolution.com\/shop\/\"},{\"@type\":\"ListItem\",\"position\":3,\"name\":\"Rice Paper Spring Roll Production Line Energy efficient\"}]},{\"@type\":\"WebSite\",\"@id\":\"https:\/\/www.springrollsolution.com\/#website\",\"url\":\"https:\/\/www.springrollsolution.com\/\",\"name\":\"Spring Roll Processing Machine\",\"description\":\"Spring roll processing solution provider\",\"publisher\":{\"@id\":\"https:\/\/www.springrollsolution.com\/#organization\"},\"potentialAction\":[{\"@type\":\"SearchAction\",\"target\":{\"@type\":\"EntryPoint\",\"urlTemplate\":\"https:\/\/www.springrollsolution.com\/?s={search_term_string}\"},\"query-input\":{\"@type\":\"PropertyValueSpecification\",\"valueRequired\":true,\"valueName\":\"search_term_string\"}}],\"inLanguage\":\"fr-FR\"},{\"@type\":\"Organization\",\"@id\":\"https:\/\/www.springrollsolution.com\/#organization\",\"name\":\"Spring Roll Processing Machine\",\"url\":\"https:\/\/www.springrollsolution.com\/\",\"logo\":{\"@type\":\"ImageObject\",\"inLanguage\":\"fr-FR\",\"@id\":\"https:\/\/www.springrollsolution.com\/#\/schema\/logo\/image\/\",\"url\":\"https:\/\/www.springrollsolution.com\/wp-content\/uploads\/2025\/05\/cropped-logo.png\",\"contentUrl\":\"https:\/\/www.springrollsolution.com\/wp-content\/uploads\/2025\/05\/cropped-logo.png\",\"width\":180,\"height\":60,\"caption\":\"Spring Roll Processing Machine\"},\"image\":{\"@id\":\"https:\/\/www.springrollsolution.com\/#\/schema\/logo\/image\/\"}},false]}<\/script>\n<!-- \/ Yoast SEO plugin. -->","yoast_head_json":{"title":"Ligne de production de rouleaux de printemps en papier de riz Efficacit\u00e9 \u00e9nerg\u00e9tique","description":"La ligne de production de rouleaux de printemps en papier de riz est une ligne automatis\u00e9e qui produit des rouleaux de printemps en papier de riz \u00e0 l'aide d'enveloppes en papier de riz et de diverses garnitures.","robots":{"index":"index","follow":"follow","max-snippet":"max-snippet:-1","max-image-preview":"max-image-preview:large","max-video-preview":"max-video-preview:-1"},"canonical":"https:\/\/www.springrollsolution.com\/fr\/produit\/rice-paper-spring-roll-line\/","og_locale":"fr_FR","og_type":"article","og_title":"Rice Paper Spring Roll Production Line Energy efficient","og_description":"The rice paper spring roll production line is an automated line that produces rice paper spring rolls using rice paper wrappers and various fillings.","og_url":"https:\/\/www.springrollsolution.com\/fr\/produit\/rice-paper-spring-roll-line\/","og_site_name":"Spring Roll Processing Machine","article_modified_time":"2024-05-09T01:51:48+00:00","og_image":[{"width":600,"height":600,"url":"https:\/\/www.springrollsolution.com\/wp-content\/uploads\/2023\/11\/53.jpg","type":"image\/jpeg"}],"twitter_card":"summary_large_image","twitter_misc":{"Dur\u00e9e de lecture estim\u00e9e":"3 minutes"},"schema":{"@context":"https:\/\/schema.org","@graph":[{"@type":"WebPage","@id":"https:\/\/www.springrollsolution.com\/fr\/produit\/rice-paper-spring-roll-line\/","url":"https:\/\/www.springrollsolution.com\/fr\/produit\/rice-paper-spring-roll-line\/","name":"Ligne de production de rouleaux de printemps en papier de riz Efficacit\u00e9 \u00e9nerg\u00e9tique","isPartOf":{"@id":"https:\/\/www.springrollsolution.com\/#website"},"primaryImageOfPage":{"@id":"https:\/\/www.springrollsolution.com\/fr\/produit\/rice-paper-spring-roll-line\/#primaryimage"},"image":{"@id":"https:\/\/www.springrollsolution.com\/fr\/produit\/rice-paper-spring-roll-line\/#primaryimage"},"thumbnailUrl":"https:\/\/www.springrollsolution.com\/wp-content\/uploads\/2023\/11\/53.jpg","datePublished":"2023-11-22T07:34:28+00:00","dateModified":"2024-05-09T01:51:48+00:00","description":"La ligne de production de rouleaux de printemps en papier de riz est une ligne automatis\u00e9e qui produit des rouleaux de printemps en papier de riz \u00e0 l'aide d'enveloppes en papier de riz et de diverses garnitures.","breadcrumb":{"@id":"https:\/\/www.springrollsolution.com\/fr\/produit\/rice-paper-spring-roll-line\/#breadcrumb"},"inLanguage":"fr-FR","potentialAction":[{"@type":"ReadAction","target":["https:\/\/www.springrollsolution.com\/fr\/produit\/rice-paper-spring-roll-line\/"]}]},{"@type":"ImageObject","inLanguage":"fr-FR","@id":"https:\/\/www.springrollsolution.com\/fr\/produit\/rice-paper-spring-roll-line\/#primaryimage","url":"https:\/\/www.springrollsolution.com\/wp-content\/uploads\/2023\/11\/53.jpg","contentUrl":"https:\/\/www.springrollsolution.com\/wp-content\/uploads\/2023\/11\/53.jpg","width":600,"height":600,"caption":"Rice Paper Spring Roll Production Line"},{"@type":"BreadcrumbList","@id":"https:\/\/www.springrollsolution.com\/fr\/produit\/rice-paper-spring-roll-line\/#breadcrumb","itemListElement":[{"@type":"ListItem","position":1,"name":"Home","item":"https:\/\/www.springrollsolution.com\/"},{"@type":"ListItem","position":2,"name":"Products","item":"https:\/\/www.springrollsolution.com\/shop\/"},{"@type":"ListItem","position":3,"name":"Rice Paper Spring Roll Production Line Energy efficient"}]},{"@type":"WebSite","@id":"https:\/\/www.springrollsolution.com\/#website","url":"https:\/\/www.springrollsolution.com\/","name":"Machine de traitement des rouleaux de printemps","description":"Fournisseur de solutions pour le traitement des rouleaux de printemps","publisher":{"@id":"https:\/\/www.springrollsolution.com\/#organization"},"potentialAction":[{"@type":"SearchAction","target":{"@type":"EntryPoint","urlTemplate":"https:\/\/www.springrollsolution.com\/?s={search_term_string}"},"query-input":{"@type":"PropertyValueSpecification","valueRequired":true,"valueName":"search_term_string"}}],"inLanguage":"fr-FR"},{"@type":"Organization","@id":"https:\/\/www.springrollsolution.com\/#organization","name":"Machine de traitement des rouleaux de printemps","url":"https:\/\/www.springrollsolution.com\/","logo":{"@type":"ImageObject","inLanguage":"fr-FR","@id":"https:\/\/www.springrollsolution.com\/#\/schema\/logo\/image\/","url":"https:\/\/www.springrollsolution.com\/wp-content\/uploads\/2025\/05\/cropped-logo.png","contentUrl":"https:\/\/www.springrollsolution.com\/wp-content\/uploads\/2025\/05\/cropped-logo.png","width":180,"height":60,"caption":"Spring Roll Processing Machine"},"image":{"@id":"https:\/\/www.springrollsolution.com\/#\/schema\/logo\/image\/"}},false]}},"yasr_visitor_votes":{"stars_attributes":{"read_only":false,"span_bottom":false},"number_of_votes":2,"sum_votes":8},"_links":{"self":[{"href":"https:\/\/www.springrollsolution.com\/fr\/wp-json\/wp\/v2\/product\/4914","targetHints":{"allow":["GET"]}}],"collection":[{"href":"https:\/\/www.springrollsolution.com\/fr\/wp-json\/wp\/v2\/product"}],"about":[{"href":"https:\/\/www.springrollsolution.com\/fr\/wp-json\/wp\/v2\/types\/product"}],"replies":[{"embeddable":true,"href":"https:\/\/www.springrollsolution.com\/fr\/wp-json\/wp\/v2\/comments?post=4914"}],"wp:featuredmedia":[{"embeddable":true,"href":"https:\/\/www.springrollsolution.com\/fr\/wp-json\/wp\/v2\/media\/4916"}],"wp:attachment":[{"href":"https:\/\/www.springrollsolution.com\/fr\/wp-json\/wp\/v2\/media?parent=4914"}],"wp:term":[{"taxonomy":"product_brand","embeddable":true,"href":"https:\/\/www.springrollsolution.com\/fr\/wp-json\/wp\/v2\/product_brand?post=4914"},{"taxonomy":"product_cat","embeddable":true,"href":"https:\/\/www.springrollsolution.com\/fr\/wp-json\/wp\/v2\/product_cat?post=4914"},{"taxonomy":"product_tag","embeddable":true,"href":"https:\/\/www.springrollsolution.com\/fr\/wp-json\/wp\/v2\/product_tag?post=4914"}],"curies":[{"name":"wp","href":"https:\/\/api.w.org\/{rel}","templated":true}]}}