{"id":4876,"date":"2023-09-20T17:56:18","date_gmt":"2023-09-20T09:56:18","guid":{"rendered":"https:\/\/www.springrollsolution.com\/?post_type=product&#038;p=4876"},"modified":"2024-12-26T16:03:06","modified_gmt":"2024-12-26T08:03:06","slug":"lumpia-wrapping-machine","status":"publish","type":"product","link":"https:\/\/www.springrollsolution.com\/fr\/produit\/lumpia-wrapping-machine\/","title":{"rendered":"Machine \u00e0 Lumpia feuilles d'automatisation durable"},"content":{"rendered":"<p>La machine \u00e0 lumpia feuilles d'automatisation est un \u00e9quipement efficace, durable, fiable et automatis\u00e9 qui permet de fabriquer des emballages de Lumpia pour envelopper diverses garnitures. Elle convient \u00e0 diverses situations commerciales et industrielles.<\/p>\n<p>Cette machine est sp\u00e9cialement con\u00e7ue pour la production feuilles de lumpia dans les moyennes et grandes usines. Elle permet de maximiser l'efficacit\u00e9 de la production et de r\u00e9duire les co\u00fbts de main-d'\u0153uvre.<\/p>\n<p><img fetchpriority=\"high\" decoding=\"async\" class=\"alignnone size-full wp-image-4878\" src=\"https:\/\/www.springrollsolution.com\/wp-content\/uploads\/2023\/09\/531.jpg\" alt=\"Machine d&#039;emballage de Lumpia \u00e0 vendre\" width=\"630\" height=\"400\" srcset=\"https:\/\/www.springrollsolution.com\/wp-content\/uploads\/2023\/09\/531.jpg 630w, https:\/\/www.springrollsolution.com\/wp-content\/uploads\/2023\/09\/531-300x190.jpg 300w\" sizes=\"(max-width: 630px) 100vw, 630px\" \/><\/p>\n<h2><strong>Avantages de la machine \u00e0 lumpia feuilles d'automatisation<\/strong><\/h2>\n<ul>\n<li>Efficacit\u00e9 : Cette machine peut produire plus feuilles de rouleaux de printemps en peu de temps, ce qui permet de gagner du temps par rapport \u00e0 la production manuelle.<\/li>\n<li>Fiabilit\u00e9 : Les composants m\u00e9caniques sont fabriqu\u00e9s \u00e0 partir de mat\u00e9riaux de haute qualit\u00e9 et trait\u00e9s avec pr\u00e9cision afin de garantir leur stabilit\u00e9 et leur fiabilit\u00e9 lors d'une utilisation \u00e0 long terme.<\/li>\n<li>Automatisation : La machine \u00e0 feuilles les lumpia adopte un syst\u00e8me de contr\u00f4le automatis\u00e9 capable de r\u00e9aliser automatiquement tous les aspects de feuilles des lumpia sans intervention manuelle, r\u00e9duisant ainsi les co\u00fbts de main-d'\u0153uvre et les erreurs de production.<\/li>\n<li>Multifonctionnelle : La machine feuilles de Lumpia peut s'adapter \u00e0 diff\u00e9rentes sp\u00e9cifications de Lumpia, avec une largeur et une vitesse feuilles r\u00e9glables pour s'adapter aux diff\u00e9rents besoins de production.<\/li>\n<li>S\u00e9curit\u00e9 : La machine \u00e0 feuilles les Lumpia est dot\u00e9e de fonctions de protection, telles que l'arr\u00eat automatique et la pr\u00e9vention des erreurs de manipulation pendant le fonctionnement de la machine, afin de garantir la s\u00e9curit\u00e9 du processus de production.<\/li>\n<\/ul>\n<h2><strong>Vid\u00e9o de la machine \u00e0 feuilles les Lumpia<\/strong><\/h2>\n<p><iframe title=\"Machine \u00e0 cr\u00eapes | Machine \u00e0 enveloppes de rouleaux de printemps\" width=\"500\" height=\"281\" src=\"https:\/\/www.youtube.com\/embed\/Don4P6I5L40?feature=oembed\" frameborder=\"0\" allow=\"accelerometer; autoplay; clipboard-write; encrypted-media; gyroscope; picture-in-picture; web-share\" referrerpolicy=\"strict-origin-when-cross-origin\" allowfullscreen><\/iframe><\/p>\n<p>&nbsp;<\/p>\n<h2><strong>Caract\u00e9ristiques de la machine feuilles automatique de Lumpia<\/strong><\/h2>\n<ul>\n<li>Fonctionnement simple : L'\u00e9quipement est tr\u00e8s simple \u00e0 utiliser, il ne n\u00e9cessite pas de comp\u00e9tences professionnelles et les employ\u00e9s ordinaires peuvent facilement commencer \u00e0 l'utiliser.<\/li>\n<li>Diff\u00e9rentes sp\u00e9cifications sont adaptables : cette machine peut non seulement produire des feuilles de lumpia, mais aussi des feuilles de rouleaux de printemps, de cr\u00eapes, de p\u00e2t\u00e9s imp\u00e9riaux, etc.<\/li>\n<li>Capacit\u00e9 de production diversifi\u00e9e : un large \u00e9ventail de capacit\u00e9s de production pour r\u00e9pondre aux besoins des diff\u00e9rents utilisateurs, de 500 pi\u00e8ces \u00e0 9 000 pi\u00e8ces par heure.<\/li>\n<li>Adoptant un syst\u00e8me avanc\u00e9 de contr\u00f4le de la temp\u00e9rature et un chauffage \u00e9lectromagn\u00e9tique, il a une efficacit\u00e9 thermique plus \u00e9lev\u00e9e, un co\u00fbt de maintenance plus faible et une plus grande s\u00e9curit\u00e9.<\/li>\n<li>Outre la cuisson automatique, il peut \u00e9galement r\u00e9aliser le pliage automatique des feuilles de lumpia, la d\u00e9coupe automatique, le comptage automatique et d'autres fonctions.<\/li>\n<\/ul>\n<h3><strong>Param\u00e8tres techniques<\/strong><\/h3>\n<table border=\"0\" cellspacing=\"0\" cellpadding=\"0\">\n<tbody>\n<tr>\n<td>Mod\u00e8le<\/td>\n<td>GGSR-5029Y\/F<\/td>\n<td>GGSR-8045Y\/F<\/td>\n<td>GGSR-12060Y\/F<\/td>\n<\/tr>\n<tr>\n<td>Tension<\/td>\n<td>380\/220V\uff0850\/60HZ\uff09<\/td>\n<td>380\/220V\uff0850\/60HZ\uff09<\/td>\n<td>380\/220V\uff0850\/60HZ\uff09<\/td>\n<\/tr>\n<tr>\n<td>Puissance<\/td>\n<td>18kw<\/td>\n<td>40kw<\/td>\n<td>59kw<\/td>\n<\/tr>\n<tr>\n<td>Puissance d'accueil<\/td>\n<td>0,4kw<\/td>\n<td>0,4kw<\/td>\n<td>0,75kw<\/td>\n<\/tr>\n<tr>\n<td>Puissance de coupe<\/td>\n<td>0,2kw<\/td>\n<td>0,2kw<\/td>\n<td>0,2kw<\/td>\n<\/tr>\n<tr>\n<td>Puissance de la bande transporteuse<\/td>\n<td>0,36kw<\/td>\n<td>0,36kw<\/td>\n<td>0,55kw<\/td>\n<\/tr>\n<tr>\n<td>Capacit\u00e9<\/td>\n<td>1000-1500pcs\/h<\/td>\n<td>3500-4500pcs\/h<\/td>\n<td>4500-7000pcs\/h<\/td>\n<\/tr>\n<tr>\n<td>Taille<\/td>\n<td>5200*950*1350mm<\/td>\n<td>6200*1100*1600mm<\/td>\n<td>6200*1300*2000mm<\/td>\n<\/tr>\n<tr>\n<td>Poids net<\/td>\n<td>520 kg<\/td>\n<td>1000kg<\/td>\n<td>1750kg<\/td>\n<\/tr>\n<tr>\n<td>\u00c9paisseur du lumpia feuilles<\/td>\n<td>0,3-2,0 mm<\/td>\n<td>0,3-2,0 mm<\/td>\n<td>0,3-2,0 mm<\/td>\n<\/tr>\n<\/tbody>\n<\/table>\n<h3><strong>Envoyer une demande de devis gratuit<\/strong><\/h3>\n<div id=\"wpcf7-f3214-p3189-o2\" class=\"wpcf7 js\" dir=\"ltr\" lang=\"en-US\">\n<div class=\"wpcf7 no-js\" id=\"wpcf7-f3214-o1\" lang=\"en-US\" dir=\"ltr\" data-wpcf7-id=\"3214\">\n<div class=\"screen-reader-response\"><p role=\"status\" aria-live=\"polite\" aria-atomic=\"true\"><\/p> <ul><\/ul><\/div>\n<form action=\"\/fr\/wp-json\/wp\/v2\/product\/4876#wpcf7-f3214-o1\" method=\"post\" class=\"wpcf7-form init\" aria-label=\"Formulaire de contact\" novalidate=\"novalidate\" data-status=\"init\" data-trp-original-action=\"\/fr\/wp-json\/wp\/v2\/product\/4876#wpcf7-f3214-o1\">\n<fieldset class=\"hidden-fields-container\"><input type=\"hidden\" name=\"_wpcf7\" value=\"3214\" \/><input type=\"hidden\" name=\"_wpcf7_version\" value=\"6.1.5\" \/><input type=\"hidden\" name=\"_wpcf7_locale\" value=\"en_US\" \/><input type=\"hidden\" name=\"_wpcf7_unit_tag\" value=\"wpcf7-f3214-o1\" \/><input type=\"hidden\" name=\"_wpcf7_container_post\" value=\"0\" \/><input type=\"hidden\" name=\"_wpcf7_posted_data_hash\" value=\"\" \/>\n<\/fieldset>\n<p><label> Votre nom*<br \/>\n<span class=\"wpcf7-form-control-wrap\" data-name=\"your-name\"><input size=\"40\" maxlength=\"400\" class=\"wpcf7-form-control wpcf7-text wpcf7-validates-as-required\" aria-required=\"true\" aria-invalid=\"false\" value=\"\" type=\"text\" name=\"your-name\" \/><\/span> <\/label>\n<\/p>\n<p><label> Votre pays<br \/>\n<span class=\"wpcf7-form-control-wrap\" data-name=\"your-country\"><input size=\"40\" maxlength=\"400\" class=\"wpcf7-form-control wpcf7-text\" aria-invalid=\"false\" value=\"\" type=\"text\" name=\"your-country\" \/><\/span> <\/label>\n<\/p>\n<p><label> Votre courriel*<br \/>\n<span class=\"wpcf7-form-control-wrap\" data-name=\"your-email\"><input size=\"40\" maxlength=\"400\" class=\"wpcf7-form-control wpcf7-email wpcf7-validates-as-required wpcf7-text wpcf7-validates-as-email\" aria-required=\"true\" aria-invalid=\"false\" value=\"\" type=\"email\" name=\"your-email\" \/><\/span> <\/label>\n<\/p>\n<p><label> Votre t\u00e9l\u00e9phone<br \/>\n<span class=\"wpcf7-form-control-wrap\" data-name=\"your-phone\"><input size=\"40\" maxlength=\"400\" class=\"wpcf7-form-control wpcf7-tel wpcf7-text wpcf7-validates-as-tel\" aria-invalid=\"false\" value=\"\" type=\"tel\" name=\"your-phone\" \/><\/span> <\/label>\n<\/p>\n<p><label> Nom de l'entreprise<br \/>\n<span class=\"wpcf7-form-control-wrap\" data-name=\"text-457\"><input size=\"40\" maxlength=\"400\" class=\"wpcf7-form-control wpcf7-text\" aria-invalid=\"false\" value=\"\" type=\"text\" name=\"text-457\" \/><\/span> <\/label>\n<\/p>\n<p><label> Le site web de votre entreprise<br \/>\n<span class=\"wpcf7-form-control-wrap\" data-name=\"text-546\"><input size=\"40\" maxlength=\"400\" class=\"wpcf7-form-control wpcf7-text\" aria-invalid=\"false\" value=\"\" type=\"text\" name=\"text-546\" \/><\/span> <\/label>\n<\/p>\n<p><label> Votre demande*<br \/>\n<span class=\"wpcf7-form-control-wrap\" data-name=\"your-requirement\"><textarea cols=\"40\" rows=\"10\" maxlength=\"2000\" class=\"wpcf7-form-control wpcf7-textarea wpcf7-validates-as-required\" aria-required=\"true\" aria-invalid=\"false\" name=\"your-requirement\"><\/textarea><\/span> <\/label>\n<\/p>\n<p><input class=\"wpcf7-form-control wpcf7-submit has-spinner\" type=\"submit\" value=\"Soumettre\" \/>\n<\/p>\n<div style=\"clear:both\">\n<\/div><p style=\"display: none !important;\" class=\"akismet-fields-container\" data-prefix=\"_wpcf7_ak_\"><label>&#916;<textarea name=\"_wpcf7_ak_hp_textarea\" cols=\"45\" rows=\"8\" maxlength=\"100\"><\/textarea><\/label><input type=\"hidden\" id=\"ak_js_1\" name=\"_wpcf7_ak_js\" value=\"47\"\/><script>document.getElementById( \"ak_js_1\" ).setAttribute( \"value\", ( new Date() ).getTime() );<\/script><\/p><div class=\"wpcf7-response-output\" aria-hidden=\"true\"><\/div>\n<input type=\"hidden\" name=\"trp-form-language\" value=\"fr\"\/><\/form>\n<\/div>\n<\/div>\n<div style='text-align:left' class='yasr-auto-insert-visitor'><\/div>","protected":false},"excerpt":{"rendered":"<ul>\n<li><span style=\"color: #3366ff;\"><strong>Courriel :\u00a0<a style=\"color: #3366ff;\" href=\"mailto:lisa@machinehall.com\">lisa@machinehall.com<\/a><\/strong><\/span><\/li>\n<li><span style=\"color: #3366ff;\"><strong>WhatsApp :\u00a0<a style=\"color: #3366ff;\" href=\"https:\/\/wa.me\/8615515571373\">+8615515571373<\/a><\/strong><\/span><\/li>\n<\/ul>","protected":false},"featured_media":4877,"comment_status":"open","ping_status":"closed","template":"","meta":{"site-sidebar-layout":"default","site-content-layout":"default","ast-site-content-layout":"default","site-content-style":"default","site-sidebar-style":"default","ast-global-header-display":"","ast-banner-title-visibility":"","ast-main-header-display":"","ast-hfb-above-header-display":"","ast-hfb-below-header-display":"","ast-hfb-mobile-header-display":"","site-post-title":"","ast-breadcrumbs-content":"","ast-featured-img":"","footer-sml-layout":"","theme-transparent-header-meta":"","adv-header-id-meta":"","stick-header-meta":"","header-above-stick-meta":"","header-main-stick-meta":"","header-below-stick-meta":"","astra-migrate-meta-layouts":"default","ast-page-background-enabled":"default","ast-page-background-meta":{"desktop":{"background-color":"","background-image":"","background-repeat":"repeat","background-position":"center center","background-size":"auto","background-attachment":"scroll","background-type":"","background-media":"","overlay-type":"","overlay-color":"","overlay-opacity":"","overlay-gradient":""},"tablet":{"background-color":"","background-image":"","background-repeat":"repeat","background-position":"center center","background-size":"auto","background-attachment":"scroll","background-type":"","background-media":"","overlay-type":"","overlay-color":"","overlay-opacity":"","overlay-gradient":""},"mobile":{"background-color":"","background-image":"","background-repeat":"repeat","background-position":"center center","background-size":"auto","background-attachment":"scroll","background-type":"","background-media":"","overlay-type":"","overlay-color":"","overlay-opacity":"","overlay-gradient":""}},"ast-content-background-meta":{"desktop":{"background-color":"var(--ast-global-color-5)","background-image":"","background-repeat":"repeat","background-position":"center center","background-size":"auto","background-attachment":"scroll","background-type":"","background-media":"","overlay-type":"","overlay-color":"","overlay-opacity":"","overlay-gradient":""},"tablet":{"background-color":"var(--ast-global-color-5)","background-image":"","background-repeat":"repeat","background-position":"center center","background-size":"auto","background-attachment":"scroll","background-type":"","background-media":"","overlay-type":"","overlay-color":"","overlay-opacity":"","overlay-gradient":""},"mobile":{"background-color":"var(--ast-global-color-5)","background-image":"","background-repeat":"repeat","background-position":"center center","background-size":"auto","background-attachment":"scroll","background-type":"","background-media":"","overlay-type":"","overlay-color":"","overlay-opacity":"","overlay-gradient":""}},"yasr_overall_rating":0,"yasr_post_is_review":"","yasr_auto_insert_disabled":"","yasr_review_type":""},"product_brand":[],"product_cat":[6],"product_tag":[],"class_list":{"0":"post-4876","1":"product","2":"type-product","3":"status-publish","4":"has-post-thumbnail","6":"product_cat-wrapper-machine","7":"desktop-align-left","8":"tablet-align-left","9":"mobile-align-left","11":"first","12":"instock","13":"shipping-taxable","14":"product-type-simple"},"yoast_head":"<!-- This site is optimized with the Yoast SEO plugin v26.4 - https:\/\/yoast.com\/wordpress\/plugins\/seo\/ -->\n<title>Automation Lumpia Wrapping Machine Durable and Reliable<\/title>\n<meta name=\"description\" content=\"Lumpia wrapping machine is an efficient, durable, reliable and automated equipment that can make Lumpia wrappers to wrap various fillings.\" \/>\n<meta name=\"robots\" content=\"index, follow, max-snippet:-1, max-image-preview:large, max-video-preview:-1\" \/>\n<link rel=\"canonical\" href=\"https:\/\/www.springrollsolution.com\/fr\/produit\/lumpia-wrapping-machine\/\" \/>\n<meta property=\"og:locale\" content=\"fr_FR\" \/>\n<meta property=\"og:type\" content=\"article\" \/>\n<meta property=\"og:title\" content=\"Automation Lumpia Wrapping Machine Durable and Reliable\" \/>\n<meta property=\"og:description\" content=\"Lumpia wrapping machine is an efficient, durable, reliable and automated equipment that can make Lumpia wrappers to wrap various fillings.\" \/>\n<meta property=\"og:url\" content=\"https:\/\/www.springrollsolution.com\/fr\/produit\/lumpia-wrapping-machine\/\" \/>\n<meta property=\"og:site_name\" content=\"Spring Roll Processing Machine\" \/>\n<meta property=\"article:modified_time\" content=\"2024-12-26T08:03:06+00:00\" \/>\n<meta property=\"og:image\" content=\"https:\/\/www.springrollsolution.com\/wp-content\/uploads\/2023\/09\/54-1.jpg\" \/>\n\t<meta property=\"og:image:width\" content=\"600\" \/>\n\t<meta property=\"og:image:height\" content=\"600\" \/>\n\t<meta property=\"og:image:type\" content=\"image\/jpeg\" \/>\n<meta name=\"twitter:card\" content=\"summary_large_image\" \/>\n<meta name=\"twitter:label1\" content=\"Dur\u00e9e de lecture estim\u00e9e\" \/>\n\t<meta name=\"twitter:data1\" content=\"2 minutes\" \/>\n<script type=\"application\/ld+json\" class=\"yoast-schema-graph\">{\"@context\":\"https:\/\/schema.org\",\"@graph\":[{\"@type\":\"WebPage\",\"@id\":\"https:\/\/www.springrollsolution.com\/ms\/product\/lumpia-wrapping-machine\/\",\"url\":\"https:\/\/www.springrollsolution.com\/ms\/product\/lumpia-wrapping-machine\/\",\"name\":\"Automation Lumpia Wrapping Machine Durable and Reliable\",\"isPartOf\":{\"@id\":\"https:\/\/www.springrollsolution.com\/#website\"},\"primaryImageOfPage\":{\"@id\":\"https:\/\/www.springrollsolution.com\/ms\/product\/lumpia-wrapping-machine\/#primaryimage\"},\"image\":{\"@id\":\"https:\/\/www.springrollsolution.com\/ms\/product\/lumpia-wrapping-machine\/#primaryimage\"},\"thumbnailUrl\":\"https:\/\/www.springrollsolution.com\/wp-content\/uploads\/2023\/09\/54-1.jpg\",\"datePublished\":\"2023-09-20T09:56:18+00:00\",\"dateModified\":\"2024-12-26T08:03:06+00:00\",\"description\":\"Lumpia wrapping machine is an efficient, durable, reliable and automated equipment that can make Lumpia wrappers to wrap various fillings.\",\"breadcrumb\":{\"@id\":\"https:\/\/www.springrollsolution.com\/ms\/product\/lumpia-wrapping-machine\/#breadcrumb\"},\"inLanguage\":\"fr-FR\",\"potentialAction\":[{\"@type\":\"ReadAction\",\"target\":[\"https:\/\/www.springrollsolution.com\/ms\/product\/lumpia-wrapping-machine\/\"]}]},{\"@type\":\"ImageObject\",\"inLanguage\":\"fr-FR\",\"@id\":\"https:\/\/www.springrollsolution.com\/ms\/product\/lumpia-wrapping-machine\/#primaryimage\",\"url\":\"https:\/\/www.springrollsolution.com\/wp-content\/uploads\/2023\/09\/54-1.jpg\",\"contentUrl\":\"https:\/\/www.springrollsolution.com\/wp-content\/uploads\/2023\/09\/54-1.jpg\",\"width\":600,\"height\":600,\"caption\":\"Lumpia Wrapping Machine Manufacturer\"},{\"@type\":\"BreadcrumbList\",\"@id\":\"https:\/\/www.springrollsolution.com\/ms\/product\/lumpia-wrapping-machine\/#breadcrumb\",\"itemListElement\":[{\"@type\":\"ListItem\",\"position\":1,\"name\":\"Home\",\"item\":\"https:\/\/www.springrollsolution.com\/\"},{\"@type\":\"ListItem\",\"position\":2,\"name\":\"Products\",\"item\":\"https:\/\/www.springrollsolution.com\/shop\/\"},{\"@type\":\"ListItem\",\"position\":3,\"name\":\"Automation Lumpia Wrapping Machine Durable and Reliable\"}]},{\"@type\":\"WebSite\",\"@id\":\"https:\/\/www.springrollsolution.com\/#website\",\"url\":\"https:\/\/www.springrollsolution.com\/\",\"name\":\"Spring Roll Processing Machine\",\"description\":\"Spring roll processing solution provider\",\"publisher\":{\"@id\":\"https:\/\/www.springrollsolution.com\/#organization\"},\"potentialAction\":[{\"@type\":\"SearchAction\",\"target\":{\"@type\":\"EntryPoint\",\"urlTemplate\":\"https:\/\/www.springrollsolution.com\/?s={search_term_string}\"},\"query-input\":{\"@type\":\"PropertyValueSpecification\",\"valueRequired\":true,\"valueName\":\"search_term_string\"}}],\"inLanguage\":\"fr-FR\"},{\"@type\":\"Organization\",\"@id\":\"https:\/\/www.springrollsolution.com\/#organization\",\"name\":\"Spring Roll Processing Machine\",\"url\":\"https:\/\/www.springrollsolution.com\/\",\"logo\":{\"@type\":\"ImageObject\",\"inLanguage\":\"fr-FR\",\"@id\":\"https:\/\/www.springrollsolution.com\/#\/schema\/logo\/image\/\",\"url\":\"https:\/\/www.springrollsolution.com\/wp-content\/uploads\/2025\/05\/cropped-logo.png\",\"contentUrl\":\"https:\/\/www.springrollsolution.com\/wp-content\/uploads\/2025\/05\/cropped-logo.png\",\"width\":180,\"height\":60,\"caption\":\"Spring Roll Processing Machine\"},\"image\":{\"@id\":\"https:\/\/www.springrollsolution.com\/#\/schema\/logo\/image\/\"}},false]}<\/script>\n<!-- \/ Yoast SEO plugin. -->","yoast_head_json":{"title":"Machine \u00e0 Lumpia feuilles d'automatisation durable","description":"La machine d'emballage de Lumpia est un \u00e9quipement efficace, durable, fiable et automatis\u00e9 qui permet de fabriquer des emballages de Lumpia pour envelopper diverses garnitures.","robots":{"index":"index","follow":"follow","max-snippet":"max-snippet:-1","max-image-preview":"max-image-preview:large","max-video-preview":"max-video-preview:-1"},"canonical":"https:\/\/www.springrollsolution.com\/fr\/produit\/lumpia-wrapping-machine\/","og_locale":"fr_FR","og_type":"article","og_title":"Automation Lumpia Wrapping Machine Durable and Reliable","og_description":"Lumpia wrapping machine is an efficient, durable, reliable and automated equipment that can make Lumpia wrappers to wrap various fillings.","og_url":"https:\/\/www.springrollsolution.com\/fr\/produit\/lumpia-wrapping-machine\/","og_site_name":"Spring Roll Processing Machine","article_modified_time":"2024-12-26T08:03:06+00:00","og_image":[{"width":600,"height":600,"url":"https:\/\/www.springrollsolution.com\/wp-content\/uploads\/2023\/09\/54-1.jpg","type":"image\/jpeg"}],"twitter_card":"summary_large_image","twitter_misc":{"Dur\u00e9e de lecture estim\u00e9e":"2 minutes"},"schema":{"@context":"https:\/\/schema.org","@graph":[{"@type":"WebPage","@id":"https:\/\/www.springrollsolution.com\/ms\/product\/lumpia-wrapping-machine\/","url":"https:\/\/www.springrollsolution.com\/ms\/product\/lumpia-wrapping-machine\/","name":"Machine \u00e0 Lumpia feuilles d'automatisation durable","isPartOf":{"@id":"https:\/\/www.springrollsolution.com\/#website"},"primaryImageOfPage":{"@id":"https:\/\/www.springrollsolution.com\/ms\/product\/lumpia-wrapping-machine\/#primaryimage"},"image":{"@id":"https:\/\/www.springrollsolution.com\/ms\/product\/lumpia-wrapping-machine\/#primaryimage"},"thumbnailUrl":"https:\/\/www.springrollsolution.com\/wp-content\/uploads\/2023\/09\/54-1.jpg","datePublished":"2023-09-20T09:56:18+00:00","dateModified":"2024-12-26T08:03:06+00:00","description":"La machine d'emballage de Lumpia est un \u00e9quipement efficace, durable, fiable et automatis\u00e9 qui permet de fabriquer des emballages de Lumpia pour envelopper diverses garnitures.","breadcrumb":{"@id":"https:\/\/www.springrollsolution.com\/ms\/product\/lumpia-wrapping-machine\/#breadcrumb"},"inLanguage":"fr-FR","potentialAction":[{"@type":"ReadAction","target":["https:\/\/www.springrollsolution.com\/ms\/product\/lumpia-wrapping-machine\/"]}]},{"@type":"ImageObject","inLanguage":"fr-FR","@id":"https:\/\/www.springrollsolution.com\/ms\/product\/lumpia-wrapping-machine\/#primaryimage","url":"https:\/\/www.springrollsolution.com\/wp-content\/uploads\/2023\/09\/54-1.jpg","contentUrl":"https:\/\/www.springrollsolution.com\/wp-content\/uploads\/2023\/09\/54-1.jpg","width":600,"height":600,"caption":"Lumpia Wrapping Machine Manufacturer"},{"@type":"BreadcrumbList","@id":"https:\/\/www.springrollsolution.com\/ms\/product\/lumpia-wrapping-machine\/#breadcrumb","itemListElement":[{"@type":"ListItem","position":1,"name":"Home","item":"https:\/\/www.springrollsolution.com\/"},{"@type":"ListItem","position":2,"name":"Products","item":"https:\/\/www.springrollsolution.com\/shop\/"},{"@type":"ListItem","position":3,"name":"Automation Lumpia Wrapping Machine Durable and Reliable"}]},{"@type":"WebSite","@id":"https:\/\/www.springrollsolution.com\/#website","url":"https:\/\/www.springrollsolution.com\/","name":"Machine de traitement des rouleaux de printemps","description":"Fournisseur de solutions pour le traitement des rouleaux de printemps","publisher":{"@id":"https:\/\/www.springrollsolution.com\/#organization"},"potentialAction":[{"@type":"SearchAction","target":{"@type":"EntryPoint","urlTemplate":"https:\/\/www.springrollsolution.com\/?s={search_term_string}"},"query-input":{"@type":"PropertyValueSpecification","valueRequired":true,"valueName":"search_term_string"}}],"inLanguage":"fr-FR"},{"@type":"Organization","@id":"https:\/\/www.springrollsolution.com\/#organization","name":"Machine de traitement des rouleaux de printemps","url":"https:\/\/www.springrollsolution.com\/","logo":{"@type":"ImageObject","inLanguage":"fr-FR","@id":"https:\/\/www.springrollsolution.com\/#\/schema\/logo\/image\/","url":"https:\/\/www.springrollsolution.com\/wp-content\/uploads\/2025\/05\/cropped-logo.png","contentUrl":"https:\/\/www.springrollsolution.com\/wp-content\/uploads\/2025\/05\/cropped-logo.png","width":180,"height":60,"caption":"Spring Roll Processing Machine"},"image":{"@id":"https:\/\/www.springrollsolution.com\/#\/schema\/logo\/image\/"}},false]}},"yasr_visitor_votes":{"stars_attributes":{"read_only":false,"span_bottom":false},"number_of_votes":1,"sum_votes":5},"_links":{"self":[{"href":"https:\/\/www.springrollsolution.com\/fr\/wp-json\/wp\/v2\/product\/4876","targetHints":{"allow":["GET"]}}],"collection":[{"href":"https:\/\/www.springrollsolution.com\/fr\/wp-json\/wp\/v2\/product"}],"about":[{"href":"https:\/\/www.springrollsolution.com\/fr\/wp-json\/wp\/v2\/types\/product"}],"replies":[{"embeddable":true,"href":"https:\/\/www.springrollsolution.com\/fr\/wp-json\/wp\/v2\/comments?post=4876"}],"wp:featuredmedia":[{"embeddable":true,"href":"https:\/\/www.springrollsolution.com\/fr\/wp-json\/wp\/v2\/media\/4877"}],"wp:attachment":[{"href":"https:\/\/www.springrollsolution.com\/fr\/wp-json\/wp\/v2\/media?parent=4876"}],"wp:term":[{"taxonomy":"product_brand","embeddable":true,"href":"https:\/\/www.springrollsolution.com\/fr\/wp-json\/wp\/v2\/product_brand?post=4876"},{"taxonomy":"product_cat","embeddable":true,"href":"https:\/\/www.springrollsolution.com\/fr\/wp-json\/wp\/v2\/product_cat?post=4876"},{"taxonomy":"product_tag","embeddable":true,"href":"https:\/\/www.springrollsolution.com\/fr\/wp-json\/wp\/v2\/product_tag?post=4876"}],"curies":[{"name":"wp","href":"https:\/\/api.w.org\/{rel}","templated":true}]}}