{"id":4748,"date":"2023-03-22T16:08:02","date_gmt":"2023-03-22T08:08:02","guid":{"rendered":"https:\/\/www.springrollsolution.com\/?post_type=product&#038;p=4748"},"modified":"2024-08-16T10:16:20","modified_gmt":"2024-08-16T02:16:20","slug":"samosa-leaves-machine","status":"publish","type":"product","link":"https:\/\/www.springrollsolution.com\/fr\/produit\/samosa-leaves-machine\/","title":{"rendered":"Machine \u00e0 fabriquer des feuilles de samosa avec chauffage \u00e9lectrique au gaz"},"content":{"rendered":"<p>La machine \u00e0 feuilles de samosa est un \u00e9quipement professionnel permettant de fabriquer des feuilles de samosa de diff\u00e9rentes tailles. Elle utilise g\u00e9n\u00e9ralement de l'amidon, de la farine et de l'eau comme mati\u00e8res premi\u00e8res pour fabriquer ce produit.<\/p>\n<p>Le samosa est un en-cas courant d'Asie du Sud-Est, d\u00e9licieux avec diverses garnitures envelopp\u00e9es dans une peau de samosa. Nous vous pr\u00e9sentons ici le mat\u00e9riel n\u00e9cessaire \u00e0 la fabrication des feuilles de samosa.<\/p>\n<p><strong>Type d'\u00e9quipement :<\/strong> \u00c0 l'heure actuelle, l'entreprise a mis au point un \u00e9quipement de production automatique. De la pr\u00e9paration de la p\u00e2te \u00e0 frire \u00e0 la formation des feuilles de samosa, ces \u00e9tapes sont r\u00e9alis\u00e9es automatiquement tout au long du processus.<\/p>\n<p><img fetchpriority=\"high\" decoding=\"async\" class=\"alignnone size-full wp-image-4751\" src=\"https:\/\/www.springrollsolution.com\/wp-content\/uploads\/2023\/03\/34.jpg\" alt=\"Machine \u00e0 feuilles de samosa Fournisseur\" width=\"630\" height=\"400\" srcset=\"https:\/\/www.springrollsolution.com\/wp-content\/uploads\/2023\/03\/34.jpg 630w, https:\/\/www.springrollsolution.com\/wp-content\/uploads\/2023\/03\/34-300x190.jpg 300w\" sizes=\"(max-width: 630px) 100vw, 630px\" \/><\/p>\n<h2><strong>Structure de l'\u00e9quipement :<\/strong><\/h2>\n<ul>\n<li>Cr\u00e9maill\u00e8re : la principale structure de support de la machine, g\u00e9n\u00e9ralement en acier inoxydable, qui pr\u00e9sente une forte r\u00e9sistance \u00e0 la corrosion et une grande stabilit\u00e9.<\/li>\n<li>Rouleau : la partie centrale de la machine \u00e0 fabriquer des feuilles de samosa, principalement utilis\u00e9e pour cuire la p\u00e2te en feuilles minces.<\/li>\n<li>Moteur : Il fournit la force motrice et contr\u00f4le la vitesse de rotation du tambour.<\/li>\n<li>Syst\u00e8me de contr\u00f4le : Le syst\u00e8me de commande de la machine comprend g\u00e9n\u00e9ralement un panneau de commande \u00e9lectronique et quelques boutons de commande, qui sont utilis\u00e9s pour contr\u00f4ler les param\u00e8tres tels que le d\u00e9marrage et l'arr\u00eat, la vitesse et la temp\u00e9rature de la machine.<\/li>\n<\/ul>\n<p>&nbsp;<\/p>\n<h2><strong>Fonctionnement de la machine \u00e0 feuilles de samosa<\/strong><\/h2>\n<p>Utilisez un batteur pour m\u00e9langer l'amidon, la farine, l'eau et d'autres ingr\u00e9dients pour obtenir une p\u00e2te ; versez ensuite la p\u00e2te dans le r\u00e9servoir \u00e0 p\u00e2te ; la pompe \u00e0 p\u00e2te soul\u00e8ve ensuite la p\u00e2te sur la roue de cuisson circulaire ; la roue de cuisson cuit la p\u00e2te en fines feuilles de p\u00e2te ; enfin, utilisez un cutter pour d\u00e9couper la fine feuille de p\u00e2te en feuilles de samosa de taille appropri\u00e9e.<\/p>\n<p>&nbsp;<\/p>\n<h2><strong>Vid\u00e9o pour la pr\u00e9paration des feuilles de samosa<\/strong><\/h2>\n<p><iframe title=\"Machine industrielle \u00e0 fabriquer des feuilles d&#039;emballage de Samosa\" width=\"500\" height=\"281\" src=\"https:\/\/www.youtube.com\/embed\/N_fsdD2Mjk0?feature=oembed\" frameborder=\"0\" allow=\"accelerometer; autoplay; clipboard-write; encrypted-media; gyroscope; picture-in-picture; web-share\" referrerpolicy=\"strict-origin-when-cross-origin\" allowfullscreen><\/iframe><\/p>\n<div style='text-align:left' class='yasr-auto-insert-visitor'><\/div>","protected":false},"excerpt":{"rendered":"<p>Samosa leaves machine is a professional equipment for making different sizes of samosa leaves. It usually uses starch, flour and water as raw materials to make this product. Samosa is a common Southeast Asian snack, which is delicious with various fillings wrapped in samosa skin. Here we will introduce the equipment to make samosa pastry [&hellip;]<\/p>","protected":false},"featured_media":4750,"comment_status":"open","ping_status":"closed","template":"","meta":{"site-sidebar-layout":"default","site-content-layout":"default","ast-site-content-layout":"default","site-content-style":"default","site-sidebar-style":"default","ast-global-header-display":"","ast-banner-title-visibility":"","ast-main-header-display":"","ast-hfb-above-header-display":"","ast-hfb-below-header-display":"","ast-hfb-mobile-header-display":"","site-post-title":"","ast-breadcrumbs-content":"","ast-featured-img":"","footer-sml-layout":"","theme-transparent-header-meta":"","adv-header-id-meta":"","stick-header-meta":"","header-above-stick-meta":"","header-main-stick-meta":"","header-below-stick-meta":"","astra-migrate-meta-layouts":"default","ast-page-background-enabled":"default","ast-page-background-meta":{"desktop":{"background-color":"","background-image":"","background-repeat":"repeat","background-position":"center center","background-size":"auto","background-attachment":"scroll","background-type":"","background-media":"","overlay-type":"","overlay-color":"","overlay-opacity":"","overlay-gradient":""},"tablet":{"background-color":"","background-image":"","background-repeat":"repeat","background-position":"center center","background-size":"auto","background-attachment":"scroll","background-type":"","background-media":"","overlay-type":"","overlay-color":"","overlay-opacity":"","overlay-gradient":""},"mobile":{"background-color":"","background-image":"","background-repeat":"repeat","background-position":"center center","background-size":"auto","background-attachment":"scroll","background-type":"","background-media":"","overlay-type":"","overlay-color":"","overlay-opacity":"","overlay-gradient":""}},"ast-content-background-meta":{"desktop":{"background-color":"var(--ast-global-color-5)","background-image":"","background-repeat":"repeat","background-position":"center center","background-size":"auto","background-attachment":"scroll","background-type":"","background-media":"","overlay-type":"","overlay-color":"","overlay-opacity":"","overlay-gradient":""},"tablet":{"background-color":"var(--ast-global-color-5)","background-image":"","background-repeat":"repeat","background-position":"center center","background-size":"auto","background-attachment":"scroll","background-type":"","background-media":"","overlay-type":"","overlay-color":"","overlay-opacity":"","overlay-gradient":""},"mobile":{"background-color":"var(--ast-global-color-5)","background-image":"","background-repeat":"repeat","background-position":"center center","background-size":"auto","background-attachment":"scroll","background-type":"","background-media":"","overlay-type":"","overlay-color":"","overlay-opacity":"","overlay-gradient":""}},"yasr_overall_rating":0,"yasr_post_is_review":"","yasr_auto_insert_disabled":"","yasr_review_type":""},"product_brand":[],"product_cat":[6],"product_tag":[],"class_list":{"0":"post-4748","1":"product","2":"type-product","3":"status-publish","4":"has-post-thumbnail","6":"product_cat-wrapper-machine","7":"desktop-align-left","8":"tablet-align-left","9":"mobile-align-left","11":"first","12":"instock","13":"shipping-taxable","14":"product-type-simple"},"yoast_head":"<!-- This site is optimized with the Yoast SEO plugin v26.4 - https:\/\/yoast.com\/wordpress\/plugins\/seo\/ -->\n<title>Samosa Leaves Making Machine with Gas Electric Heating<\/title>\n<meta name=\"description\" content=\"Samosa leaves machine is a professional equipment for making different sizes of samosa leaves. It uses flour and water as raw materials to make this food.\" \/>\n<meta name=\"robots\" content=\"index, follow, max-snippet:-1, max-image-preview:large, max-video-preview:-1\" \/>\n<link rel=\"canonical\" href=\"https:\/\/www.springrollsolution.com\/fr\/produit\/samosa-leaves-machine\/\" \/>\n<meta property=\"og:locale\" content=\"fr_FR\" \/>\n<meta property=\"og:type\" content=\"article\" \/>\n<meta property=\"og:title\" content=\"Samosa Leaves Making Machine with Gas Electric Heating\" \/>\n<meta property=\"og:description\" content=\"Samosa leaves machine is a professional equipment for making different sizes of samosa leaves. It uses flour and water as raw materials to make this food.\" \/>\n<meta property=\"og:url\" content=\"https:\/\/www.springrollsolution.com\/fr\/produit\/samosa-leaves-machine\/\" \/>\n<meta property=\"og:site_name\" content=\"Spring Roll Processing Machine\" \/>\n<meta property=\"article:modified_time\" content=\"2024-08-16T02:16:20+00:00\" \/>\n<meta property=\"og:image\" content=\"https:\/\/www.springrollsolution.com\/wp-content\/uploads\/2023\/03\/46.jpg\" \/>\n\t<meta property=\"og:image:width\" content=\"600\" \/>\n\t<meta property=\"og:image:height\" content=\"600\" \/>\n\t<meta property=\"og:image:type\" content=\"image\/jpeg\" \/>\n<meta name=\"twitter:card\" content=\"summary_large_image\" \/>\n<meta name=\"twitter:label1\" content=\"Dur\u00e9e de lecture estim\u00e9e\" \/>\n\t<meta name=\"twitter:data1\" content=\"2 minutes\" \/>\n<script type=\"application\/ld+json\" class=\"yoast-schema-graph\">{\"@context\":\"https:\/\/schema.org\",\"@graph\":[{\"@type\":\"WebPage\",\"@id\":\"https:\/\/www.springrollsolution.com\/fr\/produit\/samosa-leaves-machine\/\",\"url\":\"https:\/\/www.springrollsolution.com\/fr\/produit\/samosa-leaves-machine\/\",\"name\":\"Samosa Leaves Making Machine with Gas Electric Heating\",\"isPartOf\":{\"@id\":\"https:\/\/www.springrollsolution.com\/#website\"},\"primaryImageOfPage\":{\"@id\":\"https:\/\/www.springrollsolution.com\/fr\/produit\/samosa-leaves-machine\/#primaryimage\"},\"image\":{\"@id\":\"https:\/\/www.springrollsolution.com\/fr\/produit\/samosa-leaves-machine\/#primaryimage\"},\"thumbnailUrl\":\"https:\/\/www.springrollsolution.com\/wp-content\/uploads\/2023\/03\/46.jpg\",\"datePublished\":\"2023-03-22T08:08:02+00:00\",\"dateModified\":\"2024-08-16T02:16:20+00:00\",\"description\":\"Samosa leaves machine is a professional equipment for making different sizes of samosa leaves. It uses flour and water as raw materials to make this food.\",\"breadcrumb\":{\"@id\":\"https:\/\/www.springrollsolution.com\/fr\/produit\/samosa-leaves-machine\/#breadcrumb\"},\"inLanguage\":\"fr-FR\",\"potentialAction\":[{\"@type\":\"ReadAction\",\"target\":[\"https:\/\/www.springrollsolution.com\/fr\/produit\/samosa-leaves-machine\/\"]}]},{\"@type\":\"ImageObject\",\"inLanguage\":\"fr-FR\",\"@id\":\"https:\/\/www.springrollsolution.com\/fr\/produit\/samosa-leaves-machine\/#primaryimage\",\"url\":\"https:\/\/www.springrollsolution.com\/wp-content\/uploads\/2023\/03\/46.jpg\",\"contentUrl\":\"https:\/\/www.springrollsolution.com\/wp-content\/uploads\/2023\/03\/46.jpg\",\"width\":600,\"height\":600,\"caption\":\"Samosa Leaves Making Machine\"},{\"@type\":\"BreadcrumbList\",\"@id\":\"https:\/\/www.springrollsolution.com\/fr\/produit\/samosa-leaves-machine\/#breadcrumb\",\"itemListElement\":[{\"@type\":\"ListItem\",\"position\":1,\"name\":\"Home\",\"item\":\"https:\/\/www.springrollsolution.com\/\"},{\"@type\":\"ListItem\",\"position\":2,\"name\":\"Products\",\"item\":\"https:\/\/www.springrollsolution.com\/shop\/\"},{\"@type\":\"ListItem\",\"position\":3,\"name\":\"Samosa Leaves Making Machine with Gas Electric Heating\"}]},{\"@type\":\"WebSite\",\"@id\":\"https:\/\/www.springrollsolution.com\/#website\",\"url\":\"https:\/\/www.springrollsolution.com\/\",\"name\":\"Spring Roll Processing Machine\",\"description\":\"Spring roll processing solution provider\",\"publisher\":{\"@id\":\"https:\/\/www.springrollsolution.com\/#organization\"},\"potentialAction\":[{\"@type\":\"SearchAction\",\"target\":{\"@type\":\"EntryPoint\",\"urlTemplate\":\"https:\/\/www.springrollsolution.com\/?s={search_term_string}\"},\"query-input\":{\"@type\":\"PropertyValueSpecification\",\"valueRequired\":true,\"valueName\":\"search_term_string\"}}],\"inLanguage\":\"fr-FR\"},{\"@type\":\"Organization\",\"@id\":\"https:\/\/www.springrollsolution.com\/#organization\",\"name\":\"Spring Roll Processing Machine\",\"url\":\"https:\/\/www.springrollsolution.com\/\",\"logo\":{\"@type\":\"ImageObject\",\"inLanguage\":\"fr-FR\",\"@id\":\"https:\/\/www.springrollsolution.com\/#\/schema\/logo\/image\/\",\"url\":\"https:\/\/www.springrollsolution.com\/wp-content\/uploads\/2025\/05\/cropped-logo.png\",\"contentUrl\":\"https:\/\/www.springrollsolution.com\/wp-content\/uploads\/2025\/05\/cropped-logo.png\",\"width\":180,\"height\":60,\"caption\":\"Spring Roll Processing Machine\"},\"image\":{\"@id\":\"https:\/\/www.springrollsolution.com\/#\/schema\/logo\/image\/\"}},false]}<\/script>\n<!-- \/ Yoast SEO plugin. -->","yoast_head_json":{"title":"Machine \u00e0 fabriquer des feuilles de samosa avec chauffage \u00e9lectrique au gaz","description":"La machine \u00e0 feuilles de samosa est un \u00e9quipement professionnel qui permet de fabriquer des feuilles de samosa de diff\u00e9rentes tailles. Elle utilise de la farine et de l'eau comme mati\u00e8res premi\u00e8res pour fabriquer cet aliment.","robots":{"index":"index","follow":"follow","max-snippet":"max-snippet:-1","max-image-preview":"max-image-preview:large","max-video-preview":"max-video-preview:-1"},"canonical":"https:\/\/www.springrollsolution.com\/fr\/produit\/samosa-leaves-machine\/","og_locale":"fr_FR","og_type":"article","og_title":"Samosa Leaves Making Machine with Gas Electric Heating","og_description":"Samosa leaves machine is a professional equipment for making different sizes of samosa leaves. It uses flour and water as raw materials to make this food.","og_url":"https:\/\/www.springrollsolution.com\/fr\/produit\/samosa-leaves-machine\/","og_site_name":"Spring Roll Processing Machine","article_modified_time":"2024-08-16T02:16:20+00:00","og_image":[{"width":600,"height":600,"url":"https:\/\/www.springrollsolution.com\/wp-content\/uploads\/2023\/03\/46.jpg","type":"image\/jpeg"}],"twitter_card":"summary_large_image","twitter_misc":{"Dur\u00e9e de lecture estim\u00e9e":"2 minutes"},"schema":{"@context":"https:\/\/schema.org","@graph":[{"@type":"WebPage","@id":"https:\/\/www.springrollsolution.com\/fr\/produit\/samosa-leaves-machine\/","url":"https:\/\/www.springrollsolution.com\/fr\/produit\/samosa-leaves-machine\/","name":"Machine \u00e0 fabriquer des feuilles de samosa avec chauffage \u00e9lectrique au gaz","isPartOf":{"@id":"https:\/\/www.springrollsolution.com\/#website"},"primaryImageOfPage":{"@id":"https:\/\/www.springrollsolution.com\/fr\/produit\/samosa-leaves-machine\/#primaryimage"},"image":{"@id":"https:\/\/www.springrollsolution.com\/fr\/produit\/samosa-leaves-machine\/#primaryimage"},"thumbnailUrl":"https:\/\/www.springrollsolution.com\/wp-content\/uploads\/2023\/03\/46.jpg","datePublished":"2023-03-22T08:08:02+00:00","dateModified":"2024-08-16T02:16:20+00:00","description":"La machine \u00e0 feuilles de samosa est un \u00e9quipement professionnel qui permet de fabriquer des feuilles de samosa de diff\u00e9rentes tailles. Elle utilise de la farine et de l'eau comme mati\u00e8res premi\u00e8res pour fabriquer cet aliment.","breadcrumb":{"@id":"https:\/\/www.springrollsolution.com\/fr\/produit\/samosa-leaves-machine\/#breadcrumb"},"inLanguage":"fr-FR","potentialAction":[{"@type":"ReadAction","target":["https:\/\/www.springrollsolution.com\/fr\/produit\/samosa-leaves-machine\/"]}]},{"@type":"ImageObject","inLanguage":"fr-FR","@id":"https:\/\/www.springrollsolution.com\/fr\/produit\/samosa-leaves-machine\/#primaryimage","url":"https:\/\/www.springrollsolution.com\/wp-content\/uploads\/2023\/03\/46.jpg","contentUrl":"https:\/\/www.springrollsolution.com\/wp-content\/uploads\/2023\/03\/46.jpg","width":600,"height":600,"caption":"Samosa Leaves Making Machine"},{"@type":"BreadcrumbList","@id":"https:\/\/www.springrollsolution.com\/fr\/produit\/samosa-leaves-machine\/#breadcrumb","itemListElement":[{"@type":"ListItem","position":1,"name":"Home","item":"https:\/\/www.springrollsolution.com\/"},{"@type":"ListItem","position":2,"name":"Products","item":"https:\/\/www.springrollsolution.com\/shop\/"},{"@type":"ListItem","position":3,"name":"Samosa Leaves Making Machine with Gas Electric Heating"}]},{"@type":"WebSite","@id":"https:\/\/www.springrollsolution.com\/#website","url":"https:\/\/www.springrollsolution.com\/","name":"Machine de traitement des rouleaux de printemps","description":"Fournisseur de solutions pour le traitement des rouleaux de printemps","publisher":{"@id":"https:\/\/www.springrollsolution.com\/#organization"},"potentialAction":[{"@type":"SearchAction","target":{"@type":"EntryPoint","urlTemplate":"https:\/\/www.springrollsolution.com\/?s={search_term_string}"},"query-input":{"@type":"PropertyValueSpecification","valueRequired":true,"valueName":"search_term_string"}}],"inLanguage":"fr-FR"},{"@type":"Organization","@id":"https:\/\/www.springrollsolution.com\/#organization","name":"Machine de traitement des rouleaux de printemps","url":"https:\/\/www.springrollsolution.com\/","logo":{"@type":"ImageObject","inLanguage":"fr-FR","@id":"https:\/\/www.springrollsolution.com\/#\/schema\/logo\/image\/","url":"https:\/\/www.springrollsolution.com\/wp-content\/uploads\/2025\/05\/cropped-logo.png","contentUrl":"https:\/\/www.springrollsolution.com\/wp-content\/uploads\/2025\/05\/cropped-logo.png","width":180,"height":60,"caption":"Spring Roll Processing Machine"},"image":{"@id":"https:\/\/www.springrollsolution.com\/#\/schema\/logo\/image\/"}},false]}},"yasr_visitor_votes":{"stars_attributes":{"read_only":false,"span_bottom":false},"number_of_votes":1,"sum_votes":5},"_links":{"self":[{"href":"https:\/\/www.springrollsolution.com\/fr\/wp-json\/wp\/v2\/product\/4748","targetHints":{"allow":["GET"]}}],"collection":[{"href":"https:\/\/www.springrollsolution.com\/fr\/wp-json\/wp\/v2\/product"}],"about":[{"href":"https:\/\/www.springrollsolution.com\/fr\/wp-json\/wp\/v2\/types\/product"}],"replies":[{"embeddable":true,"href":"https:\/\/www.springrollsolution.com\/fr\/wp-json\/wp\/v2\/comments?post=4748"}],"wp:featuredmedia":[{"embeddable":true,"href":"https:\/\/www.springrollsolution.com\/fr\/wp-json\/wp\/v2\/media\/4750"}],"wp:attachment":[{"href":"https:\/\/www.springrollsolution.com\/fr\/wp-json\/wp\/v2\/media?parent=4748"}],"wp:term":[{"taxonomy":"product_brand","embeddable":true,"href":"https:\/\/www.springrollsolution.com\/fr\/wp-json\/wp\/v2\/product_brand?post=4748"},{"taxonomy":"product_cat","embeddable":true,"href":"https:\/\/www.springrollsolution.com\/fr\/wp-json\/wp\/v2\/product_cat?post=4748"},{"taxonomy":"product_tag","embeddable":true,"href":"https:\/\/www.springrollsolution.com\/fr\/wp-json\/wp\/v2\/product_tag?post=4748"}],"curies":[{"name":"wp","href":"https:\/\/api.w.org\/{rel}","templated":true}]}}