{"id":4723,"date":"2022-11-25T16:58:53","date_gmt":"2022-11-25T08:58:53","guid":{"rendered":"https:\/\/www.springrollsolution.com\/?post_type=product&#038;p=4723"},"modified":"2025-09-16T17:41:27","modified_gmt":"2025-09-16T09:41:27","slug":"automatic-samosa-patti-machine","status":"publish","type":"product","link":"https:\/\/www.springrollsolution.com\/fr\/produit\/automatic-samosa-patti-machine\/","title":{"rendered":"Machine automatique de fabrication de samosas pattis"},"content":{"rendered":"<p>La machine automatique de fabrication de samosas pattis est une machine \u00e0 p\u00e2te enti\u00e8rement automatique, largement utilis\u00e9e pour fabriquer divers produits, tels que des bandes de samosa, des enveloppes de lumpia, des enveloppes de rouleaux de printemps, des injeras, etc.<\/p>\n<p>En g\u00e9n\u00e9ral, la taille du samosa patti fabriqu\u00e9 par la machine est de 10\/3 pouces. Si vous souhaitez produire d'autres tailles, vous pouvez ajuster la vitesse du cutter afin de produire des feuilles de samosa patti de diff\u00e9rentes tailles.<\/p>\n<p><img fetchpriority=\"high\" decoding=\"async\" class=\"alignnone size-full wp-image-4726\" src=\"https:\/\/www.springrollsolution.com\/wp-content\/uploads\/2022\/11\/56.jpg\" alt=\"Machine \u00e0 bandes de Samosa\" width=\"630\" height=\"400\" srcset=\"https:\/\/www.springrollsolution.com\/wp-content\/uploads\/2022\/11\/56.jpg 630w, https:\/\/www.springrollsolution.com\/wp-content\/uploads\/2022\/11\/56-300x190.jpg 300w\" sizes=\"(max-width: 630px) 100vw, 630px\" \/><\/p>\n<p>&nbsp;<\/p>\n<h2><strong>Machine de fabrication de Samosa Patti<\/strong><\/h2>\n<ol>\n<li>La tension de la machine est de 380 volts, et la tension peut \u00e9galement \u00eatre ajust\u00e9e en fonction des besoins du client.<\/li>\n<li>Cet \u00e9quipement peut choisir le gaz naturel et le chauffage \u00e9lectrique comme \u00e9nergie de chauffage. Il est n\u00e9cessaire d'informer \u00e0 l'avance de l'utilisation locale.<\/li>\n<li>Une fois la peau de samosa produite, elle peut \u00eatre utilis\u00e9e manuellement pour remplir, plier et rouler les samosas.<\/li>\n<li>L'\u00e9paisseur, la longueur et la largeur du samosa patti peuvent \u00eatre ajust\u00e9es par les param\u00e8tres de la machine.<\/li>\n<li>La machine automatique est conforme aux normes de production en mati\u00e8re de s\u00e9curit\u00e9 alimentaire, elle est propre et hygi\u00e9nique.<\/li>\n<li>Peut fournir des suggestions sur l'am\u00e9nagement de l'espace et l'affectation de la main-d'\u0153uvre n\u00e9cessaire pour la machine \u00e0 bandelettes pour samosas.<\/li>\n<\/ol>\n<p>&nbsp;<\/p>\n<h2><strong>Vid\u00e9o de la machine automatique de fabrication de samosas pattis<\/strong><\/h2>\n<p><iframe title=\"Lecteur vid\u00e9o YouTube\" src=\"https:\/\/www.youtube.com\/embed\/N_fsdD2Mjk0\" width=\"560\" height=\"315\" frameborder=\"0\" allowfullscreen=\"allowfullscreen\"><\/iframe><\/p>\n<p>&nbsp;<\/p>\n<h3>Param\u00e8tres techniques<\/h3>\n<table border=\"1\" cellspacing=\"0\">\n<tbody>\n<tr>\n<td>Mod\u00e8le<\/td>\n<td>GGSR-12060Y\/F<\/td>\n<\/tr>\n<tr>\n<td>Tension<\/td>\n<td>380V\/220V<\/td>\n<\/tr>\n<tr>\n<td>Capacit\u00e9<\/td>\n<td>4500-7000PCS\/H<\/td>\n<\/tr>\n<tr>\n<td>Puissance<\/td>\n<td>69KW<\/td>\n<\/tr>\n<tr>\n<td>M\u00e9thode de chauffage<\/td>\n<td>\u00c9lectricit\u00e9 et gaz<\/td>\n<\/tr>\n<tr>\n<td>Dimension<\/td>\n<td>3800*1100*2000MM<\/td>\n<\/tr>\n<\/tbody>\n<\/table>\n<p>&nbsp;<\/p>\n<h3><strong>Envoyer une demande de devis gratuit<\/strong><\/h3>\n<div dir=\"ltr\" lang=\"en-US\" role=\"form\">\n<div class=\"wpcf7 no-js\" id=\"wpcf7-f3214-o1\" lang=\"en-US\" dir=\"ltr\" data-wpcf7-id=\"3214\">\n<div class=\"screen-reader-response\"><p role=\"status\" aria-live=\"polite\" aria-atomic=\"true\"><\/p> <ul><\/ul><\/div>\n<form action=\"\/fr\/wp-json\/wp\/v2\/product\/4723#wpcf7-f3214-o1\" method=\"post\" class=\"wpcf7-form init\" aria-label=\"Formulaire de contact\" novalidate=\"novalidate\" data-status=\"init\" data-trp-original-action=\"\/fr\/wp-json\/wp\/v2\/product\/4723#wpcf7-f3214-o1\">\n<fieldset class=\"hidden-fields-container\"><input type=\"hidden\" name=\"_wpcf7\" value=\"3214\" \/><input type=\"hidden\" name=\"_wpcf7_version\" value=\"6.1.5\" \/><input type=\"hidden\" name=\"_wpcf7_locale\" value=\"en_US\" \/><input type=\"hidden\" name=\"_wpcf7_unit_tag\" value=\"wpcf7-f3214-o1\" \/><input type=\"hidden\" name=\"_wpcf7_container_post\" value=\"0\" \/><input type=\"hidden\" name=\"_wpcf7_posted_data_hash\" value=\"\" \/>\n<\/fieldset>\n<p><label> Votre nom*<br \/>\n<span class=\"wpcf7-form-control-wrap\" data-name=\"your-name\"><input size=\"40\" maxlength=\"400\" class=\"wpcf7-form-control wpcf7-text wpcf7-validates-as-required\" aria-required=\"true\" aria-invalid=\"false\" value=\"\" type=\"text\" name=\"your-name\" \/><\/span> <\/label>\n<\/p>\n<p><label> Votre pays<br \/>\n<span class=\"wpcf7-form-control-wrap\" data-name=\"your-country\"><input size=\"40\" maxlength=\"400\" class=\"wpcf7-form-control wpcf7-text\" aria-invalid=\"false\" value=\"\" type=\"text\" name=\"your-country\" \/><\/span> <\/label>\n<\/p>\n<p><label> Votre courriel*<br \/>\n<span class=\"wpcf7-form-control-wrap\" data-name=\"your-email\"><input size=\"40\" maxlength=\"400\" class=\"wpcf7-form-control wpcf7-email wpcf7-validates-as-required wpcf7-text wpcf7-validates-as-email\" aria-required=\"true\" aria-invalid=\"false\" value=\"\" type=\"email\" name=\"your-email\" \/><\/span> <\/label>\n<\/p>\n<p><label> Votre t\u00e9l\u00e9phone<br \/>\n<span class=\"wpcf7-form-control-wrap\" data-name=\"your-phone\"><input size=\"40\" maxlength=\"400\" class=\"wpcf7-form-control wpcf7-tel wpcf7-text wpcf7-validates-as-tel\" aria-invalid=\"false\" value=\"\" type=\"tel\" name=\"your-phone\" \/><\/span> <\/label>\n<\/p>\n<p><label> Nom de l'entreprise<br \/>\n<span class=\"wpcf7-form-control-wrap\" data-name=\"text-457\"><input size=\"40\" maxlength=\"400\" class=\"wpcf7-form-control wpcf7-text\" aria-invalid=\"false\" value=\"\" type=\"text\" name=\"text-457\" \/><\/span> <\/label>\n<\/p>\n<p><label> Le site web de votre entreprise<br \/>\n<span class=\"wpcf7-form-control-wrap\" data-name=\"text-546\"><input size=\"40\" maxlength=\"400\" class=\"wpcf7-form-control wpcf7-text\" aria-invalid=\"false\" value=\"\" type=\"text\" name=\"text-546\" \/><\/span> <\/label>\n<\/p>\n<p><label> Votre demande*<br \/>\n<span class=\"wpcf7-form-control-wrap\" data-name=\"your-requirement\"><textarea cols=\"40\" rows=\"10\" maxlength=\"2000\" class=\"wpcf7-form-control wpcf7-textarea wpcf7-validates-as-required\" aria-required=\"true\" aria-invalid=\"false\" name=\"your-requirement\"><\/textarea><\/span> <\/label>\n<\/p>\n<p><input class=\"wpcf7-form-control wpcf7-submit has-spinner\" type=\"submit\" value=\"Soumettre\" \/>\n<\/p>\n<div style=\"clear:both\">\n<\/div><p style=\"display: none !important;\" class=\"akismet-fields-container\" data-prefix=\"_wpcf7_ak_\"><label>&#916;<textarea name=\"_wpcf7_ak_hp_textarea\" cols=\"45\" rows=\"8\" maxlength=\"100\"><\/textarea><\/label><input type=\"hidden\" id=\"ak_js_1\" name=\"_wpcf7_ak_js\" value=\"195\"\/><script>document.getElementById( \"ak_js_1\" ).setAttribute( \"value\", ( new Date() ).getTime() );<\/script><\/p><div class=\"wpcf7-response-output\" aria-hidden=\"true\"><\/div>\n<input type=\"hidden\" name=\"trp-form-language\" value=\"fr\"\/><\/form>\n<\/div>\n<\/div>\n<div style='text-align:left' class='yasr-auto-insert-visitor'><\/div>","protected":false},"excerpt":{"rendered":"<p>The samosa patti machine is a fully automatic dough sheet maker, widely used to make various product, such as samosa strip, lumpia wrappers, spring roll wrappers, injeras, and so on. Usually the size of the samosa patti made by the machine is 10\/3 inch. If you want to make other sizes, you can adjust the [&hellip;]<\/p>","protected":false},"featured_media":4725,"comment_status":"open","ping_status":"closed","template":"","meta":{"site-sidebar-layout":"default","site-content-layout":"default","ast-site-content-layout":"default","site-content-style":"default","site-sidebar-style":"default","ast-global-header-display":"","ast-banner-title-visibility":"","ast-main-header-display":"","ast-hfb-above-header-display":"","ast-hfb-below-header-display":"","ast-hfb-mobile-header-display":"","site-post-title":"","ast-breadcrumbs-content":"","ast-featured-img":"","footer-sml-layout":"","theme-transparent-header-meta":"","adv-header-id-meta":"","stick-header-meta":"","header-above-stick-meta":"","header-main-stick-meta":"","header-below-stick-meta":"","astra-migrate-meta-layouts":"default","ast-page-background-enabled":"default","ast-page-background-meta":{"desktop":{"background-color":"","background-image":"","background-repeat":"repeat","background-position":"center center","background-size":"auto","background-attachment":"scroll","background-type":"","background-media":"","overlay-type":"","overlay-color":"","overlay-opacity":"","overlay-gradient":""},"tablet":{"background-color":"","background-image":"","background-repeat":"repeat","background-position":"center center","background-size":"auto","background-attachment":"scroll","background-type":"","background-media":"","overlay-type":"","overlay-color":"","overlay-opacity":"","overlay-gradient":""},"mobile":{"background-color":"","background-image":"","background-repeat":"repeat","background-position":"center center","background-size":"auto","background-attachment":"scroll","background-type":"","background-media":"","overlay-type":"","overlay-color":"","overlay-opacity":"","overlay-gradient":""}},"ast-content-background-meta":{"desktop":{"background-color":"var(--ast-global-color-5)","background-image":"","background-repeat":"repeat","background-position":"center center","background-size":"auto","background-attachment":"scroll","background-type":"","background-media":"","overlay-type":"","overlay-color":"","overlay-opacity":"","overlay-gradient":""},"tablet":{"background-color":"var(--ast-global-color-5)","background-image":"","background-repeat":"repeat","background-position":"center center","background-size":"auto","background-attachment":"scroll","background-type":"","background-media":"","overlay-type":"","overlay-color":"","overlay-opacity":"","overlay-gradient":""},"mobile":{"background-color":"var(--ast-global-color-5)","background-image":"","background-repeat":"repeat","background-position":"center center","background-size":"auto","background-attachment":"scroll","background-type":"","background-media":"","overlay-type":"","overlay-color":"","overlay-opacity":"","overlay-gradient":""}},"yasr_overall_rating":0,"yasr_post_is_review":"","yasr_auto_insert_disabled":"","yasr_review_type":""},"product_brand":[],"product_cat":[6],"product_tag":[],"class_list":{"0":"post-4723","1":"product","2":"type-product","3":"status-publish","4":"has-post-thumbnail","6":"product_cat-wrapper-machine","7":"desktop-align-left","8":"tablet-align-left","9":"mobile-align-left","11":"first","12":"instock","13":"shipping-taxable","14":"product-type-simple"},"yoast_head":"<!-- This site is optimized with the Yoast SEO plugin v26.4 - https:\/\/yoast.com\/wordpress\/plugins\/seo\/ -->\n<title>Automatic Samosa Patti(Samosa Strip) Machine 10\/3 inch<\/title>\n<meta name=\"description\" content=\"This samosa patti machine can produce samoas patti, samosa strips in large capacity. Fully automaitc, easy to operate and adjustable in size.\" \/>\n<meta name=\"robots\" content=\"index, follow, max-snippet:-1, max-image-preview:large, max-video-preview:-1\" \/>\n<link rel=\"canonical\" href=\"https:\/\/www.springrollsolution.com\/fr\/produit\/automatic-samosa-patti-machine\/\" \/>\n<meta property=\"og:locale\" content=\"fr_FR\" \/>\n<meta property=\"og:type\" content=\"article\" \/>\n<meta property=\"og:title\" content=\"Automatic Samosa Patti(Samosa Strip) Machine 10\/3 inch\" \/>\n<meta property=\"og:description\" content=\"This samosa patti machine can produce samoas patti, samosa strips in large capacity. Fully automaitc, easy to operate and adjustable in size.\" \/>\n<meta property=\"og:url\" content=\"https:\/\/www.springrollsolution.com\/fr\/produit\/automatic-samosa-patti-machine\/\" \/>\n<meta property=\"og:site_name\" content=\"Spring Roll Processing Machine\" \/>\n<meta property=\"article:modified_time\" content=\"2025-09-16T09:41:27+00:00\" \/>\n<meta property=\"og:image\" content=\"https:\/\/www.springrollsolution.com\/wp-content\/uploads\/2022\/11\/243.jpg\" \/>\n\t<meta property=\"og:image:width\" content=\"600\" \/>\n\t<meta property=\"og:image:height\" content=\"600\" \/>\n\t<meta property=\"og:image:type\" content=\"image\/jpeg\" \/>\n<meta name=\"twitter:card\" content=\"summary_large_image\" \/>\n<meta name=\"twitter:label1\" content=\"Dur\u00e9e de lecture estim\u00e9e\" \/>\n\t<meta name=\"twitter:data1\" content=\"2 minutes\" \/>\n<script type=\"application\/ld+json\" class=\"yoast-schema-graph\">{\"@context\":\"https:\/\/schema.org\",\"@graph\":[{\"@type\":\"WebPage\",\"@id\":\"https:\/\/www.springrollsolution.com\/product\/automatic-samosa-patti-machine\/\",\"url\":\"https:\/\/www.springrollsolution.com\/product\/automatic-samosa-patti-machine\/\",\"name\":\"Automatic Samosa Patti(Samosa Strip) Machine 10\/3 inch\",\"isPartOf\":{\"@id\":\"https:\/\/www.springrollsolution.com\/#website\"},\"primaryImageOfPage\":{\"@id\":\"https:\/\/www.springrollsolution.com\/product\/automatic-samosa-patti-machine\/#primaryimage\"},\"image\":{\"@id\":\"https:\/\/www.springrollsolution.com\/product\/automatic-samosa-patti-machine\/#primaryimage\"},\"thumbnailUrl\":\"https:\/\/www.springrollsolution.com\/wp-content\/uploads\/2022\/11\/243.jpg\",\"datePublished\":\"2022-11-25T08:58:53+00:00\",\"dateModified\":\"2025-09-16T09:41:27+00:00\",\"description\":\"This samosa patti machine can produce samoas patti, samosa strips in large capacity. Fully automaitc, easy to operate and adjustable in size.\",\"breadcrumb\":{\"@id\":\"https:\/\/www.springrollsolution.com\/product\/automatic-samosa-patti-machine\/#breadcrumb\"},\"inLanguage\":\"fr-FR\",\"potentialAction\":[{\"@type\":\"ReadAction\",\"target\":[\"https:\/\/www.springrollsolution.com\/product\/automatic-samosa-patti-machine\/\"]}]},{\"@type\":\"ImageObject\",\"inLanguage\":\"fr-FR\",\"@id\":\"https:\/\/www.springrollsolution.com\/product\/automatic-samosa-patti-machine\/#primaryimage\",\"url\":\"https:\/\/www.springrollsolution.com\/wp-content\/uploads\/2022\/11\/243.jpg\",\"contentUrl\":\"https:\/\/www.springrollsolution.com\/wp-content\/uploads\/2022\/11\/243.jpg\",\"width\":600,\"height\":600,\"caption\":\"Samosa Patti Machine\"},{\"@type\":\"BreadcrumbList\",\"@id\":\"https:\/\/www.springrollsolution.com\/product\/automatic-samosa-patti-machine\/#breadcrumb\",\"itemListElement\":[{\"@type\":\"ListItem\",\"position\":1,\"name\":\"Home\",\"item\":\"https:\/\/www.springrollsolution.com\/\"},{\"@type\":\"ListItem\",\"position\":2,\"name\":\"Products\",\"item\":\"https:\/\/www.springrollsolution.com\/shop\/\"},{\"@type\":\"ListItem\",\"position\":3,\"name\":\"Automatic Samosa Patti(Samosa Strip) Machine 10\/3 inch\"}]},{\"@type\":\"WebSite\",\"@id\":\"https:\/\/www.springrollsolution.com\/#website\",\"url\":\"https:\/\/www.springrollsolution.com\/\",\"name\":\"Spring Roll Processing Machine\",\"description\":\"Spring roll processing solution provider\",\"publisher\":{\"@id\":\"https:\/\/www.springrollsolution.com\/#organization\"},\"potentialAction\":[{\"@type\":\"SearchAction\",\"target\":{\"@type\":\"EntryPoint\",\"urlTemplate\":\"https:\/\/www.springrollsolution.com\/?s={search_term_string}\"},\"query-input\":{\"@type\":\"PropertyValueSpecification\",\"valueRequired\":true,\"valueName\":\"search_term_string\"}}],\"inLanguage\":\"fr-FR\"},{\"@type\":\"Organization\",\"@id\":\"https:\/\/www.springrollsolution.com\/#organization\",\"name\":\"Spring Roll Processing Machine\",\"url\":\"https:\/\/www.springrollsolution.com\/\",\"logo\":{\"@type\":\"ImageObject\",\"inLanguage\":\"fr-FR\",\"@id\":\"https:\/\/www.springrollsolution.com\/#\/schema\/logo\/image\/\",\"url\":\"https:\/\/www.springrollsolution.com\/wp-content\/uploads\/2025\/05\/cropped-logo.png\",\"contentUrl\":\"https:\/\/www.springrollsolution.com\/wp-content\/uploads\/2025\/05\/cropped-logo.png\",\"width\":180,\"height\":60,\"caption\":\"Spring Roll Processing Machine\"},\"image\":{\"@id\":\"https:\/\/www.springrollsolution.com\/#\/schema\/logo\/image\/\"}},false]}<\/script>\n<!-- \/ Yoast SEO plugin. -->","yoast_head_json":{"title":"Machine automatique de fabrication de samosas pattis","description":"Cette machine \u00e0 samosa patti peut produire des samoas patti, des bandes de samosa \u00e0 grande capacit\u00e9. Enti\u00e8rement automatique, elle est facile \u00e0 utiliser et sa taille est r\u00e9glable.","robots":{"index":"index","follow":"follow","max-snippet":"max-snippet:-1","max-image-preview":"max-image-preview:large","max-video-preview":"max-video-preview:-1"},"canonical":"https:\/\/www.springrollsolution.com\/fr\/produit\/automatic-samosa-patti-machine\/","og_locale":"fr_FR","og_type":"article","og_title":"Automatic Samosa Patti(Samosa Strip) Machine 10\/3 inch","og_description":"This samosa patti machine can produce samoas patti, samosa strips in large capacity. Fully automaitc, easy to operate and adjustable in size.","og_url":"https:\/\/www.springrollsolution.com\/fr\/produit\/automatic-samosa-patti-machine\/","og_site_name":"Spring Roll Processing Machine","article_modified_time":"2025-09-16T09:41:27+00:00","og_image":[{"width":600,"height":600,"url":"https:\/\/www.springrollsolution.com\/wp-content\/uploads\/2022\/11\/243.jpg","type":"image\/jpeg"}],"twitter_card":"summary_large_image","twitter_misc":{"Dur\u00e9e de lecture estim\u00e9e":"2 minutes"},"schema":{"@context":"https:\/\/schema.org","@graph":[{"@type":"WebPage","@id":"https:\/\/www.springrollsolution.com\/product\/automatic-samosa-patti-machine\/","url":"https:\/\/www.springrollsolution.com\/product\/automatic-samosa-patti-machine\/","name":"Machine automatique de fabrication de samosas pattis","isPartOf":{"@id":"https:\/\/www.springrollsolution.com\/#website"},"primaryImageOfPage":{"@id":"https:\/\/www.springrollsolution.com\/product\/automatic-samosa-patti-machine\/#primaryimage"},"image":{"@id":"https:\/\/www.springrollsolution.com\/product\/automatic-samosa-patti-machine\/#primaryimage"},"thumbnailUrl":"https:\/\/www.springrollsolution.com\/wp-content\/uploads\/2022\/11\/243.jpg","datePublished":"2022-11-25T08:58:53+00:00","dateModified":"2025-09-16T09:41:27+00:00","description":"Cette machine \u00e0 samosa patti peut produire des samoas patti, des bandes de samosa \u00e0 grande capacit\u00e9. Enti\u00e8rement automatique, elle est facile \u00e0 utiliser et sa taille est r\u00e9glable.","breadcrumb":{"@id":"https:\/\/www.springrollsolution.com\/product\/automatic-samosa-patti-machine\/#breadcrumb"},"inLanguage":"fr-FR","potentialAction":[{"@type":"ReadAction","target":["https:\/\/www.springrollsolution.com\/product\/automatic-samosa-patti-machine\/"]}]},{"@type":"ImageObject","inLanguage":"fr-FR","@id":"https:\/\/www.springrollsolution.com\/product\/automatic-samosa-patti-machine\/#primaryimage","url":"https:\/\/www.springrollsolution.com\/wp-content\/uploads\/2022\/11\/243.jpg","contentUrl":"https:\/\/www.springrollsolution.com\/wp-content\/uploads\/2022\/11\/243.jpg","width":600,"height":600,"caption":"Samosa Patti Machine"},{"@type":"BreadcrumbList","@id":"https:\/\/www.springrollsolution.com\/product\/automatic-samosa-patti-machine\/#breadcrumb","itemListElement":[{"@type":"ListItem","position":1,"name":"Home","item":"https:\/\/www.springrollsolution.com\/"},{"@type":"ListItem","position":2,"name":"Products","item":"https:\/\/www.springrollsolution.com\/shop\/"},{"@type":"ListItem","position":3,"name":"Automatic Samosa Patti(Samosa Strip) Machine 10\/3 inch"}]},{"@type":"WebSite","@id":"https:\/\/www.springrollsolution.com\/#website","url":"https:\/\/www.springrollsolution.com\/","name":"Machine de traitement des rouleaux de printemps","description":"Fournisseur de solutions pour le traitement des rouleaux de printemps","publisher":{"@id":"https:\/\/www.springrollsolution.com\/#organization"},"potentialAction":[{"@type":"SearchAction","target":{"@type":"EntryPoint","urlTemplate":"https:\/\/www.springrollsolution.com\/?s={search_term_string}"},"query-input":{"@type":"PropertyValueSpecification","valueRequired":true,"valueName":"search_term_string"}}],"inLanguage":"fr-FR"},{"@type":"Organization","@id":"https:\/\/www.springrollsolution.com\/#organization","name":"Machine de traitement des rouleaux de printemps","url":"https:\/\/www.springrollsolution.com\/","logo":{"@type":"ImageObject","inLanguage":"fr-FR","@id":"https:\/\/www.springrollsolution.com\/#\/schema\/logo\/image\/","url":"https:\/\/www.springrollsolution.com\/wp-content\/uploads\/2025\/05\/cropped-logo.png","contentUrl":"https:\/\/www.springrollsolution.com\/wp-content\/uploads\/2025\/05\/cropped-logo.png","width":180,"height":60,"caption":"Spring Roll Processing Machine"},"image":{"@id":"https:\/\/www.springrollsolution.com\/#\/schema\/logo\/image\/"}},false]}},"yasr_visitor_votes":{"stars_attributes":{"read_only":false,"span_bottom":false},"number_of_votes":1,"sum_votes":5},"_links":{"self":[{"href":"https:\/\/www.springrollsolution.com\/fr\/wp-json\/wp\/v2\/product\/4723","targetHints":{"allow":["GET"]}}],"collection":[{"href":"https:\/\/www.springrollsolution.com\/fr\/wp-json\/wp\/v2\/product"}],"about":[{"href":"https:\/\/www.springrollsolution.com\/fr\/wp-json\/wp\/v2\/types\/product"}],"replies":[{"embeddable":true,"href":"https:\/\/www.springrollsolution.com\/fr\/wp-json\/wp\/v2\/comments?post=4723"}],"wp:featuredmedia":[{"embeddable":true,"href":"https:\/\/www.springrollsolution.com\/fr\/wp-json\/wp\/v2\/media\/4725"}],"wp:attachment":[{"href":"https:\/\/www.springrollsolution.com\/fr\/wp-json\/wp\/v2\/media?parent=4723"}],"wp:term":[{"taxonomy":"product_brand","embeddable":true,"href":"https:\/\/www.springrollsolution.com\/fr\/wp-json\/wp\/v2\/product_brand?post=4723"},{"taxonomy":"product_cat","embeddable":true,"href":"https:\/\/www.springrollsolution.com\/fr\/wp-json\/wp\/v2\/product_cat?post=4723"},{"taxonomy":"product_tag","embeddable":true,"href":"https:\/\/www.springrollsolution.com\/fr\/wp-json\/wp\/v2\/product_tag?post=4723"}],"curies":[{"name":"wp","href":"https:\/\/api.w.org\/{rel}","templated":true}]}}