{"id":3308,"date":"2022-06-27T17:08:22","date_gmt":"2022-06-27T09:08:22","guid":{"rendered":"https:\/\/www.springrollsolution.com\/?post_type=product&#038;p=3308"},"modified":"2025-11-24T19:11:21","modified_gmt":"2025-11-24T11:11:21","slug":"spring-roll-frying-machine","status":"publish","type":"product","link":"https:\/\/www.springrollsolution.com\/fr\/produit\/spring-roll-frying-machine\/","title":{"rendered":"Machine \u00e0 frire les rouleaux de printemps \u00e0 170-180 \u00b0C"},"content":{"rendered":"<p>La machine \u00e0 frire les rouleaux de printemps est largement utilis\u00e9e pour frire divers snacks, tels que les rouleaux de printemps, les samosas et d'autres produits. Elle peut fonctionner en continu et am\u00e9liorer l'efficacit\u00e9 du travail.<\/p>\n<p>Nos friteuses sont produites en diff\u00e9rents mod\u00e8les, qui sont recommand\u00e9s pour r\u00e9pondre aux besoins de nos clients. Nous pouvons \u00e9galement r\u00e9pondre \u00e0 des demandes personnalis\u00e9es.<\/p>\n<p><img fetchpriority=\"high\" decoding=\"async\" class=\"alignnone size-full wp-image-3311\" src=\"https:\/\/www.springrollsolution.com\/wp-content\/uploads\/2022\/06\/39.jpg\" alt=\"Machine \u00e0 frire les rouleaux de printemps\" width=\"700\" height=\"450\" srcset=\"https:\/\/www.springrollsolution.com\/wp-content\/uploads\/2022\/06\/39.jpg 700w, https:\/\/www.springrollsolution.com\/wp-content\/uploads\/2022\/06\/39-300x193.jpg 300w\" sizes=\"(max-width: 700px) 100vw, 700px\" \/><\/p>\n<h2>Caract\u00e9ristiques de la machine \u00e0 frire les rouleaux de printemps<\/h2>\n<ul>\n<li>La bande transporteuse en treillis adopte un moteur \u00e0 conversion de fr\u00e9quence, et la dur\u00e9e de friture peut \u00eatre r\u00e9gl\u00e9e librement en fonction du mat\u00e9riau.<\/li>\n<li>L'ensemble de la machine \u00e0 frire est fabriqu\u00e9 en acier inoxydable de haute qualit\u00e9 et est con\u00e7u avec une structure de rev\u00eatement ind\u00e9pendante et un cadre ext\u00e9rieur soud\u00e9.<\/li>\n<li>La hotte et la plaque \u00e0 cha\u00eene de la friteuse peuvent \u00eatre soulev\u00e9es ind\u00e9pendamment, ce qui facilite l'entretien et le nettoyage.<\/li>\n<li>Le processus de fabrication est exquis, la structure est durable et le foyer du br\u00fbleur est fabriqu\u00e9 \u00e0 partir d'un mat\u00e9riau sp\u00e9cial en acier inoxydable.<\/li>\n<li>La machine \u00e0 frire les rouleaux de printemps peut \u00eatre command\u00e9e par bouton ou par PLC, et le panneau de commande r\u00e9pond aux exigences d'\u00e9tanch\u00e9it\u00e9, ce qui est s\u00fbr et fiable.<\/li>\n<li>Il adopte un tube chauffant et un br\u00fbleur de pointe pour le chauffage, ce qui permet un chauffage rapide et une bonne stabilit\u00e9.<\/li>\n<li>La temp\u00e9rature de friture peut \u00eatre contr\u00f4l\u00e9e en fonction des exigences techniques des rouleaux de printemps, avec une grande efficacit\u00e9 d'utilisation de l'\u00e9nergie, des \u00e9conomies d'\u00e9nergie et la protection de l'environnement.<\/li>\n<\/ul>\n<p><img decoding=\"async\" class=\"alignnone size-full wp-image-3312\" src=\"https:\/\/www.springrollsolution.com\/wp-content\/uploads\/2022\/06\/40.jpg\" alt=\"Machine \u00e0 frire pour snacks\" width=\"700\" height=\"400\" srcset=\"https:\/\/www.springrollsolution.com\/wp-content\/uploads\/2022\/06\/40.jpg 700w, https:\/\/www.springrollsolution.com\/wp-content\/uploads\/2022\/06\/40-300x171.jpg 300w\" sizes=\"(max-width: 700px) 100vw, 700px\" \/><\/p>\n<h2><strong>Application de la machine \u00e0 frire en continu<\/strong><\/h2>\n<p>Cette friteuse de rouleaux de printemps peut non seulement \u00eatre utilis\u00e9e pour frire les rouleaux de printemps, mais convient \u00e9galement pour les samosas, les nuggets de poulet, la peau de poulet, la peau de poisson, les chips de ma\u00efs, le chin chin, la couenne de porc, le cracker de crevettes, le kuli kuli, le gyoza, le curry puff, les saltenas, les empanadas, les cacahu\u00e8tes, les f\u00e8ves, les haricots verts, les chips de pomme de terre, les frites et ainsi de suite.<\/p>\n<p>&nbsp;<\/p>\n<h2><strong>Comment pr\u00e9parer des rouleaux de printemps croustillants<\/strong><\/h2>\n<p><iframe title=\"Ligne de friture de rouleaux de printemps en continu|Shakar Pali Machine Price #shorts\" width=\"500\" height=\"281\" src=\"https:\/\/www.youtube.com\/embed\/K_G04uJlohA?feature=oembed\" frameborder=\"0\" allow=\"accelerometer; autoplay; clipboard-write; encrypted-media; gyroscope; picture-in-picture; web-share\" referrerpolicy=\"strict-origin-when-cross-origin\" allowfullscreen><\/iframe><\/p>\n<p>&nbsp;<\/p>\n<h2><strong>Avantages de la machine \u00e0 frire les rouleaux de printemps<\/strong><\/h2>\n<ol>\n<li>Nos panneaux de contr\u00f4le peuvent \u00eatre multilingues. Le client fournit des traductions standard et nous les ajoutons.<\/li>\n<li>Pour les services techniques de l'ensemble de la cha\u00eene de production de fritures, nous fournissons des conseils sur les processus, des exp\u00e9riences sur les processus, des conseils sur l'installation, un service apr\u00e8s-vente, etc.<\/li>\n<li>Gr\u00e2ce \u00e0 la conception de l'alimentation automatique, les rouleaux de printemps peuvent \u00eatre d\u00e9pos\u00e9s directement dans la friteuse, ce qui \u00e9vite le probl\u00e8me du transport des mat\u00e9riaux et permet d'\u00e9conomiser des co\u00fbts.<\/li>\n<li>Par rapport \u00e0 la m\u00eame qualit\u00e9 de produit d'autres fabricants, le prix de notre machine est plus rentable.<\/li>\n<li>La consommation d'huile g\u00e9n\u00e9rale de la friteuse est de 20%, la n\u00f4tre est de 15%. Machine \u00e0 frire \u00e0 l'huile pure, ajoutant un m\u00e9canisme de circulation de l'huile et un syst\u00e8me de filtrage de l'huile. Elle est \u00e9galement d\u00e9termin\u00e9e en fonction des caract\u00e9ristiques du mat\u00e9riau.<\/li>\n<\/ol>\n<p>&nbsp;<\/p>\n<h3>Param\u00e8tres techniques<\/h3>\n<table border=\"0\" cellspacing=\"0\" cellpadding=\"0\">\n<tbody>\n<tr>\n<td>Mod\u00e8le<\/td>\n<td>GG-LZE3500A<\/td>\n<\/tr>\n<tr>\n<td>Type de chauffage<\/td>\n<td>\u00c9lectrique<\/td>\n<\/tr>\n<tr>\n<td>Puissance<\/td>\n<td>Convoyeur 1,5, Palan 0,75, Chauffage 100 KW<\/td>\n<\/tr>\n<tr>\n<td>Taille<\/td>\n<td>3700*1400*2300 MM<\/td>\n<\/tr>\n<tr>\n<td>Poids<\/td>\n<td>800 KG<\/td>\n<\/tr>\n<tr>\n<td>Capacit\u00e9<\/td>\n<td>200 KG\/H<\/td>\n<\/tr>\n<tr>\n<td>Largeur de la bande de maille<\/td>\n<td>800 MM<\/td>\n<\/tr>\n<tr>\n<td>D\u00e9charge d'huile<\/td>\n<td>800L<\/td>\n<\/tr>\n<\/tbody>\n<\/table>\n<h3><\/h3>\n<h3><strong>Envoyer une demande de devis gratuit<\/strong><\/h3>\n\n<div class=\"wpcf7 no-js\" id=\"wpcf7-f3214-o1\" lang=\"en-US\" dir=\"ltr\" data-wpcf7-id=\"3214\">\n<div class=\"screen-reader-response\"><p role=\"status\" aria-live=\"polite\" aria-atomic=\"true\"><\/p> <ul><\/ul><\/div>\n<form action=\"\/fr\/wp-json\/wp\/v2\/product\/3308#wpcf7-f3214-o1\" method=\"post\" class=\"wpcf7-form init\" aria-label=\"Formulaire de contact\" novalidate=\"novalidate\" data-status=\"init\" data-trp-original-action=\"\/fr\/wp-json\/wp\/v2\/product\/3308#wpcf7-f3214-o1\">\n<fieldset class=\"hidden-fields-container\"><input type=\"hidden\" name=\"_wpcf7\" value=\"3214\" \/><input type=\"hidden\" name=\"_wpcf7_version\" value=\"6.1.5\" \/><input type=\"hidden\" name=\"_wpcf7_locale\" value=\"en_US\" \/><input type=\"hidden\" name=\"_wpcf7_unit_tag\" value=\"wpcf7-f3214-o1\" \/><input type=\"hidden\" name=\"_wpcf7_container_post\" value=\"0\" \/><input type=\"hidden\" name=\"_wpcf7_posted_data_hash\" value=\"\" \/>\n<\/fieldset>\n<p><label> Votre nom*<br \/>\n<span class=\"wpcf7-form-control-wrap\" data-name=\"your-name\"><input size=\"40\" maxlength=\"400\" class=\"wpcf7-form-control wpcf7-text wpcf7-validates-as-required\" aria-required=\"true\" aria-invalid=\"false\" value=\"\" type=\"text\" name=\"your-name\" \/><\/span> <\/label>\n<\/p>\n<p><label> Votre pays<br \/>\n<span class=\"wpcf7-form-control-wrap\" data-name=\"your-country\"><input size=\"40\" maxlength=\"400\" class=\"wpcf7-form-control wpcf7-text\" aria-invalid=\"false\" value=\"\" type=\"text\" name=\"your-country\" \/><\/span> <\/label>\n<\/p>\n<p><label> Votre courriel*<br \/>\n<span class=\"wpcf7-form-control-wrap\" data-name=\"your-email\"><input size=\"40\" maxlength=\"400\" class=\"wpcf7-form-control wpcf7-email wpcf7-validates-as-required wpcf7-text wpcf7-validates-as-email\" aria-required=\"true\" aria-invalid=\"false\" value=\"\" type=\"email\" name=\"your-email\" \/><\/span> <\/label>\n<\/p>\n<p><label> Votre t\u00e9l\u00e9phone<br \/>\n<span class=\"wpcf7-form-control-wrap\" data-name=\"your-phone\"><input size=\"40\" maxlength=\"400\" class=\"wpcf7-form-control wpcf7-tel wpcf7-text wpcf7-validates-as-tel\" aria-invalid=\"false\" value=\"\" type=\"tel\" name=\"your-phone\" \/><\/span> <\/label>\n<\/p>\n<p><label> Nom de l'entreprise<br \/>\n<span class=\"wpcf7-form-control-wrap\" data-name=\"text-457\"><input size=\"40\" maxlength=\"400\" class=\"wpcf7-form-control wpcf7-text\" aria-invalid=\"false\" value=\"\" type=\"text\" name=\"text-457\" \/><\/span> <\/label>\n<\/p>\n<p><label> Le site web de votre entreprise<br \/>\n<span class=\"wpcf7-form-control-wrap\" data-name=\"text-546\"><input size=\"40\" maxlength=\"400\" class=\"wpcf7-form-control wpcf7-text\" aria-invalid=\"false\" value=\"\" type=\"text\" name=\"text-546\" \/><\/span> <\/label>\n<\/p>\n<p><label> Votre demande*<br \/>\n<span class=\"wpcf7-form-control-wrap\" data-name=\"your-requirement\"><textarea cols=\"40\" rows=\"10\" maxlength=\"2000\" class=\"wpcf7-form-control wpcf7-textarea wpcf7-validates-as-required\" aria-required=\"true\" aria-invalid=\"false\" name=\"your-requirement\"><\/textarea><\/span> <\/label>\n<\/p>\n<p><input class=\"wpcf7-form-control wpcf7-submit has-spinner\" type=\"submit\" value=\"Soumettre\" \/>\n<\/p>\n<div style=\"clear:both\">\n<\/div><p style=\"display: none !important;\" class=\"akismet-fields-container\" data-prefix=\"_wpcf7_ak_\"><label>&#916;<textarea name=\"_wpcf7_ak_hp_textarea\" cols=\"45\" rows=\"8\" maxlength=\"100\"><\/textarea><\/label><input type=\"hidden\" id=\"ak_js_1\" name=\"_wpcf7_ak_js\" value=\"248\"\/><script>document.getElementById( \"ak_js_1\" ).setAttribute( \"value\", ( new Date() ).getTime() );<\/script><\/p><div class=\"wpcf7-response-output\" aria-hidden=\"true\"><\/div>\n<input type=\"hidden\" name=\"trp-form-language\" value=\"fr\"\/><\/form>\n<\/div>\n\n<div style='text-align:left' class='yasr-auto-insert-visitor'><\/div>","protected":false},"excerpt":{"rendered":"<ul>\n<li>Modes de chauffage : \u00c9lectrique\/Gaz<\/li>\n<li>Courriel\u00a0: lisa@gelgoog.com<\/li>\n<li>WhatsApp : <a href=\"https:\/\/wa.me\/8615515571373\"><strong>+8615515571373<\/strong><\/a><\/li>\n<li><\/li>\n<\/ul>","protected":false},"featured_media":3310,"comment_status":"open","ping_status":"closed","template":"","meta":{"site-sidebar-layout":"default","site-content-layout":"default","ast-site-content-layout":"default","site-content-style":"default","site-sidebar-style":"default","ast-global-header-display":"","ast-banner-title-visibility":"","ast-main-header-display":"","ast-hfb-above-header-display":"","ast-hfb-below-header-display":"","ast-hfb-mobile-header-display":"","site-post-title":"","ast-breadcrumbs-content":"","ast-featured-img":"","footer-sml-layout":"","theme-transparent-header-meta":"default","adv-header-id-meta":"","stick-header-meta":"","header-above-stick-meta":"","header-main-stick-meta":"","header-below-stick-meta":"","astra-migrate-meta-layouts":"set","ast-page-background-enabled":"default","ast-page-background-meta":{"desktop":{"background-color":"","background-image":"","background-repeat":"repeat","background-position":"center center","background-size":"auto","background-attachment":"scroll","background-type":"","background-media":"","overlay-type":"","overlay-color":"","overlay-opacity":"","overlay-gradient":""},"tablet":{"background-color":"","background-image":"","background-repeat":"repeat","background-position":"center center","background-size":"auto","background-attachment":"scroll","background-type":"","background-media":"","overlay-type":"","overlay-color":"","overlay-opacity":"","overlay-gradient":""},"mobile":{"background-color":"","background-image":"","background-repeat":"repeat","background-position":"center center","background-size":"auto","background-attachment":"scroll","background-type":"","background-media":"","overlay-type":"","overlay-color":"","overlay-opacity":"","overlay-gradient":""}},"ast-content-background-meta":{"desktop":{"background-color":"var(--ast-global-color-5)","background-image":"","background-repeat":"repeat","background-position":"center center","background-size":"auto","background-attachment":"scroll","background-type":"","background-media":"","overlay-type":"","overlay-color":"","overlay-opacity":"","overlay-gradient":""},"tablet":{"background-color":"var(--ast-global-color-5)","background-image":"","background-repeat":"repeat","background-position":"center center","background-size":"auto","background-attachment":"scroll","background-type":"","background-media":"","overlay-type":"","overlay-color":"","overlay-opacity":"","overlay-gradient":""},"mobile":{"background-color":"var(--ast-global-color-5)","background-image":"","background-repeat":"repeat","background-position":"center center","background-size":"auto","background-attachment":"scroll","background-type":"","background-media":"","overlay-type":"","overlay-color":"","overlay-opacity":"","overlay-gradient":""}},"yasr_overall_rating":5,"yasr_post_is_review":"","yasr_auto_insert_disabled":"","yasr_review_type":""},"product_brand":[],"product_cat":[26],"product_tag":[],"class_list":{"0":"post-3308","1":"product","2":"type-product","3":"status-publish","4":"has-post-thumbnail","6":"product_cat-related-machine","7":"desktop-align-left","8":"tablet-align-left","9":"mobile-align-left","11":"first","12":"instock","13":"shipping-taxable","14":"product-type-simple"},"yoast_head":"<!-- This site is optimized with the Yoast SEO plugin v26.4 - https:\/\/yoast.com\/wordpress\/plugins\/seo\/ -->\n<title>Continuous Spring Roll Frying Machine with 170-180\u2103<\/title>\n<meta name=\"description\" content=\"This continuous frying machine is suitable for frying spring rolls, samosa, lumpia and other product. Wide application range and high efficiency.\" \/>\n<meta name=\"robots\" content=\"index, follow, max-snippet:-1, max-image-preview:large, max-video-preview:-1\" \/>\n<link rel=\"canonical\" href=\"https:\/\/www.springrollsolution.com\/fr\/produit\/spring-roll-frying-machine\/\" \/>\n<meta property=\"og:locale\" content=\"fr_FR\" \/>\n<meta property=\"og:type\" content=\"article\" \/>\n<meta property=\"og:title\" content=\"Continuous Spring Roll Frying Machine with 170-180\u2103\" \/>\n<meta property=\"og:description\" content=\"This continuous frying machine is suitable for frying spring rolls, samosa, lumpia and other product. Wide application range and high efficiency.\" \/>\n<meta property=\"og:url\" content=\"https:\/\/www.springrollsolution.com\/fr\/produit\/spring-roll-frying-machine\/\" \/>\n<meta property=\"og:site_name\" content=\"Spring Roll Processing Machine\" \/>\n<meta property=\"article:modified_time\" content=\"2025-11-24T11:11:21+00:00\" \/>\n<meta property=\"og:image\" content=\"https:\/\/www.springrollsolution.com\/wp-content\/uploads\/2022\/06\/38.jpg\" \/>\n\t<meta property=\"og:image:width\" content=\"600\" \/>\n\t<meta property=\"og:image:height\" content=\"600\" \/>\n\t<meta property=\"og:image:type\" content=\"image\/jpeg\" \/>\n<meta name=\"twitter:card\" content=\"summary_large_image\" \/>\n<meta name=\"twitter:label1\" content=\"Dur\u00e9e de lecture estim\u00e9e\" \/>\n\t<meta name=\"twitter:data1\" content=\"3 minutes\" \/>\n<script type=\"application\/ld+json\" class=\"yoast-schema-graph\">{\"@context\":\"https:\/\/schema.org\",\"@graph\":[{\"@type\":\"WebPage\",\"@id\":\"https:\/\/www.springrollsolution.com\/product\/spring-roll-frying-machine\/\",\"url\":\"https:\/\/www.springrollsolution.com\/product\/spring-roll-frying-machine\/\",\"name\":\"Continuous Spring Roll Frying Machine with 170-180\u2103\",\"isPartOf\":{\"@id\":\"https:\/\/www.springrollsolution.com\/#website\"},\"primaryImageOfPage\":{\"@id\":\"https:\/\/www.springrollsolution.com\/product\/spring-roll-frying-machine\/#primaryimage\"},\"image\":{\"@id\":\"https:\/\/www.springrollsolution.com\/product\/spring-roll-frying-machine\/#primaryimage\"},\"thumbnailUrl\":\"https:\/\/www.springrollsolution.com\/wp-content\/uploads\/2022\/06\/38.jpg\",\"datePublished\":\"2022-06-27T09:08:22+00:00\",\"dateModified\":\"2025-11-24T11:11:21+00:00\",\"description\":\"This continuous frying machine is suitable for frying spring rolls, samosa, lumpia and other product. Wide application range and high efficiency.\",\"breadcrumb\":{\"@id\":\"https:\/\/www.springrollsolution.com\/product\/spring-roll-frying-machine\/#breadcrumb\"},\"inLanguage\":\"fr-FR\",\"potentialAction\":[{\"@type\":\"ReadAction\",\"target\":[\"https:\/\/www.springrollsolution.com\/product\/spring-roll-frying-machine\/\"]}]},{\"@type\":\"ImageObject\",\"inLanguage\":\"fr-FR\",\"@id\":\"https:\/\/www.springrollsolution.com\/product\/spring-roll-frying-machine\/#primaryimage\",\"url\":\"https:\/\/www.springrollsolution.com\/wp-content\/uploads\/2022\/06\/38.jpg\",\"contentUrl\":\"https:\/\/www.springrollsolution.com\/wp-content\/uploads\/2022\/06\/38.jpg\",\"width\":600,\"height\":600,\"caption\":\"Spring Roll Frying Machine\"},{\"@type\":\"BreadcrumbList\",\"@id\":\"https:\/\/www.springrollsolution.com\/product\/spring-roll-frying-machine\/#breadcrumb\",\"itemListElement\":[{\"@type\":\"ListItem\",\"position\":1,\"name\":\"Home\",\"item\":\"https:\/\/www.springrollsolution.com\/\"},{\"@type\":\"ListItem\",\"position\":2,\"name\":\"Products\",\"item\":\"https:\/\/www.springrollsolution.com\/shop\/\"},{\"@type\":\"ListItem\",\"position\":3,\"name\":\"Continuous Spring Roll Frying Machine with 170-180\u2103\"}]},{\"@type\":\"WebSite\",\"@id\":\"https:\/\/www.springrollsolution.com\/#website\",\"url\":\"https:\/\/www.springrollsolution.com\/\",\"name\":\"Spring Roll Processing Machine\",\"description\":\"Spring roll processing solution provider\",\"publisher\":{\"@id\":\"https:\/\/www.springrollsolution.com\/#organization\"},\"potentialAction\":[{\"@type\":\"SearchAction\",\"target\":{\"@type\":\"EntryPoint\",\"urlTemplate\":\"https:\/\/www.springrollsolution.com\/?s={search_term_string}\"},\"query-input\":{\"@type\":\"PropertyValueSpecification\",\"valueRequired\":true,\"valueName\":\"search_term_string\"}}],\"inLanguage\":\"fr-FR\"},{\"@type\":\"Organization\",\"@id\":\"https:\/\/www.springrollsolution.com\/#organization\",\"name\":\"Spring Roll Processing Machine\",\"url\":\"https:\/\/www.springrollsolution.com\/\",\"logo\":{\"@type\":\"ImageObject\",\"inLanguage\":\"fr-FR\",\"@id\":\"https:\/\/www.springrollsolution.com\/#\/schema\/logo\/image\/\",\"url\":\"https:\/\/www.springrollsolution.com\/wp-content\/uploads\/2025\/05\/cropped-logo.png\",\"contentUrl\":\"https:\/\/www.springrollsolution.com\/wp-content\/uploads\/2025\/05\/cropped-logo.png\",\"width\":180,\"height\":60,\"caption\":\"Spring Roll Processing Machine\"},\"image\":{\"@id\":\"https:\/\/www.springrollsolution.com\/#\/schema\/logo\/image\/\"}},false]}<\/script>\n<!-- \/ Yoast SEO plugin. -->","yoast_head_json":{"title":"Machine \u00e0 frire les rouleaux de printemps \u00e0 170-180 \u00b0C","description":"Cette machine \u00e0 frire en continu convient \u00e0 la friture de rouleaux de printemps, de samoussas, de lumpia et d'autres produits. Large gamme d'applications et haute efficacit\u00e9.","robots":{"index":"index","follow":"follow","max-snippet":"max-snippet:-1","max-image-preview":"max-image-preview:large","max-video-preview":"max-video-preview:-1"},"canonical":"https:\/\/www.springrollsolution.com\/fr\/produit\/spring-roll-frying-machine\/","og_locale":"fr_FR","og_type":"article","og_title":"Continuous Spring Roll Frying Machine with 170-180\u2103","og_description":"This continuous frying machine is suitable for frying spring rolls, samosa, lumpia and other product. Wide application range and high efficiency.","og_url":"https:\/\/www.springrollsolution.com\/fr\/produit\/spring-roll-frying-machine\/","og_site_name":"Spring Roll Processing Machine","article_modified_time":"2025-11-24T11:11:21+00:00","og_image":[{"width":600,"height":600,"url":"https:\/\/www.springrollsolution.com\/wp-content\/uploads\/2022\/06\/38.jpg","type":"image\/jpeg"}],"twitter_card":"summary_large_image","twitter_misc":{"Dur\u00e9e de lecture estim\u00e9e":"3 minutes"},"schema":{"@context":"https:\/\/schema.org","@graph":[{"@type":"WebPage","@id":"https:\/\/www.springrollsolution.com\/product\/spring-roll-frying-machine\/","url":"https:\/\/www.springrollsolution.com\/product\/spring-roll-frying-machine\/","name":"Machine \u00e0 frire les rouleaux de printemps \u00e0 170-180 \u00b0C","isPartOf":{"@id":"https:\/\/www.springrollsolution.com\/#website"},"primaryImageOfPage":{"@id":"https:\/\/www.springrollsolution.com\/product\/spring-roll-frying-machine\/#primaryimage"},"image":{"@id":"https:\/\/www.springrollsolution.com\/product\/spring-roll-frying-machine\/#primaryimage"},"thumbnailUrl":"https:\/\/www.springrollsolution.com\/wp-content\/uploads\/2022\/06\/38.jpg","datePublished":"2022-06-27T09:08:22+00:00","dateModified":"2025-11-24T11:11:21+00:00","description":"Cette machine \u00e0 frire en continu convient \u00e0 la friture de rouleaux de printemps, de samoussas, de lumpia et d'autres produits. Large gamme d'applications et haute efficacit\u00e9.","breadcrumb":{"@id":"https:\/\/www.springrollsolution.com\/product\/spring-roll-frying-machine\/#breadcrumb"},"inLanguage":"fr-FR","potentialAction":[{"@type":"ReadAction","target":["https:\/\/www.springrollsolution.com\/product\/spring-roll-frying-machine\/"]}]},{"@type":"ImageObject","inLanguage":"fr-FR","@id":"https:\/\/www.springrollsolution.com\/product\/spring-roll-frying-machine\/#primaryimage","url":"https:\/\/www.springrollsolution.com\/wp-content\/uploads\/2022\/06\/38.jpg","contentUrl":"https:\/\/www.springrollsolution.com\/wp-content\/uploads\/2022\/06\/38.jpg","width":600,"height":600,"caption":"Spring Roll Frying Machine"},{"@type":"BreadcrumbList","@id":"https:\/\/www.springrollsolution.com\/product\/spring-roll-frying-machine\/#breadcrumb","itemListElement":[{"@type":"ListItem","position":1,"name":"Home","item":"https:\/\/www.springrollsolution.com\/"},{"@type":"ListItem","position":2,"name":"Products","item":"https:\/\/www.springrollsolution.com\/shop\/"},{"@type":"ListItem","position":3,"name":"Continuous Spring Roll Frying Machine with 170-180\u2103"}]},{"@type":"WebSite","@id":"https:\/\/www.springrollsolution.com\/#website","url":"https:\/\/www.springrollsolution.com\/","name":"Machine de traitement des rouleaux de printemps","description":"Fournisseur de solutions pour le traitement des rouleaux de printemps","publisher":{"@id":"https:\/\/www.springrollsolution.com\/#organization"},"potentialAction":[{"@type":"SearchAction","target":{"@type":"EntryPoint","urlTemplate":"https:\/\/www.springrollsolution.com\/?s={search_term_string}"},"query-input":{"@type":"PropertyValueSpecification","valueRequired":true,"valueName":"search_term_string"}}],"inLanguage":"fr-FR"},{"@type":"Organization","@id":"https:\/\/www.springrollsolution.com\/#organization","name":"Machine de traitement des rouleaux de printemps","url":"https:\/\/www.springrollsolution.com\/","logo":{"@type":"ImageObject","inLanguage":"fr-FR","@id":"https:\/\/www.springrollsolution.com\/#\/schema\/logo\/image\/","url":"https:\/\/www.springrollsolution.com\/wp-content\/uploads\/2025\/05\/cropped-logo.png","contentUrl":"https:\/\/www.springrollsolution.com\/wp-content\/uploads\/2025\/05\/cropped-logo.png","width":180,"height":60,"caption":"Spring Roll Processing Machine"},"image":{"@id":"https:\/\/www.springrollsolution.com\/#\/schema\/logo\/image\/"}},false]}},"yasr_visitor_votes":{"stars_attributes":{"read_only":false,"span_bottom":false},"number_of_votes":1,"sum_votes":5},"_links":{"self":[{"href":"https:\/\/www.springrollsolution.com\/fr\/wp-json\/wp\/v2\/product\/3308","targetHints":{"allow":["GET"]}}],"collection":[{"href":"https:\/\/www.springrollsolution.com\/fr\/wp-json\/wp\/v2\/product"}],"about":[{"href":"https:\/\/www.springrollsolution.com\/fr\/wp-json\/wp\/v2\/types\/product"}],"replies":[{"embeddable":true,"href":"https:\/\/www.springrollsolution.com\/fr\/wp-json\/wp\/v2\/comments?post=3308"}],"wp:featuredmedia":[{"embeddable":true,"href":"https:\/\/www.springrollsolution.com\/fr\/wp-json\/wp\/v2\/media\/3310"}],"wp:attachment":[{"href":"https:\/\/www.springrollsolution.com\/fr\/wp-json\/wp\/v2\/media?parent=3308"}],"wp:term":[{"taxonomy":"product_brand","embeddable":true,"href":"https:\/\/www.springrollsolution.com\/fr\/wp-json\/wp\/v2\/product_brand?post=3308"},{"taxonomy":"product_cat","embeddable":true,"href":"https:\/\/www.springrollsolution.com\/fr\/wp-json\/wp\/v2\/product_cat?post=3308"},{"taxonomy":"product_tag","embeddable":true,"href":"https:\/\/www.springrollsolution.com\/fr\/wp-json\/wp\/v2\/product_tag?post=3308"}],"curies":[{"name":"wp","href":"https:\/\/api.w.org\/{rel}","templated":true}]}}