{"id":3302,"date":"2022-06-27T16:56:04","date_gmt":"2022-06-27T08:56:04","guid":{"rendered":"https:\/\/www.springrollsolution.com\/?post_type=product&#038;p=3302"},"modified":"2024-08-16T10:16:20","modified_gmt":"2024-08-16T02:16:20","slug":"spring-roll-pastry-machine","status":"publish","type":"product","link":"https:\/\/www.springrollsolution.com\/fr\/produit\/spring-roll-pastry-machine\/","title":{"rendered":"Machine automatique pour p\u00e2te \u00e0 rouleaux de printemps"},"content":{"rendered":"<p>La machine \u00e0 p\u00e2te \u00e0 rouleaux de printemps peut produire des feuilles de p\u00e2te de rouleau de printemps rondes, carr\u00e9es et d'autres formes, et la plage de r\u00e9glage de l'\u00e9paisseur est de 0,2 \u00e0 2 mm.<\/p>\n<p>L'ensemble de la machine est fabriqu\u00e9 en acier inoxydable de qualit\u00e9 alimentaire, ce qui garantit l'hygi\u00e8ne et la s\u00e9curit\u00e9 des p\u00e2tisseries \u00e0 base de rouleaux de printemps produites par les clients.<\/p>\n<p><img fetchpriority=\"high\" decoding=\"async\" class=\"alignnone size-full wp-image-3304\" src=\"https:\/\/www.springrollsolution.com\/wp-content\/uploads\/2022\/06\/36.jpg\" alt=\"Machine \u00e0 fabriquer des rouleaux de printemps\" width=\"700\" height=\"400\" srcset=\"https:\/\/www.springrollsolution.com\/wp-content\/uploads\/2022\/06\/36.jpg 700w, https:\/\/www.springrollsolution.com\/wp-content\/uploads\/2022\/06\/36-300x171.jpg 300w\" sizes=\"(max-width: 700px) 100vw, 700px\" \/><\/p>\n<h2><strong>Partie de la machine automatique pour p\u00e2te \u00e0 rouleaux de printemps<\/strong><\/h2>\n<p>La machine comprend principalement la cuisson, le remplissage, la transmission, le refroidissement, la coupe, le comptage et d'autres parties. Lorsque la machine fonctionne, la p\u00e2te est vers\u00e9e dans le seau, et la p\u00e2te est soulev\u00e9e vers la buse par la pompe de levage, attach\u00e9e \u00e0 la roue de cuisson lisse, et la feuille de p\u00e2te de rouleau de printemps se forme. Les feuilles de p\u00e2te \u00e0 rouleaux de printemps sont ensuite coup\u00e9es, compt\u00e9es, empil\u00e9es, emball\u00e9es et vendues.<\/p>\n<p>&nbsp;<\/p>\n<h2><strong>Application de la machine \u00e0 p\u00e2tisserie pour rouleaux de printemps<\/strong><\/h2>\n<p>Cette machine automatique est polyvalente et peut produire des feuilles de p\u00e2te \u00e0 rouleaux de printemps, des peaux de samosa, des cr\u00eapes, des pancakes et d'autres aliments en feuilles selon les besoins des clients. Diff\u00e9rentes recettes sont disponibles.<\/p>\n<p><img decoding=\"async\" class=\"alignnone size-full wp-image-3305\" src=\"https:\/\/www.springrollsolution.com\/wp-content\/uploads\/2022\/06\/37.jpg\" alt=\"Rouleaux de printemps\" width=\"700\" height=\"400\" srcset=\"https:\/\/www.springrollsolution.com\/wp-content\/uploads\/2022\/06\/37.jpg 700w, https:\/\/www.springrollsolution.com\/wp-content\/uploads\/2022\/06\/37-300x171.jpg 300w\" sizes=\"(max-width: 700px) 100vw, 700px\" \/><\/p>\n<h2>Avantages de la machine \u00e0 p\u00e2te \u00e0 rouleaux de printemps<\/h2>\n<ul>\n<li>La bobine elle-m\u00eame ne g\u00e9n\u00e8re pas de chaleur, le retard thermique est faible, l'inertie thermique est faible, la temp\u00e9rature des parois internes et externes du tonneau est constante, le contr\u00f4le de la temp\u00e9rature est en temps r\u00e9el et pr\u00e9cis, et l'efficacit\u00e9 de la production de la machine est \u00e9lev\u00e9e.<\/li>\n<li>La chaleur est concentr\u00e9e \u00e0 l'int\u00e9rieur du corps de chauffe de la machine \u00e0 p\u00e2tisserie pour rouleaux de printemps, et la consommation de chaleur externe est faible. La temp\u00e9rature ambiante est ramen\u00e9e \u00e0 une temp\u00e9rature normale, alors qu'elle \u00e9tait sup\u00e9rieure \u00e0 100\u00b0C pendant le chauffage. Am\u00e9liore efficacement l'enthousiasme des travailleurs de la production et r\u00e9duit le co\u00fbt de la ventilation et du refroidissement dans la zone estivale de l'usine.<\/li>\n<li>Vous pouvez choisir un syst\u00e8me d'exploitation PLC intelligent, une commande par \u00e9cran tactile. Il est possible de basculer entre le chinois et l'anglais, ce qui facilite l'utilisation. La machine est \u00e9quip\u00e9e d'un syst\u00e8me d'alarme automatique en cas de d\u00e9faillance.<\/li>\n<li>La machine automatique \u00e0 p\u00e2te \u00e0 rouleaux de printemps peut compl\u00e9ter automatiquement les processus de m\u00e9lange, de formation, de refroidissement \u00e0 l'air et autres processus des enveloppes.<\/li>\n<\/ul>\n<p>&nbsp;<\/p>\n<h3><strong>Comment pr\u00e9parer la p\u00e2te \u00e0 rouleaux de printemps<\/strong><\/h3>\n<p><iframe title=\"Machine \u00e0 fabriquer des rouleaux de printemps (p\u00e2tisserie)\" width=\"500\" height=\"281\" src=\"https:\/\/www.youtube.com\/embed\/SFKnLoYI07g?feature=oembed\" frameborder=\"0\" allow=\"accelerometer; autoplay; clipboard-write; encrypted-media; gyroscope; picture-in-picture; web-share\" referrerpolicy=\"strict-origin-when-cross-origin\" allowfullscreen><\/iframe><\/p>\n<p>&nbsp;<\/p>\n<p>Notre soci\u00e9t\u00e9 est sp\u00e9cialis\u00e9e dans les machine automatique pour p\u00e2te \u00e0 rouleaux de printemps. Nous avons de nombreuses ann\u00e9es d'exp\u00e9rience dans la fabrication de machines alimentaires. Nous avons de nombreux clients \u00e9trangers de qualit\u00e9 sup\u00e9rieure. Nous nous effor\u00e7ons de fournir \u00e0 nos clients une excellente qualit\u00e9 et des services remarquables.<\/p>\n<p>En tant que fournisseur professionnel de solutions de rouleaux de printemps, notre usine dispose de diff\u00e9rents types de machine \u00e0 p\u00e2te \u00e0 rouleaux de printemps. Que vous soyez une nouvelle entreprise ou une entreprise en expansion, si vous \u00eates int\u00e9ress\u00e9s par nos \u00e9quipements, veuillez nous appeler ou nous laisser un message.<\/p>\n<p>&nbsp;<\/p>\n<h3><strong>Param\u00e8tres techniques<\/strong><\/h3>\n<table border=\"1\" cellspacing=\"0\">\n<tbody>\n<tr>\n<td>Mod\u00e8le<\/td>\n<td>GGSR-12060Y\/F<\/td>\n<\/tr>\n<tr>\n<td>Tension<\/td>\n<td>380V\/220V<\/td>\n<\/tr>\n<tr>\n<td>Capacit\u00e9<\/td>\n<td>4500-7000PCS\/H<\/td>\n<\/tr>\n<tr>\n<td>Puissance<\/td>\n<td>69KW<\/td>\n<\/tr>\n<tr>\n<td>M\u00e9thode de chauffage<\/td>\n<td>\u00c9lectricit\u00e9 et gaz<\/td>\n<\/tr>\n<tr>\n<td>Dimension<\/td>\n<td>3800*1100*2000MM<\/td>\n<\/tr>\n<\/tbody>\n<\/table>\n<p>&nbsp;<\/p>\n<h3><strong>Envoyer une demande de devis gratuit<\/strong><\/h3>\n\n<div class=\"wpcf7 no-js\" id=\"wpcf7-f3214-o1\" lang=\"en-US\" dir=\"ltr\" data-wpcf7-id=\"3214\">\n<div class=\"screen-reader-response\"><p role=\"status\" aria-live=\"polite\" aria-atomic=\"true\"><\/p> <ul><\/ul><\/div>\n<form action=\"\/fr\/wp-json\/wp\/v2\/product\/3302#wpcf7-f3214-o1\" method=\"post\" class=\"wpcf7-form init\" aria-label=\"Formulaire de contact\" novalidate=\"novalidate\" data-status=\"init\" data-trp-original-action=\"\/fr\/wp-json\/wp\/v2\/product\/3302#wpcf7-f3214-o1\">\n<fieldset class=\"hidden-fields-container\"><input type=\"hidden\" name=\"_wpcf7\" value=\"3214\" \/><input type=\"hidden\" name=\"_wpcf7_version\" value=\"6.1.5\" \/><input type=\"hidden\" name=\"_wpcf7_locale\" value=\"en_US\" \/><input type=\"hidden\" name=\"_wpcf7_unit_tag\" value=\"wpcf7-f3214-o1\" \/><input type=\"hidden\" name=\"_wpcf7_container_post\" value=\"0\" \/><input type=\"hidden\" name=\"_wpcf7_posted_data_hash\" value=\"\" \/>\n<\/fieldset>\n<p><label> Votre nom*<br \/>\n<span class=\"wpcf7-form-control-wrap\" data-name=\"your-name\"><input size=\"40\" maxlength=\"400\" class=\"wpcf7-form-control wpcf7-text wpcf7-validates-as-required\" aria-required=\"true\" aria-invalid=\"false\" value=\"\" type=\"text\" name=\"your-name\" \/><\/span> <\/label>\n<\/p>\n<p><label> Votre pays<br \/>\n<span class=\"wpcf7-form-control-wrap\" data-name=\"your-country\"><input size=\"40\" maxlength=\"400\" class=\"wpcf7-form-control wpcf7-text\" aria-invalid=\"false\" value=\"\" type=\"text\" name=\"your-country\" \/><\/span> <\/label>\n<\/p>\n<p><label> Votre courriel*<br \/>\n<span class=\"wpcf7-form-control-wrap\" data-name=\"your-email\"><input size=\"40\" maxlength=\"400\" class=\"wpcf7-form-control wpcf7-email wpcf7-validates-as-required wpcf7-text wpcf7-validates-as-email\" aria-required=\"true\" aria-invalid=\"false\" value=\"\" type=\"email\" name=\"your-email\" \/><\/span> <\/label>\n<\/p>\n<p><label> Votre t\u00e9l\u00e9phone<br \/>\n<span class=\"wpcf7-form-control-wrap\" data-name=\"your-phone\"><input size=\"40\" maxlength=\"400\" class=\"wpcf7-form-control wpcf7-tel wpcf7-text wpcf7-validates-as-tel\" aria-invalid=\"false\" value=\"\" type=\"tel\" name=\"your-phone\" \/><\/span> <\/label>\n<\/p>\n<p><label> Nom de l'entreprise<br \/>\n<span class=\"wpcf7-form-control-wrap\" data-name=\"text-457\"><input size=\"40\" maxlength=\"400\" class=\"wpcf7-form-control wpcf7-text\" aria-invalid=\"false\" value=\"\" type=\"text\" name=\"text-457\" \/><\/span> <\/label>\n<\/p>\n<p><label> Le site web de votre entreprise<br \/>\n<span class=\"wpcf7-form-control-wrap\" data-name=\"text-546\"><input size=\"40\" maxlength=\"400\" class=\"wpcf7-form-control wpcf7-text\" aria-invalid=\"false\" value=\"\" type=\"text\" name=\"text-546\" \/><\/span> <\/label>\n<\/p>\n<p><label> Votre demande*<br \/>\n<span class=\"wpcf7-form-control-wrap\" data-name=\"your-requirement\"><textarea cols=\"40\" rows=\"10\" maxlength=\"2000\" class=\"wpcf7-form-control wpcf7-textarea wpcf7-validates-as-required\" aria-required=\"true\" aria-invalid=\"false\" name=\"your-requirement\"><\/textarea><\/span> <\/label>\n<\/p>\n<p><input class=\"wpcf7-form-control wpcf7-submit has-spinner\" type=\"submit\" value=\"Soumettre\" \/>\n<\/p>\n<div style=\"clear:both\">\n<\/div><p style=\"display: none !important;\" class=\"akismet-fields-container\" data-prefix=\"_wpcf7_ak_\"><label>&#916;<textarea name=\"_wpcf7_ak_hp_textarea\" cols=\"45\" rows=\"8\" maxlength=\"100\"><\/textarea><\/label><input type=\"hidden\" id=\"ak_js_1\" name=\"_wpcf7_ak_js\" value=\"28\"\/><script>document.getElementById( \"ak_js_1\" ).setAttribute( \"value\", ( new Date() ).getTime() );<\/script><\/p><div class=\"wpcf7-response-output\" aria-hidden=\"true\"><\/div>\n<input type=\"hidden\" name=\"trp-form-language\" value=\"fr\"\/><\/form>\n<\/div>\n\n<div style='text-align:left' class='yasr-auto-insert-visitor'><\/div>","protected":false},"excerpt":{"rendered":"<p>The spring roll pastry machine can produce round, square and other shapes of spring roll pastry sheets, and the thickness adjustment range is 0.2-2 mm. The whole machine is made of food-grade stainless steel, and make sure the spring roll pastry products produced by customers are more hygienic and safe. Spring Roll Pastry Making Machine [&hellip;]<\/p>","protected":false},"featured_media":3303,"comment_status":"open","ping_status":"closed","template":"","meta":{"site-sidebar-layout":"default","site-content-layout":"default","ast-site-content-layout":"default","site-content-style":"default","site-sidebar-style":"default","ast-global-header-display":"","ast-banner-title-visibility":"","ast-main-header-display":"","ast-hfb-above-header-display":"","ast-hfb-below-header-display":"","ast-hfb-mobile-header-display":"","site-post-title":"","ast-breadcrumbs-content":"","ast-featured-img":"","footer-sml-layout":"","theme-transparent-header-meta":"","adv-header-id-meta":"","stick-header-meta":"","header-above-stick-meta":"","header-main-stick-meta":"","header-below-stick-meta":"","astra-migrate-meta-layouts":"default","ast-page-background-enabled":"default","ast-page-background-meta":{"desktop":{"background-color":"","background-image":"","background-repeat":"repeat","background-position":"center center","background-size":"auto","background-attachment":"scroll","background-type":"","background-media":"","overlay-type":"","overlay-color":"","overlay-opacity":"","overlay-gradient":""},"tablet":{"background-color":"","background-image":"","background-repeat":"repeat","background-position":"center center","background-size":"auto","background-attachment":"scroll","background-type":"","background-media":"","overlay-type":"","overlay-color":"","overlay-opacity":"","overlay-gradient":""},"mobile":{"background-color":"","background-image":"","background-repeat":"repeat","background-position":"center center","background-size":"auto","background-attachment":"scroll","background-type":"","background-media":"","overlay-type":"","overlay-color":"","overlay-opacity":"","overlay-gradient":""}},"ast-content-background-meta":{"desktop":{"background-color":"var(--ast-global-color-5)","background-image":"","background-repeat":"repeat","background-position":"center center","background-size":"auto","background-attachment":"scroll","background-type":"","background-media":"","overlay-type":"","overlay-color":"","overlay-opacity":"","overlay-gradient":""},"tablet":{"background-color":"var(--ast-global-color-5)","background-image":"","background-repeat":"repeat","background-position":"center center","background-size":"auto","background-attachment":"scroll","background-type":"","background-media":"","overlay-type":"","overlay-color":"","overlay-opacity":"","overlay-gradient":""},"mobile":{"background-color":"var(--ast-global-color-5)","background-image":"","background-repeat":"repeat","background-position":"center center","background-size":"auto","background-attachment":"scroll","background-type":"","background-media":"","overlay-type":"","overlay-color":"","overlay-opacity":"","overlay-gradient":""}},"yasr_overall_rating":0,"yasr_post_is_review":"","yasr_auto_insert_disabled":"","yasr_review_type":""},"product_brand":[],"product_cat":[6],"product_tag":[],"class_list":{"0":"post-3302","1":"product","2":"type-product","3":"status-publish","4":"has-post-thumbnail","6":"product_cat-wrapper-machine","7":"desktop-align-left","8":"tablet-align-left","9":"mobile-align-left","11":"first","12":"instock","13":"shipping-taxable","14":"product-type-simple"},"yoast_head":"<!-- This site is optimized with the Yoast SEO plugin v26.4 - https:\/\/yoast.com\/wordpress\/plugins\/seo\/ -->\n<title>0.2mm Thickness Spring Roll Pastry Machine Automatic<\/title>\n<meta name=\"description\" content=\"The spring roll pastry machine can produce round, square and other shapes of spring roll pastry sheets, and the thickness range is 0.2-2 mm.\" \/>\n<meta name=\"robots\" content=\"index, follow, max-snippet:-1, max-image-preview:large, max-video-preview:-1\" \/>\n<link rel=\"canonical\" href=\"https:\/\/www.springrollsolution.com\/fr\/produit\/spring-roll-pastry-machine\/\" \/>\n<meta property=\"og:locale\" content=\"fr_FR\" \/>\n<meta property=\"og:type\" content=\"article\" \/>\n<meta property=\"og:title\" content=\"0.2mm Thickness Spring Roll Pastry Machine Automatic\" \/>\n<meta property=\"og:description\" content=\"The spring roll pastry machine can produce round, square and other shapes of spring roll pastry sheets, and the thickness range is 0.2-2 mm.\" \/>\n<meta property=\"og:url\" content=\"https:\/\/www.springrollsolution.com\/fr\/produit\/spring-roll-pastry-machine\/\" \/>\n<meta property=\"og:site_name\" content=\"Spring Roll Processing Machine\" \/>\n<meta property=\"article:modified_time\" content=\"2024-08-16T02:16:20+00:00\" \/>\n<meta property=\"og:image\" content=\"https:\/\/www.springrollsolution.com\/wp-content\/uploads\/2022\/06\/35.jpg\" \/>\n\t<meta property=\"og:image:width\" content=\"600\" \/>\n\t<meta property=\"og:image:height\" content=\"600\" \/>\n\t<meta property=\"og:image:type\" content=\"image\/jpeg\" \/>\n<meta name=\"twitter:card\" content=\"summary_large_image\" \/>\n<meta name=\"twitter:label1\" content=\"Dur\u00e9e de lecture estim\u00e9e\" \/>\n\t<meta name=\"twitter:data1\" content=\"2 minutes\" \/>\n<script type=\"application\/ld+json\" class=\"yoast-schema-graph\">{\"@context\":\"https:\/\/schema.org\",\"@graph\":[{\"@type\":\"WebPage\",\"@id\":\"https:\/\/www.springrollsolution.com\/id\/produk\/spring-roll-pastry-machine\/\",\"url\":\"https:\/\/www.springrollsolution.com\/id\/produk\/spring-roll-pastry-machine\/\",\"name\":\"0.2mm Thickness Spring Roll Pastry Machine Automatic\",\"isPartOf\":{\"@id\":\"https:\/\/www.springrollsolution.com\/#website\"},\"primaryImageOfPage\":{\"@id\":\"https:\/\/www.springrollsolution.com\/id\/produk\/spring-roll-pastry-machine\/#primaryimage\"},\"image\":{\"@id\":\"https:\/\/www.springrollsolution.com\/id\/produk\/spring-roll-pastry-machine\/#primaryimage\"},\"thumbnailUrl\":\"https:\/\/www.springrollsolution.com\/wp-content\/uploads\/2022\/06\/35.jpg\",\"datePublished\":\"2022-06-27T08:56:04+00:00\",\"dateModified\":\"2024-08-16T02:16:20+00:00\",\"description\":\"The spring roll pastry machine can produce round, square and other shapes of spring roll pastry sheets, and the thickness range is 0.2-2 mm.\",\"breadcrumb\":{\"@id\":\"https:\/\/www.springrollsolution.com\/id\/produk\/spring-roll-pastry-machine\/#breadcrumb\"},\"inLanguage\":\"fr-FR\",\"potentialAction\":[{\"@type\":\"ReadAction\",\"target\":[\"https:\/\/www.springrollsolution.com\/id\/produk\/spring-roll-pastry-machine\/\"]}]},{\"@type\":\"ImageObject\",\"inLanguage\":\"fr-FR\",\"@id\":\"https:\/\/www.springrollsolution.com\/id\/produk\/spring-roll-pastry-machine\/#primaryimage\",\"url\":\"https:\/\/www.springrollsolution.com\/wp-content\/uploads\/2022\/06\/35.jpg\",\"contentUrl\":\"https:\/\/www.springrollsolution.com\/wp-content\/uploads\/2022\/06\/35.jpg\",\"width\":600,\"height\":600,\"caption\":\"Spring Roll Pastry Machine\"},{\"@type\":\"BreadcrumbList\",\"@id\":\"https:\/\/www.springrollsolution.com\/id\/produk\/spring-roll-pastry-machine\/#breadcrumb\",\"itemListElement\":[{\"@type\":\"ListItem\",\"position\":1,\"name\":\"Home\",\"item\":\"https:\/\/www.springrollsolution.com\/\"},{\"@type\":\"ListItem\",\"position\":2,\"name\":\"Products\",\"item\":\"https:\/\/www.springrollsolution.com\/shop\/\"},{\"@type\":\"ListItem\",\"position\":3,\"name\":\"0.2mm Thickness Spring Roll Pastry Machine Automatic\"}]},{\"@type\":\"WebSite\",\"@id\":\"https:\/\/www.springrollsolution.com\/#website\",\"url\":\"https:\/\/www.springrollsolution.com\/\",\"name\":\"Spring Roll Processing Machine\",\"description\":\"Spring roll processing solution provider\",\"publisher\":{\"@id\":\"https:\/\/www.springrollsolution.com\/#organization\"},\"potentialAction\":[{\"@type\":\"SearchAction\",\"target\":{\"@type\":\"EntryPoint\",\"urlTemplate\":\"https:\/\/www.springrollsolution.com\/?s={search_term_string}\"},\"query-input\":{\"@type\":\"PropertyValueSpecification\",\"valueRequired\":true,\"valueName\":\"search_term_string\"}}],\"inLanguage\":\"fr-FR\"},{\"@type\":\"Organization\",\"@id\":\"https:\/\/www.springrollsolution.com\/#organization\",\"name\":\"Spring Roll Processing Machine\",\"url\":\"https:\/\/www.springrollsolution.com\/\",\"logo\":{\"@type\":\"ImageObject\",\"inLanguage\":\"fr-FR\",\"@id\":\"https:\/\/www.springrollsolution.com\/#\/schema\/logo\/image\/\",\"url\":\"https:\/\/www.springrollsolution.com\/wp-content\/uploads\/2025\/05\/cropped-logo.png\",\"contentUrl\":\"https:\/\/www.springrollsolution.com\/wp-content\/uploads\/2025\/05\/cropped-logo.png\",\"width\":180,\"height\":60,\"caption\":\"Spring Roll Processing Machine\"},\"image\":{\"@id\":\"https:\/\/www.springrollsolution.com\/#\/schema\/logo\/image\/\"}},false]}<\/script>\n<!-- \/ Yoast SEO plugin. -->","yoast_head_json":{"title":"Machine automatique pour p\u00e2te \u00e0 rouleaux de printemps","description":"La machine \u00e0 p\u00e2tisserie pour rouleaux de printemps peut produire des feuilles de p\u00e2tisserie pour rouleaux de printemps rondes, carr\u00e9es et d'autres formes, et l'\u00e9paisseur est comprise entre 0,2 et 2 mm.","robots":{"index":"index","follow":"follow","max-snippet":"max-snippet:-1","max-image-preview":"max-image-preview:large","max-video-preview":"max-video-preview:-1"},"canonical":"https:\/\/www.springrollsolution.com\/fr\/produit\/spring-roll-pastry-machine\/","og_locale":"fr_FR","og_type":"article","og_title":"0.2mm Thickness Spring Roll Pastry Machine Automatic","og_description":"The spring roll pastry machine can produce round, square and other shapes of spring roll pastry sheets, and the thickness range is 0.2-2 mm.","og_url":"https:\/\/www.springrollsolution.com\/fr\/produit\/spring-roll-pastry-machine\/","og_site_name":"Spring Roll Processing Machine","article_modified_time":"2024-08-16T02:16:20+00:00","og_image":[{"width":600,"height":600,"url":"https:\/\/www.springrollsolution.com\/wp-content\/uploads\/2022\/06\/35.jpg","type":"image\/jpeg"}],"twitter_card":"summary_large_image","twitter_misc":{"Dur\u00e9e de lecture estim\u00e9e":"2 minutes"},"schema":{"@context":"https:\/\/schema.org","@graph":[{"@type":"WebPage","@id":"https:\/\/www.springrollsolution.com\/id\/produk\/spring-roll-pastry-machine\/","url":"https:\/\/www.springrollsolution.com\/id\/produk\/spring-roll-pastry-machine\/","name":"Machine automatique pour p\u00e2te \u00e0 rouleaux de printemps","isPartOf":{"@id":"https:\/\/www.springrollsolution.com\/#website"},"primaryImageOfPage":{"@id":"https:\/\/www.springrollsolution.com\/id\/produk\/spring-roll-pastry-machine\/#primaryimage"},"image":{"@id":"https:\/\/www.springrollsolution.com\/id\/produk\/spring-roll-pastry-machine\/#primaryimage"},"thumbnailUrl":"https:\/\/www.springrollsolution.com\/wp-content\/uploads\/2022\/06\/35.jpg","datePublished":"2022-06-27T08:56:04+00:00","dateModified":"2024-08-16T02:16:20+00:00","description":"La machine \u00e0 p\u00e2tisserie pour rouleaux de printemps peut produire des feuilles de p\u00e2tisserie pour rouleaux de printemps rondes, carr\u00e9es et d'autres formes, et l'\u00e9paisseur est comprise entre 0,2 et 2 mm.","breadcrumb":{"@id":"https:\/\/www.springrollsolution.com\/id\/produk\/spring-roll-pastry-machine\/#breadcrumb"},"inLanguage":"fr-FR","potentialAction":[{"@type":"ReadAction","target":["https:\/\/www.springrollsolution.com\/id\/produk\/spring-roll-pastry-machine\/"]}]},{"@type":"ImageObject","inLanguage":"fr-FR","@id":"https:\/\/www.springrollsolution.com\/id\/produk\/spring-roll-pastry-machine\/#primaryimage","url":"https:\/\/www.springrollsolution.com\/wp-content\/uploads\/2022\/06\/35.jpg","contentUrl":"https:\/\/www.springrollsolution.com\/wp-content\/uploads\/2022\/06\/35.jpg","width":600,"height":600,"caption":"Spring Roll Pastry Machine"},{"@type":"BreadcrumbList","@id":"https:\/\/www.springrollsolution.com\/id\/produk\/spring-roll-pastry-machine\/#breadcrumb","itemListElement":[{"@type":"ListItem","position":1,"name":"Home","item":"https:\/\/www.springrollsolution.com\/"},{"@type":"ListItem","position":2,"name":"Products","item":"https:\/\/www.springrollsolution.com\/shop\/"},{"@type":"ListItem","position":3,"name":"0.2mm Thickness Spring Roll Pastry Machine Automatic"}]},{"@type":"WebSite","@id":"https:\/\/www.springrollsolution.com\/#website","url":"https:\/\/www.springrollsolution.com\/","name":"Machine de traitement des rouleaux de printemps","description":"Fournisseur de solutions pour le traitement des rouleaux de printemps","publisher":{"@id":"https:\/\/www.springrollsolution.com\/#organization"},"potentialAction":[{"@type":"SearchAction","target":{"@type":"EntryPoint","urlTemplate":"https:\/\/www.springrollsolution.com\/?s={search_term_string}"},"query-input":{"@type":"PropertyValueSpecification","valueRequired":true,"valueName":"search_term_string"}}],"inLanguage":"fr-FR"},{"@type":"Organization","@id":"https:\/\/www.springrollsolution.com\/#organization","name":"Machine de traitement des rouleaux de printemps","url":"https:\/\/www.springrollsolution.com\/","logo":{"@type":"ImageObject","inLanguage":"fr-FR","@id":"https:\/\/www.springrollsolution.com\/#\/schema\/logo\/image\/","url":"https:\/\/www.springrollsolution.com\/wp-content\/uploads\/2025\/05\/cropped-logo.png","contentUrl":"https:\/\/www.springrollsolution.com\/wp-content\/uploads\/2025\/05\/cropped-logo.png","width":180,"height":60,"caption":"Spring Roll Processing Machine"},"image":{"@id":"https:\/\/www.springrollsolution.com\/#\/schema\/logo\/image\/"}},false]}},"yasr_visitor_votes":{"stars_attributes":{"read_only":false,"span_bottom":false},"number_of_votes":1,"sum_votes":5},"_links":{"self":[{"href":"https:\/\/www.springrollsolution.com\/fr\/wp-json\/wp\/v2\/product\/3302","targetHints":{"allow":["GET"]}}],"collection":[{"href":"https:\/\/www.springrollsolution.com\/fr\/wp-json\/wp\/v2\/product"}],"about":[{"href":"https:\/\/www.springrollsolution.com\/fr\/wp-json\/wp\/v2\/types\/product"}],"replies":[{"embeddable":true,"href":"https:\/\/www.springrollsolution.com\/fr\/wp-json\/wp\/v2\/comments?post=3302"}],"wp:featuredmedia":[{"embeddable":true,"href":"https:\/\/www.springrollsolution.com\/fr\/wp-json\/wp\/v2\/media\/3303"}],"wp:attachment":[{"href":"https:\/\/www.springrollsolution.com\/fr\/wp-json\/wp\/v2\/media?parent=3302"}],"wp:term":[{"taxonomy":"product_brand","embeddable":true,"href":"https:\/\/www.springrollsolution.com\/fr\/wp-json\/wp\/v2\/product_brand?post=3302"},{"taxonomy":"product_cat","embeddable":true,"href":"https:\/\/www.springrollsolution.com\/fr\/wp-json\/wp\/v2\/product_cat?post=3302"},{"taxonomy":"product_tag","embeddable":true,"href":"https:\/\/www.springrollsolution.com\/fr\/wp-json\/wp\/v2\/product_tag?post=3302"}],"curies":[{"name":"wp","href":"https:\/\/api.w.org\/{rel}","templated":true}]}}