{"id":3297,"date":"2022-06-27T14:47:44","date_gmt":"2022-06-27T06:47:44","guid":{"rendered":"https:\/\/www.springrollsolution.com\/?post_type=product&#038;p=3297"},"modified":"2026-04-13T13:39:33","modified_gmt":"2026-04-13T05:39:33","slug":"samosa-wrapper-machine","status":"publish","type":"product","link":"https:\/\/www.springrollsolution.com\/fr\/produit\/samosa-wrapper-machine\/","title":{"rendered":"7000 pcs\/h Machine \u00e0 feuilles les samosas Grande capacit\u00e9"},"content":{"rendered":"<p>La machine \u00e0 feuilles les samosas est un appareil qui cuit la p\u00e2te pour la transformer en une fine feuille de p\u00e2te, qui peut \u00eatre utilis\u00e9e pour envelopper diverses garnitures au go\u00fbt d\u00e9licieux.<\/p>\n<p>Il peut \u00eatre utilis\u00e9 pour la production de divers aliments tels que les feuilles les samosas, de rouleaux de printemps, de lumpia, de pancakes, de cr\u00eapes, de yufka, de nems, de filo, etc.<\/p>\n<p><img fetchpriority=\"high\" decoding=\"async\" class=\"alignnone size-full wp-image-3299\" src=\"https:\/\/www.springrollsolution.com\/wp-content\/uploads\/2022\/06\/32.jpg\" alt=\"Prix de la machine \u00e0 emballer les samosas\" width=\"700\" height=\"400\" srcset=\"https:\/\/www.springrollsolution.com\/wp-content\/uploads\/2022\/06\/32.jpg 700w, https:\/\/www.springrollsolution.com\/wp-content\/uploads\/2022\/06\/32-300x171.jpg 300w\" sizes=\"(max-width: 700px) 100vw, 700px\" \/><\/p>\n<h2><strong>Principe et flux de la machine \u00e0 feuilles les p\u00e2tisseries Samosa :<\/strong><\/h2>\n<p>Principe : Pr\u00e9parer la p\u00e2te selon la recette des feuilles les samosas . Ensuite, la p\u00e2te est chauff\u00e9e et cuite par le tour de chauffe. Enfin, elle devient l'\u00e9paisseur fixe des feuilles les samosa ou d'autres aliments similaires.<\/p>\n<p>D\u00e9roulement : verser la p\u00e2te dans le seau, r\u00e9gler la temp\u00e9rature et attendre que la roue de r\u00f4tissage chauffe. Apr\u00e8s avoir atteint une certaine temp\u00e9rature, la roue de cuisson commence \u00e0 tourner et la p\u00e2te y est cuite. Apr\u00e8s la cuisson, la p\u00e2te forme une feuille longue et fine qui se s\u00e9pare de la roue de cuisson au niveau de la spatule. D\u00e9coupez les feuilles de samosa \u00e0 la m\u00eame taille \u00e0 l'aide d'un emporte-pi\u00e8ce.<\/p>\n<p><img decoding=\"async\" class=\"alignnone size-full wp-image-3301\" src=\"https:\/\/www.springrollsolution.com\/wp-content\/uploads\/2022\/06\/34.jpg\" alt=\"Machine \u00e0 emballer les samosas\" width=\"700\" height=\"500\" srcset=\"https:\/\/www.springrollsolution.com\/wp-content\/uploads\/2022\/06\/34.jpg 700w, https:\/\/www.springrollsolution.com\/wp-content\/uploads\/2022\/06\/34-300x214.jpg 300w\" sizes=\"(max-width: 700px) 100vw, 700px\" \/><\/p>\n<h2><strong>Caract\u00e9ristiques de la machine \u00e0 feuilles les samosas<\/strong><\/h2>\n<ol>\n<li>Il s'agit d'un \u00e9quipement professionnel pour la production d'enveloppes de samosa, qui peut \u00e9galement \u00eatre utilis\u00e9 pour produire des enveloppes de rouleaux de printemps, des cr\u00eapes, des enveloppes phyllo, etc.<\/li>\n<li>Cette machine permet d'automatiser le travail, y compris la pr\u00e9paration de la p\u00e2te, la cuisson, la d\u00e9coupe, le comptage, l'empilage, etc.<\/li>\n<li>La roue de grillage de la machine \u00e0 emballer les samoussas est recouverte d'un couvercle de s\u00e9curit\u00e9 afin d'\u00e9viter les br\u00fblures par contact.<\/li>\n<li>Le r\u00e9gulateur de temp\u00e9rature par micro-ordinateur peut maintenir la temp\u00e9rature r\u00e9gl\u00e9e \u00e0 \u00b11\u00b0C, ce qui permet un contr\u00f4le pr\u00e9cis de la temp\u00e9rature.<\/li>\n<li>La longueur, la largeur et l'\u00e9paisseur des enveloppes de samosa peuvent \u00eatre ajust\u00e9es.<\/li>\n<li>Cette machine \u00e0 fabriquer des enveloppes de samosa a une grande capacit\u00e9, elle peut produire 4500-7000 pi\u00e8ces par heure. Elle convient \u00e0 une utilisation industrielle.<\/li>\n<\/ol>\n<p><img decoding=\"async\" class=\"alignnone size-full wp-image-3300\" src=\"https:\/\/www.springrollsolution.com\/wp-content\/uploads\/2022\/06\/33.jpg\" alt=\"Machine \u00e0 fabriquer des saucisses Samosa\" width=\"700\" height=\"500\" srcset=\"https:\/\/www.springrollsolution.com\/wp-content\/uploads\/2022\/06\/33.jpg 700w, https:\/\/www.springrollsolution.com\/wp-content\/uploads\/2022\/06\/33-300x214.jpg 300w\" sizes=\"(max-width: 700px) 100vw, 700px\" \/><\/p>\n<h2><strong>Rouleaux \u00e0 samosa r\u00e9glables<\/strong><\/h2>\n<ul>\n<li>Longueur des feuilles de samosa : r\u00e9glable entre 15 et 45 cm<\/li>\n<li>\u00c9paisseur : 0,2-2 mm<\/li>\n<li>Largeur maximale des enveloppes de samosa : 58 cm<\/li>\n<\/ul>\n<p>&nbsp;<\/p>\n<h2><strong>Comment pr\u00e9parer des papillotes de samosa<\/strong><\/h2>\n<p><iframe title=\"Machine industrielle \u00e0 fabriquer des feuilles de samosa - GELGOOGINC.COM\" width=\"500\" height=\"281\" src=\"https:\/\/www.youtube.com\/embed\/K-mcU8wdE3Q?feature=oembed\" frameborder=\"0\" allow=\"accelerometer; autoplay; clipboard-write; encrypted-media; gyroscope; picture-in-picture; web-share\" referrerpolicy=\"strict-origin-when-cross-origin\" allowfullscreen><\/iframe><\/p>\n<p>&nbsp;<\/p>\n<p>Notre soci\u00e9t\u00e9 a d\u00e9velopp\u00e9 et produit diff\u00e9rents types de machines automatiques \u00e0 envelopper les samosas et d'\u00e9quipements de traitement des rouleaux de printemps pour aider les gens \u00e0 produire des enveloppes de samosas et des rouleaux de printemps rapidement et facilement.<\/p>\n<p>&nbsp;<\/p>\n<h3><strong>Param\u00e8tres techniques<\/strong><\/h3>\n<table border=\"1\" cellspacing=\"0\">\n<tbody>\n<tr>\n<td>Mod\u00e8le<\/td>\n<td>GGSR-12060Y\/F<\/td>\n<\/tr>\n<tr>\n<td>Tension<\/td>\n<td>380V\/220V<\/td>\n<\/tr>\n<tr>\n<td>Capacit\u00e9<\/td>\n<td>4500-7000PCS\/H<\/td>\n<\/tr>\n<tr>\n<td>Puissance<\/td>\n<td>69KW<\/td>\n<\/tr>\n<tr>\n<td>M\u00e9thode de chauffage<\/td>\n<td>\u00c9lectricit\u00e9 et gaz<\/td>\n<\/tr>\n<tr>\n<td>Dimension<\/td>\n<td>3800*1100*2000MM<\/td>\n<\/tr>\n<\/tbody>\n<\/table>\n<p>&nbsp;<\/p>\n<h3><strong>Envoyer une demande de devis gratuit<\/strong><\/h3>\n\n<div class=\"wpcf7 no-js\" id=\"wpcf7-f3214-o1\" lang=\"en-US\" dir=\"ltr\" data-wpcf7-id=\"3214\">\n<div class=\"screen-reader-response\"><p role=\"status\" aria-live=\"polite\" aria-atomic=\"true\"><\/p> <ul><\/ul><\/div>\n<form action=\"\/fr\/wp-json\/wp\/v2\/product\/3297#wpcf7-f3214-o1\" method=\"post\" class=\"wpcf7-form init\" aria-label=\"Formulaire de contact\" novalidate=\"novalidate\" data-status=\"init\" data-trp-original-action=\"\/fr\/wp-json\/wp\/v2\/product\/3297#wpcf7-f3214-o1\">\n<fieldset class=\"hidden-fields-container\"><input type=\"hidden\" name=\"_wpcf7\" value=\"3214\" \/><input type=\"hidden\" name=\"_wpcf7_version\" value=\"6.1.5\" \/><input type=\"hidden\" name=\"_wpcf7_locale\" value=\"en_US\" \/><input type=\"hidden\" name=\"_wpcf7_unit_tag\" value=\"wpcf7-f3214-o1\" \/><input type=\"hidden\" name=\"_wpcf7_container_post\" value=\"0\" \/><input type=\"hidden\" name=\"_wpcf7_posted_data_hash\" value=\"\" \/>\n<\/fieldset>\n<p><label> Votre nom*<br \/>\n<span class=\"wpcf7-form-control-wrap\" data-name=\"your-name\"><input size=\"40\" maxlength=\"400\" class=\"wpcf7-form-control wpcf7-text wpcf7-validates-as-required\" aria-required=\"true\" aria-invalid=\"false\" value=\"\" type=\"text\" name=\"your-name\" \/><\/span> <\/label>\n<\/p>\n<p><label> Votre pays<br \/>\n<span class=\"wpcf7-form-control-wrap\" data-name=\"your-country\"><input size=\"40\" maxlength=\"400\" class=\"wpcf7-form-control wpcf7-text\" aria-invalid=\"false\" value=\"\" type=\"text\" name=\"your-country\" \/><\/span> <\/label>\n<\/p>\n<p><label> Votre courriel*<br \/>\n<span class=\"wpcf7-form-control-wrap\" data-name=\"your-email\"><input size=\"40\" maxlength=\"400\" class=\"wpcf7-form-control wpcf7-email wpcf7-validates-as-required wpcf7-text wpcf7-validates-as-email\" aria-required=\"true\" aria-invalid=\"false\" value=\"\" type=\"email\" name=\"your-email\" \/><\/span> <\/label>\n<\/p>\n<p><label> Votre t\u00e9l\u00e9phone<br \/>\n<span class=\"wpcf7-form-control-wrap\" data-name=\"your-phone\"><input size=\"40\" maxlength=\"400\" class=\"wpcf7-form-control wpcf7-tel wpcf7-text wpcf7-validates-as-tel\" aria-invalid=\"false\" value=\"\" type=\"tel\" name=\"your-phone\" \/><\/span> <\/label>\n<\/p>\n<p><label> Nom de l'entreprise<br \/>\n<span class=\"wpcf7-form-control-wrap\" data-name=\"text-457\"><input size=\"40\" maxlength=\"400\" class=\"wpcf7-form-control wpcf7-text\" aria-invalid=\"false\" value=\"\" type=\"text\" name=\"text-457\" \/><\/span> <\/label>\n<\/p>\n<p><label> Le site web de votre entreprise<br \/>\n<span class=\"wpcf7-form-control-wrap\" data-name=\"text-546\"><input size=\"40\" maxlength=\"400\" class=\"wpcf7-form-control wpcf7-text\" aria-invalid=\"false\" value=\"\" type=\"text\" name=\"text-546\" \/><\/span> <\/label>\n<\/p>\n<p><label> Votre demande*<br \/>\n<span class=\"wpcf7-form-control-wrap\" data-name=\"your-requirement\"><textarea cols=\"40\" rows=\"10\" maxlength=\"2000\" class=\"wpcf7-form-control wpcf7-textarea wpcf7-validates-as-required\" aria-required=\"true\" aria-invalid=\"false\" name=\"your-requirement\"><\/textarea><\/span> <\/label>\n<\/p>\n<p><input class=\"wpcf7-form-control wpcf7-submit has-spinner\" type=\"submit\" value=\"Soumettre\" \/>\n<\/p>\n<div style=\"clear:both\">\n<\/div><p style=\"display: none !important;\" class=\"akismet-fields-container\" data-prefix=\"_wpcf7_ak_\"><label>&#916;<textarea name=\"_wpcf7_ak_hp_textarea\" cols=\"45\" rows=\"8\" maxlength=\"100\"><\/textarea><\/label><input type=\"hidden\" id=\"ak_js_1\" name=\"_wpcf7_ak_js\" value=\"181\"\/><script>document.getElementById( \"ak_js_1\" ).setAttribute( \"value\", ( new Date() ).getTime() );<\/script><\/p><div class=\"wpcf7-response-output\" aria-hidden=\"true\"><\/div>\n<input type=\"hidden\" name=\"trp-form-language\" value=\"fr\"\/><\/form>\n<\/div>\n\n<div style='text-align:left' class='yasr-auto-insert-visitor'><\/div>","protected":false},"excerpt":{"rendered":"<ul>\n<li><span style=\"color: #3366ff;\"><strong>Courriel : <a style=\"color: #3366ff;\" href=\"mailto:lisa@machinehall.com\">lisa@machinehall.com<\/a><\/strong><\/span><\/li>\n<li><span style=\"color: #3366ff;\"><strong>WhatsApp : <a style=\"color: #3366ff;\" href=\"https:\/\/wa.me\/8615515571373\">+8615515571373<\/a><\/strong><\/span><\/li>\n<\/ul>","protected":false},"featured_media":3298,"comment_status":"open","ping_status":"closed","template":"","meta":{"site-sidebar-layout":"default","site-content-layout":"default","ast-site-content-layout":"default","site-content-style":"default","site-sidebar-style":"default","ast-global-header-display":"","ast-banner-title-visibility":"","ast-main-header-display":"","ast-hfb-above-header-display":"","ast-hfb-below-header-display":"","ast-hfb-mobile-header-display":"","site-post-title":"","ast-breadcrumbs-content":"","ast-featured-img":"","footer-sml-layout":"","theme-transparent-header-meta":"","adv-header-id-meta":"","stick-header-meta":"","header-above-stick-meta":"","header-main-stick-meta":"","header-below-stick-meta":"","astra-migrate-meta-layouts":"default","ast-page-background-enabled":"default","ast-page-background-meta":{"desktop":{"background-color":"","background-image":"","background-repeat":"repeat","background-position":"center center","background-size":"auto","background-attachment":"scroll","background-type":"","background-media":"","overlay-type":"","overlay-color":"","overlay-opacity":"","overlay-gradient":""},"tablet":{"background-color":"","background-image":"","background-repeat":"repeat","background-position":"center center","background-size":"auto","background-attachment":"scroll","background-type":"","background-media":"","overlay-type":"","overlay-color":"","overlay-opacity":"","overlay-gradient":""},"mobile":{"background-color":"","background-image":"","background-repeat":"repeat","background-position":"center center","background-size":"auto","background-attachment":"scroll","background-type":"","background-media":"","overlay-type":"","overlay-color":"","overlay-opacity":"","overlay-gradient":""}},"ast-content-background-meta":{"desktop":{"background-color":"var(--ast-global-color-5)","background-image":"","background-repeat":"repeat","background-position":"center center","background-size":"auto","background-attachment":"scroll","background-type":"","background-media":"","overlay-type":"","overlay-color":"","overlay-opacity":"","overlay-gradient":""},"tablet":{"background-color":"var(--ast-global-color-5)","background-image":"","background-repeat":"repeat","background-position":"center center","background-size":"auto","background-attachment":"scroll","background-type":"","background-media":"","overlay-type":"","overlay-color":"","overlay-opacity":"","overlay-gradient":""},"mobile":{"background-color":"var(--ast-global-color-5)","background-image":"","background-repeat":"repeat","background-position":"center center","background-size":"auto","background-attachment":"scroll","background-type":"","background-media":"","overlay-type":"","overlay-color":"","overlay-opacity":"","overlay-gradient":""}},"yasr_overall_rating":0,"yasr_post_is_review":"","yasr_auto_insert_disabled":"","yasr_review_type":""},"product_brand":[],"product_cat":[6],"product_tag":[],"class_list":{"0":"post-3297","1":"product","2":"type-product","3":"status-publish","4":"has-post-thumbnail","6":"product_cat-wrapper-machine","7":"desktop-align-left","8":"tablet-align-left","9":"mobile-align-left","11":"first","12":"instock","13":"shipping-taxable","14":"product-type-simple"},"yoast_head":"<!-- This site is optimized with the Yoast SEO plugin v26.4 - https:\/\/yoast.com\/wordpress\/plugins\/seo\/ -->\n<title>7000 pcs\/h Samosa Wrapper Machine Large Capacity<\/title>\n<meta name=\"description\" content=\"Samosa wrapper machine can produce large capacity samosa wrappers with 7000 pieces\/h. Industrial use with high efficiency.\" \/>\n<meta name=\"robots\" content=\"index, follow, max-snippet:-1, max-image-preview:large, max-video-preview:-1\" \/>\n<link rel=\"canonical\" href=\"https:\/\/www.springrollsolution.com\/fr\/produit\/samosa-wrapper-machine\/\" \/>\n<meta property=\"og:locale\" content=\"fr_FR\" \/>\n<meta property=\"og:type\" content=\"article\" \/>\n<meta property=\"og:title\" content=\"7000 pcs\/h Samosa Wrapper Machine Large Capacity\" \/>\n<meta property=\"og:description\" content=\"Samosa wrapper machine can produce large capacity samosa wrappers with 7000 pieces\/h. Industrial use with high efficiency.\" \/>\n<meta property=\"og:url\" content=\"https:\/\/www.springrollsolution.com\/fr\/produit\/samosa-wrapper-machine\/\" \/>\n<meta property=\"og:site_name\" content=\"Spring Roll Processing Machine\" \/>\n<meta property=\"article:modified_time\" content=\"2026-04-13T05:39:33+00:00\" \/>\n<meta property=\"og:image\" content=\"https:\/\/www.springrollsolution.com\/wp-content\/uploads\/2022\/06\/31.jpg\" \/>\n\t<meta property=\"og:image:width\" content=\"600\" \/>\n\t<meta property=\"og:image:height\" content=\"600\" \/>\n\t<meta property=\"og:image:type\" content=\"image\/jpeg\" \/>\n<meta name=\"twitter:card\" content=\"summary_large_image\" \/>\n<meta name=\"twitter:label1\" content=\"Dur\u00e9e de lecture estim\u00e9e\" \/>\n\t<meta name=\"twitter:data1\" content=\"3 minutes\" \/>\n<script type=\"application\/ld+json\" class=\"yoast-schema-graph\">{\"@context\":\"https:\/\/schema.org\",\"@graph\":[{\"@type\":\"WebPage\",\"@id\":\"https:\/\/www.springrollsolution.com\/product\/samosa-wrapper-machine\/\",\"url\":\"https:\/\/www.springrollsolution.com\/product\/samosa-wrapper-machine\/\",\"name\":\"7000 pcs\/h Samosa Wrapper Machine Large Capacity\",\"isPartOf\":{\"@id\":\"https:\/\/www.springrollsolution.com\/#website\"},\"primaryImageOfPage\":{\"@id\":\"https:\/\/www.springrollsolution.com\/product\/samosa-wrapper-machine\/#primaryimage\"},\"image\":{\"@id\":\"https:\/\/www.springrollsolution.com\/product\/samosa-wrapper-machine\/#primaryimage\"},\"thumbnailUrl\":\"https:\/\/www.springrollsolution.com\/wp-content\/uploads\/2022\/06\/31.jpg\",\"datePublished\":\"2022-06-27T06:47:44+00:00\",\"dateModified\":\"2026-04-13T05:39:33+00:00\",\"description\":\"Samosa wrapper machine can produce large capacity samosa wrappers with 7000 pieces\/h. Industrial use with high efficiency.\",\"breadcrumb\":{\"@id\":\"https:\/\/www.springrollsolution.com\/product\/samosa-wrapper-machine\/#breadcrumb\"},\"inLanguage\":\"fr-FR\",\"potentialAction\":[{\"@type\":\"ReadAction\",\"target\":[\"https:\/\/www.springrollsolution.com\/product\/samosa-wrapper-machine\/\"]}]},{\"@type\":\"ImageObject\",\"inLanguage\":\"fr-FR\",\"@id\":\"https:\/\/www.springrollsolution.com\/product\/samosa-wrapper-machine\/#primaryimage\",\"url\":\"https:\/\/www.springrollsolution.com\/wp-content\/uploads\/2022\/06\/31.jpg\",\"contentUrl\":\"https:\/\/www.springrollsolution.com\/wp-content\/uploads\/2022\/06\/31.jpg\",\"width\":600,\"height\":600,\"caption\":\"Samosa Wapper Machine\"},{\"@type\":\"BreadcrumbList\",\"@id\":\"https:\/\/www.springrollsolution.com\/product\/samosa-wrapper-machine\/#breadcrumb\",\"itemListElement\":[{\"@type\":\"ListItem\",\"position\":1,\"name\":\"Home\",\"item\":\"https:\/\/www.springrollsolution.com\/\"},{\"@type\":\"ListItem\",\"position\":2,\"name\":\"Products\",\"item\":\"https:\/\/www.springrollsolution.com\/shop\/\"},{\"@type\":\"ListItem\",\"position\":3,\"name\":\"7000 pcs\/h Samosa Wrapper Machine Large Capacity\"}]},{\"@type\":\"WebSite\",\"@id\":\"https:\/\/www.springrollsolution.com\/#website\",\"url\":\"https:\/\/www.springrollsolution.com\/\",\"name\":\"Spring Roll Processing Machine\",\"description\":\"Spring roll processing solution provider\",\"publisher\":{\"@id\":\"https:\/\/www.springrollsolution.com\/#organization\"},\"potentialAction\":[{\"@type\":\"SearchAction\",\"target\":{\"@type\":\"EntryPoint\",\"urlTemplate\":\"https:\/\/www.springrollsolution.com\/?s={search_term_string}\"},\"query-input\":{\"@type\":\"PropertyValueSpecification\",\"valueRequired\":true,\"valueName\":\"search_term_string\"}}],\"inLanguage\":\"fr-FR\"},{\"@type\":\"Organization\",\"@id\":\"https:\/\/www.springrollsolution.com\/#organization\",\"name\":\"Spring Roll Processing Machine\",\"url\":\"https:\/\/www.springrollsolution.com\/\",\"logo\":{\"@type\":\"ImageObject\",\"inLanguage\":\"fr-FR\",\"@id\":\"https:\/\/www.springrollsolution.com\/#\/schema\/logo\/image\/\",\"url\":\"https:\/\/www.springrollsolution.com\/wp-content\/uploads\/2025\/05\/cropped-logo.png\",\"contentUrl\":\"https:\/\/www.springrollsolution.com\/wp-content\/uploads\/2025\/05\/cropped-logo.png\",\"width\":180,\"height\":60,\"caption\":\"Spring Roll Processing Machine\"},\"image\":{\"@id\":\"https:\/\/www.springrollsolution.com\/#\/schema\/logo\/image\/\"}},false]}<\/script>\n<!-- \/ Yoast SEO plugin. -->","yoast_head_json":{"title":"7000 pcs\/h Machine \u00e0 feuilles les samosas Grande capacit\u00e9","description":"La machine \u00e0 emballer les samosas peut produire des emballages de samosas de grande capacit\u00e9 avec 7000 pi\u00e8ces\/h. Utilisation industrielle avec une grande efficacit\u00e9.","robots":{"index":"index","follow":"follow","max-snippet":"max-snippet:-1","max-image-preview":"max-image-preview:large","max-video-preview":"max-video-preview:-1"},"canonical":"https:\/\/www.springrollsolution.com\/fr\/produit\/samosa-wrapper-machine\/","og_locale":"fr_FR","og_type":"article","og_title":"7000 pcs\/h Samosa Wrapper Machine Large Capacity","og_description":"Samosa wrapper machine can produce large capacity samosa wrappers with 7000 pieces\/h. Industrial use with high efficiency.","og_url":"https:\/\/www.springrollsolution.com\/fr\/produit\/samosa-wrapper-machine\/","og_site_name":"Spring Roll Processing Machine","article_modified_time":"2026-04-13T05:39:33+00:00","og_image":[{"width":600,"height":600,"url":"https:\/\/www.springrollsolution.com\/wp-content\/uploads\/2022\/06\/31.jpg","type":"image\/jpeg"}],"twitter_card":"summary_large_image","twitter_misc":{"Dur\u00e9e de lecture estim\u00e9e":"3 minutes"},"schema":{"@context":"https:\/\/schema.org","@graph":[{"@type":"WebPage","@id":"https:\/\/www.springrollsolution.com\/product\/samosa-wrapper-machine\/","url":"https:\/\/www.springrollsolution.com\/product\/samosa-wrapper-machine\/","name":"7000 pcs\/h Machine \u00e0 feuilles les samosas Grande capacit\u00e9","isPartOf":{"@id":"https:\/\/www.springrollsolution.com\/#website"},"primaryImageOfPage":{"@id":"https:\/\/www.springrollsolution.com\/product\/samosa-wrapper-machine\/#primaryimage"},"image":{"@id":"https:\/\/www.springrollsolution.com\/product\/samosa-wrapper-machine\/#primaryimage"},"thumbnailUrl":"https:\/\/www.springrollsolution.com\/wp-content\/uploads\/2022\/06\/31.jpg","datePublished":"2022-06-27T06:47:44+00:00","dateModified":"2026-04-13T05:39:33+00:00","description":"La machine \u00e0 emballer les samosas peut produire des emballages de samosas de grande capacit\u00e9 avec 7000 pi\u00e8ces\/h. Utilisation industrielle avec une grande efficacit\u00e9.","breadcrumb":{"@id":"https:\/\/www.springrollsolution.com\/product\/samosa-wrapper-machine\/#breadcrumb"},"inLanguage":"fr-FR","potentialAction":[{"@type":"ReadAction","target":["https:\/\/www.springrollsolution.com\/product\/samosa-wrapper-machine\/"]}]},{"@type":"ImageObject","inLanguage":"fr-FR","@id":"https:\/\/www.springrollsolution.com\/product\/samosa-wrapper-machine\/#primaryimage","url":"https:\/\/www.springrollsolution.com\/wp-content\/uploads\/2022\/06\/31.jpg","contentUrl":"https:\/\/www.springrollsolution.com\/wp-content\/uploads\/2022\/06\/31.jpg","width":600,"height":600,"caption":"Samosa Wapper Machine"},{"@type":"BreadcrumbList","@id":"https:\/\/www.springrollsolution.com\/product\/samosa-wrapper-machine\/#breadcrumb","itemListElement":[{"@type":"ListItem","position":1,"name":"Home","item":"https:\/\/www.springrollsolution.com\/"},{"@type":"ListItem","position":2,"name":"Products","item":"https:\/\/www.springrollsolution.com\/shop\/"},{"@type":"ListItem","position":3,"name":"7000 pcs\/h Samosa Wrapper Machine Large Capacity"}]},{"@type":"WebSite","@id":"https:\/\/www.springrollsolution.com\/#website","url":"https:\/\/www.springrollsolution.com\/","name":"Machine de traitement des rouleaux de printemps","description":"Fournisseur de solutions pour le traitement des rouleaux de printemps","publisher":{"@id":"https:\/\/www.springrollsolution.com\/#organization"},"potentialAction":[{"@type":"SearchAction","target":{"@type":"EntryPoint","urlTemplate":"https:\/\/www.springrollsolution.com\/?s={search_term_string}"},"query-input":{"@type":"PropertyValueSpecification","valueRequired":true,"valueName":"search_term_string"}}],"inLanguage":"fr-FR"},{"@type":"Organization","@id":"https:\/\/www.springrollsolution.com\/#organization","name":"Machine de traitement des rouleaux de printemps","url":"https:\/\/www.springrollsolution.com\/","logo":{"@type":"ImageObject","inLanguage":"fr-FR","@id":"https:\/\/www.springrollsolution.com\/#\/schema\/logo\/image\/","url":"https:\/\/www.springrollsolution.com\/wp-content\/uploads\/2025\/05\/cropped-logo.png","contentUrl":"https:\/\/www.springrollsolution.com\/wp-content\/uploads\/2025\/05\/cropped-logo.png","width":180,"height":60,"caption":"Spring Roll Processing Machine"},"image":{"@id":"https:\/\/www.springrollsolution.com\/#\/schema\/logo\/image\/"}},false]}},"yasr_visitor_votes":{"stars_attributes":{"read_only":false,"span_bottom":false},"number_of_votes":1,"sum_votes":5},"_links":{"self":[{"href":"https:\/\/www.springrollsolution.com\/fr\/wp-json\/wp\/v2\/product\/3297","targetHints":{"allow":["GET"]}}],"collection":[{"href":"https:\/\/www.springrollsolution.com\/fr\/wp-json\/wp\/v2\/product"}],"about":[{"href":"https:\/\/www.springrollsolution.com\/fr\/wp-json\/wp\/v2\/types\/product"}],"replies":[{"embeddable":true,"href":"https:\/\/www.springrollsolution.com\/fr\/wp-json\/wp\/v2\/comments?post=3297"}],"wp:featuredmedia":[{"embeddable":true,"href":"https:\/\/www.springrollsolution.com\/fr\/wp-json\/wp\/v2\/media\/3298"}],"wp:attachment":[{"href":"https:\/\/www.springrollsolution.com\/fr\/wp-json\/wp\/v2\/media?parent=3297"}],"wp:term":[{"taxonomy":"product_brand","embeddable":true,"href":"https:\/\/www.springrollsolution.com\/fr\/wp-json\/wp\/v2\/product_brand?post=3297"},{"taxonomy":"product_cat","embeddable":true,"href":"https:\/\/www.springrollsolution.com\/fr\/wp-json\/wp\/v2\/product_cat?post=3297"},{"taxonomy":"product_tag","embeddable":true,"href":"https:\/\/www.springrollsolution.com\/fr\/wp-json\/wp\/v2\/product_tag?post=3297"}],"curies":[{"name":"wp","href":"https:\/\/api.w.org\/{rel}","templated":true}]}}