{"id":3270,"date":"2022-06-25T11:12:26","date_gmt":"2022-06-25T03:12:26","guid":{"rendered":"https:\/\/www.springrollsolution.com\/?post_type=product&#038;p=3270"},"modified":"2025-07-02T16:02:25","modified_gmt":"2025-07-02T08:02:25","slug":"cigar-roll-production-line","status":"publish","type":"product","link":"https:\/\/www.springrollsolution.com\/fr\/produit\/cigar-roll-production-line\/","title":{"rendered":"Ligne de production de rouleaux de cigares au fromage v\u00e9g\u00e9tal pour l'industrie alimentaire"},"content":{"rendered":"<p>La ligne de production de rouleaux de cigares peut produire efficacement des rouleaux de cigares, imitant la production manuelle. La production m\u00e9canique est plus hygi\u00e9nique et plus s\u00fbre.<\/p>\n<p>Elle convient aux usines de produits surgel\u00e9s, aux cha\u00eenes de restaurants, aux cuisines centrales, etc. Cette machine \u00e0 rouler les cigares est \u00e0 usage industriel, avec une vari\u00e9t\u00e9 d'options de production, jusqu'\u00e0 1000-6500 pi\u00e8ces par heure.<\/p>\n<h2><strong>Organigramme de traitement des rouleaux de cigares<\/strong><\/h2>\n<ul>\n<li>M\u00e9lange de la p\u00e2te : M\u00e9langer la farine, l'eau et le sel pour obtenir une p\u00e2te lisse.<\/li>\n<li>Formation de feuilles : La p\u00e2te est vers\u00e9e dans une tr\u00e9mie et passe ensuite sur des tambours chauff\u00e9s pour former des feuilles minces et uniformes.<\/li>\n<li>Coupe et roulage : Couper les feuilles de cigares en rectangles, les empiler et les rouler en cigares.<\/li>\n<li>Refroidissement : Refroidir rapidement les rouleaux de cigares sur un convoyeur pour maintenir la texture.<\/li>\n<li>Emballage : Sceller les rouleaux de cigares refroidis dans des sacs r\u00e9sistants \u00e0 l'humidit\u00e9 pour en pr\u00e9server la fra\u00eecheur.<\/li>\n<\/ul>\n<p><img fetchpriority=\"high\" decoding=\"async\" class=\"alignnone size-full wp-image-3271\" src=\"https:\/\/www.springrollsolution.com\/wp-content\/uploads\/2022\/06\/24-1.jpg\" alt=\"Machine \u00e0 rouler les cigares\" width=\"700\" height=\"400\" srcset=\"https:\/\/www.springrollsolution.com\/wp-content\/uploads\/2022\/06\/24-1.jpg 700w, https:\/\/www.springrollsolution.com\/wp-content\/uploads\/2022\/06\/24-1-300x171.jpg 300w\" sizes=\"(max-width: 700px) 100vw, 700px\" \/><\/p>\n<h2><strong>Avantages de la ligne de production de rouleaux de cigares Veg<\/strong><\/h2>\n<ul>\n<li>Le syst\u00e8me de remplissage et d'empilage des feuilles adopte un syst\u00e8me de contr\u00f4le automatique PLC avanc\u00e9 et des composants de d\u00e9tection de lumi\u00e8re import\u00e9s. Il garantit que la machine de remplissage est aliment\u00e9e quantitativement, que l'erreur de poids en grammes est plus petite, que le taux de r\u00e9ussite de la reconnaissance de la cape du rouleau de cigare est plus \u00e9lev\u00e9 et que le rendement est plus \u00e9lev\u00e9.<\/li>\n<li>La bande transporteuse de refroidissement et la machine de cuisson adoptent une r\u00e9gulation de la vitesse par conversion de fr\u00e9quence, une d\u00e9tection intelligente de la temp\u00e9rature par contact direct et un \u00e9cran tactile, des syst\u00e8mes d'exploitation en chinois et en anglais, ainsi qu'un syst\u00e8me d'alarme automatique en cas de d\u00e9faillance, ce qui simplifie l'op\u00e9ration et la rend plus pratique.<\/li>\n<li>La machine automatique \u00e0 rouler les cigares au fromage peut effectuer automatiquement les op\u00e9rations de calibrage, de cuisson, de refroidissement, de remplissage, de pliage et de roulage des cigares alimentaires avec une grande efficacit\u00e9.<\/li>\n<li>La machine peut \u00eatre utilis\u00e9e en combinaison avec un palan, une friteuse, une machine de cong\u00e9lation rapide, une machine d'emballage et d'autres \u00e9quipements pour devenir une ligne de production alimentaire enti\u00e8rement automatique.<\/li>\n<li>La bobine \u00e9lectromagn\u00e9tique de cuisson de la ligne de production de rouleaux de cigares est fabriqu\u00e9e \u00e0 partir d'un c\u00e2ble sp\u00e9cial haute temp\u00e9rature et haute tension personnalis\u00e9, qui pr\u00e9sente de bonnes performances d'isolation et un facteur de s\u00e9curit\u00e9 \u00e9lev\u00e9. Elle rejette les fuites et les courts-circuits et fonctionne de mani\u00e8re plus s\u00fbre.<\/li>\n<\/ul>\n<p>&nbsp;<\/p>\n<h2><strong>Comment fabriquer des rouleaux de cigares Alimentaire<\/strong><\/h2>\n<p><iframe title=\"Machine \u00e0 fabriquer des rouleaux de cigares de poulet pour l&#039;usine de rouleaux de printemps\" width=\"500\" height=\"281\" src=\"https:\/\/www.youtube.com\/embed\/sRiRfdcnEzs?feature=oembed\" frameborder=\"0\" allow=\"accelerometer; autoplay; clipboard-write; encrypted-media; gyroscope; picture-in-picture; web-share\" referrerpolicy=\"strict-origin-when-cross-origin\" allowfullscreen><\/iframe><\/p>\n<p>&nbsp;<\/p>\n<h2><strong>Qu'est-ce qu'un Cigar Rolls ?<\/strong><\/h2>\n<p>Le Veg cigar roll est une recette de fast food frit qui a un go\u00fbt irr\u00e9sistible et all\u00e9chant. Il est pr\u00e9par\u00e9 \u00e0 partir d'une p\u00e2te \u00e0 frire en feuilles minces, puis on y ajoute la garniture. Il s'agit de l\u00e9gumes comme le chou, les carottes, le poivron, les oignons et d'autres \u00e9pices.<\/p>\n<p>La ligne de production de rouleaux de cigares peut \u00e9galement produire d'autres types de rouleaux de printemps, tels que les rouleaux de cigares au fromage, les rouleaux de cigares au poulet, etc. Si vous \u00eates int\u00e9ress\u00e9s par nos \u00e9quipements, n'h\u00e9sitez pas \u00e0 nous contacter. Nous vous fournirons un devis et des d\u00e9tails appropri\u00e9s.<\/p>\n<p>&nbsp;<\/p>\n<h3><strong>Param\u00e8tres techniques<\/strong><\/h3>\n<table border=\"0\" cellspacing=\"0\" cellpadding=\"0\">\n<tbody>\n<tr>\n<td colspan=\"4\" rowspan=\"1\">GG-CJX5000 Ligne de roulage de cigares<\/td>\n<\/tr>\n<tr>\n<td>Nom<\/td>\n<td>Dimensiton\uff08mm\uff09<\/td>\n<td>Puissance\uff08KW\uff09<\/td>\n<td>Non.<\/td>\n<\/tr>\n<tr>\n<td>Pi\u00e8ce de l'enrouleur de cigares<\/td>\n<td>2200*2000*2200<\/td>\n<td>59<\/td>\n<td>1<\/td>\n<\/tr>\n<tr>\n<td>Partie farce<\/td>\n<td>700*600*1000<\/td>\n<td>0.4<\/td>\n<td>1<\/td>\n<\/tr>\n<tr>\n<td>Pi\u00e8ce de pliage pour rouleau de cigares<\/td>\n<td>1700*500*1360<\/td>\n<td>0.4<\/td>\n<td>1<\/td>\n<\/tr>\n<tr>\n<td>Pi\u00e8ce de formage de rouleaux de cigares<\/td>\n<td>4030*500*1100<\/td>\n<td>0.4<\/td>\n<td>1<\/td>\n<\/tr>\n<tr>\n<td>M\u00e9langeur de p\u00e2te \u00e0 frire<\/td>\n<td>1300*600*900<\/td>\n<td>1.1<\/td>\n<td>1<\/td>\n<\/tr>\n<tr>\n<td>R\u00e9servoir de batterie<\/td>\n<td>800*300*320<\/td>\n<td>\/<\/td>\n<td>1<\/td>\n<\/tr>\n<tr>\n<td>Pompe \u00e0 batterie<\/td>\n<td>&#8211;<\/td>\n<td>0.55<\/td>\n<td>2<\/td>\n<\/tr>\n<tr>\n<td colspan=\"4\" rowspan=\"1\">Capacit\u00e9 3000-4000pcs\/h<\/td>\n<\/tr>\n<\/tbody>\n<\/table>\n<p>&nbsp;<\/p>\n<h3><strong>Envoyer une demande de devis gratuit<\/strong><\/h3>\n\n<div class=\"wpcf7 no-js\" id=\"wpcf7-f3214-o1\" lang=\"en-US\" dir=\"ltr\" data-wpcf7-id=\"3214\">\n<div class=\"screen-reader-response\"><p role=\"status\" aria-live=\"polite\" aria-atomic=\"true\"><\/p> <ul><\/ul><\/div>\n<form action=\"\/fr\/wp-json\/wp\/v2\/product\/3270#wpcf7-f3214-o1\" method=\"post\" class=\"wpcf7-form init\" aria-label=\"Formulaire de contact\" novalidate=\"novalidate\" data-status=\"init\" data-trp-original-action=\"\/fr\/wp-json\/wp\/v2\/product\/3270#wpcf7-f3214-o1\">\n<fieldset class=\"hidden-fields-container\"><input type=\"hidden\" name=\"_wpcf7\" value=\"3214\" \/><input type=\"hidden\" name=\"_wpcf7_version\" value=\"6.1.5\" \/><input type=\"hidden\" name=\"_wpcf7_locale\" value=\"en_US\" \/><input type=\"hidden\" name=\"_wpcf7_unit_tag\" value=\"wpcf7-f3214-o1\" \/><input type=\"hidden\" name=\"_wpcf7_container_post\" value=\"0\" \/><input type=\"hidden\" name=\"_wpcf7_posted_data_hash\" value=\"\" \/>\n<\/fieldset>\n<p><label> Votre nom*<br \/>\n<span class=\"wpcf7-form-control-wrap\" data-name=\"your-name\"><input size=\"40\" maxlength=\"400\" class=\"wpcf7-form-control wpcf7-text wpcf7-validates-as-required\" aria-required=\"true\" aria-invalid=\"false\" value=\"\" type=\"text\" name=\"your-name\" \/><\/span> <\/label>\n<\/p>\n<p><label> Votre pays<br \/>\n<span class=\"wpcf7-form-control-wrap\" data-name=\"your-country\"><input size=\"40\" maxlength=\"400\" class=\"wpcf7-form-control wpcf7-text\" aria-invalid=\"false\" value=\"\" type=\"text\" name=\"your-country\" \/><\/span> <\/label>\n<\/p>\n<p><label> Votre courriel*<br \/>\n<span class=\"wpcf7-form-control-wrap\" data-name=\"your-email\"><input size=\"40\" maxlength=\"400\" class=\"wpcf7-form-control wpcf7-email wpcf7-validates-as-required wpcf7-text wpcf7-validates-as-email\" aria-required=\"true\" aria-invalid=\"false\" value=\"\" type=\"email\" name=\"your-email\" \/><\/span> <\/label>\n<\/p>\n<p><label> Votre t\u00e9l\u00e9phone<br \/>\n<span class=\"wpcf7-form-control-wrap\" data-name=\"your-phone\"><input size=\"40\" maxlength=\"400\" class=\"wpcf7-form-control wpcf7-tel wpcf7-text wpcf7-validates-as-tel\" aria-invalid=\"false\" value=\"\" type=\"tel\" name=\"your-phone\" \/><\/span> <\/label>\n<\/p>\n<p><label> Nom de l'entreprise<br \/>\n<span class=\"wpcf7-form-control-wrap\" data-name=\"text-457\"><input size=\"40\" maxlength=\"400\" class=\"wpcf7-form-control wpcf7-text\" aria-invalid=\"false\" value=\"\" type=\"text\" name=\"text-457\" \/><\/span> <\/label>\n<\/p>\n<p><label> Le site web de votre entreprise<br \/>\n<span class=\"wpcf7-form-control-wrap\" data-name=\"text-546\"><input size=\"40\" maxlength=\"400\" class=\"wpcf7-form-control wpcf7-text\" aria-invalid=\"false\" value=\"\" type=\"text\" name=\"text-546\" \/><\/span> <\/label>\n<\/p>\n<p><label> Votre demande*<br \/>\n<span class=\"wpcf7-form-control-wrap\" data-name=\"your-requirement\"><textarea cols=\"40\" rows=\"10\" maxlength=\"2000\" class=\"wpcf7-form-control wpcf7-textarea wpcf7-validates-as-required\" aria-required=\"true\" aria-invalid=\"false\" name=\"your-requirement\"><\/textarea><\/span> <\/label>\n<\/p>\n<p><input class=\"wpcf7-form-control wpcf7-submit has-spinner\" type=\"submit\" value=\"Soumettre\" \/>\n<\/p>\n<div style=\"clear:both\">\n<\/div><p style=\"display: none !important;\" class=\"akismet-fields-container\" data-prefix=\"_wpcf7_ak_\"><label>&#916;<textarea name=\"_wpcf7_ak_hp_textarea\" cols=\"45\" rows=\"8\" maxlength=\"100\"><\/textarea><\/label><input type=\"hidden\" id=\"ak_js_1\" name=\"_wpcf7_ak_js\" value=\"97\"\/><script>document.getElementById( \"ak_js_1\" ).setAttribute( \"value\", ( new Date() ).getTime() );<\/script><\/p><div class=\"wpcf7-response-output\" aria-hidden=\"true\"><\/div>\n<input type=\"hidden\" name=\"trp-form-language\" value=\"fr\"\/><\/form>\n<\/div>\n\n<div style='text-align:left' class='yasr-auto-insert-visitor'><\/div>","protected":false},"excerpt":{"rendered":"<p>The cigar roll production line can efficiently produce cigar rolls, imitating manual production. It is more hygienic and safer to use machine production. Suitable for use in frozen food factories, chain restaurants, central kitchens, etc. This cigar roll machine is industrial use, with a variety of output options, up to 1000-6500 pieces per hour. Cigar [&hellip;]<\/p>","protected":false},"featured_media":3273,"comment_status":"open","ping_status":"closed","template":"","meta":{"site-sidebar-layout":"default","site-content-layout":"default","ast-site-content-layout":"default","site-content-style":"default","site-sidebar-style":"default","ast-global-header-display":"","ast-banner-title-visibility":"","ast-main-header-display":"","ast-hfb-above-header-display":"","ast-hfb-below-header-display":"","ast-hfb-mobile-header-display":"","site-post-title":"","ast-breadcrumbs-content":"","ast-featured-img":"","footer-sml-layout":"","theme-transparent-header-meta":"","adv-header-id-meta":"","stick-header-meta":"","header-above-stick-meta":"","header-main-stick-meta":"","header-below-stick-meta":"","astra-migrate-meta-layouts":"default","ast-page-background-enabled":"default","ast-page-background-meta":{"desktop":{"background-color":"","background-image":"","background-repeat":"repeat","background-position":"center center","background-size":"auto","background-attachment":"scroll","background-type":"","background-media":"","overlay-type":"","overlay-color":"","overlay-opacity":"","overlay-gradient":""},"tablet":{"background-color":"","background-image":"","background-repeat":"repeat","background-position":"center center","background-size":"auto","background-attachment":"scroll","background-type":"","background-media":"","overlay-type":"","overlay-color":"","overlay-opacity":"","overlay-gradient":""},"mobile":{"background-color":"","background-image":"","background-repeat":"repeat","background-position":"center center","background-size":"auto","background-attachment":"scroll","background-type":"","background-media":"","overlay-type":"","overlay-color":"","overlay-opacity":"","overlay-gradient":""}},"ast-content-background-meta":{"desktop":{"background-color":"var(--ast-global-color-5)","background-image":"","background-repeat":"repeat","background-position":"center center","background-size":"auto","background-attachment":"scroll","background-type":"","background-media":"","overlay-type":"","overlay-color":"","overlay-opacity":"","overlay-gradient":""},"tablet":{"background-color":"var(--ast-global-color-5)","background-image":"","background-repeat":"repeat","background-position":"center center","background-size":"auto","background-attachment":"scroll","background-type":"","background-media":"","overlay-type":"","overlay-color":"","overlay-opacity":"","overlay-gradient":""},"mobile":{"background-color":"var(--ast-global-color-5)","background-image":"","background-repeat":"repeat","background-position":"center center","background-size":"auto","background-attachment":"scroll","background-type":"","background-media":"","overlay-type":"","overlay-color":"","overlay-opacity":"","overlay-gradient":""}},"yasr_overall_rating":0,"yasr_post_is_review":"","yasr_auto_insert_disabled":"","yasr_review_type":""},"product_brand":[],"product_cat":[24],"product_tag":[],"class_list":{"0":"post-3270","1":"product","2":"type-product","3":"status-publish","4":"has-post-thumbnail","6":"product_cat-spring-roll-machine","7":"desktop-align-left","8":"tablet-align-left","9":"mobile-align-left","11":"first","12":"instock","13":"shipping-taxable","14":"product-type-simple"},"yoast_head":"<!-- This site is optimized with the Yoast SEO plugin v26.4 - https:\/\/yoast.com\/wordpress\/plugins\/seo\/ -->\n<title>Veg Cheese Cigar Roll Production Line for Food Factory<\/title>\n<meta name=\"description\" content=\"This cigar roll production line can be used to make high output cigar rolls, suitable for many frozen food factory, Central Kitchen and so on.\" \/>\n<meta name=\"robots\" content=\"index, follow, max-snippet:-1, max-image-preview:large, max-video-preview:-1\" \/>\n<link rel=\"canonical\" href=\"https:\/\/www.springrollsolution.com\/fr\/produit\/cigar-roll-production-line\/\" \/>\n<meta property=\"og:locale\" content=\"fr_FR\" \/>\n<meta property=\"og:type\" content=\"article\" \/>\n<meta property=\"og:title\" content=\"Veg Cheese Cigar Roll Production Line for Food Factory\" \/>\n<meta property=\"og:description\" content=\"This cigar roll production line can be used to make high output cigar rolls, suitable for many frozen food factory, Central Kitchen and so on.\" \/>\n<meta property=\"og:url\" content=\"https:\/\/www.springrollsolution.com\/fr\/produit\/cigar-roll-production-line\/\" \/>\n<meta property=\"og:site_name\" content=\"Spring Roll Processing Machine\" \/>\n<meta property=\"article:modified_time\" content=\"2025-07-02T08:02:25+00:00\" \/>\n<meta property=\"og:image\" content=\"https:\/\/www.springrollsolution.com\/wp-content\/uploads\/2022\/06\/25-1.jpg\" \/>\n\t<meta property=\"og:image:width\" content=\"600\" \/>\n\t<meta property=\"og:image:height\" content=\"600\" \/>\n\t<meta property=\"og:image:type\" content=\"image\/jpeg\" \/>\n<meta name=\"twitter:card\" content=\"summary_large_image\" \/>\n<meta name=\"twitter:label1\" content=\"Dur\u00e9e de lecture estim\u00e9e\" \/>\n\t<meta name=\"twitter:data1\" content=\"3 minutes\" \/>\n<script type=\"application\/ld+json\" class=\"yoast-schema-graph\">{\"@context\":\"https:\/\/schema.org\",\"@graph\":[{\"@type\":\"WebPage\",\"@id\":\"https:\/\/www.springrollsolution.com\/product\/cigar-roll-production-line\/\",\"url\":\"https:\/\/www.springrollsolution.com\/product\/cigar-roll-production-line\/\",\"name\":\"Veg Cheese Cigar Roll Production Line for Food Factory\",\"isPartOf\":{\"@id\":\"https:\/\/www.springrollsolution.com\/#website\"},\"primaryImageOfPage\":{\"@id\":\"https:\/\/www.springrollsolution.com\/product\/cigar-roll-production-line\/#primaryimage\"},\"image\":{\"@id\":\"https:\/\/www.springrollsolution.com\/product\/cigar-roll-production-line\/#primaryimage\"},\"thumbnailUrl\":\"https:\/\/www.springrollsolution.com\/wp-content\/uploads\/2022\/06\/25-1.jpg\",\"datePublished\":\"2022-06-25T03:12:26+00:00\",\"dateModified\":\"2025-07-02T08:02:25+00:00\",\"description\":\"This cigar roll production line can be used to make high output cigar rolls, suitable for many frozen food factory, Central Kitchen and so on.\",\"breadcrumb\":{\"@id\":\"https:\/\/www.springrollsolution.com\/product\/cigar-roll-production-line\/#breadcrumb\"},\"inLanguage\":\"fr-FR\",\"potentialAction\":[{\"@type\":\"ReadAction\",\"target\":[\"https:\/\/www.springrollsolution.com\/product\/cigar-roll-production-line\/\"]}]},{\"@type\":\"ImageObject\",\"inLanguage\":\"fr-FR\",\"@id\":\"https:\/\/www.springrollsolution.com\/product\/cigar-roll-production-line\/#primaryimage\",\"url\":\"https:\/\/www.springrollsolution.com\/wp-content\/uploads\/2022\/06\/25-1.jpg\",\"contentUrl\":\"https:\/\/www.springrollsolution.com\/wp-content\/uploads\/2022\/06\/25-1.jpg\",\"width\":600,\"height\":600,\"caption\":\"Cigar Roll Production Line\"},{\"@type\":\"BreadcrumbList\",\"@id\":\"https:\/\/www.springrollsolution.com\/product\/cigar-roll-production-line\/#breadcrumb\",\"itemListElement\":[{\"@type\":\"ListItem\",\"position\":1,\"name\":\"Home\",\"item\":\"https:\/\/www.springrollsolution.com\/\"},{\"@type\":\"ListItem\",\"position\":2,\"name\":\"Products\",\"item\":\"https:\/\/www.springrollsolution.com\/shop\/\"},{\"@type\":\"ListItem\",\"position\":3,\"name\":\"Veg Cheese Cigar Roll Production Line for Food Factory\"}]},{\"@type\":\"WebSite\",\"@id\":\"https:\/\/www.springrollsolution.com\/#website\",\"url\":\"https:\/\/www.springrollsolution.com\/\",\"name\":\"Spring Roll Processing Machine\",\"description\":\"Spring roll processing solution provider\",\"publisher\":{\"@id\":\"https:\/\/www.springrollsolution.com\/#organization\"},\"potentialAction\":[{\"@type\":\"SearchAction\",\"target\":{\"@type\":\"EntryPoint\",\"urlTemplate\":\"https:\/\/www.springrollsolution.com\/?s={search_term_string}\"},\"query-input\":{\"@type\":\"PropertyValueSpecification\",\"valueRequired\":true,\"valueName\":\"search_term_string\"}}],\"inLanguage\":\"fr-FR\"},{\"@type\":\"Organization\",\"@id\":\"https:\/\/www.springrollsolution.com\/#organization\",\"name\":\"Spring Roll Processing Machine\",\"url\":\"https:\/\/www.springrollsolution.com\/\",\"logo\":{\"@type\":\"ImageObject\",\"inLanguage\":\"fr-FR\",\"@id\":\"https:\/\/www.springrollsolution.com\/#\/schema\/logo\/image\/\",\"url\":\"https:\/\/www.springrollsolution.com\/wp-content\/uploads\/2025\/05\/cropped-logo.png\",\"contentUrl\":\"https:\/\/www.springrollsolution.com\/wp-content\/uploads\/2025\/05\/cropped-logo.png\",\"width\":180,\"height\":60,\"caption\":\"Spring Roll Processing Machine\"},\"image\":{\"@id\":\"https:\/\/www.springrollsolution.com\/#\/schema\/logo\/image\/\"}},false]}<\/script>\n<!-- \/ Yoast SEO plugin. -->","yoast_head_json":{"title":"Ligne de production de rouleaux de cigares au fromage v\u00e9g\u00e9tal pour l'industrie alimentaire","description":"Cette ligne de production de rouleaux de cigares peut \u00eatre utilis\u00e9e pour fabriquer des rouleaux de cigares \u00e0 haut rendement. Elle convient \u00e0 de nombreuses usines de produits surgel\u00e9s, aux cuisines centrales, etc.","robots":{"index":"index","follow":"follow","max-snippet":"max-snippet:-1","max-image-preview":"max-image-preview:large","max-video-preview":"max-video-preview:-1"},"canonical":"https:\/\/www.springrollsolution.com\/fr\/produit\/cigar-roll-production-line\/","og_locale":"fr_FR","og_type":"article","og_title":"Veg Cheese Cigar Roll Production Line for Food Factory","og_description":"This cigar roll production line can be used to make high output cigar rolls, suitable for many frozen food factory, Central Kitchen and so on.","og_url":"https:\/\/www.springrollsolution.com\/fr\/produit\/cigar-roll-production-line\/","og_site_name":"Spring Roll Processing Machine","article_modified_time":"2025-07-02T08:02:25+00:00","og_image":[{"width":600,"height":600,"url":"https:\/\/www.springrollsolution.com\/wp-content\/uploads\/2022\/06\/25-1.jpg","type":"image\/jpeg"}],"twitter_card":"summary_large_image","twitter_misc":{"Dur\u00e9e de lecture estim\u00e9e":"3 minutes"},"schema":{"@context":"https:\/\/schema.org","@graph":[{"@type":"WebPage","@id":"https:\/\/www.springrollsolution.com\/product\/cigar-roll-production-line\/","url":"https:\/\/www.springrollsolution.com\/product\/cigar-roll-production-line\/","name":"Ligne de production de rouleaux de cigares au fromage v\u00e9g\u00e9tal pour l'industrie alimentaire","isPartOf":{"@id":"https:\/\/www.springrollsolution.com\/#website"},"primaryImageOfPage":{"@id":"https:\/\/www.springrollsolution.com\/product\/cigar-roll-production-line\/#primaryimage"},"image":{"@id":"https:\/\/www.springrollsolution.com\/product\/cigar-roll-production-line\/#primaryimage"},"thumbnailUrl":"https:\/\/www.springrollsolution.com\/wp-content\/uploads\/2022\/06\/25-1.jpg","datePublished":"2022-06-25T03:12:26+00:00","dateModified":"2025-07-02T08:02:25+00:00","description":"Cette ligne de production de rouleaux de cigares peut \u00eatre utilis\u00e9e pour fabriquer des rouleaux de cigares \u00e0 haut rendement. Elle convient \u00e0 de nombreuses usines de produits surgel\u00e9s, aux cuisines centrales, etc.","breadcrumb":{"@id":"https:\/\/www.springrollsolution.com\/product\/cigar-roll-production-line\/#breadcrumb"},"inLanguage":"fr-FR","potentialAction":[{"@type":"ReadAction","target":["https:\/\/www.springrollsolution.com\/product\/cigar-roll-production-line\/"]}]},{"@type":"ImageObject","inLanguage":"fr-FR","@id":"https:\/\/www.springrollsolution.com\/product\/cigar-roll-production-line\/#primaryimage","url":"https:\/\/www.springrollsolution.com\/wp-content\/uploads\/2022\/06\/25-1.jpg","contentUrl":"https:\/\/www.springrollsolution.com\/wp-content\/uploads\/2022\/06\/25-1.jpg","width":600,"height":600,"caption":"Cigar Roll Production Line"},{"@type":"BreadcrumbList","@id":"https:\/\/www.springrollsolution.com\/product\/cigar-roll-production-line\/#breadcrumb","itemListElement":[{"@type":"ListItem","position":1,"name":"Home","item":"https:\/\/www.springrollsolution.com\/"},{"@type":"ListItem","position":2,"name":"Products","item":"https:\/\/www.springrollsolution.com\/shop\/"},{"@type":"ListItem","position":3,"name":"Veg Cheese Cigar Roll Production Line for Food Factory"}]},{"@type":"WebSite","@id":"https:\/\/www.springrollsolution.com\/#website","url":"https:\/\/www.springrollsolution.com\/","name":"Machine de traitement des rouleaux de printemps","description":"Fournisseur de solutions pour le traitement des rouleaux de printemps","publisher":{"@id":"https:\/\/www.springrollsolution.com\/#organization"},"potentialAction":[{"@type":"SearchAction","target":{"@type":"EntryPoint","urlTemplate":"https:\/\/www.springrollsolution.com\/?s={search_term_string}"},"query-input":{"@type":"PropertyValueSpecification","valueRequired":true,"valueName":"search_term_string"}}],"inLanguage":"fr-FR"},{"@type":"Organization","@id":"https:\/\/www.springrollsolution.com\/#organization","name":"Machine de traitement des rouleaux de printemps","url":"https:\/\/www.springrollsolution.com\/","logo":{"@type":"ImageObject","inLanguage":"fr-FR","@id":"https:\/\/www.springrollsolution.com\/#\/schema\/logo\/image\/","url":"https:\/\/www.springrollsolution.com\/wp-content\/uploads\/2025\/05\/cropped-logo.png","contentUrl":"https:\/\/www.springrollsolution.com\/wp-content\/uploads\/2025\/05\/cropped-logo.png","width":180,"height":60,"caption":"Spring Roll Processing Machine"},"image":{"@id":"https:\/\/www.springrollsolution.com\/#\/schema\/logo\/image\/"}},false]}},"yasr_visitor_votes":{"stars_attributes":{"read_only":false,"span_bottom":false},"number_of_votes":0,"sum_votes":0},"_links":{"self":[{"href":"https:\/\/www.springrollsolution.com\/fr\/wp-json\/wp\/v2\/product\/3270","targetHints":{"allow":["GET"]}}],"collection":[{"href":"https:\/\/www.springrollsolution.com\/fr\/wp-json\/wp\/v2\/product"}],"about":[{"href":"https:\/\/www.springrollsolution.com\/fr\/wp-json\/wp\/v2\/types\/product"}],"replies":[{"embeddable":true,"href":"https:\/\/www.springrollsolution.com\/fr\/wp-json\/wp\/v2\/comments?post=3270"}],"wp:featuredmedia":[{"embeddable":true,"href":"https:\/\/www.springrollsolution.com\/fr\/wp-json\/wp\/v2\/media\/3273"}],"wp:attachment":[{"href":"https:\/\/www.springrollsolution.com\/fr\/wp-json\/wp\/v2\/media?parent=3270"}],"wp:term":[{"taxonomy":"product_brand","embeddable":true,"href":"https:\/\/www.springrollsolution.com\/fr\/wp-json\/wp\/v2\/product_brand?post=3270"},{"taxonomy":"product_cat","embeddable":true,"href":"https:\/\/www.springrollsolution.com\/fr\/wp-json\/wp\/v2\/product_cat?post=3270"},{"taxonomy":"product_tag","embeddable":true,"href":"https:\/\/www.springrollsolution.com\/fr\/wp-json\/wp\/v2\/product_tag?post=3270"}],"curies":[{"name":"wp","href":"https:\/\/api.w.org\/{rel}","templated":true}]}}