{"id":3189,"date":"2022-06-20T17:55:21","date_gmt":"2022-06-20T09:55:21","guid":{"rendered":"https:\/\/www.springrollsolution.com\/?post_type=product&#038;p=3189"},"modified":"2025-08-19T09:38:50","modified_gmt":"2025-08-19T01:38:50","slug":"spring-roll-machine-price","status":"publish","type":"product","link":"https:\/\/www.springrollsolution.com\/fr\/produit\/spring-roll-machine-price\/","title":{"rendered":"Machine de rouleaux de printemps prix 5000 pi\u00e8ces\/h"},"content":{"rendered":"<p>Le machine de rouleaux de printemps prix est un facteur important \u00e0 prendre en compte lors de la cr\u00e9ation d'une entreprise dans l'industrie alimentaire, en particulier si vous souhaitez vous sp\u00e9cialiser dans la cuisine asiatique.<\/p>\n<p>Notre soci\u00e9t\u00e9 produit et d\u00e9veloppe des machines \u00e0 rouleaux de printemps industrielles, sp\u00e9cialis\u00e9es dans la fabrication de rouleaux de printemps. Elle peut produire diff\u00e9rents types de rouleaux, tels que des nems, des lumpia, des rouleaux au fromage, etc.<\/p>\n<p><img fetchpriority=\"high\" decoding=\"async\" class=\"alignnone size-full wp-image-3192\" src=\"https:\/\/www.springrollsolution.com\/wp-content\/uploads\/2022\/06\/13-1.jpg\" alt=\"Machine \u00e0 rouleaux de printemps\" width=\"700\" height=\"400\" srcset=\"https:\/\/www.springrollsolution.com\/wp-content\/uploads\/2022\/06\/13-1.jpg 700w, https:\/\/www.springrollsolution.com\/wp-content\/uploads\/2022\/06\/13-1-300x171.jpg 300w\" sizes=\"(max-width: 700px) 100vw, 700px\" \/><\/p>\n<h2><strong>Structure de la machine de rouleaux de printemps<\/strong><\/h2>\n<p>Cette machine comprend un batteur \u00e0 p\u00e2te, une pompe de transfert, une machine \u00e0 cuire les rouleaux de printemps, une partie de refroidissement, une machine \u00e0 remplir les farces, une machine \u00e0 plier, une partie de roulage et une partie de transport.<\/p>\n<p>Le haut degr\u00e9 d'automatisation de l'\u00e9quipement permet non seulement d'augmenter la vitesse de production des rouleaux de printemps, mais aussi de garantir la constance de la qualit\u00e9 et du go\u00fbt des rouleaux de printemps, ce qui en fait une solution id\u00e9ale pour la production de rouleaux de printemps \u00e0 grande \u00e9chelle.<\/p>\n<p>Avec la popularit\u00e9 des rouleaux de printemps, il y a de plus en plus de fabricants d'\u00e9quipements connexes, et les prix des machines \u00e0 rouleaux de printemps sont \u00e9galement diff\u00e9rents d'une entreprise \u00e0 l'autre. Cela s'explique par des mat\u00e9riaux diff\u00e9rents, des capacit\u00e9s de production diff\u00e9rentes, etc.<\/p>\n<p><img decoding=\"async\" class=\"alignnone size-full wp-image-5399\" src=\"https:\/\/www.springrollsolution.com\/wp-content\/uploads\/2022\/06\/8-3.jpg\" alt=\"Prix de la machine \u00e0 fabriquer des rouleaux de printemps\" width=\"630\" height=\"400\" srcset=\"https:\/\/www.springrollsolution.com\/wp-content\/uploads\/2022\/06\/8-3.jpg 630w, https:\/\/www.springrollsolution.com\/wp-content\/uploads\/2022\/06\/8-3-300x190.jpg 300w, https:\/\/www.springrollsolution.com\/wp-content\/uploads\/2022\/06\/8-3-18x12.jpg 18w\" sizes=\"(max-width: 630px) 100vw, 630px\" \/><\/p>\n<h2><strong>Pr\u00e9sentation des rouleaux de printemps<\/strong><\/h2>\n<p>Les rouleaux de printemps sont un hors-d'\u0153uvre ou un dim sum courant dans la cuisine chinoise et d'autres cuisines d'Asie du Sud-Est. Ils sont populaires en Australie, en Allemagne, en France, en Pologne, aux Pays-Bas, en Belgique, au Br\u00e9sil, au Chili, au Mexique, au Venezuela, en Argentine et dans d'autres pays. Le processus de production diff\u00e8re d'un pays \u00e0 l'autre, ce qui explique les diff\u00e9rences dans la fabrication de la peau, la farce, etc.<\/p>\n<ul>\n<li>Fabrication d'emballages : Les mati\u00e8res premi\u00e8res utilis\u00e9es sont diff\u00e9rentes, certaines utilisent de la p\u00e2te de riz, d'autres de la p\u00e2te de farine, et d'autres ingr\u00e9dients seront l\u00e9g\u00e8rement diff\u00e9rents en fonction des diff\u00e9rents produits.<\/li>\n<li>Garnitures : Les garnitures sucr\u00e9es et sal\u00e9es sont courantes. Les rouleaux de printemps peuvent \u00eatre envelopp\u00e9s de haricots rouges, de carottes, de chou, de haricots verts, de pousses de bambou, de c\u0153urs de banane, de poireaux et parfois de viande hach\u00e9e (poulet, crevettes, porc ou b\u0153uf). En g\u00e9n\u00e9ral, ces mat\u00e9riaux doivent \u00eatre hach\u00e9s, puis plac\u00e9s dans la tr\u00e9mie, sinon la farce ne tombera pas facilement.<\/li>\n<\/ul>\n<p><img decoding=\"async\" class=\"alignnone size-full wp-image-3193\" src=\"https:\/\/www.springrollsolution.com\/wp-content\/uploads\/2022\/06\/14-1.jpg\" alt=\"Production de rouleaux de printemps\" width=\"700\" height=\"400\" srcset=\"https:\/\/www.springrollsolution.com\/wp-content\/uploads\/2022\/06\/14-1.jpg 700w, https:\/\/www.springrollsolution.com\/wp-content\/uploads\/2022\/06\/14-1-300x171.jpg 300w\" sizes=\"(max-width: 700px) 100vw, 700px\" \/><\/p>\n<h2><strong>Avantages de la machine de rouleaux de printemps<\/strong><\/h2>\n<ol>\n<li>Permet de personnaliser et de r\u00e9aliser des rouleaux de printemps d'un diam\u00e8tre de 2,6 cm, d'une longueur de 9 cm et d'un poids de 30 \u00e0 40 grammes.<\/li>\n<li>Multifonctionnelle, cette machine peut non seulement produire des rouleaux de printemps, mais aussi des nems, des harumaki, des b\u00e2tonnets de mozzarella et d'autres produits.<\/li>\n<li>La partie avant de la bande transporteuse adopte un type de bande \u00e0 mailles, qui favorise la dissipation de la chaleur de la peau du rouleau de printemps.<\/li>\n<li>Les rouleaux de printemps sont form\u00e9s compl\u00e8tement, sans laisser appara\u00eetre la garniture, et le roulage est r\u00e9gulier.<\/li>\n<li>Le machine \u00e0 fabriquer des rouleaux de printemps prix est d\u00e9termin\u00e9 par la puissance, le mat\u00e9riau, la tension et d'autres facteurs de la machine.<\/li>\n<li>La machine a une efficacit\u00e9 de production \u00e9lev\u00e9e et un fonctionnement simple, ce qui est propice \u00e0 la production \u00e0 grande \u00e9chelle de rouleaux de printemps dans les usines.<\/li>\n<li>L'armoire de commande est utilis\u00e9e pour contr\u00f4ler et faire fonctionner l'\u00e9quipement. Lors de la production de rouleaux de printemps, le ratio peut \u00eatre ajust\u00e9 en fonction des diff\u00e9rentes exigences, ce qui est tr\u00e8s facile \u00e0 r\u00e9gler.<\/li>\n<li>La m\u00e9thode de chauffage est \u00e9lectromagn\u00e9tique, ce qui permet d'\u00e9conomiser 30% d'\u00e9nergie par rapport \u00e0 la m\u00e9thode de chauffage traditionnelle.<\/li>\n<\/ol>\n<h2><strong>Processus de production des rouleaux de printemps<\/strong><\/h2>\n<p><iframe title=\"Lecteur vid\u00e9o YouTube\" src=\"https:\/\/www.youtube.com\/embed\/ak5XqE-YxZ0\" width=\"560\" height=\"315\" frameborder=\"0\" allowfullscreen=\"allowfullscreen\"><\/iframe><\/p>\n<h2><strong>Pr\u00e9cautions \u00e0 prendre pour la machine \u00e0 rouleaux de printemps automatique<\/strong><\/h2>\n<ul>\n<li>La machine doit \u00eatre install\u00e9e sur un sol stable et plat.<\/li>\n<li>Le chauffage doit \u00eatre parall\u00e8le \u00e0 la ligne auxiliaire lors de l'installation.<\/li>\n<li>Ouvrez le couvercle \u00e9lectrique et mettez l'appareil en marche.<\/li>\n<li>Une fois le travail effectu\u00e9, la machine doit \u00eatre lav\u00e9e \u00e0 l'eau.<\/li>\n<li>Un fil de terre doit \u00eatre utilis\u00e9 avant l'utilisation.<\/li>\n<li>Si vous avez besoin du machine de rouleaux de printemps prix, veuillez nous contacter : soit par <a href=\"mailto:lisa@machinehall.com\"><span style=\"color: #3366ff;\"><strong>Courriel<\/strong><\/span><\/a> ou <a href=\"https:\/\/wa.me\/8615515571373\"><span style=\"color: #3366ff;\"><strong>WhatsApp<\/strong><\/span><\/a>.<\/li>\n<\/ul>\n<h3><strong>Param\u00e8tres techniques<\/strong><\/h3>\n<table border=\"0\" cellspacing=\"0\" cellpadding=\"0\">\n<tbody>\n<tr>\n<td colspan=\"4\" rowspan=\"1\">GG-CJX5000 Machine industrielle \u00e0 fabriquer des rouleaux de printemps<\/td>\n<\/tr>\n<tr>\n<td>Nom<\/td>\n<td>Dimensiton\uff08mm\uff09<\/td>\n<td>Puissance\uff08KW\uff09<\/td>\n<td>Non.<\/td>\n<\/tr>\n<tr>\n<td>Pi\u00e8ce de l'enrouleur de rouleaux de printemps<\/td>\n<td>2200*2000*2200<\/td>\n<td>59<\/td>\n<td>1<\/td>\n<\/tr>\n<tr>\n<td>Partie farce<\/td>\n<td>700*600*1000<\/td>\n<td>0.4<\/td>\n<td>1<\/td>\n<\/tr>\n<tr>\n<td>Rouleau \u00e0 ressort Pi\u00e8ce pliante<\/td>\n<td>1700*500*1360<\/td>\n<td>0.4<\/td>\n<td>1<\/td>\n<\/tr>\n<tr>\n<td>Pi\u00e8ce de formage pour rouleau de ressort<\/td>\n<td>4030*500*1100<\/td>\n<td>0.4<\/td>\n<td>1<\/td>\n<\/tr>\n<tr>\n<td>M\u00e9langeur de p\u00e2te \u00e0 frire<\/td>\n<td>1300*600*900<\/td>\n<td>1.1<\/td>\n<td>1<\/td>\n<\/tr>\n<tr>\n<td>R\u00e9servoir de batterie<\/td>\n<td>800*300*320<\/td>\n<td>\/<\/td>\n<td>1<\/td>\n<\/tr>\n<tr>\n<td>Pompe \u00e0 batterie<\/td>\n<td>&#8211;<\/td>\n<td>0.55<\/td>\n<td>2<\/td>\n<\/tr>\n<tr>\n<td colspan=\"4\" rowspan=\"1\">Capacit\u00e9 3000-4000pcs\/h<\/td>\n<\/tr>\n<\/tbody>\n<\/table>\n<h3><strong>Envoyer une demande de devis gratuit<\/strong><\/h3>\n\n<div class=\"wpcf7 no-js\" id=\"wpcf7-f3214-o1\" lang=\"en-US\" dir=\"ltr\" data-wpcf7-id=\"3214\">\n<div class=\"screen-reader-response\"><p role=\"status\" aria-live=\"polite\" aria-atomic=\"true\"><\/p> <ul><\/ul><\/div>\n<form action=\"\/fr\/wp-json\/wp\/v2\/product\/3189#wpcf7-f3214-o1\" method=\"post\" class=\"wpcf7-form init\" aria-label=\"Formulaire de contact\" novalidate=\"novalidate\" data-status=\"init\" data-trp-original-action=\"\/fr\/wp-json\/wp\/v2\/product\/3189#wpcf7-f3214-o1\">\n<fieldset class=\"hidden-fields-container\"><input type=\"hidden\" name=\"_wpcf7\" value=\"3214\" \/><input type=\"hidden\" name=\"_wpcf7_version\" value=\"6.1.5\" \/><input type=\"hidden\" name=\"_wpcf7_locale\" value=\"en_US\" \/><input type=\"hidden\" name=\"_wpcf7_unit_tag\" value=\"wpcf7-f3214-o1\" \/><input type=\"hidden\" name=\"_wpcf7_container_post\" value=\"0\" \/><input type=\"hidden\" name=\"_wpcf7_posted_data_hash\" value=\"\" \/>\n<\/fieldset>\n<p><label> Votre nom*<br \/>\n<span class=\"wpcf7-form-control-wrap\" data-name=\"your-name\"><input size=\"40\" maxlength=\"400\" class=\"wpcf7-form-control wpcf7-text wpcf7-validates-as-required\" aria-required=\"true\" aria-invalid=\"false\" value=\"\" type=\"text\" name=\"your-name\" \/><\/span> <\/label>\n<\/p>\n<p><label> Votre pays<br \/>\n<span class=\"wpcf7-form-control-wrap\" data-name=\"your-country\"><input size=\"40\" maxlength=\"400\" class=\"wpcf7-form-control wpcf7-text\" aria-invalid=\"false\" value=\"\" type=\"text\" name=\"your-country\" \/><\/span> <\/label>\n<\/p>\n<p><label> Votre courriel*<br \/>\n<span class=\"wpcf7-form-control-wrap\" data-name=\"your-email\"><input size=\"40\" maxlength=\"400\" class=\"wpcf7-form-control wpcf7-email wpcf7-validates-as-required wpcf7-text wpcf7-validates-as-email\" aria-required=\"true\" aria-invalid=\"false\" value=\"\" type=\"email\" name=\"your-email\" \/><\/span> <\/label>\n<\/p>\n<p><label> Votre t\u00e9l\u00e9phone<br \/>\n<span class=\"wpcf7-form-control-wrap\" data-name=\"your-phone\"><input size=\"40\" maxlength=\"400\" class=\"wpcf7-form-control wpcf7-tel wpcf7-text wpcf7-validates-as-tel\" aria-invalid=\"false\" value=\"\" type=\"tel\" name=\"your-phone\" \/><\/span> <\/label>\n<\/p>\n<p><label> Nom de l'entreprise<br \/>\n<span class=\"wpcf7-form-control-wrap\" data-name=\"text-457\"><input size=\"40\" maxlength=\"400\" class=\"wpcf7-form-control wpcf7-text\" aria-invalid=\"false\" value=\"\" type=\"text\" name=\"text-457\" \/><\/span> <\/label>\n<\/p>\n<p><label> Le site web de votre entreprise<br \/>\n<span class=\"wpcf7-form-control-wrap\" data-name=\"text-546\"><input size=\"40\" maxlength=\"400\" class=\"wpcf7-form-control wpcf7-text\" aria-invalid=\"false\" value=\"\" type=\"text\" name=\"text-546\" \/><\/span> <\/label>\n<\/p>\n<p><label> Votre demande*<br \/>\n<span class=\"wpcf7-form-control-wrap\" data-name=\"your-requirement\"><textarea cols=\"40\" rows=\"10\" maxlength=\"2000\" class=\"wpcf7-form-control wpcf7-textarea wpcf7-validates-as-required\" aria-required=\"true\" aria-invalid=\"false\" name=\"your-requirement\"><\/textarea><\/span> <\/label>\n<\/p>\n<p><input class=\"wpcf7-form-control wpcf7-submit has-spinner\" type=\"submit\" value=\"Soumettre\" \/>\n<\/p>\n<div style=\"clear:both\">\n<\/div><p style=\"display: none !important;\" class=\"akismet-fields-container\" data-prefix=\"_wpcf7_ak_\"><label>&#916;<textarea name=\"_wpcf7_ak_hp_textarea\" cols=\"45\" rows=\"8\" maxlength=\"100\"><\/textarea><\/label><input type=\"hidden\" id=\"ak_js_1\" name=\"_wpcf7_ak_js\" value=\"233\"\/><script>document.getElementById( \"ak_js_1\" ).setAttribute( \"value\", ( new Date() ).getTime() );<\/script><\/p><div class=\"wpcf7-response-output\" aria-hidden=\"true\"><\/div>\n<input type=\"hidden\" name=\"trp-form-language\" value=\"fr\"\/><\/form>\n<\/div>\n\n<div style='text-align:left' class='yasr-auto-insert-visitor'><\/div>","protected":false},"excerpt":{"rendered":"<ul>\n<li><span style=\"color: #3366ff;\"><strong>Courriel : <a style=\"color: #3366ff;\" href=\"mailto:lisa@machinehall.com\">lisa@machinehall.com<\/a><\/strong><\/span><\/li>\n<li><span style=\"color: #3366ff;\"><strong>WhatsApp : <a style=\"color: #3366ff;\" href=\"https:\/\/wa.me\/8615515571373\">+8615515571373<\/a><\/strong><\/span><\/li>\n<li><\/li>\n<\/ul>","protected":false},"featured_media":3197,"comment_status":"open","ping_status":"closed","template":"","meta":{"site-sidebar-layout":"default","site-content-layout":"default","ast-site-content-layout":"default","site-content-style":"default","site-sidebar-style":"default","ast-global-header-display":"","ast-banner-title-visibility":"","ast-main-header-display":"","ast-hfb-above-header-display":"","ast-hfb-below-header-display":"","ast-hfb-mobile-header-display":"","site-post-title":"","ast-breadcrumbs-content":"","ast-featured-img":"","footer-sml-layout":"","theme-transparent-header-meta":"","adv-header-id-meta":"","stick-header-meta":"","header-above-stick-meta":"","header-main-stick-meta":"","header-below-stick-meta":"","astra-migrate-meta-layouts":"default","ast-page-background-enabled":"default","ast-page-background-meta":{"desktop":{"background-color":"","background-image":"","background-repeat":"repeat","background-position":"center center","background-size":"auto","background-attachment":"scroll","background-type":"","background-media":"","overlay-type":"","overlay-color":"","overlay-opacity":"","overlay-gradient":""},"tablet":{"background-color":"","background-image":"","background-repeat":"repeat","background-position":"center center","background-size":"auto","background-attachment":"scroll","background-type":"","background-media":"","overlay-type":"","overlay-color":"","overlay-opacity":"","overlay-gradient":""},"mobile":{"background-color":"","background-image":"","background-repeat":"repeat","background-position":"center center","background-size":"auto","background-attachment":"scroll","background-type":"","background-media":"","overlay-type":"","overlay-color":"","overlay-opacity":"","overlay-gradient":""}},"ast-content-background-meta":{"desktop":{"background-color":"var(--ast-global-color-5)","background-image":"","background-repeat":"repeat","background-position":"center center","background-size":"auto","background-attachment":"scroll","background-type":"","background-media":"","overlay-type":"","overlay-color":"","overlay-opacity":"","overlay-gradient":""},"tablet":{"background-color":"var(--ast-global-color-5)","background-image":"","background-repeat":"repeat","background-position":"center center","background-size":"auto","background-attachment":"scroll","background-type":"","background-media":"","overlay-type":"","overlay-color":"","overlay-opacity":"","overlay-gradient":""},"mobile":{"background-color":"var(--ast-global-color-5)","background-image":"","background-repeat":"repeat","background-position":"center center","background-size":"auto","background-attachment":"scroll","background-type":"","background-media":"","overlay-type":"","overlay-color":"","overlay-opacity":"","overlay-gradient":""}},"yasr_overall_rating":5,"yasr_post_is_review":"","yasr_auto_insert_disabled":"","yasr_review_type":""},"product_brand":[],"product_cat":[24],"product_tag":[],"class_list":{"0":"post-3189","1":"product","2":"type-product","3":"status-publish","4":"has-post-thumbnail","6":"product_cat-spring-roll-machine","7":"desktop-align-left","8":"tablet-align-left","9":"mobile-align-left","11":"first","12":"instock","13":"shipping-taxable","14":"product-type-simple"},"yoast_head":"<!-- This site is optimized with the Yoast SEO plugin v26.4 - https:\/\/yoast.com\/wordpress\/plugins\/seo\/ -->\n<title>Industrial Spring Roll Machine Price 5000 Pieces\/h<\/title>\n<meta name=\"description\" content=\"The spring roll machine has a variety of models to choose from, 1000pcs\/h, 3000pcs\/h, 5000pcs\/h, etc. And the price is also different.\" \/>\n<meta name=\"robots\" content=\"index, follow, max-snippet:-1, max-image-preview:large, max-video-preview:-1\" \/>\n<link rel=\"canonical\" href=\"https:\/\/www.springrollsolution.com\/fr\/produit\/spring-roll-machine-price\/\" \/>\n<meta property=\"og:locale\" content=\"fr_FR\" \/>\n<meta property=\"og:type\" content=\"article\" \/>\n<meta property=\"og:title\" content=\"Industrial Spring Roll Machine Price 5000 Pieces\/h\" \/>\n<meta property=\"og:description\" content=\"The spring roll machine has a variety of models to choose from, 1000pcs\/h, 3000pcs\/h, 5000pcs\/h, etc. And the price is also different.\" \/>\n<meta property=\"og:url\" content=\"https:\/\/www.springrollsolution.com\/fr\/produit\/spring-roll-machine-price\/\" \/>\n<meta property=\"og:site_name\" content=\"Spring Roll Processing Machine\" \/>\n<meta property=\"article:modified_time\" content=\"2025-08-19T01:38:50+00:00\" \/>\n<meta property=\"og:image\" content=\"https:\/\/www.springrollsolution.com\/wp-content\/uploads\/2022\/06\/15-2.jpg\" \/>\n\t<meta property=\"og:image:width\" content=\"600\" \/>\n\t<meta property=\"og:image:height\" content=\"600\" \/>\n\t<meta property=\"og:image:type\" content=\"image\/jpeg\" \/>\n<meta name=\"twitter:card\" content=\"summary_large_image\" \/>\n<meta name=\"twitter:label1\" content=\"Dur\u00e9e de lecture estim\u00e9e\" \/>\n\t<meta name=\"twitter:data1\" content=\"4 minutes\" \/>\n<script type=\"application\/ld+json\" class=\"yoast-schema-graph\">{\"@context\":\"https:\/\/schema.org\",\"@graph\":[{\"@type\":\"WebPage\",\"@id\":\"https:\/\/www.springrollsolution.com\/id\/produk\/spring-roll-machine-price\/\",\"url\":\"https:\/\/www.springrollsolution.com\/id\/produk\/spring-roll-machine-price\/\",\"name\":\"Industrial Spring Roll Machine Price 5000 Pieces\/h\",\"isPartOf\":{\"@id\":\"https:\/\/www.springrollsolution.com\/#website\"},\"primaryImageOfPage\":{\"@id\":\"https:\/\/www.springrollsolution.com\/id\/produk\/spring-roll-machine-price\/#primaryimage\"},\"image\":{\"@id\":\"https:\/\/www.springrollsolution.com\/id\/produk\/spring-roll-machine-price\/#primaryimage\"},\"thumbnailUrl\":\"https:\/\/www.springrollsolution.com\/wp-content\/uploads\/2022\/06\/15-2.jpg\",\"datePublished\":\"2022-06-20T09:55:21+00:00\",\"dateModified\":\"2025-08-19T01:38:50+00:00\",\"description\":\"The spring roll machine has a variety of models to choose from, 1000pcs\/h, 3000pcs\/h, 5000pcs\/h, etc. And the price is also different.\",\"breadcrumb\":{\"@id\":\"https:\/\/www.springrollsolution.com\/id\/produk\/spring-roll-machine-price\/#breadcrumb\"},\"inLanguage\":\"fr-FR\",\"potentialAction\":[{\"@type\":\"ReadAction\",\"target\":[\"https:\/\/www.springrollsolution.com\/id\/produk\/spring-roll-machine-price\/\"]}]},{\"@type\":\"ImageObject\",\"inLanguage\":\"fr-FR\",\"@id\":\"https:\/\/www.springrollsolution.com\/id\/produk\/spring-roll-machine-price\/#primaryimage\",\"url\":\"https:\/\/www.springrollsolution.com\/wp-content\/uploads\/2022\/06\/15-2.jpg\",\"contentUrl\":\"https:\/\/www.springrollsolution.com\/wp-content\/uploads\/2022\/06\/15-2.jpg\",\"width\":600,\"height\":600,\"caption\":\"Spring Roll Machine\"},{\"@type\":\"BreadcrumbList\",\"@id\":\"https:\/\/www.springrollsolution.com\/id\/produk\/spring-roll-machine-price\/#breadcrumb\",\"itemListElement\":[{\"@type\":\"ListItem\",\"position\":1,\"name\":\"Home\",\"item\":\"https:\/\/www.springrollsolution.com\/\"},{\"@type\":\"ListItem\",\"position\":2,\"name\":\"Products\",\"item\":\"https:\/\/www.springrollsolution.com\/shop\/\"},{\"@type\":\"ListItem\",\"position\":3,\"name\":\"Industrial Spring Roll Machine Price 5000 Pieces\/h\"}]},{\"@type\":\"WebSite\",\"@id\":\"https:\/\/www.springrollsolution.com\/#website\",\"url\":\"https:\/\/www.springrollsolution.com\/\",\"name\":\"Spring Roll Processing Machine\",\"description\":\"Spring roll processing solution provider\",\"publisher\":{\"@id\":\"https:\/\/www.springrollsolution.com\/#organization\"},\"potentialAction\":[{\"@type\":\"SearchAction\",\"target\":{\"@type\":\"EntryPoint\",\"urlTemplate\":\"https:\/\/www.springrollsolution.com\/?s={search_term_string}\"},\"query-input\":{\"@type\":\"PropertyValueSpecification\",\"valueRequired\":true,\"valueName\":\"search_term_string\"}}],\"inLanguage\":\"fr-FR\"},{\"@type\":\"Organization\",\"@id\":\"https:\/\/www.springrollsolution.com\/#organization\",\"name\":\"Spring Roll Processing Machine\",\"url\":\"https:\/\/www.springrollsolution.com\/\",\"logo\":{\"@type\":\"ImageObject\",\"inLanguage\":\"fr-FR\",\"@id\":\"https:\/\/www.springrollsolution.com\/#\/schema\/logo\/image\/\",\"url\":\"https:\/\/www.springrollsolution.com\/wp-content\/uploads\/2025\/05\/cropped-logo.png\",\"contentUrl\":\"https:\/\/www.springrollsolution.com\/wp-content\/uploads\/2025\/05\/cropped-logo.png\",\"width\":180,\"height\":60,\"caption\":\"Spring Roll Processing Machine\"},\"image\":{\"@id\":\"https:\/\/www.springrollsolution.com\/#\/schema\/logo\/image\/\"}},false]}<\/script>\n<!-- \/ Yoast SEO plugin. -->","yoast_head_json":{"title":"Machine de rouleaux de printemps prix 5000 pi\u00e8ces\/h","description":"La machine \u00e0 rouleaux de printemps est disponible en plusieurs mod\u00e8les : 1000pcs\/h, 3000pcs\/h, 5000pcs\/h, etc. Les prix varient \u00e9galement.","robots":{"index":"index","follow":"follow","max-snippet":"max-snippet:-1","max-image-preview":"max-image-preview:large","max-video-preview":"max-video-preview:-1"},"canonical":"https:\/\/www.springrollsolution.com\/fr\/produit\/spring-roll-machine-price\/","og_locale":"fr_FR","og_type":"article","og_title":"Industrial Spring Roll Machine Price 5000 Pieces\/h","og_description":"The spring roll machine has a variety of models to choose from, 1000pcs\/h, 3000pcs\/h, 5000pcs\/h, etc. And the price is also different.","og_url":"https:\/\/www.springrollsolution.com\/fr\/produit\/spring-roll-machine-price\/","og_site_name":"Spring Roll Processing Machine","article_modified_time":"2025-08-19T01:38:50+00:00","og_image":[{"width":600,"height":600,"url":"https:\/\/www.springrollsolution.com\/wp-content\/uploads\/2022\/06\/15-2.jpg","type":"image\/jpeg"}],"twitter_card":"summary_large_image","twitter_misc":{"Dur\u00e9e de lecture estim\u00e9e":"4 minutes"},"schema":{"@context":"https:\/\/schema.org","@graph":[{"@type":"WebPage","@id":"https:\/\/www.springrollsolution.com\/id\/produk\/spring-roll-machine-price\/","url":"https:\/\/www.springrollsolution.com\/id\/produk\/spring-roll-machine-price\/","name":"Machine de rouleaux de printemps prix 5000 pi\u00e8ces\/h","isPartOf":{"@id":"https:\/\/www.springrollsolution.com\/#website"},"primaryImageOfPage":{"@id":"https:\/\/www.springrollsolution.com\/id\/produk\/spring-roll-machine-price\/#primaryimage"},"image":{"@id":"https:\/\/www.springrollsolution.com\/id\/produk\/spring-roll-machine-price\/#primaryimage"},"thumbnailUrl":"https:\/\/www.springrollsolution.com\/wp-content\/uploads\/2022\/06\/15-2.jpg","datePublished":"2022-06-20T09:55:21+00:00","dateModified":"2025-08-19T01:38:50+00:00","description":"La machine \u00e0 rouleaux de printemps est disponible en plusieurs mod\u00e8les : 1000pcs\/h, 3000pcs\/h, 5000pcs\/h, etc. Les prix varient \u00e9galement.","breadcrumb":{"@id":"https:\/\/www.springrollsolution.com\/id\/produk\/spring-roll-machine-price\/#breadcrumb"},"inLanguage":"fr-FR","potentialAction":[{"@type":"ReadAction","target":["https:\/\/www.springrollsolution.com\/id\/produk\/spring-roll-machine-price\/"]}]},{"@type":"ImageObject","inLanguage":"fr-FR","@id":"https:\/\/www.springrollsolution.com\/id\/produk\/spring-roll-machine-price\/#primaryimage","url":"https:\/\/www.springrollsolution.com\/wp-content\/uploads\/2022\/06\/15-2.jpg","contentUrl":"https:\/\/www.springrollsolution.com\/wp-content\/uploads\/2022\/06\/15-2.jpg","width":600,"height":600,"caption":"Spring Roll Machine"},{"@type":"BreadcrumbList","@id":"https:\/\/www.springrollsolution.com\/id\/produk\/spring-roll-machine-price\/#breadcrumb","itemListElement":[{"@type":"ListItem","position":1,"name":"Home","item":"https:\/\/www.springrollsolution.com\/"},{"@type":"ListItem","position":2,"name":"Products","item":"https:\/\/www.springrollsolution.com\/shop\/"},{"@type":"ListItem","position":3,"name":"Industrial Spring Roll Machine Price 5000 Pieces\/h"}]},{"@type":"WebSite","@id":"https:\/\/www.springrollsolution.com\/#website","url":"https:\/\/www.springrollsolution.com\/","name":"Machine de traitement des rouleaux de printemps","description":"Fournisseur de solutions pour le traitement des rouleaux de printemps","publisher":{"@id":"https:\/\/www.springrollsolution.com\/#organization"},"potentialAction":[{"@type":"SearchAction","target":{"@type":"EntryPoint","urlTemplate":"https:\/\/www.springrollsolution.com\/?s={search_term_string}"},"query-input":{"@type":"PropertyValueSpecification","valueRequired":true,"valueName":"search_term_string"}}],"inLanguage":"fr-FR"},{"@type":"Organization","@id":"https:\/\/www.springrollsolution.com\/#organization","name":"Machine de traitement des rouleaux de printemps","url":"https:\/\/www.springrollsolution.com\/","logo":{"@type":"ImageObject","inLanguage":"fr-FR","@id":"https:\/\/www.springrollsolution.com\/#\/schema\/logo\/image\/","url":"https:\/\/www.springrollsolution.com\/wp-content\/uploads\/2025\/05\/cropped-logo.png","contentUrl":"https:\/\/www.springrollsolution.com\/wp-content\/uploads\/2025\/05\/cropped-logo.png","width":180,"height":60,"caption":"Spring Roll Processing Machine"},"image":{"@id":"https:\/\/www.springrollsolution.com\/#\/schema\/logo\/image\/"}},false]}},"yasr_visitor_votes":{"stars_attributes":{"read_only":false,"span_bottom":false},"number_of_votes":5,"sum_votes":25},"_links":{"self":[{"href":"https:\/\/www.springrollsolution.com\/fr\/wp-json\/wp\/v2\/product\/3189","targetHints":{"allow":["GET"]}}],"collection":[{"href":"https:\/\/www.springrollsolution.com\/fr\/wp-json\/wp\/v2\/product"}],"about":[{"href":"https:\/\/www.springrollsolution.com\/fr\/wp-json\/wp\/v2\/types\/product"}],"replies":[{"embeddable":true,"href":"https:\/\/www.springrollsolution.com\/fr\/wp-json\/wp\/v2\/comments?post=3189"}],"wp:featuredmedia":[{"embeddable":true,"href":"https:\/\/www.springrollsolution.com\/fr\/wp-json\/wp\/v2\/media\/3197"}],"wp:attachment":[{"href":"https:\/\/www.springrollsolution.com\/fr\/wp-json\/wp\/v2\/media?parent=3189"}],"wp:term":[{"taxonomy":"product_brand","embeddable":true,"href":"https:\/\/www.springrollsolution.com\/fr\/wp-json\/wp\/v2\/product_brand?post=3189"},{"taxonomy":"product_cat","embeddable":true,"href":"https:\/\/www.springrollsolution.com\/fr\/wp-json\/wp\/v2\/product_cat?post=3189"},{"taxonomy":"product_tag","embeddable":true,"href":"https:\/\/www.springrollsolution.com\/fr\/wp-json\/wp\/v2\/product_tag?post=3189"}],"curies":[{"name":"wp","href":"https:\/\/api.w.org\/{rel}","templated":true}]}}