{"id":5634,"date":"2025-07-29T10:38:15","date_gmt":"2025-07-29T02:38:15","guid":{"rendered":"https:\/\/www.springrollsolution.com\/?post_type=product&#038;p=5634"},"modified":"2025-07-29T11:57:21","modified_gmt":"2025-07-29T03:57:21","slug":"bastilla-sheets-machine","status":"publish","type":"product","link":"https:\/\/www.springrollsolution.com\/es\/producto\/bastilla-sheets-machine\/","title":{"rendered":"Bastilla hojas m\u00e1quina para la venta 1500pcs\/h"},"content":{"rendered":"<p>Nuestra m\u00e1quina de l\u00e1minas de bastilla est\u00e1 dise\u00f1ada para satisfacer las necesidades de producci\u00f3n industrial con alta precisi\u00f3n, velocidad y consistencia. Puede producir l\u00e1minas de bastilla de manera eficiente y tiene diferentes capacidades de producci\u00f3n para elegir.<\/p>\n<p>Tanto si es fabricante de alimentos congelados, propietario de una cadena de restaurantes o de un negocio de catering, esta m\u00e1quina agilizar\u00e1 su proceso de producci\u00f3n y le proporcionar\u00e1 siempre hojas de bastilla uniformes y de alta calidad.<\/p>\n<p><img fetchpriority=\"high\" decoding=\"async\" class=\"alignnone size-full wp-image-5636\" src=\"https:\/\/www.springrollsolution.com\/wp-content\/uploads\/2025\/07\/2-1.jpg\" alt=\"M\u00e1quina de hojas de bastilla\" width=\"680\" height=\"400\" srcset=\"https:\/\/www.springrollsolution.com\/wp-content\/uploads\/2025\/07\/2-1.jpg 680w, https:\/\/www.springrollsolution.com\/wp-content\/uploads\/2025\/07\/2-1-300x176.jpg 300w, https:\/\/www.springrollsolution.com\/wp-content\/uploads\/2025\/07\/2-1-18x12.jpg 18w\" sizes=\"(max-width: 680px) 100vw, 680px\" \/><\/p>\n<h2><strong>\u00bfQu\u00e9 son las s\u00e1banas de bastilla?<\/strong><\/h2>\n<p>Las hojas de bastilla (tambi\u00e9n deletreadas Pastilla o B'stilla) son finos y delicados envoltorios utilizados tradicionalmente en la cocina marroqu\u00ed para elaborar el famoso pastel de bastilla. Es un plato salado-dulce relleno de carne especiada (a menudo pich\u00f3n o pollo), almendras y huevos, espolvoreado con canela y az\u00facar en polvo.<\/p>\n<p>Estas hojas de bastilla son similares a los envoltorios de rollitos de primavera o warqa, y ofrecen una textura ligera y crujiente cuando se hornean o fr\u00eden. Nuestra m\u00e1quina de hojas de bastilla automatiza la producci\u00f3n de estos envoltorios, garantizando una delgadez y consistencia perfectas para obtener resultados aut\u00e9nticos.<\/p>\n<p><img decoding=\"async\" class=\"alignnone size-full wp-image-5637\" src=\"https:\/\/www.springrollsolution.com\/wp-content\/uploads\/2025\/07\/3-1.jpg\" alt=\"S\u00e1banas de bastilla\" width=\"680\" height=\"400\" srcset=\"https:\/\/www.springrollsolution.com\/wp-content\/uploads\/2025\/07\/3-1.jpg 680w, https:\/\/www.springrollsolution.com\/wp-content\/uploads\/2025\/07\/3-1-300x176.jpg 300w, https:\/\/www.springrollsolution.com\/wp-content\/uploads\/2025\/07\/3-1-18x12.jpg 18w\" sizes=\"(max-width: 680px) 100vw, 680px\" \/><\/p>\n<h2><strong>\u00bfPor qu\u00e9 elegir nuestra m\u00e1quina de l\u00e1minas de bastilla?<\/strong><\/h2>\n<ul>\n<li>Funcionamiento totalmente autom\u00e1tico: La unidad mide, mezcla, hornea y corta de forma aut\u00f3noma para obtener un acabado uniforme en cada lote. Sin intervenci\u00f3n del operario, sin desviaciones de calidad.<\/li>\n<li>Alta eficiencia y gran producci\u00f3n: Produce entre 500 y 10000 hojas de bastilla por hora, seg\u00fan el modelo y la configuraci\u00f3n. Los ajustes de velocidad regulables permiten controlar la producci\u00f3n en funci\u00f3n de la demanda.<\/li>\n<li>Espesor uniforme y tama\u00f1os personalizables: La masa se extiende uniformemente, asegurando un grosor uniforme de la hoja de bastilla. El mecanismo de corte ajustable permite diferentes tama\u00f1os de hoja.<\/li>\n<li>Materiales de grado alimentario y f\u00e1cil limpieza: Esta m\u00e1quina para hacer l\u00e1minas de bastilla est\u00e1 fabricada con acero inoxidable y otros materiales aptos para uso alimentario, lo que garantiza su higiene y durabilidad.<\/li>\n<li>Uso polivalente: Perfecto para hacer hojas de bastilla, envoltorios de rollitos de primavera, pieles de rollitos de huevo, hojas de samosa y mucho m\u00e1s. Tambi\u00e9n incluye otros productos similares.<\/li>\n<\/ul>\n<p><img decoding=\"async\" class=\"alignnone size-full wp-image-5638\" src=\"https:\/\/www.springrollsolution.com\/wp-content\/uploads\/2025\/07\/5.jpg\" alt=\"M\u00e1quina para fabricar hojas de bastilla\" width=\"680\" height=\"400\" srcset=\"https:\/\/www.springrollsolution.com\/wp-content\/uploads\/2025\/07\/5.jpg 680w, https:\/\/www.springrollsolution.com\/wp-content\/uploads\/2025\/07\/5-300x176.jpg 300w, https:\/\/www.springrollsolution.com\/wp-content\/uploads\/2025\/07\/5-18x12.jpg 18w\" sizes=\"(max-width: 680px) 100vw, 680px\" \/><\/p>\n<h2><strong>C\u00f3mo funciona - M\u00e1quina para fabricar hojas de bastilla<\/strong><\/h2>\n<ul>\n<li>Preparar la masa - Mezclar los ingredientes hasta obtener la consistencia adecuada.<\/li>\n<li>Alimentaci\u00f3n en la m\u00e1quina - El sistema automatizado extiende y aplana la masa.<\/li>\n<li>Horneado y corte - La m\u00e1quina hornea la masa en finas l\u00e1minas y las corta en el tama\u00f1o deseado.<\/li>\n<li>Recogida y embalaje - Las hojas de bastilla se recogen en una cinta transportadora para su posterior embalaje.<\/li>\n<\/ul>\n<p>&nbsp;<\/p>\n<h2><strong>Modelos disponibles en venta<\/strong><\/h2>\n<p>Ofrecemos diferentes modelos de m\u00e1quinas para fabricar l\u00e1minas de bastilla que se adaptan a diversas necesidades de producci\u00f3n:<\/p>\n<ul>\n<li>Modelo inicial: 500-1.500 hojas de bastilla\/hora - Adecuado para empresas de nueva creaci\u00f3n y peque\u00f1as empresas.<\/li>\n<li>Modelo mediano: 2.000-4.000 hojas de bastilla\/hora - Ideal para restaurantes y catering.<\/li>\n<li>Modelo industrial grande: 5.000+ hojas de bastilla\/hora - Para f\u00e1bricas y proveedores mayoristas.<\/li>\n<\/ul>\n<p>P\u00f3ngase en contacto con nosotros hoy mismo para solicitar un presupuesto. Proporcionamos env\u00edo global, soporte de instalaci\u00f3n y servicio postventa para garantizar que su m\u00e1quina funcione sin problemas. Correo electr\u00f3nico: lisa@gelgoog.com, whatsapp: +8615515571373.<\/p>\n<p>&nbsp;<\/p>\n<h3><strong>Par\u00e1metros t\u00e9cnicos<\/strong><\/h3>\n<table border=\"0\" cellspacing=\"0\" cellpadding=\"0\">\n<tbody>\n<tr>\n<td>Modelo<\/td>\n<td>GGSR-5029Y\/F<\/td>\n<td>GGSR-8045Y\/F<\/td>\n<td>GGSR-12060Y\/F<\/td>\n<\/tr>\n<tr>\n<td>Tensi\u00f3n<\/td>\n<td>380\/220V\uff0850\/60HZ\uff09<\/td>\n<td>380\/220V\uff0850\/60HZ\uff09<\/td>\n<td>380\/220V\uff0850\/60HZ\uff09<\/td>\n<\/tr>\n<tr>\n<td>Potencia<\/td>\n<td>18kw<\/td>\n<td>40kw<\/td>\n<td>59kw<\/td>\n<\/tr>\n<tr>\n<td>Potencia de acogida<\/td>\n<td>0,4 kW<\/td>\n<td>0,4 kW<\/td>\n<td>0,75 kW<\/td>\n<\/tr>\n<tr>\n<td>Potencia de corte<\/td>\n<td>0,2 kW<\/td>\n<td>0,2 kW<\/td>\n<td>0,2 kW<\/td>\n<\/tr>\n<tr>\n<td>Potencia de la cinta transportadora<\/td>\n<td>0,36 kW<\/td>\n<td>0,36 kW<\/td>\n<td>0,55 kw<\/td>\n<\/tr>\n<tr>\n<td>Capacidad<\/td>\n<td>1000-1500pcs\/h<\/td>\n<td>3500-4500pcs\/h<\/td>\n<td>4500-7000pcs\/h<\/td>\n<\/tr>\n<tr>\n<td>Talla<\/td>\n<td>5200*950*1350mm<\/td>\n<td>6200*1100*1600mm<\/td>\n<td>6200*1300*2000mm<\/td>\n<\/tr>\n<tr>\n<td>Peso neto<\/td>\n<td>520 kg<\/td>\n<td>1000kg<\/td>\n<td>1750kg<\/td>\n<\/tr>\n<tr>\n<td>Espesor de la l\u00e1mina de bastilla<\/td>\n<td>0,3-2,0 mm<\/td>\n<td>0,3-2,0 mm<\/td>\n<td>0,3-2,0 mm<\/td>\n<\/tr>\n<\/tbody>\n<\/table>\n<h3><strong>Dejar solicitud de presupuesto gratuito<\/strong><\/h3>\n<div id=\"wpcf7-f3214-p5411-o2\" class=\"wpcf7 js\" dir=\"ltr\" lang=\"en-US\">\n<div class=\"wpcf7 no-js\" id=\"wpcf7-f3214-o1\" lang=\"en-US\" dir=\"ltr\" data-wpcf7-id=\"3214\">\n<div class=\"screen-reader-response\"><p role=\"status\" aria-live=\"polite\" aria-atomic=\"true\"><\/p> <ul><\/ul><\/div>\n<form action=\"\/es\/wp-json\/wp\/v2\/product\/5634#wpcf7-f3214-o1\" method=\"post\" class=\"wpcf7-form init\" aria-label=\"Formulario de contacto\" novalidate=\"novalidate\" data-status=\"init\" data-trp-original-action=\"\/es\/wp-json\/wp\/v2\/product\/5634#wpcf7-f3214-o1\">\n<fieldset class=\"hidden-fields-container\"><input type=\"hidden\" name=\"_wpcf7\" value=\"3214\" \/><input type=\"hidden\" name=\"_wpcf7_version\" value=\"6.1.5\" \/><input type=\"hidden\" name=\"_wpcf7_locale\" value=\"en_US\" \/><input type=\"hidden\" name=\"_wpcf7_unit_tag\" value=\"wpcf7-f3214-o1\" \/><input type=\"hidden\" name=\"_wpcf7_container_post\" value=\"0\" \/><input type=\"hidden\" name=\"_wpcf7_posted_data_hash\" value=\"\" \/>\n<\/fieldset>\n<p><label> Su nombre<br \/>\n<span class=\"wpcf7-form-control-wrap\" data-name=\"your-name\"><input size=\"40\" maxlength=\"400\" class=\"wpcf7-form-control wpcf7-text wpcf7-validates-as-required\" aria-required=\"true\" aria-invalid=\"false\" value=\"\" type=\"text\" name=\"your-name\" \/><\/span> <\/label>\n<\/p>\n<p><label> Su pa\u00eds<br \/>\n<span class=\"wpcf7-form-control-wrap\" data-name=\"your-country\"><input size=\"40\" maxlength=\"400\" class=\"wpcf7-form-control wpcf7-text\" aria-invalid=\"false\" value=\"\" type=\"text\" name=\"your-country\" \/><\/span> <\/label>\n<\/p>\n<p><label> Su correo electr\u00f3nico<br \/>\n<span class=\"wpcf7-form-control-wrap\" data-name=\"your-email\"><input size=\"40\" maxlength=\"400\" class=\"wpcf7-form-control wpcf7-email wpcf7-validates-as-required wpcf7-text wpcf7-validates-as-email\" aria-required=\"true\" aria-invalid=\"false\" value=\"\" type=\"email\" name=\"your-email\" \/><\/span> <\/label>\n<\/p>\n<p><label> Tu tel\u00e9fono<br \/>\n<span class=\"wpcf7-form-control-wrap\" data-name=\"your-phone\"><input size=\"40\" maxlength=\"400\" class=\"wpcf7-form-control wpcf7-tel wpcf7-text wpcf7-validates-as-tel\" aria-invalid=\"false\" value=\"\" type=\"tel\" name=\"your-phone\" \/><\/span> <\/label>\n<\/p>\n<p><label> Nombre de la empresa<br \/>\n<span class=\"wpcf7-form-control-wrap\" data-name=\"text-457\"><input size=\"40\" maxlength=\"400\" class=\"wpcf7-form-control wpcf7-text\" aria-invalid=\"false\" value=\"\" type=\"text\" name=\"text-457\" \/><\/span> <\/label>\n<\/p>\n<p><label> El sitio web de su empresa<br \/>\n<span class=\"wpcf7-form-control-wrap\" data-name=\"text-546\"><input size=\"40\" maxlength=\"400\" class=\"wpcf7-form-control wpcf7-text\" aria-invalid=\"false\" value=\"\" type=\"text\" name=\"text-546\" \/><\/span> <\/label>\n<\/p>\n<p><label> Sus requisitos*<br \/>\n<span class=\"wpcf7-form-control-wrap\" data-name=\"your-requirement\"><textarea cols=\"40\" rows=\"10\" maxlength=\"2000\" class=\"wpcf7-form-control wpcf7-textarea wpcf7-validates-as-required\" aria-required=\"true\" aria-invalid=\"false\" name=\"your-requirement\"><\/textarea><\/span> <\/label>\n<\/p>\n<p><input class=\"wpcf7-form-control wpcf7-submit has-spinner\" type=\"submit\" value=\"Enviar\" \/>\n<\/p>\n<div style=\"clear:both\">\n<\/div><p style=\"display: none !important;\" class=\"akismet-fields-container\" data-prefix=\"_wpcf7_ak_\"><label>&#916;<textarea name=\"_wpcf7_ak_hp_textarea\" cols=\"45\" rows=\"8\" maxlength=\"100\"><\/textarea><\/label><input type=\"hidden\" id=\"ak_js_1\" name=\"_wpcf7_ak_js\" value=\"65\"\/><script>document.getElementById( \"ak_js_1\" ).setAttribute( \"value\", ( new Date() ).getTime() );<\/script><\/p><div class=\"wpcf7-response-output\" aria-hidden=\"true\"><\/div>\n<input type=\"hidden\" name=\"trp-form-language\" value=\"es\"\/><\/form>\n<\/div>\n<\/div>\n<div style='text-align:left' class='yasr-auto-insert-visitor'><\/div>","protected":false},"excerpt":{"rendered":"<p>Our bastilla sheets machine is designedsuitable for meeting industrial production needs with high precision, speed, and consistency. It can produce bastilla sheets efficiently and has different production capacities to choose from. Whether you&#8217;re a frozen food manufacturer, chain restaurant owner, or catering business, this machine will streamline your production process and deliver uniform, high-quality bastilla [&hellip;]<\/p>","protected":false},"featured_media":5639,"comment_status":"open","ping_status":"closed","template":"","meta":{"site-sidebar-layout":"default","site-content-layout":"default","ast-site-content-layout":"default","site-content-style":"default","site-sidebar-style":"default","ast-global-header-display":"","ast-banner-title-visibility":"","ast-main-header-display":"","ast-hfb-above-header-display":"","ast-hfb-below-header-display":"","ast-hfb-mobile-header-display":"","site-post-title":"","ast-breadcrumbs-content":"","ast-featured-img":"","footer-sml-layout":"","theme-transparent-header-meta":"","adv-header-id-meta":"","stick-header-meta":"","header-above-stick-meta":"","header-main-stick-meta":"","header-below-stick-meta":"","astra-migrate-meta-layouts":"default","ast-page-background-enabled":"default","ast-page-background-meta":{"desktop":{"background-color":"","background-image":"","background-repeat":"repeat","background-position":"center center","background-size":"auto","background-attachment":"scroll","background-type":"","background-media":"","overlay-type":"","overlay-color":"","overlay-opacity":"","overlay-gradient":""},"tablet":{"background-color":"","background-image":"","background-repeat":"repeat","background-position":"center center","background-size":"auto","background-attachment":"scroll","background-type":"","background-media":"","overlay-type":"","overlay-color":"","overlay-opacity":"","overlay-gradient":""},"mobile":{"background-color":"","background-image":"","background-repeat":"repeat","background-position":"center center","background-size":"auto","background-attachment":"scroll","background-type":"","background-media":"","overlay-type":"","overlay-color":"","overlay-opacity":"","overlay-gradient":""}},"ast-content-background-meta":{"desktop":{"background-color":"var(--ast-global-color-5)","background-image":"","background-repeat":"repeat","background-position":"center center","background-size":"auto","background-attachment":"scroll","background-type":"","background-media":"","overlay-type":"","overlay-color":"","overlay-opacity":"","overlay-gradient":""},"tablet":{"background-color":"var(--ast-global-color-5)","background-image":"","background-repeat":"repeat","background-position":"center center","background-size":"auto","background-attachment":"scroll","background-type":"","background-media":"","overlay-type":"","overlay-color":"","overlay-opacity":"","overlay-gradient":""},"mobile":{"background-color":"var(--ast-global-color-5)","background-image":"","background-repeat":"repeat","background-position":"center center","background-size":"auto","background-attachment":"scroll","background-type":"","background-media":"","overlay-type":"","overlay-color":"","overlay-opacity":"","overlay-gradient":""}},"yasr_overall_rating":0,"yasr_post_is_review":"","yasr_auto_insert_disabled":"","yasr_review_type":""},"product_brand":[],"product_cat":[6],"product_tag":[],"class_list":{"0":"post-5634","1":"product","2":"type-product","3":"status-publish","4":"has-post-thumbnail","6":"product_cat-wrapper-machine","7":"desktop-align-left","8":"tablet-align-left","9":"mobile-align-left","11":"first","12":"instock","13":"shipping-taxable","14":"product-type-simple"},"yoast_head":"<!-- This site is optimized with the Yoast SEO plugin v26.4 - https:\/\/yoast.com\/wordpress\/plugins\/seo\/ -->\n<title>Bastilla Sheets Machine For Sale 1500pcs\/h<\/title>\n<meta name=\"description\" content=\"The bastilla sheets machine is designed for business needs. It can produce bastilla sheets, spring roll sheets and various thin sheet with uniform thickness.\" \/>\n<meta name=\"robots\" content=\"index, follow, max-snippet:-1, max-image-preview:large, max-video-preview:-1\" \/>\n<link rel=\"canonical\" href=\"https:\/\/www.springrollsolution.com\/es\/producto\/bastilla-sheets-machine\/\" \/>\n<meta property=\"og:locale\" content=\"es_ES\" \/>\n<meta property=\"og:type\" content=\"article\" \/>\n<meta property=\"og:title\" content=\"Bastilla Sheets Machine For Sale 1500pcs\/h\" \/>\n<meta property=\"og:description\" content=\"The bastilla sheets machine is designed for business needs. It can produce bastilla sheets, spring roll sheets and various thin sheet with uniform thickness.\" \/>\n<meta property=\"og:url\" content=\"https:\/\/www.springrollsolution.com\/es\/producto\/bastilla-sheets-machine\/\" \/>\n<meta property=\"og:site_name\" content=\"Spring Roll Processing Machine\" \/>\n<meta property=\"article:modified_time\" content=\"2025-07-29T03:57:21+00:00\" \/>\n<meta property=\"og:image\" content=\"https:\/\/www.springrollsolution.com\/wp-content\/uploads\/2025\/07\/4.jpg\" \/>\n\t<meta property=\"og:image:width\" content=\"600\" \/>\n\t<meta property=\"og:image:height\" content=\"600\" \/>\n\t<meta property=\"og:image:type\" content=\"image\/jpeg\" \/>\n<meta name=\"twitter:card\" content=\"summary_large_image\" \/>\n<meta name=\"twitter:label1\" content=\"Tiempo de lectura\" \/>\n\t<meta name=\"twitter:data1\" content=\"3 minutos\" \/>\n<script type=\"application\/ld+json\" class=\"yoast-schema-graph\">{\"@context\":\"https:\/\/schema.org\",\"@graph\":[{\"@type\":\"WebPage\",\"@id\":\"https:\/\/www.springrollsolution.com\/es\/producto\/bastilla-sheets-machine\/\",\"url\":\"https:\/\/www.springrollsolution.com\/es\/producto\/bastilla-sheets-machine\/\",\"name\":\"Bastilla Sheets Machine For Sale 1500pcs\/h\",\"isPartOf\":{\"@id\":\"https:\/\/www.springrollsolution.com\/#website\"},\"primaryImageOfPage\":{\"@id\":\"https:\/\/www.springrollsolution.com\/es\/producto\/bastilla-sheets-machine\/#primaryimage\"},\"image\":{\"@id\":\"https:\/\/www.springrollsolution.com\/es\/producto\/bastilla-sheets-machine\/#primaryimage\"},\"thumbnailUrl\":\"https:\/\/www.springrollsolution.com\/wp-content\/uploads\/2025\/07\/4.jpg\",\"datePublished\":\"2025-07-29T02:38:15+00:00\",\"dateModified\":\"2025-07-29T03:57:21+00:00\",\"description\":\"The bastilla sheets machine is designed for business needs. It can produce bastilla sheets, spring roll sheets and various thin sheet with uniform thickness.\",\"breadcrumb\":{\"@id\":\"https:\/\/www.springrollsolution.com\/es\/producto\/bastilla-sheets-machine\/#breadcrumb\"},\"inLanguage\":\"es\",\"potentialAction\":[{\"@type\":\"ReadAction\",\"target\":[\"https:\/\/www.springrollsolution.com\/es\/producto\/bastilla-sheets-machine\/\"]}]},{\"@type\":\"ImageObject\",\"inLanguage\":\"es\",\"@id\":\"https:\/\/www.springrollsolution.com\/es\/producto\/bastilla-sheets-machine\/#primaryimage\",\"url\":\"https:\/\/www.springrollsolution.com\/wp-content\/uploads\/2025\/07\/4.jpg\",\"contentUrl\":\"https:\/\/www.springrollsolution.com\/wp-content\/uploads\/2025\/07\/4.jpg\",\"width\":600,\"height\":600,\"caption\":\"Bastilla Sheets Machine For Sale\"},{\"@type\":\"BreadcrumbList\",\"@id\":\"https:\/\/www.springrollsolution.com\/es\/producto\/bastilla-sheets-machine\/#breadcrumb\",\"itemListElement\":[{\"@type\":\"ListItem\",\"position\":1,\"name\":\"Home\",\"item\":\"https:\/\/www.springrollsolution.com\/\"},{\"@type\":\"ListItem\",\"position\":2,\"name\":\"Products\",\"item\":\"https:\/\/www.springrollsolution.com\/shop\/\"},{\"@type\":\"ListItem\",\"position\":3,\"name\":\"Bastilla Sheets Machine For Sale 1500pcs\/h\"}]},{\"@type\":\"WebSite\",\"@id\":\"https:\/\/www.springrollsolution.com\/#website\",\"url\":\"https:\/\/www.springrollsolution.com\/\",\"name\":\"Spring Roll Processing Machine\",\"description\":\"Spring roll processing solution provider\",\"publisher\":{\"@id\":\"https:\/\/www.springrollsolution.com\/#organization\"},\"potentialAction\":[{\"@type\":\"SearchAction\",\"target\":{\"@type\":\"EntryPoint\",\"urlTemplate\":\"https:\/\/www.springrollsolution.com\/?s={search_term_string}\"},\"query-input\":{\"@type\":\"PropertyValueSpecification\",\"valueRequired\":true,\"valueName\":\"search_term_string\"}}],\"inLanguage\":\"es\"},{\"@type\":\"Organization\",\"@id\":\"https:\/\/www.springrollsolution.com\/#organization\",\"name\":\"Spring Roll Processing Machine\",\"url\":\"https:\/\/www.springrollsolution.com\/\",\"logo\":{\"@type\":\"ImageObject\",\"inLanguage\":\"es\",\"@id\":\"https:\/\/www.springrollsolution.com\/#\/schema\/logo\/image\/\",\"url\":\"https:\/\/www.springrollsolution.com\/wp-content\/uploads\/2025\/05\/cropped-logo.png\",\"contentUrl\":\"https:\/\/www.springrollsolution.com\/wp-content\/uploads\/2025\/05\/cropped-logo.png\",\"width\":180,\"height\":60,\"caption\":\"Spring Roll Processing Machine\"},\"image\":{\"@id\":\"https:\/\/www.springrollsolution.com\/#\/schema\/logo\/image\/\"}},false]}<\/script>\n<!-- \/ Yoast SEO plugin. -->","yoast_head_json":{"title":"Bastilla hojas m\u00e1quina para la venta 1500pcs\/h","description":"La m\u00e1quina de l\u00e1minas de bastilla est\u00e1 dise\u00f1ada para las necesidades empresariales. Puede producir hojas de bastilla, hojas de rollo de primavera y varias hojas delgadas con espesor uniforme.","robots":{"index":"index","follow":"follow","max-snippet":"max-snippet:-1","max-image-preview":"max-image-preview:large","max-video-preview":"max-video-preview:-1"},"canonical":"https:\/\/www.springrollsolution.com\/es\/producto\/bastilla-sheets-machine\/","og_locale":"es_ES","og_type":"article","og_title":"Bastilla Sheets Machine For Sale 1500pcs\/h","og_description":"The bastilla sheets machine is designed for business needs. It can produce bastilla sheets, spring roll sheets and various thin sheet with uniform thickness.","og_url":"https:\/\/www.springrollsolution.com\/es\/producto\/bastilla-sheets-machine\/","og_site_name":"Spring Roll Processing Machine","article_modified_time":"2025-07-29T03:57:21+00:00","og_image":[{"width":600,"height":600,"url":"https:\/\/www.springrollsolution.com\/wp-content\/uploads\/2025\/07\/4.jpg","type":"image\/jpeg"}],"twitter_card":"summary_large_image","twitter_misc":{"Tiempo de lectura":"3 minutos"},"schema":{"@context":"https:\/\/schema.org","@graph":[{"@type":"WebPage","@id":"https:\/\/www.springrollsolution.com\/es\/producto\/bastilla-sheets-machine\/","url":"https:\/\/www.springrollsolution.com\/es\/producto\/bastilla-sheets-machine\/","name":"Bastilla hojas m\u00e1quina para la venta 1500pcs\/h","isPartOf":{"@id":"https:\/\/www.springrollsolution.com\/#website"},"primaryImageOfPage":{"@id":"https:\/\/www.springrollsolution.com\/es\/producto\/bastilla-sheets-machine\/#primaryimage"},"image":{"@id":"https:\/\/www.springrollsolution.com\/es\/producto\/bastilla-sheets-machine\/#primaryimage"},"thumbnailUrl":"https:\/\/www.springrollsolution.com\/wp-content\/uploads\/2025\/07\/4.jpg","datePublished":"2025-07-29T02:38:15+00:00","dateModified":"2025-07-29T03:57:21+00:00","description":"La m\u00e1quina de l\u00e1minas de bastilla est\u00e1 dise\u00f1ada para las necesidades empresariales. Puede producir hojas de bastilla, hojas de rollo de primavera y varias hojas delgadas con espesor uniforme.","breadcrumb":{"@id":"https:\/\/www.springrollsolution.com\/es\/producto\/bastilla-sheets-machine\/#breadcrumb"},"inLanguage":"es","potentialAction":[{"@type":"ReadAction","target":["https:\/\/www.springrollsolution.com\/es\/producto\/bastilla-sheets-machine\/"]}]},{"@type":"ImageObject","inLanguage":"es","@id":"https:\/\/www.springrollsolution.com\/es\/producto\/bastilla-sheets-machine\/#primaryimage","url":"https:\/\/www.springrollsolution.com\/wp-content\/uploads\/2025\/07\/4.jpg","contentUrl":"https:\/\/www.springrollsolution.com\/wp-content\/uploads\/2025\/07\/4.jpg","width":600,"height":600,"caption":"Bastilla Sheets Machine For Sale"},{"@type":"BreadcrumbList","@id":"https:\/\/www.springrollsolution.com\/es\/producto\/bastilla-sheets-machine\/#breadcrumb","itemListElement":[{"@type":"ListItem","position":1,"name":"Home","item":"https:\/\/www.springrollsolution.com\/"},{"@type":"ListItem","position":2,"name":"Products","item":"https:\/\/www.springrollsolution.com\/shop\/"},{"@type":"ListItem","position":3,"name":"Bastilla Sheets Machine For Sale 1500pcs\/h"}]},{"@type":"WebSite","@id":"https:\/\/www.springrollsolution.com\/#website","url":"https:\/\/www.springrollsolution.com\/","name":"M\u00e1quina procesadora de rollitos de primavera","description":"Proveedor de soluciones de procesamiento de rollitos de primavera","publisher":{"@id":"https:\/\/www.springrollsolution.com\/#organization"},"potentialAction":[{"@type":"SearchAction","target":{"@type":"EntryPoint","urlTemplate":"https:\/\/www.springrollsolution.com\/?s={search_term_string}"},"query-input":{"@type":"PropertyValueSpecification","valueRequired":true,"valueName":"search_term_string"}}],"inLanguage":"es"},{"@type":"Organization","@id":"https:\/\/www.springrollsolution.com\/#organization","name":"M\u00e1quina procesadora de rollitos de primavera","url":"https:\/\/www.springrollsolution.com\/","logo":{"@type":"ImageObject","inLanguage":"es","@id":"https:\/\/www.springrollsolution.com\/#\/schema\/logo\/image\/","url":"https:\/\/www.springrollsolution.com\/wp-content\/uploads\/2025\/05\/cropped-logo.png","contentUrl":"https:\/\/www.springrollsolution.com\/wp-content\/uploads\/2025\/05\/cropped-logo.png","width":180,"height":60,"caption":"Spring Roll Processing Machine"},"image":{"@id":"https:\/\/www.springrollsolution.com\/#\/schema\/logo\/image\/"}},false]}},"yasr_visitor_votes":{"stars_attributes":{"read_only":false,"span_bottom":false},"number_of_votes":1,"sum_votes":5},"_links":{"self":[{"href":"https:\/\/www.springrollsolution.com\/es\/wp-json\/wp\/v2\/product\/5634","targetHints":{"allow":["GET"]}}],"collection":[{"href":"https:\/\/www.springrollsolution.com\/es\/wp-json\/wp\/v2\/product"}],"about":[{"href":"https:\/\/www.springrollsolution.com\/es\/wp-json\/wp\/v2\/types\/product"}],"replies":[{"embeddable":true,"href":"https:\/\/www.springrollsolution.com\/es\/wp-json\/wp\/v2\/comments?post=5634"}],"wp:featuredmedia":[{"embeddable":true,"href":"https:\/\/www.springrollsolution.com\/es\/wp-json\/wp\/v2\/media\/5639"}],"wp:attachment":[{"href":"https:\/\/www.springrollsolution.com\/es\/wp-json\/wp\/v2\/media?parent=5634"}],"wp:term":[{"taxonomy":"product_brand","embeddable":true,"href":"https:\/\/www.springrollsolution.com\/es\/wp-json\/wp\/v2\/product_brand?post=5634"},{"taxonomy":"product_cat","embeddable":true,"href":"https:\/\/www.springrollsolution.com\/es\/wp-json\/wp\/v2\/product_cat?post=5634"},{"taxonomy":"product_tag","embeddable":true,"href":"https:\/\/www.springrollsolution.com\/es\/wp-json\/wp\/v2\/product_tag?post=5634"}],"curies":[{"name":"wp","href":"https:\/\/api.w.org\/{rel}","templated":true}]}}