{"id":5078,"date":"2024-03-14T11:45:32","date_gmt":"2024-03-14T03:45:32","guid":{"rendered":"https:\/\/www.springrollsolution.com\/?post_type=product&#038;p=5078"},"modified":"2024-03-14T13:50:36","modified_gmt":"2024-03-14T05:50:36","slug":"lumpiang-togue-production-line","status":"publish","type":"product","link":"https:\/\/www.springrollsolution.com\/es\/producto\/lumpiang-togue-production-line\/","title":{"rendered":"L\u00ednea de producci\u00f3n autom\u00e1tica de togue Lumpiang 4000 piezas\/h"},"content":{"rendered":"<p>La l\u00ednea de producci\u00f3n de lumpiang togue integra tecnolog\u00eda avanzada con la artesan\u00eda culinaria tradicional, revolucionando la forma de preparar y distribuir este emblem\u00e1tico plato.<\/p>\n<p>Con sistemas automatizados para la mezcla de ingredientes, la producci\u00f3n de envoltorios, la deposici\u00f3n de rellenos y el laminado, la l\u00ednea de producci\u00f3n garantiza la consistencia y la eficacia de lumpiang togue en todas las fases.<\/p>\n<p><img fetchpriority=\"high\" decoding=\"async\" class=\"alignnone size-full wp-image-5080\" src=\"https:\/\/www.springrollsolution.com\/wp-content\/uploads\/2024\/03\/69.jpg\" alt=\"L\u00ednea de producci\u00f3n autom\u00e1tica de togue lumpiang\" width=\"650\" height=\"400\" srcset=\"https:\/\/www.springrollsolution.com\/wp-content\/uploads\/2024\/03\/69.jpg 650w, https:\/\/www.springrollsolution.com\/wp-content\/uploads\/2024\/03\/69-300x185.jpg 300w\" sizes=\"(max-width: 650px) 100vw, 650px\" \/><\/p>\n<h2><strong>Caracter\u00edsticas de la l\u00ednea de producci\u00f3n de togue Lumpiang<\/strong><\/h2>\n<ul>\n<li>Tiene un alto grado de automatizaci\u00f3n. Desde la preparaci\u00f3n de la materia prima, el corte, la mezcla y la combinaci\u00f3n hasta el laminado final, la congelaci\u00f3n r\u00e1pida, el envasado y otros eslabones, todo el proceso se controla de forma inteligente, lo que mejora enormemente la eficiencia de la producci\u00f3n.<\/li>\n<li>La l\u00ednea de producci\u00f3n est\u00e1 construida con acero inoxidable de calidad alimentaria, lo que garantiza un equipo libre de contaminaci\u00f3n y f\u00e1cil de limpiar. Este entorno de producci\u00f3n cerrado evita eficazmente la contaminaci\u00f3n secundaria que podr\u00eda derivarse de las operaciones manuales, garantizando que los productos cumplan las estrictas normas de seguridad e higiene alimentaria que exigen los consumidores modernos.<\/li>\n<li>La l\u00ednea de togue lumpiang cuenta con una funci\u00f3n de ajuste flexible de la f\u00f3rmula, que puede ajustar con rapidez y precisi\u00f3n la proporci\u00f3n de llenado seg\u00fan la demanda del mercado o las necesidades de personalizaci\u00f3n del cliente para satisfacer las necesidades de diversos gustos.<\/li>\n<li>Utilizando una eficiente tecnolog\u00eda de congelaci\u00f3n y una estricta tecnolog\u00eda de envasado, nuestro \"Lumpiang Togue\" puede mantener un sabor fresco durante mucho tiempo y es adecuado para su uso a gran escala en la industria de la restauraci\u00f3n.<\/li>\n<\/ul>\n<p>&nbsp;<\/p>\n<h2><strong>C\u00f3mo hacer Lumpiang Togues<\/strong><\/h2>\n<p><iframe title=\"L\u00ednea de enrollado Spring Roll | Lumpiang Togue Machine\" width=\"500\" height=\"281\" src=\"https:\/\/www.youtube.com\/embed\/MQGncXI3Vbo?feature=oembed\" frameborder=\"0\" allow=\"accelerometer; autoplay; clipboard-write; encrypted-media; gyroscope; picture-in-picture; web-share\" referrerpolicy=\"strict-origin-when-cross-origin\" allowfullscreen><\/iframe><\/p>\n<p>El lumpiang togue, tambi\u00e9n llamado lumpiang gulay, un plato b\u00e1sico de la cocina filipina, representa una armoniosa mezcla de sabores y texturas. Este delicioso plato, tambi\u00e9n conocido como rollitos de primavera de brotes de soja, encarna la esencia de la cultura gastron\u00f3mica callejera filipina. Ahora, nuestra l\u00ednea de producci\u00f3n de Lumpiang Togue puede elaborar eficientemente este producto para satisfacer la demanda del mercado a gran escala.<\/p>\n<p>&nbsp;<\/p>\n<h2><strong>Ventajas de la l\u00ednea Lumpiang Togue<\/strong><\/h2>\n<ul>\n<li>Producci\u00f3n estandarizada: La m\u00e1quina garantiza que cada rollito de primavera mantenga un tama\u00f1o, peso y cantidad de relleno uniformes, asegurando as\u00ed una calidad constante del producto y el cumplimiento de las normas de calidad y seguridad alimentaria.<\/li>\n<li>Reducci\u00f3n de los costes laborales: Gracias a la mecanizaci\u00f3n de las tareas que requieren mucha mano de obra y a la reducci\u00f3n de las operaciones manuales, la l\u00ednea de producci\u00f3n disminuye la dependencia de los recursos humanos, lo que supone un importante ahorro en costes laborales.<\/li>\n<li>Personalizaci\u00f3n flexible: La l\u00ednea de producci\u00f3n de lumpia gulay puede ajustar los par\u00e1metros de la l\u00ednea de producci\u00f3n de acuerdo con las diferentes necesidades de los clientes para lograr una producci\u00f3n de cambio r\u00e1pido de rollos de primavera de diferentes especificaciones y sabores.<\/li>\n<li>F\u00e1cil de mantener y actualizar: la disposici\u00f3n estructural de cada componente es razonable, lo que facilita la limpieza diaria, el mantenimiento y la resoluci\u00f3n de problemas, y admite posteriores actualizaciones t\u00e9cnicas y mejoras funcionales.<\/li>\n<li>Ahorro de energ\u00eda y protecci\u00f3n del medio ambiente La l\u00ednea de producci\u00f3n tiene plenamente en cuenta las cuestiones de consumo de energ\u00eda en su dise\u00f1o, y logra el objetivo de ahorro de energ\u00eda y reducci\u00f3n del consumo optimizando el rendimiento de los equipos y el flujo del proceso.<\/li>\n<\/ul>\n<p><img decoding=\"async\" class=\"alignnone size-full wp-image-5082\" src=\"https:\/\/www.springrollsolution.com\/wp-content\/uploads\/2024\/03\/70.jpg\" alt=\"Se vende l\u00ednea de producci\u00f3n de togue de Lumpiang\" width=\"630\" height=\"400\" srcset=\"https:\/\/www.springrollsolution.com\/wp-content\/uploads\/2024\/03\/70.jpg 630w, https:\/\/www.springrollsolution.com\/wp-content\/uploads\/2024\/03\/70-300x190.jpg 300w\" sizes=\"(max-width: 630px) 100vw, 630px\" \/><\/p>\n<p>La l\u00ednea de procesado de lumpiang togue es nuestro exitoso intento de producci\u00f3n innovadora e industrializada de la cocina tradicional filipina. Desde la cuidadosa selecci\u00f3n de brotes de soja frescos hasta el meticuloso proceso de envasado, pasando por el uso de eficientes l\u00edneas de producci\u00f3n automatizadas, nos aseguramos de que cada rollo de lumpiang togue conserve su aut\u00e9ntico sabor, al tiempo que satisface las necesidades de producci\u00f3n a gran escala y de r\u00e1pido abastecimiento del mercado.<\/p>\n<p>A trav\u00e9s de un estricto control de calidad y una continua optimizaci\u00f3n t\u00e9cnica, nuestra l\u00ednea de producci\u00f3n de togue lumpiang no s\u00f3lo mejora la eficiencia de la producci\u00f3n, sino que tambi\u00e9n garantiza la seguridad y la calidad de los alimentos. De cara al futuro, esperamos que esta l\u00ednea de producci\u00f3n promueva a\u00fan m\u00e1s la herencia y el desarrollo de la cultura alimentaria local, permitiendo a m\u00e1s personas degustar este manjar \u00fanico, y logrando tanto beneficios econ\u00f3micos como valor cultural.<\/p>\n<p>&nbsp;<\/p>\n<h3><strong>Par\u00e1metros t\u00e9cnicos<\/strong><\/h3>\n<table border=\"0\" cellspacing=\"0\" cellpadding=\"0\">\n<tbody>\n<tr>\n<td colspan=\"4\" rowspan=\"1\">GG-CJX5000<\/td>\n<\/tr>\n<tr>\n<td>Nombre<\/td>\n<td>Dimensiton\uff08mm\uff09<\/td>\n<td>Potencia\uff08KW\uff09<\/td>\n<td>No.<\/td>\n<\/tr>\n<tr>\n<td>Harumaki Wapper Part<\/td>\n<td>2200*2000*2200<\/td>\n<td>59<\/td>\n<td>1<\/td>\n<\/tr>\n<tr>\n<td>Pieza de relleno<\/td>\n<td>700*600*1000<\/td>\n<td>0.4<\/td>\n<td>1<\/td>\n<\/tr>\n<tr>\n<td>Pieza plegable Harumaki<\/td>\n<td>1700*500*1360<\/td>\n<td>0.4<\/td>\n<td>1<\/td>\n<\/tr>\n<tr>\n<td>Pieza de formaci\u00f3n Harumaki<\/td>\n<td>4030*500*1100<\/td>\n<td>0.4<\/td>\n<td>1<\/td>\n<\/tr>\n<tr>\n<td>Batidora<\/td>\n<td>1300*600*900<\/td>\n<td>1.1<\/td>\n<td>1<\/td>\n<\/tr>\n<tr>\n<td>Tanque de bater\u00edas<\/td>\n<td>800*300*320<\/td>\n<td>\/<\/td>\n<td>1<\/td>\n<\/tr>\n<tr>\n<td>Bomba de bater\u00eda<\/td>\n<td>-<\/td>\n<td>0.55<\/td>\n<td>2<\/td>\n<\/tr>\n<tr>\n<td colspan=\"4\" rowspan=\"1\">Capacidad 3000-4000pcs\/h<\/td>\n<\/tr>\n<\/tbody>\n<\/table>\n<p>&nbsp;<\/p>\n<h3><strong>Dejar solicitud de presupuesto gratuito<\/strong><\/h3>\n<div id=\"wpcf7-f3214-p3261-o2\" class=\"wpcf7 js\" dir=\"ltr\" lang=\"en-US\">\n<div class=\"wpcf7 no-js\" id=\"wpcf7-f3214-o1\" lang=\"en-US\" dir=\"ltr\" data-wpcf7-id=\"3214\">\n<div class=\"screen-reader-response\"><p role=\"status\" aria-live=\"polite\" aria-atomic=\"true\"><\/p> <ul><\/ul><\/div>\n<form action=\"\/es\/wp-json\/wp\/v2\/product\/5078#wpcf7-f3214-o1\" method=\"post\" class=\"wpcf7-form init\" aria-label=\"Formulario de contacto\" novalidate=\"novalidate\" data-status=\"init\" data-trp-original-action=\"\/es\/wp-json\/wp\/v2\/product\/5078#wpcf7-f3214-o1\">\n<fieldset class=\"hidden-fields-container\"><input type=\"hidden\" name=\"_wpcf7\" value=\"3214\" \/><input type=\"hidden\" name=\"_wpcf7_version\" value=\"6.1.5\" \/><input type=\"hidden\" name=\"_wpcf7_locale\" value=\"en_US\" \/><input type=\"hidden\" name=\"_wpcf7_unit_tag\" value=\"wpcf7-f3214-o1\" \/><input type=\"hidden\" name=\"_wpcf7_container_post\" value=\"0\" \/><input type=\"hidden\" name=\"_wpcf7_posted_data_hash\" value=\"\" \/>\n<\/fieldset>\n<p><label> Su nombre<br \/>\n<span class=\"wpcf7-form-control-wrap\" data-name=\"your-name\"><input size=\"40\" maxlength=\"400\" class=\"wpcf7-form-control wpcf7-text wpcf7-validates-as-required\" aria-required=\"true\" aria-invalid=\"false\" value=\"\" type=\"text\" name=\"your-name\" \/><\/span> <\/label>\n<\/p>\n<p><label> Su pa\u00eds<br \/>\n<span class=\"wpcf7-form-control-wrap\" data-name=\"your-country\"><input size=\"40\" maxlength=\"400\" class=\"wpcf7-form-control wpcf7-text\" aria-invalid=\"false\" value=\"\" type=\"text\" name=\"your-country\" \/><\/span> <\/label>\n<\/p>\n<p><label> Su correo electr\u00f3nico<br \/>\n<span class=\"wpcf7-form-control-wrap\" data-name=\"your-email\"><input size=\"40\" maxlength=\"400\" class=\"wpcf7-form-control wpcf7-email wpcf7-validates-as-required wpcf7-text wpcf7-validates-as-email\" aria-required=\"true\" aria-invalid=\"false\" value=\"\" type=\"email\" name=\"your-email\" \/><\/span> <\/label>\n<\/p>\n<p><label> Tu tel\u00e9fono<br \/>\n<span class=\"wpcf7-form-control-wrap\" data-name=\"your-phone\"><input size=\"40\" maxlength=\"400\" class=\"wpcf7-form-control wpcf7-tel wpcf7-text wpcf7-validates-as-tel\" aria-invalid=\"false\" value=\"\" type=\"tel\" name=\"your-phone\" \/><\/span> <\/label>\n<\/p>\n<p><label> Nombre de la empresa<br \/>\n<span class=\"wpcf7-form-control-wrap\" data-name=\"text-457\"><input size=\"40\" maxlength=\"400\" class=\"wpcf7-form-control wpcf7-text\" aria-invalid=\"false\" value=\"\" type=\"text\" name=\"text-457\" \/><\/span> <\/label>\n<\/p>\n<p><label> El sitio web de su empresa<br \/>\n<span class=\"wpcf7-form-control-wrap\" data-name=\"text-546\"><input size=\"40\" maxlength=\"400\" class=\"wpcf7-form-control wpcf7-text\" aria-invalid=\"false\" value=\"\" type=\"text\" name=\"text-546\" \/><\/span> <\/label>\n<\/p>\n<p><label> Sus requisitos*<br \/>\n<span class=\"wpcf7-form-control-wrap\" data-name=\"your-requirement\"><textarea cols=\"40\" rows=\"10\" maxlength=\"2000\" class=\"wpcf7-form-control wpcf7-textarea wpcf7-validates-as-required\" aria-required=\"true\" aria-invalid=\"false\" name=\"your-requirement\"><\/textarea><\/span> <\/label>\n<\/p>\n<p><input class=\"wpcf7-form-control wpcf7-submit has-spinner\" type=\"submit\" value=\"Enviar\" \/>\n<\/p>\n<div style=\"clear:both\">\n<\/div><p style=\"display: none !important;\" class=\"akismet-fields-container\" data-prefix=\"_wpcf7_ak_\"><label>&#916;<textarea name=\"_wpcf7_ak_hp_textarea\" cols=\"45\" rows=\"8\" maxlength=\"100\"><\/textarea><\/label><input type=\"hidden\" id=\"ak_js_1\" name=\"_wpcf7_ak_js\" value=\"52\"\/><script>document.getElementById( \"ak_js_1\" ).setAttribute( \"value\", ( new Date() ).getTime() );<\/script><\/p><div class=\"wpcf7-response-output\" aria-hidden=\"true\"><\/div>\n<input type=\"hidden\" name=\"trp-form-language\" value=\"es\"\/><\/form>\n<\/div>\n<\/div>\n<div style='text-align:left' class='yasr-auto-insert-visitor'><\/div>","protected":false},"excerpt":{"rendered":"<p>The lumpiang togue production line integrates advanced technology with traditional culinary craftsmanship, revolutionizing the way this iconic dish is prepared and distributed. With automated systems for ingredient mixing, wrapper production, filling deposition, and rolling, the production line ensures lumpiang togue consistency and efficiency at every stage. Features of Lumpiang Togue Production Line It has a [&hellip;]<\/p>","protected":false},"featured_media":5079,"comment_status":"open","ping_status":"closed","template":"","meta":{"site-sidebar-layout":"default","site-content-layout":"default","ast-site-content-layout":"default","site-content-style":"default","site-sidebar-style":"default","ast-global-header-display":"","ast-banner-title-visibility":"","ast-main-header-display":"","ast-hfb-above-header-display":"","ast-hfb-below-header-display":"","ast-hfb-mobile-header-display":"","site-post-title":"","ast-breadcrumbs-content":"","ast-featured-img":"","footer-sml-layout":"","theme-transparent-header-meta":"","adv-header-id-meta":"","stick-header-meta":"","header-above-stick-meta":"","header-main-stick-meta":"","header-below-stick-meta":"","astra-migrate-meta-layouts":"default","ast-page-background-enabled":"default","ast-page-background-meta":{"desktop":{"background-color":"","background-image":"","background-repeat":"repeat","background-position":"center center","background-size":"auto","background-attachment":"scroll","background-type":"","background-media":"","overlay-type":"","overlay-color":"","overlay-opacity":"","overlay-gradient":""},"tablet":{"background-color":"","background-image":"","background-repeat":"repeat","background-position":"center center","background-size":"auto","background-attachment":"scroll","background-type":"","background-media":"","overlay-type":"","overlay-color":"","overlay-opacity":"","overlay-gradient":""},"mobile":{"background-color":"","background-image":"","background-repeat":"repeat","background-position":"center center","background-size":"auto","background-attachment":"scroll","background-type":"","background-media":"","overlay-type":"","overlay-color":"","overlay-opacity":"","overlay-gradient":""}},"ast-content-background-meta":{"desktop":{"background-color":"var(--ast-global-color-5)","background-image":"","background-repeat":"repeat","background-position":"center center","background-size":"auto","background-attachment":"scroll","background-type":"","background-media":"","overlay-type":"","overlay-color":"","overlay-opacity":"","overlay-gradient":""},"tablet":{"background-color":"var(--ast-global-color-5)","background-image":"","background-repeat":"repeat","background-position":"center center","background-size":"auto","background-attachment":"scroll","background-type":"","background-media":"","overlay-type":"","overlay-color":"","overlay-opacity":"","overlay-gradient":""},"mobile":{"background-color":"var(--ast-global-color-5)","background-image":"","background-repeat":"repeat","background-position":"center center","background-size":"auto","background-attachment":"scroll","background-type":"","background-media":"","overlay-type":"","overlay-color":"","overlay-opacity":"","overlay-gradient":""}},"yasr_overall_rating":0,"yasr_post_is_review":"","yasr_auto_insert_disabled":"","yasr_review_type":""},"product_brand":[],"product_cat":[24],"product_tag":[],"class_list":{"0":"post-5078","1":"product","2":"type-product","3":"status-publish","4":"has-post-thumbnail","6":"product_cat-spring-roll-machine","7":"desktop-align-left","8":"tablet-align-left","9":"mobile-align-left","11":"first","12":"instock","13":"shipping-taxable","14":"product-type-simple"},"yoast_head":"<!-- This site is optimized with the Yoast SEO plugin v26.4 - https:\/\/yoast.com\/wordpress\/plugins\/seo\/ -->\n<title>Automatic Lumpiang Togue Production Line 4000 pieces\/h<\/title>\n<meta name=\"description\" content=\"The lumpiang togue production line uses advanced technology, can efficiently produce lumpiang togue, lumpiang gulay, and expand lumpia business.\" \/>\n<meta name=\"robots\" content=\"index, follow, max-snippet:-1, max-image-preview:large, max-video-preview:-1\" \/>\n<link rel=\"canonical\" href=\"https:\/\/www.springrollsolution.com\/es\/producto\/lumpiang-togue-production-line\/\" \/>\n<meta property=\"og:locale\" content=\"es_ES\" \/>\n<meta property=\"og:type\" content=\"article\" \/>\n<meta property=\"og:title\" content=\"Automatic Lumpiang Togue Production Line 4000 pieces\/h\" \/>\n<meta property=\"og:description\" content=\"The lumpiang togue production line uses advanced technology, can efficiently produce lumpiang togue, lumpiang gulay, and expand lumpia business.\" \/>\n<meta property=\"og:url\" content=\"https:\/\/www.springrollsolution.com\/es\/producto\/lumpiang-togue-production-line\/\" \/>\n<meta property=\"og:site_name\" content=\"Spring Roll Processing Machine\" \/>\n<meta property=\"article:modified_time\" content=\"2024-03-14T05:50:36+00:00\" \/>\n<meta property=\"og:image\" content=\"https:\/\/www.springrollsolution.com\/wp-content\/uploads\/2024\/03\/68.jpg\" \/>\n\t<meta property=\"og:image:width\" content=\"600\" \/>\n\t<meta property=\"og:image:height\" content=\"600\" \/>\n\t<meta property=\"og:image:type\" content=\"image\/jpeg\" \/>\n<meta name=\"twitter:card\" content=\"summary_large_image\" \/>\n<meta name=\"twitter:label1\" content=\"Tiempo de lectura\" \/>\n\t<meta name=\"twitter:data1\" content=\"4 minutos\" \/>\n<script type=\"application\/ld+json\" class=\"yoast-schema-graph\">{\"@context\":\"https:\/\/schema.org\",\"@graph\":[{\"@type\":\"WebPage\",\"@id\":\"https:\/\/www.springrollsolution.com\/product\/lumpiang-togue-production-line\/\",\"url\":\"https:\/\/www.springrollsolution.com\/product\/lumpiang-togue-production-line\/\",\"name\":\"Automatic Lumpiang Togue Production Line 4000 pieces\/h\",\"isPartOf\":{\"@id\":\"https:\/\/www.springrollsolution.com\/#website\"},\"primaryImageOfPage\":{\"@id\":\"https:\/\/www.springrollsolution.com\/product\/lumpiang-togue-production-line\/#primaryimage\"},\"image\":{\"@id\":\"https:\/\/www.springrollsolution.com\/product\/lumpiang-togue-production-line\/#primaryimage\"},\"thumbnailUrl\":\"https:\/\/www.springrollsolution.com\/wp-content\/uploads\/2024\/03\/68.jpg\",\"datePublished\":\"2024-03-14T03:45:32+00:00\",\"dateModified\":\"2024-03-14T05:50:36+00:00\",\"description\":\"The lumpiang togue production line uses advanced technology, can efficiently produce lumpiang togue, lumpiang gulay, and expand lumpia business.\",\"breadcrumb\":{\"@id\":\"https:\/\/www.springrollsolution.com\/product\/lumpiang-togue-production-line\/#breadcrumb\"},\"inLanguage\":\"es\",\"potentialAction\":[{\"@type\":\"ReadAction\",\"target\":[\"https:\/\/www.springrollsolution.com\/product\/lumpiang-togue-production-line\/\"]}]},{\"@type\":\"ImageObject\",\"inLanguage\":\"es\",\"@id\":\"https:\/\/www.springrollsolution.com\/product\/lumpiang-togue-production-line\/#primaryimage\",\"url\":\"https:\/\/www.springrollsolution.com\/wp-content\/uploads\/2024\/03\/68.jpg\",\"contentUrl\":\"https:\/\/www.springrollsolution.com\/wp-content\/uploads\/2024\/03\/68.jpg\",\"width\":600,\"height\":600,\"caption\":\"Lumpiang Togue Processing Line\"},{\"@type\":\"BreadcrumbList\",\"@id\":\"https:\/\/www.springrollsolution.com\/product\/lumpiang-togue-production-line\/#breadcrumb\",\"itemListElement\":[{\"@type\":\"ListItem\",\"position\":1,\"name\":\"Home\",\"item\":\"https:\/\/www.springrollsolution.com\/\"},{\"@type\":\"ListItem\",\"position\":2,\"name\":\"Products\",\"item\":\"https:\/\/www.springrollsolution.com\/shop\/\"},{\"@type\":\"ListItem\",\"position\":3,\"name\":\"Automatic Lumpiang Togue Production Line 4000 pieces\/h\"}]},{\"@type\":\"WebSite\",\"@id\":\"https:\/\/www.springrollsolution.com\/#website\",\"url\":\"https:\/\/www.springrollsolution.com\/\",\"name\":\"Spring Roll Processing Machine\",\"description\":\"Spring roll processing solution provider\",\"publisher\":{\"@id\":\"https:\/\/www.springrollsolution.com\/#organization\"},\"potentialAction\":[{\"@type\":\"SearchAction\",\"target\":{\"@type\":\"EntryPoint\",\"urlTemplate\":\"https:\/\/www.springrollsolution.com\/?s={search_term_string}\"},\"query-input\":{\"@type\":\"PropertyValueSpecification\",\"valueRequired\":true,\"valueName\":\"search_term_string\"}}],\"inLanguage\":\"es\"},{\"@type\":\"Organization\",\"@id\":\"https:\/\/www.springrollsolution.com\/#organization\",\"name\":\"Spring Roll Processing Machine\",\"url\":\"https:\/\/www.springrollsolution.com\/\",\"logo\":{\"@type\":\"ImageObject\",\"inLanguage\":\"es\",\"@id\":\"https:\/\/www.springrollsolution.com\/#\/schema\/logo\/image\/\",\"url\":\"https:\/\/www.springrollsolution.com\/wp-content\/uploads\/2025\/05\/cropped-logo.png\",\"contentUrl\":\"https:\/\/www.springrollsolution.com\/wp-content\/uploads\/2025\/05\/cropped-logo.png\",\"width\":180,\"height\":60,\"caption\":\"Spring Roll Processing Machine\"},\"image\":{\"@id\":\"https:\/\/www.springrollsolution.com\/#\/schema\/logo\/image\/\"}},false]}<\/script>\n<!-- \/ Yoast SEO plugin. -->","yoast_head_json":{"title":"L\u00ednea de producci\u00f3n autom\u00e1tica de togue Lumpiang 4000 piezas\/h","description":"La l\u00ednea de producci\u00f3n de lumpiang togue utiliza tecnolog\u00eda avanzada, puede producir eficientemente lumpiang togue, lumpiang gulay, y ampliar el negocio de lumpia.","robots":{"index":"index","follow":"follow","max-snippet":"max-snippet:-1","max-image-preview":"max-image-preview:large","max-video-preview":"max-video-preview:-1"},"canonical":"https:\/\/www.springrollsolution.com\/es\/producto\/lumpiang-togue-production-line\/","og_locale":"es_ES","og_type":"article","og_title":"Automatic Lumpiang Togue Production Line 4000 pieces\/h","og_description":"The lumpiang togue production line uses advanced technology, can efficiently produce lumpiang togue, lumpiang gulay, and expand lumpia business.","og_url":"https:\/\/www.springrollsolution.com\/es\/producto\/lumpiang-togue-production-line\/","og_site_name":"Spring Roll Processing Machine","article_modified_time":"2024-03-14T05:50:36+00:00","og_image":[{"width":600,"height":600,"url":"https:\/\/www.springrollsolution.com\/wp-content\/uploads\/2024\/03\/68.jpg","type":"image\/jpeg"}],"twitter_card":"summary_large_image","twitter_misc":{"Tiempo de lectura":"4 minutos"},"schema":{"@context":"https:\/\/schema.org","@graph":[{"@type":"WebPage","@id":"https:\/\/www.springrollsolution.com\/product\/lumpiang-togue-production-line\/","url":"https:\/\/www.springrollsolution.com\/product\/lumpiang-togue-production-line\/","name":"L\u00ednea de producci\u00f3n autom\u00e1tica de togue Lumpiang 4000 piezas\/h","isPartOf":{"@id":"https:\/\/www.springrollsolution.com\/#website"},"primaryImageOfPage":{"@id":"https:\/\/www.springrollsolution.com\/product\/lumpiang-togue-production-line\/#primaryimage"},"image":{"@id":"https:\/\/www.springrollsolution.com\/product\/lumpiang-togue-production-line\/#primaryimage"},"thumbnailUrl":"https:\/\/www.springrollsolution.com\/wp-content\/uploads\/2024\/03\/68.jpg","datePublished":"2024-03-14T03:45:32+00:00","dateModified":"2024-03-14T05:50:36+00:00","description":"La l\u00ednea de producci\u00f3n de lumpiang togue utiliza tecnolog\u00eda avanzada, puede producir eficientemente lumpiang togue, lumpiang gulay, y ampliar el negocio de lumpia.","breadcrumb":{"@id":"https:\/\/www.springrollsolution.com\/product\/lumpiang-togue-production-line\/#breadcrumb"},"inLanguage":"es","potentialAction":[{"@type":"ReadAction","target":["https:\/\/www.springrollsolution.com\/product\/lumpiang-togue-production-line\/"]}]},{"@type":"ImageObject","inLanguage":"es","@id":"https:\/\/www.springrollsolution.com\/product\/lumpiang-togue-production-line\/#primaryimage","url":"https:\/\/www.springrollsolution.com\/wp-content\/uploads\/2024\/03\/68.jpg","contentUrl":"https:\/\/www.springrollsolution.com\/wp-content\/uploads\/2024\/03\/68.jpg","width":600,"height":600,"caption":"Lumpiang Togue Processing Line"},{"@type":"BreadcrumbList","@id":"https:\/\/www.springrollsolution.com\/product\/lumpiang-togue-production-line\/#breadcrumb","itemListElement":[{"@type":"ListItem","position":1,"name":"Home","item":"https:\/\/www.springrollsolution.com\/"},{"@type":"ListItem","position":2,"name":"Products","item":"https:\/\/www.springrollsolution.com\/shop\/"},{"@type":"ListItem","position":3,"name":"Automatic Lumpiang Togue Production Line 4000 pieces\/h"}]},{"@type":"WebSite","@id":"https:\/\/www.springrollsolution.com\/#website","url":"https:\/\/www.springrollsolution.com\/","name":"M\u00e1quina procesadora de rollitos de primavera","description":"Proveedor de soluciones de procesamiento de rollitos de primavera","publisher":{"@id":"https:\/\/www.springrollsolution.com\/#organization"},"potentialAction":[{"@type":"SearchAction","target":{"@type":"EntryPoint","urlTemplate":"https:\/\/www.springrollsolution.com\/?s={search_term_string}"},"query-input":{"@type":"PropertyValueSpecification","valueRequired":true,"valueName":"search_term_string"}}],"inLanguage":"es"},{"@type":"Organization","@id":"https:\/\/www.springrollsolution.com\/#organization","name":"M\u00e1quina procesadora de rollitos de primavera","url":"https:\/\/www.springrollsolution.com\/","logo":{"@type":"ImageObject","inLanguage":"es","@id":"https:\/\/www.springrollsolution.com\/#\/schema\/logo\/image\/","url":"https:\/\/www.springrollsolution.com\/wp-content\/uploads\/2025\/05\/cropped-logo.png","contentUrl":"https:\/\/www.springrollsolution.com\/wp-content\/uploads\/2025\/05\/cropped-logo.png","width":180,"height":60,"caption":"Spring Roll Processing Machine"},"image":{"@id":"https:\/\/www.springrollsolution.com\/#\/schema\/logo\/image\/"}},false]}},"yasr_visitor_votes":{"stars_attributes":{"read_only":false,"span_bottom":false},"number_of_votes":1,"sum_votes":5},"_links":{"self":[{"href":"https:\/\/www.springrollsolution.com\/es\/wp-json\/wp\/v2\/product\/5078","targetHints":{"allow":["GET"]}}],"collection":[{"href":"https:\/\/www.springrollsolution.com\/es\/wp-json\/wp\/v2\/product"}],"about":[{"href":"https:\/\/www.springrollsolution.com\/es\/wp-json\/wp\/v2\/types\/product"}],"replies":[{"embeddable":true,"href":"https:\/\/www.springrollsolution.com\/es\/wp-json\/wp\/v2\/comments?post=5078"}],"wp:featuredmedia":[{"embeddable":true,"href":"https:\/\/www.springrollsolution.com\/es\/wp-json\/wp\/v2\/media\/5079"}],"wp:attachment":[{"href":"https:\/\/www.springrollsolution.com\/es\/wp-json\/wp\/v2\/media?parent=5078"}],"wp:term":[{"taxonomy":"product_brand","embeddable":true,"href":"https:\/\/www.springrollsolution.com\/es\/wp-json\/wp\/v2\/product_brand?post=5078"},{"taxonomy":"product_cat","embeddable":true,"href":"https:\/\/www.springrollsolution.com\/es\/wp-json\/wp\/v2\/product_cat?post=5078"},{"taxonomy":"product_tag","embeddable":true,"href":"https:\/\/www.springrollsolution.com\/es\/wp-json\/wp\/v2\/product_tag?post=5078"}],"curies":[{"name":"wp","href":"https:\/\/api.w.org\/{rel}","templated":true}]}}