{"id":4982,"date":"2024-02-04T11:02:19","date_gmt":"2024-02-04T03:02:19","guid":{"rendered":"https:\/\/www.springrollsolution.com\/?post_type=product&#038;p=4982"},"modified":"2026-02-28T14:56:08","modified_gmt":"2026-02-28T06:56:08","slug":"mozzarella-sticks-machine","status":"publish","type":"product","link":"https:\/\/www.springrollsolution.com\/es\/producto\/mozzarella-sticks-machine\/","title":{"rendered":"M\u00e1quina industrial de palitos de mozzarella el\u00e9ctrica"},"content":{"rendered":"<p>La m\u00e1quina industrial de palitos de mozzarella se utiliza profesionalmente para producir palitos de mozzarella, palitos de queso de alta calidad. Todo el proceso de elaboraci\u00f3n est\u00e1 automatizado y funciona con eficacia. Es un equipo muy pr\u00e1ctico.<\/p>\n<p>Nuestra f\u00e1brica se dedica a producir soluciones de palitos de mozzarella de alto nivel y alto rendimiento. Mejora la capacidad de producci\u00f3n de los procesadores de alimentos y ampl\u00eda la producci\u00f3n para satisfacer necesidades cada vez mayores.<\/p>\n<p><img fetchpriority=\"high\" decoding=\"async\" class=\"alignnone size-full wp-image-4983\" src=\"https:\/\/www.springrollsolution.com\/wp-content\/uploads\/2024\/02\/4.jpg\" alt=\"M\u00e1quina industrial de palitos de mozzarella\" width=\"630\" height=\"430\" srcset=\"https:\/\/www.springrollsolution.com\/wp-content\/uploads\/2024\/02\/4.jpg 630w, https:\/\/www.springrollsolution.com\/wp-content\/uploads\/2024\/02\/4-300x205.jpg 300w\" sizes=\"(max-width: 630px) 100vw, 630px\" \/><\/p>\n<h2><strong>Caracter\u00edsticas de la m\u00e1quina de palitos de mozzarella<\/strong><\/h2>\n<ol>\n<li>Procesamiento automatizado: La m\u00e1quina puede automatizar completamente el procesamiento, desde la preparaci\u00f3n de la masa hasta el llenado y enrollado de los palitos de mozzarella. Esto no solo reduce los costes de mano de obra, sino que tambi\u00e9n garantiza la calidad del producto.<\/li>\n<li>Versatilidad: Mediante el ajuste de la configuraci\u00f3n, la m\u00e1quina puede acomodar una variedad de tama\u00f1os de palitos de mozzarella, proporcionando versatilidad para satisfacer las diferentes necesidades del mercado.<\/li>\n<li>Control preciso de las porciones: El equipo est\u00e1 equipado con un sistema de control avanzado para garantizar un tama\u00f1o uniforme de los palitos de queso mozzarella, lo que hace que el producto final sea m\u00e1s est\u00e1ndar y satisfaga a los clientes.<\/li>\n<li>Dise\u00f1o de bajo consumo: La m\u00e1quina industrial de queso mozzarella en barra utiliza tecnolog\u00eda de ahorro de energ\u00eda para minimizar el impacto sobre el medio ambiente. Su sistema inteligente de gesti\u00f3n de la energ\u00eda garantiza la sostenibilidad sin comprometer la productividad.<\/li>\n<li>Tama\u00f1o compacto: Para responder a las limitaciones de espacio en las instalaciones de producci\u00f3n, la m\u00e1quina presenta un dise\u00f1o compacto sin comprometer su funcionalidad. Esta caracter\u00edstica de ahorro de espacio garantiza la flexibilidad en la disposici\u00f3n de la planta, manteniendo al mismo tiempo una capacidad de producci\u00f3n \u00f3ptima.<\/li>\n<\/ol>\n<p>&nbsp;<\/p>\n<h2><strong>V\u00eddeo de la m\u00e1quina de palitos de queso<\/strong><\/h2>\n<p><iframe title=\"M\u00e1quina Comercial Lumpiang Shanghai|M\u00e1quina de Palitos de Mozzarella\" width=\"500\" height=\"281\" src=\"https:\/\/www.youtube.com\/embed\/sHsnn3LF71o?feature=oembed\" frameborder=\"0\" allow=\"accelerometer; autoplay; clipboard-write; encrypted-media; gyroscope; picture-in-picture; web-share\" referrerpolicy=\"strict-origin-when-cross-origin\" allowfullscreen><\/iframe><\/p>\n<h2><strong>Ventajas de la m\u00e1quina de palitos de mozzarella<\/strong><\/h2>\n<ul>\n<li>Mayor eficacia: Las operaciones automatizadas mejoran la eficiencia de la producci\u00f3n, reducen el tiempo de procesamiento de los productos y los costes de mano de obra, contribuyendo en \u00faltima instancia a aumentar los m\u00e1rgenes de beneficio.<\/li>\n<li>Garant\u00eda de calidad: La producci\u00f3n mediante equipos avanzados evita eficazmente los errores humanos y garantiza que cada lote de palitos de queso mozzarella mantenga siempre altos niveles de calidad.<\/li>\n<li>Capacidad de personalizaci\u00f3n: Las empresas pueden ajustar f\u00e1cilmente la configuraci\u00f3n de la m\u00e1quina para producir diferentes productos, como palitos de mozzarella, rollitos de primavera, etc.<\/li>\n<li>Dise\u00f1o higi\u00e9nico: Los materiales y el dise\u00f1o de la m\u00e1quina se centran en la higiene, lo que facilita su limpieza y mantenimiento, garantizando el cumplimiento de las normas y reglamentos del sector.<\/li>\n<\/ul>\n<p>&nbsp;<\/p>\n<p>Esta m\u00e1quina utiliza tecnolog\u00eda avanzada para automatizar el proceso de producci\u00f3n. La precisi\u00f3n est\u00e1 en el centro de esta innovaci\u00f3n, garantizando que cada barrita de mozzarella tenga un tama\u00f1o y una calidad uniformes. Adaptable, permite a las empresas personalizar f\u00e1cilmente los tama\u00f1os de las barritas y los recubrimientos para adaptarse a las diferentes preferencias de los consumidores.<\/p>\n<p>La m\u00e1quina industrial de fabricaci\u00f3n de palitos de mozzarella representa un avance revolucionario en el panorama de la producci\u00f3n de aperitivos. Gracias a sus procesos automatizados, su adaptabilidad, su meticulosa funcionalidad y un sinf\u00edn de ventajas, surge no solo como una herramienta de fabricaci\u00f3n, sino como una piedra angular estrat\u00e9gica para las empresas que aspiran a prosperar en el ferozmente competitivo mercado de los palitos de mozzarella.<\/p>\n<p>&nbsp;<\/p>\n<h3><strong>Par\u00e1metros t\u00e9cnicos<\/strong><\/h3>\n<table border=\"0\" cellspacing=\"0\" cellpadding=\"0\">\n<tbody>\n<tr>\n<td colspan=\"4\" rowspan=\"1\">GG-CJX5000<\/td>\n<\/tr>\n<tr>\n<td>Nombre<\/td>\n<td>Dimensiton\uff08mm\uff09<\/td>\n<td>Potencia\uff08KW\uff09<\/td>\n<td>No.<\/td>\n<\/tr>\n<tr>\n<td>Spring Roll Wapper Pieza<\/td>\n<td>2200*2000*2200<\/td>\n<td>59<\/td>\n<td>1<\/td>\n<\/tr>\n<tr>\n<td>Pieza de relleno<\/td>\n<td>700*600*1000<\/td>\n<td>0.4<\/td>\n<td>1<\/td>\n<\/tr>\n<tr>\n<td>Pieza plegable Spring Roll<\/td>\n<td>1700*500*1360<\/td>\n<td>0.4<\/td>\n<td>1<\/td>\n<\/tr>\n<tr>\n<td>Pieza para perfilado de muelles<\/td>\n<td>4030*500*1100<\/td>\n<td>0.4<\/td>\n<td>1<\/td>\n<\/tr>\n<tr>\n<td>Batidora<\/td>\n<td>1300*600*900<\/td>\n<td>1.1<\/td>\n<td>1<\/td>\n<\/tr>\n<tr>\n<td>Tanque de bater\u00edas<\/td>\n<td>800*300*320<\/td>\n<td>\/<\/td>\n<td>1<\/td>\n<\/tr>\n<tr>\n<td>Bomba de bater\u00eda<\/td>\n<td>-<\/td>\n<td>0.55<\/td>\n<td>2<\/td>\n<\/tr>\n<tr>\n<td colspan=\"4\" rowspan=\"1\">Capacidad 3000-4000pcs\/h<\/td>\n<\/tr>\n<\/tbody>\n<\/table>\n<p>&nbsp;<\/p>\n<h3><strong>Dejar solicitud de presupuesto gratuito<\/strong><\/h3>\n<div id=\"wpcf7-f3214-p4903-o2\" class=\"wpcf7 js\" dir=\"ltr\" lang=\"en-US\">\n<div id=\"wpcf7-f3214-p4955-o2\" class=\"wpcf7 js\" dir=\"ltr\" lang=\"en-US\">\n<div class=\"wpcf7 no-js\" id=\"wpcf7-f3214-o1\" lang=\"en-US\" dir=\"ltr\" data-wpcf7-id=\"3214\">\n<div class=\"screen-reader-response\"><p role=\"status\" aria-live=\"polite\" aria-atomic=\"true\"><\/p> <ul><\/ul><\/div>\n<form action=\"\/es\/wp-json\/wp\/v2\/product\/4982#wpcf7-f3214-o1\" method=\"post\" class=\"wpcf7-form init\" aria-label=\"Formulario de contacto\" novalidate=\"novalidate\" data-status=\"init\" data-trp-original-action=\"\/es\/wp-json\/wp\/v2\/product\/4982#wpcf7-f3214-o1\">\n<fieldset class=\"hidden-fields-container\"><input type=\"hidden\" name=\"_wpcf7\" value=\"3214\" \/><input type=\"hidden\" name=\"_wpcf7_version\" value=\"6.1.5\" \/><input type=\"hidden\" name=\"_wpcf7_locale\" value=\"en_US\" \/><input type=\"hidden\" name=\"_wpcf7_unit_tag\" value=\"wpcf7-f3214-o1\" \/><input type=\"hidden\" name=\"_wpcf7_container_post\" value=\"0\" \/><input type=\"hidden\" name=\"_wpcf7_posted_data_hash\" value=\"\" \/>\n<\/fieldset>\n<p><label> Su nombre<br \/>\n<span class=\"wpcf7-form-control-wrap\" data-name=\"your-name\"><input size=\"40\" maxlength=\"400\" class=\"wpcf7-form-control wpcf7-text wpcf7-validates-as-required\" aria-required=\"true\" aria-invalid=\"false\" value=\"\" type=\"text\" name=\"your-name\" \/><\/span> <\/label>\n<\/p>\n<p><label> Su pa\u00eds<br \/>\n<span class=\"wpcf7-form-control-wrap\" data-name=\"your-country\"><input size=\"40\" maxlength=\"400\" class=\"wpcf7-form-control wpcf7-text\" aria-invalid=\"false\" value=\"\" type=\"text\" name=\"your-country\" \/><\/span> <\/label>\n<\/p>\n<p><label> Su correo electr\u00f3nico<br \/>\n<span class=\"wpcf7-form-control-wrap\" data-name=\"your-email\"><input size=\"40\" maxlength=\"400\" class=\"wpcf7-form-control wpcf7-email wpcf7-validates-as-required wpcf7-text wpcf7-validates-as-email\" aria-required=\"true\" aria-invalid=\"false\" value=\"\" type=\"email\" name=\"your-email\" \/><\/span> <\/label>\n<\/p>\n<p><label> Tu tel\u00e9fono<br \/>\n<span class=\"wpcf7-form-control-wrap\" data-name=\"your-phone\"><input size=\"40\" maxlength=\"400\" class=\"wpcf7-form-control wpcf7-tel wpcf7-text wpcf7-validates-as-tel\" aria-invalid=\"false\" value=\"\" type=\"tel\" name=\"your-phone\" \/><\/span> <\/label>\n<\/p>\n<p><label> Nombre de la empresa<br \/>\n<span class=\"wpcf7-form-control-wrap\" data-name=\"text-457\"><input size=\"40\" maxlength=\"400\" class=\"wpcf7-form-control wpcf7-text\" aria-invalid=\"false\" value=\"\" type=\"text\" name=\"text-457\" \/><\/span> <\/label>\n<\/p>\n<p><label> El sitio web de su empresa<br \/>\n<span class=\"wpcf7-form-control-wrap\" data-name=\"text-546\"><input size=\"40\" maxlength=\"400\" class=\"wpcf7-form-control wpcf7-text\" aria-invalid=\"false\" value=\"\" type=\"text\" name=\"text-546\" \/><\/span> <\/label>\n<\/p>\n<p><label> Sus requisitos*<br \/>\n<span class=\"wpcf7-form-control-wrap\" data-name=\"your-requirement\"><textarea cols=\"40\" rows=\"10\" maxlength=\"2000\" class=\"wpcf7-form-control wpcf7-textarea wpcf7-validates-as-required\" aria-required=\"true\" aria-invalid=\"false\" name=\"your-requirement\"><\/textarea><\/span> <\/label>\n<\/p>\n<p><input class=\"wpcf7-form-control wpcf7-submit has-spinner\" type=\"submit\" value=\"Enviar\" \/>\n<\/p>\n<div style=\"clear:both\">\n<\/div><p style=\"display: none !important;\" class=\"akismet-fields-container\" data-prefix=\"_wpcf7_ak_\"><label>&#916;<textarea name=\"_wpcf7_ak_hp_textarea\" cols=\"45\" rows=\"8\" maxlength=\"100\"><\/textarea><\/label><input type=\"hidden\" id=\"ak_js_1\" name=\"_wpcf7_ak_js\" value=\"220\"\/><script>document.getElementById( \"ak_js_1\" ).setAttribute( \"value\", ( new Date() ).getTime() );<\/script><\/p><div class=\"wpcf7-response-output\" aria-hidden=\"true\"><\/div>\n<input type=\"hidden\" name=\"trp-form-language\" value=\"es\"\/><\/form>\n<\/div>\n<\/div>\n<\/div>\n<div style='text-align:left' class='yasr-auto-insert-visitor'><\/div>","protected":false},"excerpt":{"rendered":"<p>Industrial mozzarella sticks machine is professionally used to produce high-quality mozzarella sticks, cheese sticks. The entire processing process is automated and works efficiently. It is a very practical equipment. Our factory is dedicated to producing high standard, high performance mozzarella stick solutions. Improve food processors&#8217; production capabilities and expand production to meet more growing needs. [&hellip;]<\/p>","protected":false},"featured_media":4984,"comment_status":"open","ping_status":"closed","template":"","meta":{"site-sidebar-layout":"default","site-content-layout":"default","ast-site-content-layout":"default","site-content-style":"default","site-sidebar-style":"default","ast-global-header-display":"","ast-banner-title-visibility":"","ast-main-header-display":"","ast-hfb-above-header-display":"","ast-hfb-below-header-display":"","ast-hfb-mobile-header-display":"","site-post-title":"","ast-breadcrumbs-content":"","ast-featured-img":"","footer-sml-layout":"","theme-transparent-header-meta":"","adv-header-id-meta":"","stick-header-meta":"","header-above-stick-meta":"","header-main-stick-meta":"","header-below-stick-meta":"","astra-migrate-meta-layouts":"default","ast-page-background-enabled":"default","ast-page-background-meta":{"desktop":{"background-color":"","background-image":"","background-repeat":"repeat","background-position":"center center","background-size":"auto","background-attachment":"scroll","background-type":"","background-media":"","overlay-type":"","overlay-color":"","overlay-opacity":"","overlay-gradient":""},"tablet":{"background-color":"","background-image":"","background-repeat":"repeat","background-position":"center center","background-size":"auto","background-attachment":"scroll","background-type":"","background-media":"","overlay-type":"","overlay-color":"","overlay-opacity":"","overlay-gradient":""},"mobile":{"background-color":"","background-image":"","background-repeat":"repeat","background-position":"center center","background-size":"auto","background-attachment":"scroll","background-type":"","background-media":"","overlay-type":"","overlay-color":"","overlay-opacity":"","overlay-gradient":""}},"ast-content-background-meta":{"desktop":{"background-color":"var(--ast-global-color-5)","background-image":"","background-repeat":"repeat","background-position":"center center","background-size":"auto","background-attachment":"scroll","background-type":"","background-media":"","overlay-type":"","overlay-color":"","overlay-opacity":"","overlay-gradient":""},"tablet":{"background-color":"var(--ast-global-color-5)","background-image":"","background-repeat":"repeat","background-position":"center center","background-size":"auto","background-attachment":"scroll","background-type":"","background-media":"","overlay-type":"","overlay-color":"","overlay-opacity":"","overlay-gradient":""},"mobile":{"background-color":"var(--ast-global-color-5)","background-image":"","background-repeat":"repeat","background-position":"center center","background-size":"auto","background-attachment":"scroll","background-type":"","background-media":"","overlay-type":"","overlay-color":"","overlay-opacity":"","overlay-gradient":""}},"yasr_overall_rating":0,"yasr_post_is_review":"","yasr_auto_insert_disabled":"","yasr_review_type":""},"product_brand":[],"product_cat":[24],"product_tag":[],"class_list":{"0":"post-4982","1":"product","2":"type-product","3":"status-publish","4":"has-post-thumbnail","6":"product_cat-spring-roll-machine","7":"desktop-align-left","8":"tablet-align-left","9":"mobile-align-left","11":"first","12":"instock","13":"shipping-taxable","14":"product-type-simple"},"yoast_head":"<!-- This site is optimized with the Yoast SEO plugin v26.4 - https:\/\/yoast.com\/wordpress\/plugins\/seo\/ -->\n<title>Industrial Mozzarella Sticks Machine with Electric<\/title>\n<meta name=\"description\" content=\"Industrial mozzarella sticks machine is used to produce high-quality mozzarella sticks, cheese sticks. The process is automated and works efficiently.\" \/>\n<meta name=\"robots\" content=\"index, follow, max-snippet:-1, max-image-preview:large, max-video-preview:-1\" \/>\n<link rel=\"canonical\" href=\"https:\/\/www.springrollsolution.com\/es\/producto\/mozzarella-sticks-machine\/\" \/>\n<meta property=\"og:locale\" content=\"es_ES\" \/>\n<meta property=\"og:type\" content=\"article\" \/>\n<meta property=\"og:title\" content=\"Industrial Mozzarella Sticks Machine with Electric\" \/>\n<meta property=\"og:description\" content=\"Industrial mozzarella sticks machine is used to produce high-quality mozzarella sticks, cheese sticks. The process is automated and works efficiently.\" \/>\n<meta property=\"og:url\" content=\"https:\/\/www.springrollsolution.com\/es\/producto\/mozzarella-sticks-machine\/\" \/>\n<meta property=\"og:site_name\" content=\"Spring Roll Processing Machine\" \/>\n<meta property=\"article:modified_time\" content=\"2026-02-28T06:56:08+00:00\" \/>\n<meta property=\"og:image\" content=\"https:\/\/www.springrollsolution.com\/wp-content\/uploads\/2024\/02\/5.jpg\" \/>\n\t<meta property=\"og:image:width\" content=\"600\" \/>\n\t<meta property=\"og:image:height\" content=\"600\" \/>\n\t<meta property=\"og:image:type\" content=\"image\/jpeg\" \/>\n<meta name=\"twitter:card\" content=\"summary_large_image\" \/>\n<meta name=\"twitter:label1\" content=\"Tiempo de lectura\" \/>\n\t<meta name=\"twitter:data1\" content=\"3 minutos\" \/>\n<script type=\"application\/ld+json\" class=\"yoast-schema-graph\">{\"@context\":\"https:\/\/schema.org\",\"@graph\":[{\"@type\":\"WebPage\",\"@id\":\"https:\/\/www.springrollsolution.com\/es\/producto\/mozzarella-sticks-machine\/\",\"url\":\"https:\/\/www.springrollsolution.com\/es\/producto\/mozzarella-sticks-machine\/\",\"name\":\"Industrial Mozzarella Sticks Machine with Electric\",\"isPartOf\":{\"@id\":\"https:\/\/www.springrollsolution.com\/#website\"},\"primaryImageOfPage\":{\"@id\":\"https:\/\/www.springrollsolution.com\/es\/producto\/mozzarella-sticks-machine\/#primaryimage\"},\"image\":{\"@id\":\"https:\/\/www.springrollsolution.com\/es\/producto\/mozzarella-sticks-machine\/#primaryimage\"},\"thumbnailUrl\":\"https:\/\/www.springrollsolution.com\/wp-content\/uploads\/2024\/02\/5.jpg\",\"datePublished\":\"2024-02-04T03:02:19+00:00\",\"dateModified\":\"2026-02-28T06:56:08+00:00\",\"description\":\"Industrial mozzarella sticks machine is used to produce high-quality mozzarella sticks, cheese sticks. The process is automated and works efficiently.\",\"breadcrumb\":{\"@id\":\"https:\/\/www.springrollsolution.com\/es\/producto\/mozzarella-sticks-machine\/#breadcrumb\"},\"inLanguage\":\"es\",\"potentialAction\":[{\"@type\":\"ReadAction\",\"target\":[\"https:\/\/www.springrollsolution.com\/es\/producto\/mozzarella-sticks-machine\/\"]}]},{\"@type\":\"ImageObject\",\"inLanguage\":\"es\",\"@id\":\"https:\/\/www.springrollsolution.com\/es\/producto\/mozzarella-sticks-machine\/#primaryimage\",\"url\":\"https:\/\/www.springrollsolution.com\/wp-content\/uploads\/2024\/02\/5.jpg\",\"contentUrl\":\"https:\/\/www.springrollsolution.com\/wp-content\/uploads\/2024\/02\/5.jpg\",\"width\":600,\"height\":600,\"caption\":\"Mozzarella Sticks Making Machine\"},{\"@type\":\"BreadcrumbList\",\"@id\":\"https:\/\/www.springrollsolution.com\/es\/producto\/mozzarella-sticks-machine\/#breadcrumb\",\"itemListElement\":[{\"@type\":\"ListItem\",\"position\":1,\"name\":\"Home\",\"item\":\"https:\/\/www.springrollsolution.com\/\"},{\"@type\":\"ListItem\",\"position\":2,\"name\":\"Products\",\"item\":\"https:\/\/www.springrollsolution.com\/shop\/\"},{\"@type\":\"ListItem\",\"position\":3,\"name\":\"Industrial Mozzarella Sticks Machine with Electric\"}]},{\"@type\":\"WebSite\",\"@id\":\"https:\/\/www.springrollsolution.com\/#website\",\"url\":\"https:\/\/www.springrollsolution.com\/\",\"name\":\"Spring Roll Processing Machine\",\"description\":\"Spring roll processing solution provider\",\"publisher\":{\"@id\":\"https:\/\/www.springrollsolution.com\/#organization\"},\"potentialAction\":[{\"@type\":\"SearchAction\",\"target\":{\"@type\":\"EntryPoint\",\"urlTemplate\":\"https:\/\/www.springrollsolution.com\/?s={search_term_string}\"},\"query-input\":{\"@type\":\"PropertyValueSpecification\",\"valueRequired\":true,\"valueName\":\"search_term_string\"}}],\"inLanguage\":\"es\"},{\"@type\":\"Organization\",\"@id\":\"https:\/\/www.springrollsolution.com\/#organization\",\"name\":\"Spring Roll Processing Machine\",\"url\":\"https:\/\/www.springrollsolution.com\/\",\"logo\":{\"@type\":\"ImageObject\",\"inLanguage\":\"es\",\"@id\":\"https:\/\/www.springrollsolution.com\/#\/schema\/logo\/image\/\",\"url\":\"https:\/\/www.springrollsolution.com\/wp-content\/uploads\/2025\/05\/cropped-logo.png\",\"contentUrl\":\"https:\/\/www.springrollsolution.com\/wp-content\/uploads\/2025\/05\/cropped-logo.png\",\"width\":180,\"height\":60,\"caption\":\"Spring Roll Processing Machine\"},\"image\":{\"@id\":\"https:\/\/www.springrollsolution.com\/#\/schema\/logo\/image\/\"}},false]}<\/script>\n<!-- \/ Yoast SEO plugin. -->","yoast_head_json":{"title":"M\u00e1quina industrial de palitos de mozzarella el\u00e9ctrica","description":"La m\u00e1quina industrial de palitos de mozzarella se utiliza para producir palitos de mozzarella, palitos de queso de alta calidad. El proceso est\u00e1 automatizado y funciona de forma eficiente.","robots":{"index":"index","follow":"follow","max-snippet":"max-snippet:-1","max-image-preview":"max-image-preview:large","max-video-preview":"max-video-preview:-1"},"canonical":"https:\/\/www.springrollsolution.com\/es\/producto\/mozzarella-sticks-machine\/","og_locale":"es_ES","og_type":"article","og_title":"Industrial Mozzarella Sticks Machine with Electric","og_description":"Industrial mozzarella sticks machine is used to produce high-quality mozzarella sticks, cheese sticks. The process is automated and works efficiently.","og_url":"https:\/\/www.springrollsolution.com\/es\/producto\/mozzarella-sticks-machine\/","og_site_name":"Spring Roll Processing Machine","article_modified_time":"2026-02-28T06:56:08+00:00","og_image":[{"width":600,"height":600,"url":"https:\/\/www.springrollsolution.com\/wp-content\/uploads\/2024\/02\/5.jpg","type":"image\/jpeg"}],"twitter_card":"summary_large_image","twitter_misc":{"Tiempo de lectura":"3 minutos"},"schema":{"@context":"https:\/\/schema.org","@graph":[{"@type":"WebPage","@id":"https:\/\/www.springrollsolution.com\/es\/producto\/mozzarella-sticks-machine\/","url":"https:\/\/www.springrollsolution.com\/es\/producto\/mozzarella-sticks-machine\/","name":"M\u00e1quina industrial de palitos de mozzarella el\u00e9ctrica","isPartOf":{"@id":"https:\/\/www.springrollsolution.com\/#website"},"primaryImageOfPage":{"@id":"https:\/\/www.springrollsolution.com\/es\/producto\/mozzarella-sticks-machine\/#primaryimage"},"image":{"@id":"https:\/\/www.springrollsolution.com\/es\/producto\/mozzarella-sticks-machine\/#primaryimage"},"thumbnailUrl":"https:\/\/www.springrollsolution.com\/wp-content\/uploads\/2024\/02\/5.jpg","datePublished":"2024-02-04T03:02:19+00:00","dateModified":"2026-02-28T06:56:08+00:00","description":"La m\u00e1quina industrial de palitos de mozzarella se utiliza para producir palitos de mozzarella, palitos de queso de alta calidad. El proceso est\u00e1 automatizado y funciona de forma eficiente.","breadcrumb":{"@id":"https:\/\/www.springrollsolution.com\/es\/producto\/mozzarella-sticks-machine\/#breadcrumb"},"inLanguage":"es","potentialAction":[{"@type":"ReadAction","target":["https:\/\/www.springrollsolution.com\/es\/producto\/mozzarella-sticks-machine\/"]}]},{"@type":"ImageObject","inLanguage":"es","@id":"https:\/\/www.springrollsolution.com\/es\/producto\/mozzarella-sticks-machine\/#primaryimage","url":"https:\/\/www.springrollsolution.com\/wp-content\/uploads\/2024\/02\/5.jpg","contentUrl":"https:\/\/www.springrollsolution.com\/wp-content\/uploads\/2024\/02\/5.jpg","width":600,"height":600,"caption":"Mozzarella Sticks Making Machine"},{"@type":"BreadcrumbList","@id":"https:\/\/www.springrollsolution.com\/es\/producto\/mozzarella-sticks-machine\/#breadcrumb","itemListElement":[{"@type":"ListItem","position":1,"name":"Home","item":"https:\/\/www.springrollsolution.com\/"},{"@type":"ListItem","position":2,"name":"Products","item":"https:\/\/www.springrollsolution.com\/shop\/"},{"@type":"ListItem","position":3,"name":"Industrial Mozzarella Sticks Machine with Electric"}]},{"@type":"WebSite","@id":"https:\/\/www.springrollsolution.com\/#website","url":"https:\/\/www.springrollsolution.com\/","name":"M\u00e1quina procesadora de rollitos de primavera","description":"Proveedor de soluciones de procesamiento de rollitos de primavera","publisher":{"@id":"https:\/\/www.springrollsolution.com\/#organization"},"potentialAction":[{"@type":"SearchAction","target":{"@type":"EntryPoint","urlTemplate":"https:\/\/www.springrollsolution.com\/?s={search_term_string}"},"query-input":{"@type":"PropertyValueSpecification","valueRequired":true,"valueName":"search_term_string"}}],"inLanguage":"es"},{"@type":"Organization","@id":"https:\/\/www.springrollsolution.com\/#organization","name":"M\u00e1quina procesadora de rollitos de primavera","url":"https:\/\/www.springrollsolution.com\/","logo":{"@type":"ImageObject","inLanguage":"es","@id":"https:\/\/www.springrollsolution.com\/#\/schema\/logo\/image\/","url":"https:\/\/www.springrollsolution.com\/wp-content\/uploads\/2025\/05\/cropped-logo.png","contentUrl":"https:\/\/www.springrollsolution.com\/wp-content\/uploads\/2025\/05\/cropped-logo.png","width":180,"height":60,"caption":"Spring Roll Processing Machine"},"image":{"@id":"https:\/\/www.springrollsolution.com\/#\/schema\/logo\/image\/"}},false]}},"yasr_visitor_votes":{"stars_attributes":{"read_only":false,"span_bottom":false},"number_of_votes":1,"sum_votes":5},"_links":{"self":[{"href":"https:\/\/www.springrollsolution.com\/es\/wp-json\/wp\/v2\/product\/4982","targetHints":{"allow":["GET"]}}],"collection":[{"href":"https:\/\/www.springrollsolution.com\/es\/wp-json\/wp\/v2\/product"}],"about":[{"href":"https:\/\/www.springrollsolution.com\/es\/wp-json\/wp\/v2\/types\/product"}],"replies":[{"embeddable":true,"href":"https:\/\/www.springrollsolution.com\/es\/wp-json\/wp\/v2\/comments?post=4982"}],"wp:featuredmedia":[{"embeddable":true,"href":"https:\/\/www.springrollsolution.com\/es\/wp-json\/wp\/v2\/media\/4984"}],"wp:attachment":[{"href":"https:\/\/www.springrollsolution.com\/es\/wp-json\/wp\/v2\/media?parent=4982"}],"wp:term":[{"taxonomy":"product_brand","embeddable":true,"href":"https:\/\/www.springrollsolution.com\/es\/wp-json\/wp\/v2\/product_brand?post=4982"},{"taxonomy":"product_cat","embeddable":true,"href":"https:\/\/www.springrollsolution.com\/es\/wp-json\/wp\/v2\/product_cat?post=4982"},{"taxonomy":"product_tag","embeddable":true,"href":"https:\/\/www.springrollsolution.com\/es\/wp-json\/wp\/v2\/product_tag?post=4982"}],"curies":[{"name":"wp","href":"https:\/\/api.w.org\/{rel}","templated":true}]}}