{"id":4884,"date":"2023-10-08T17:35:25","date_gmt":"2023-10-08T09:35:25","guid":{"rendered":"https:\/\/www.springrollsolution.com\/?post_type=product&#038;p=4884"},"modified":"2025-04-07T13:38:38","modified_gmt":"2025-04-07T05:38:38","slug":"spring-roll-skin-machine","status":"publish","type":"product","link":"https:\/\/www.springrollsolution.com\/es\/producto\/spring-roll-skin-machine\/","title":{"rendered":"GG-12060 M\u00e1quina peladora de rollitos de primavera 380\/220V"},"content":{"rendered":"<p>La m\u00e1quina de piel de rollitos de primavera se utiliza para producir las pieles delgadas y uniformes de rollitos de primavera, modelo GG-12060 con gran rendimiento y eficiencia, todo el proceso es conveniente y r\u00e1pido.<\/p>\n<p>Estas m\u00e1quinas se utilizan com\u00fanmente en la industria alimentaria, especialmente en la producci\u00f3n de pieles de rollitos de primavera, envolturas de rollitos de huevo y otros alimentos. Adecuadas para diferentes escalas de procesamiento de pieles de rollitos de primavera.<\/p>\n<p><img fetchpriority=\"high\" decoding=\"async\" class=\"alignnone size-full wp-image-4886\" src=\"https:\/\/www.springrollsolution.com\/wp-content\/uploads\/2023\/10\/532.jpg\" alt=\"Fabricante de m\u00e1quinas para fabricar carcasas de muelles\" width=\"600\" height=\"400\" srcset=\"https:\/\/www.springrollsolution.com\/wp-content\/uploads\/2023\/10\/532.jpg 600w, https:\/\/www.springrollsolution.com\/wp-content\/uploads\/2023\/10\/532-300x200.jpg 300w\" sizes=\"(max-width: 600px) 100vw, 600px\" \/><\/p>\n<h2><strong>Proceso de producci\u00f3n de rollitos de primavera:<\/strong><\/h2>\n<p>El proceso de elaboraci\u00f3n de las pieles de rollitos de primavera es complejo y requiere una manipulaci\u00f3n precisa para conseguir la textura y consistencia deseadas. La m\u00e1quina utiliza una combinaci\u00f3n de vapor y calor para ablandar la masa y crear las finas y flexibles pieles de rollito de primavera.<\/p>\n<p>Una vez preparada la masa de las pieles de rollitos de primavera, roc\u00edela uniformemente sobre la rueda de horneado. A continuaci\u00f3n, la m\u00e1quina puede cortar las pieles con la forma y el tama\u00f1o deseados para utilizarlas en el producto final.<\/p>\n<p><img decoding=\"async\" class=\"alignnone size-full wp-image-4887\" src=\"https:\/\/www.springrollsolution.com\/wp-content\/uploads\/2023\/10\/42.jpg\" alt=\"M\u00e1quina para hacer rollitos de primavera\" width=\"600\" height=\"600\" srcset=\"https:\/\/www.springrollsolution.com\/wp-content\/uploads\/2023\/10\/42.jpg 600w, https:\/\/www.springrollsolution.com\/wp-content\/uploads\/2023\/10\/42-300x300.jpg 300w, https:\/\/www.springrollsolution.com\/wp-content\/uploads\/2023\/10\/42-150x150.jpg 150w, https:\/\/www.springrollsolution.com\/wp-content\/uploads\/2023\/10\/42-100x100.jpg 100w\" sizes=\"(max-width: 600px) 100vw, 600px\" \/><\/p>\n<h2><strong>Ventajas de la m\u00e1quina para fabricar rollitos de primavera<\/strong><\/h2>\n<ol>\n<li>Esta m\u00e1quina puede utilizar diferentes f\u00f3rmulas para producir envolturas de rollitos de primavera, y puede probarlas seg\u00fan la f\u00f3rmula para ver el efecto. Los distintos envoltorios de rollitos de primavera requieren distintas cantidades de harina y agua, y la m\u00e1quina puede ajustar estas variables para crear la textura deseada.<\/li>\n<li>Todo el proceso de operaci\u00f3n est\u00e1 automatizado, por lo que es m\u00e1s eficiente y ahorra costes de mano de obra que el m\u00e9todo tradicional de fabricaci\u00f3n de envolturas de rollitos de primavera. Y la m\u00e1quina puede producir un producto consistente, garantizando que cada envoltorio de rollito de primavera tenga la misma calidad y sabor.<\/li>\n<li>La m\u00e1quina peladora de rollitos de primavera es muy segura de manejar. Est\u00e1 equipada con protecciones de seguridad para evitar lesiones accidentales durante la operaci\u00f3n, y tiene un sistema de apagado autom\u00e1tico para evitar el sobrecalentamiento y da\u00f1os en el equipo.<\/li>\n<li>Esta m\u00e1quina es f\u00e1cil de usar. No s\u00f3lo puede ajustar el grosor de la piel del rollito de primavera, sino tambi\u00e9n personalizar el tama\u00f1o seg\u00fan sus necesidades. Es adecuada para la producci\u00f3n de rollitos de primavera de diversas especificaciones.<\/li>\n<li>Ahorro de tiempo: Una m\u00e1quina para hacer pieles de rollitos de primavera puede ahorrar tiempo en el proceso de producci\u00f3n, ya que puede preparar r\u00e1pida y eficazmente las pieles de los rollitos de primavera. Esto puede ser especialmente \u00fatil en un entorno comercial, donde puede haber un gran volumen de rollitos de primavera para producir.<\/li>\n<li>Respetuosa con el medio ambiente: Al utilizar esta m\u00e1quina, se necesita menos mano de obra para trabajar, lo que puede reducir la cantidad de energ\u00eda y recursos necesarios para producir las pieles de rollitos de primavera. Esto tambi\u00e9n puede reducir los residuos y las emisiones del proceso de producci\u00f3n.<\/li>\n<\/ol>\n<p>&nbsp;<\/p>\n<h2><strong>V\u00eddeo de la m\u00e1quina para hacer rollitos de primavera<\/strong><\/h2>\n<p><iframe title=\"M\u00e1quina autom\u00e1tica de l\u00e1minas de resorte\" width=\"500\" height=\"281\" src=\"https:\/\/www.youtube.com\/embed\/f6oa5fM688E?feature=oembed\" frameborder=\"0\" allow=\"accelerometer; autoplay; clipboard-write; encrypted-media; gyroscope; picture-in-picture; web-share\" referrerpolicy=\"strict-origin-when-cross-origin\" allowfullscreen><\/iframe><\/p>\n<p>Nuestro fabricante de m\u00e1quinas para hacer piel de rollito de primavera es una empresa especializada en la producci\u00f3n de maquinaria alimentaria y cuenta con muchos a\u00f1os de experiencia en producci\u00f3n y acumulaci\u00f3n de tecnolog\u00eda. El producto clave de la m\u00e1quina de hacer piel de rollito de primavera tiene las caracter\u00edsticas de alta calidad, alta eficiencia y estabilidad. Los productos cubren m\u00e1s de 60 pa\u00edses y regiones.<\/p>\n<p>&nbsp;<\/p>\n<h3><strong>Par\u00e1metros t\u00e9cnicos<\/strong><\/h3>\n<table id=\"zongheng-ccp-host\" border=\"0\" cellspacing=\"0\" cellpadding=\"0\" data-ctx=\"{&quot;cid&quot;:&quot;6d8b3c3a&quot;,&quot;time&quot;:1696752463319}\">\n<tbody>\n<tr>\n<td class=\"s-9\">Modelo<\/td>\n<td class=\"s-9\">GG-3620<\/td>\n<td class=\"s-9\">GG-5029<\/td>\n<td class=\"s-9\">GG-8045<\/td>\n<td class=\"s-9\">GG-12060<\/td>\n<\/tr>\n<tr>\n<td class=\"s-9\">Tensi\u00f3n<\/td>\n<td class=\"s-9\">380\/220V\uff0850\/60HZ\uff09<\/td>\n<td class=\"s-9\">380\/220V\uff0850\/60HZ\uff09<\/td>\n<td class=\"s-9\">380\/220V\uff0850\/60HZ\uff09<\/td>\n<td class=\"s-9\">380\/220V\uff0850\/60HZ\uff09<\/td>\n<\/tr>\n<tr>\n<td class=\"s-2\">Di\u00e1metro del cilindro calefactor<\/td>\n<td class=\"s-9\">400 mm<\/td>\n<td class=\"s-9\">500 mm<\/td>\n<td class=\"s-9\">800 mm<\/td>\n<td class=\"s-9\">1200 mm<\/td>\n<\/tr>\n<tr>\n<td class=\"s-9\">Potencia<\/td>\n<td class=\"s-9\">8\/10kw o gas<\/td>\n<td class=\"s-9\">18kw o gas<\/td>\n<td class=\"s-2\">40kw o gas<\/td>\n<td class=\"s-9\">59kw o gas<\/td>\n<\/tr>\n<tr>\n<td class=\"s-3\">Potencia de acogida<\/td>\n<td class=\"s-9\">0.4<\/td>\n<td class=\"s-9\">0.4<\/td>\n<td class=\"s-9\">0.4<\/td>\n<td class=\"s-9\">0.75<\/td>\n<\/tr>\n<tr>\n<td class=\"s-3\">Potencia de corte<\/td>\n<td class=\"s-9\">0.2<\/td>\n<td class=\"s-9\">0.2<\/td>\n<td class=\"s-9\">0.2<\/td>\n<td class=\"s-9\">0.2<\/td>\n<\/tr>\n<tr>\n<td class=\"s-3\">Potencia del cintur\u00f3n<\/td>\n<td class=\"s-9\">&#8211;<\/td>\n<td class=\"s-9\">0.36<\/td>\n<td class=\"s-9\">0.36<\/td>\n<td class=\"s-9\">0.55<\/td>\n<\/tr>\n<tr>\n<td class=\"s-2\">Capacidad<br \/>\n\uff08Hoja Di\u00e1metro\/Ancho 150mm\uff09<\/td>\n<td class=\"s-9\">500-1000 piezas\/h<\/td>\n<td class=\"s-9\">1000-1500pcs\/h<\/td>\n<td class=\"s-9\">3500pcs\/h<\/td>\n<td class=\"s-9\">9000 piezas\/h<\/td>\n<\/tr>\n<tr>\n<td class=\"s-9\">Dimensi\u00f3n<\/td>\n<td class=\"s-9\">4100*950*1350mm<\/td>\n<td class=\"s-2\">5200*950*1350mm<\/td>\n<td class=\"s-2\">6200*1100*1600mm<\/td>\n<td class=\"s-2\">6500*1300*2300mm<\/td>\n<\/tr>\n<tr>\n<td class=\"s-9\">Velocidad de rotaci\u00f3n<\/td>\n<td class=\"s-9\">1-2,5r\/min<\/td>\n<td class=\"s-9\">1-2,5r\/min<\/td>\n<td class=\"s-4\">1-3r\/min<\/td>\n<td class=\"s-4\">1-3r\/min<\/td>\n<\/tr>\n<tr>\n<td class=\"s-9\">Peso<\/td>\n<td class=\"s-9\">330 kg<\/td>\n<td class=\"s-9\">520 kg<\/td>\n<td class=\"s-9\">1000kg<\/td>\n<td class=\"s-9\">1750kg<\/td>\n<\/tr>\n<tr>\n<td class=\"s-2\">Tama\u00f1o de la hoja (m\u00e1x.)<\/td>\n<td class=\"s-9\">200 mm<\/td>\n<td class=\"s-9\">300 mm<\/td>\n<td class=\"s-9\">450 mm<\/td>\n<td class=\"s-9\">600 mm<\/td>\n<\/tr>\n<tr>\n<td class=\"s-3\">Grosor de la chapa<\/td>\n<td class=\"s-5\">0,3-2,0 mm<\/td>\n<td class=\"s-5\">0,3-2,0 mm<\/td>\n<td class=\"s-5\">0,3-2,0 mm<\/td>\n<td class=\"s-5\">0,3-2,0 mm<\/td>\n<\/tr>\n<\/tbody>\n<\/table>\n<h3><\/h3>\n<h3><strong>Dejar solicitud de presupuesto gratuito<\/strong><\/h3>\n\n<div class=\"wpcf7 no-js\" id=\"wpcf7-f3214-o1\" lang=\"en-US\" dir=\"ltr\" data-wpcf7-id=\"3214\">\n<div class=\"screen-reader-response\"><p role=\"status\" aria-live=\"polite\" aria-atomic=\"true\"><\/p> <ul><\/ul><\/div>\n<form action=\"\/es\/wp-json\/wp\/v2\/product\/4884#wpcf7-f3214-o1\" method=\"post\" class=\"wpcf7-form init\" aria-label=\"Formulario de contacto\" novalidate=\"novalidate\" data-status=\"init\" data-trp-original-action=\"\/es\/wp-json\/wp\/v2\/product\/4884#wpcf7-f3214-o1\">\n<fieldset class=\"hidden-fields-container\"><input type=\"hidden\" name=\"_wpcf7\" value=\"3214\" \/><input type=\"hidden\" name=\"_wpcf7_version\" value=\"6.1.5\" \/><input type=\"hidden\" name=\"_wpcf7_locale\" value=\"en_US\" \/><input type=\"hidden\" name=\"_wpcf7_unit_tag\" value=\"wpcf7-f3214-o1\" \/><input type=\"hidden\" name=\"_wpcf7_container_post\" value=\"0\" \/><input type=\"hidden\" name=\"_wpcf7_posted_data_hash\" value=\"\" \/>\n<\/fieldset>\n<p><label> Su nombre<br \/>\n<span class=\"wpcf7-form-control-wrap\" data-name=\"your-name\"><input size=\"40\" maxlength=\"400\" class=\"wpcf7-form-control wpcf7-text wpcf7-validates-as-required\" aria-required=\"true\" aria-invalid=\"false\" value=\"\" type=\"text\" name=\"your-name\" \/><\/span> <\/label>\n<\/p>\n<p><label> Su pa\u00eds<br \/>\n<span class=\"wpcf7-form-control-wrap\" data-name=\"your-country\"><input size=\"40\" maxlength=\"400\" class=\"wpcf7-form-control wpcf7-text\" aria-invalid=\"false\" value=\"\" type=\"text\" name=\"your-country\" \/><\/span> <\/label>\n<\/p>\n<p><label> Su correo electr\u00f3nico<br \/>\n<span class=\"wpcf7-form-control-wrap\" data-name=\"your-email\"><input size=\"40\" maxlength=\"400\" class=\"wpcf7-form-control wpcf7-email wpcf7-validates-as-required wpcf7-text wpcf7-validates-as-email\" aria-required=\"true\" aria-invalid=\"false\" value=\"\" type=\"email\" name=\"your-email\" \/><\/span> <\/label>\n<\/p>\n<p><label> Tu tel\u00e9fono<br \/>\n<span class=\"wpcf7-form-control-wrap\" data-name=\"your-phone\"><input size=\"40\" maxlength=\"400\" class=\"wpcf7-form-control wpcf7-tel wpcf7-text wpcf7-validates-as-tel\" aria-invalid=\"false\" value=\"\" type=\"tel\" name=\"your-phone\" \/><\/span> <\/label>\n<\/p>\n<p><label> Nombre de la empresa<br \/>\n<span class=\"wpcf7-form-control-wrap\" data-name=\"text-457\"><input size=\"40\" maxlength=\"400\" class=\"wpcf7-form-control wpcf7-text\" aria-invalid=\"false\" value=\"\" type=\"text\" name=\"text-457\" \/><\/span> <\/label>\n<\/p>\n<p><label> El sitio web de su empresa<br \/>\n<span class=\"wpcf7-form-control-wrap\" data-name=\"text-546\"><input size=\"40\" maxlength=\"400\" class=\"wpcf7-form-control wpcf7-text\" aria-invalid=\"false\" value=\"\" type=\"text\" name=\"text-546\" \/><\/span> <\/label>\n<\/p>\n<p><label> Sus requisitos*<br \/>\n<span class=\"wpcf7-form-control-wrap\" data-name=\"your-requirement\"><textarea cols=\"40\" rows=\"10\" maxlength=\"2000\" class=\"wpcf7-form-control wpcf7-textarea wpcf7-validates-as-required\" aria-required=\"true\" aria-invalid=\"false\" name=\"your-requirement\"><\/textarea><\/span> <\/label>\n<\/p>\n<p><input class=\"wpcf7-form-control wpcf7-submit has-spinner\" type=\"submit\" value=\"Enviar\" \/>\n<\/p>\n<div style=\"clear:both\">\n<\/div><p style=\"display: none !important;\" class=\"akismet-fields-container\" data-prefix=\"_wpcf7_ak_\"><label>&#916;<textarea name=\"_wpcf7_ak_hp_textarea\" cols=\"45\" rows=\"8\" maxlength=\"100\"><\/textarea><\/label><input type=\"hidden\" id=\"ak_js_1\" name=\"_wpcf7_ak_js\" value=\"208\"\/><script>document.getElementById( \"ak_js_1\" ).setAttribute( \"value\", ( new Date() ).getTime() );<\/script><\/p><div class=\"wpcf7-response-output\" aria-hidden=\"true\"><\/div>\n<input type=\"hidden\" name=\"trp-form-language\" value=\"es\"\/><\/form>\n<\/div>\n\n<div style='text-align:left' class='yasr-auto-insert-visitor'><\/div>","protected":false},"excerpt":{"rendered":"<p>The spring roll skin machine is used to produce the thin and uniform spring roll skins, GG-12060 model with large output and efficiency, the whole process is convenient and fast. These machines are commonly used in the food industry, particularly in the production of spring roll skins, egg roll wrappers and other foods. Suitable for [&hellip;]<\/p>","protected":false},"featured_media":4885,"comment_status":"open","ping_status":"closed","template":"","meta":{"site-sidebar-layout":"default","site-content-layout":"default","ast-site-content-layout":"default","site-content-style":"default","site-sidebar-style":"default","ast-global-header-display":"","ast-banner-title-visibility":"","ast-main-header-display":"","ast-hfb-above-header-display":"","ast-hfb-below-header-display":"","ast-hfb-mobile-header-display":"","site-post-title":"","ast-breadcrumbs-content":"","ast-featured-img":"","footer-sml-layout":"","theme-transparent-header-meta":"","adv-header-id-meta":"","stick-header-meta":"","header-above-stick-meta":"","header-main-stick-meta":"","header-below-stick-meta":"","astra-migrate-meta-layouts":"default","ast-page-background-enabled":"default","ast-page-background-meta":{"desktop":{"background-color":"","background-image":"","background-repeat":"repeat","background-position":"center center","background-size":"auto","background-attachment":"scroll","background-type":"","background-media":"","overlay-type":"","overlay-color":"","overlay-opacity":"","overlay-gradient":""},"tablet":{"background-color":"","background-image":"","background-repeat":"repeat","background-position":"center center","background-size":"auto","background-attachment":"scroll","background-type":"","background-media":"","overlay-type":"","overlay-color":"","overlay-opacity":"","overlay-gradient":""},"mobile":{"background-color":"","background-image":"","background-repeat":"repeat","background-position":"center center","background-size":"auto","background-attachment":"scroll","background-type":"","background-media":"","overlay-type":"","overlay-color":"","overlay-opacity":"","overlay-gradient":""}},"ast-content-background-meta":{"desktop":{"background-color":"var(--ast-global-color-5)","background-image":"","background-repeat":"repeat","background-position":"center center","background-size":"auto","background-attachment":"scroll","background-type":"","background-media":"","overlay-type":"","overlay-color":"","overlay-opacity":"","overlay-gradient":""},"tablet":{"background-color":"var(--ast-global-color-5)","background-image":"","background-repeat":"repeat","background-position":"center center","background-size":"auto","background-attachment":"scroll","background-type":"","background-media":"","overlay-type":"","overlay-color":"","overlay-opacity":"","overlay-gradient":""},"mobile":{"background-color":"var(--ast-global-color-5)","background-image":"","background-repeat":"repeat","background-position":"center center","background-size":"auto","background-attachment":"scroll","background-type":"","background-media":"","overlay-type":"","overlay-color":"","overlay-opacity":"","overlay-gradient":""}},"yasr_overall_rating":0,"yasr_post_is_review":"","yasr_auto_insert_disabled":"","yasr_review_type":""},"product_brand":[],"product_cat":[6],"product_tag":[],"class_list":{"0":"post-4884","1":"product","2":"type-product","3":"status-publish","4":"has-post-thumbnail","6":"product_cat-wrapper-machine","7":"desktop-align-left","8":"tablet-align-left","9":"mobile-align-left","11":"first","12":"instock","13":"shipping-taxable","14":"product-type-simple"},"yoast_head":"<!-- This site is optimized with the Yoast SEO plugin v26.4 - https:\/\/yoast.com\/wordpress\/plugins\/seo\/ -->\n<title>GG-12060 Spring Roll Skin Machine 380\/220V<\/title>\n<meta name=\"description\" content=\"The spring roll skin machine is used to produce the thin and uniform spring roll skins, with large output and high efficiency.\" \/>\n<meta name=\"robots\" content=\"index, follow, max-snippet:-1, max-image-preview:large, max-video-preview:-1\" \/>\n<link rel=\"canonical\" href=\"https:\/\/www.springrollsolution.com\/es\/producto\/spring-roll-skin-machine\/\" \/>\n<meta property=\"og:locale\" content=\"es_ES\" \/>\n<meta property=\"og:type\" content=\"article\" \/>\n<meta property=\"og:title\" content=\"GG-12060 Spring Roll Skin Machine 380\/220V\" \/>\n<meta property=\"og:description\" content=\"The spring roll skin machine is used to produce the thin and uniform spring roll skins, with large output and high efficiency.\" \/>\n<meta property=\"og:url\" content=\"https:\/\/www.springrollsolution.com\/es\/producto\/spring-roll-skin-machine\/\" \/>\n<meta property=\"og:site_name\" content=\"Spring Roll Processing Machine\" \/>\n<meta property=\"article:modified_time\" content=\"2025-04-07T05:38:38+00:00\" \/>\n<meta property=\"og:image\" content=\"https:\/\/www.springrollsolution.com\/wp-content\/uploads\/2023\/10\/52.jpg\" \/>\n\t<meta property=\"og:image:width\" content=\"600\" \/>\n\t<meta property=\"og:image:height\" content=\"600\" \/>\n\t<meta property=\"og:image:type\" content=\"image\/jpeg\" \/>\n<meta name=\"twitter:card\" content=\"summary_large_image\" \/>\n<meta name=\"twitter:label1\" content=\"Tiempo de lectura\" \/>\n\t<meta name=\"twitter:data1\" content=\"3 minutos\" \/>\n<script type=\"application\/ld+json\" class=\"yoast-schema-graph\">{\"@context\":\"https:\/\/schema.org\",\"@graph\":[{\"@type\":\"WebPage\",\"@id\":\"https:\/\/www.springrollsolution.com\/product\/spring-roll-skin-machine\/\",\"url\":\"https:\/\/www.springrollsolution.com\/product\/spring-roll-skin-machine\/\",\"name\":\"GG-12060 Spring Roll Skin Machine 380\/220V\",\"isPartOf\":{\"@id\":\"https:\/\/www.springrollsolution.com\/#website\"},\"primaryImageOfPage\":{\"@id\":\"https:\/\/www.springrollsolution.com\/product\/spring-roll-skin-machine\/#primaryimage\"},\"image\":{\"@id\":\"https:\/\/www.springrollsolution.com\/product\/spring-roll-skin-machine\/#primaryimage\"},\"thumbnailUrl\":\"https:\/\/www.springrollsolution.com\/wp-content\/uploads\/2023\/10\/52.jpg\",\"datePublished\":\"2023-10-08T09:35:25+00:00\",\"dateModified\":\"2025-04-07T05:38:38+00:00\",\"description\":\"The spring roll skin machine is used to produce the thin and uniform spring roll skins, with large output and high efficiency.\",\"breadcrumb\":{\"@id\":\"https:\/\/www.springrollsolution.com\/product\/spring-roll-skin-machine\/#breadcrumb\"},\"inLanguage\":\"es\",\"potentialAction\":[{\"@type\":\"ReadAction\",\"target\":[\"https:\/\/www.springrollsolution.com\/product\/spring-roll-skin-machine\/\"]}]},{\"@type\":\"ImageObject\",\"inLanguage\":\"es\",\"@id\":\"https:\/\/www.springrollsolution.com\/product\/spring-roll-skin-machine\/#primaryimage\",\"url\":\"https:\/\/www.springrollsolution.com\/wp-content\/uploads\/2023\/10\/52.jpg\",\"contentUrl\":\"https:\/\/www.springrollsolution.com\/wp-content\/uploads\/2023\/10\/52.jpg\",\"width\":600,\"height\":600,\"caption\":\"Spring Roll Skin Making Machine\"},{\"@type\":\"BreadcrumbList\",\"@id\":\"https:\/\/www.springrollsolution.com\/product\/spring-roll-skin-machine\/#breadcrumb\",\"itemListElement\":[{\"@type\":\"ListItem\",\"position\":1,\"name\":\"Home\",\"item\":\"https:\/\/www.springrollsolution.com\/\"},{\"@type\":\"ListItem\",\"position\":2,\"name\":\"Products\",\"item\":\"https:\/\/www.springrollsolution.com\/shop\/\"},{\"@type\":\"ListItem\",\"position\":3,\"name\":\"GG-12060 Spring Roll Skin Machine 380\/220V\"}]},{\"@type\":\"WebSite\",\"@id\":\"https:\/\/www.springrollsolution.com\/#website\",\"url\":\"https:\/\/www.springrollsolution.com\/\",\"name\":\"Spring Roll Processing Machine\",\"description\":\"Spring roll processing solution provider\",\"publisher\":{\"@id\":\"https:\/\/www.springrollsolution.com\/#organization\"},\"potentialAction\":[{\"@type\":\"SearchAction\",\"target\":{\"@type\":\"EntryPoint\",\"urlTemplate\":\"https:\/\/www.springrollsolution.com\/?s={search_term_string}\"},\"query-input\":{\"@type\":\"PropertyValueSpecification\",\"valueRequired\":true,\"valueName\":\"search_term_string\"}}],\"inLanguage\":\"es\"},{\"@type\":\"Organization\",\"@id\":\"https:\/\/www.springrollsolution.com\/#organization\",\"name\":\"Spring Roll Processing Machine\",\"url\":\"https:\/\/www.springrollsolution.com\/\",\"logo\":{\"@type\":\"ImageObject\",\"inLanguage\":\"es\",\"@id\":\"https:\/\/www.springrollsolution.com\/#\/schema\/logo\/image\/\",\"url\":\"https:\/\/www.springrollsolution.com\/wp-content\/uploads\/2025\/05\/cropped-logo.png\",\"contentUrl\":\"https:\/\/www.springrollsolution.com\/wp-content\/uploads\/2025\/05\/cropped-logo.png\",\"width\":180,\"height\":60,\"caption\":\"Spring Roll Processing Machine\"},\"image\":{\"@id\":\"https:\/\/www.springrollsolution.com\/#\/schema\/logo\/image\/\"}},false]}<\/script>\n<!-- \/ Yoast SEO plugin. -->","yoast_head_json":{"title":"GG-12060 M\u00e1quina peladora de rollitos de primavera 380\/220V","description":"La m\u00e1quina para hacer pieles de rollitos de primavera se utiliza para producir pieles de rollitos de primavera finas y uniformes, con gran rendimiento y alta eficiencia.","robots":{"index":"index","follow":"follow","max-snippet":"max-snippet:-1","max-image-preview":"max-image-preview:large","max-video-preview":"max-video-preview:-1"},"canonical":"https:\/\/www.springrollsolution.com\/es\/producto\/spring-roll-skin-machine\/","og_locale":"es_ES","og_type":"article","og_title":"GG-12060 Spring Roll Skin Machine 380\/220V","og_description":"The spring roll skin machine is used to produce the thin and uniform spring roll skins, with large output and high efficiency.","og_url":"https:\/\/www.springrollsolution.com\/es\/producto\/spring-roll-skin-machine\/","og_site_name":"Spring Roll Processing Machine","article_modified_time":"2025-04-07T05:38:38+00:00","og_image":[{"width":600,"height":600,"url":"https:\/\/www.springrollsolution.com\/wp-content\/uploads\/2023\/10\/52.jpg","type":"image\/jpeg"}],"twitter_card":"summary_large_image","twitter_misc":{"Tiempo de lectura":"3 minutos"},"schema":{"@context":"https:\/\/schema.org","@graph":[{"@type":"WebPage","@id":"https:\/\/www.springrollsolution.com\/product\/spring-roll-skin-machine\/","url":"https:\/\/www.springrollsolution.com\/product\/spring-roll-skin-machine\/","name":"GG-12060 M\u00e1quina peladora de rollitos de primavera 380\/220V","isPartOf":{"@id":"https:\/\/www.springrollsolution.com\/#website"},"primaryImageOfPage":{"@id":"https:\/\/www.springrollsolution.com\/product\/spring-roll-skin-machine\/#primaryimage"},"image":{"@id":"https:\/\/www.springrollsolution.com\/product\/spring-roll-skin-machine\/#primaryimage"},"thumbnailUrl":"https:\/\/www.springrollsolution.com\/wp-content\/uploads\/2023\/10\/52.jpg","datePublished":"2023-10-08T09:35:25+00:00","dateModified":"2025-04-07T05:38:38+00:00","description":"La m\u00e1quina para hacer pieles de rollitos de primavera se utiliza para producir pieles de rollitos de primavera finas y uniformes, con gran rendimiento y alta eficiencia.","breadcrumb":{"@id":"https:\/\/www.springrollsolution.com\/product\/spring-roll-skin-machine\/#breadcrumb"},"inLanguage":"es","potentialAction":[{"@type":"ReadAction","target":["https:\/\/www.springrollsolution.com\/product\/spring-roll-skin-machine\/"]}]},{"@type":"ImageObject","inLanguage":"es","@id":"https:\/\/www.springrollsolution.com\/product\/spring-roll-skin-machine\/#primaryimage","url":"https:\/\/www.springrollsolution.com\/wp-content\/uploads\/2023\/10\/52.jpg","contentUrl":"https:\/\/www.springrollsolution.com\/wp-content\/uploads\/2023\/10\/52.jpg","width":600,"height":600,"caption":"Spring Roll Skin Making Machine"},{"@type":"BreadcrumbList","@id":"https:\/\/www.springrollsolution.com\/product\/spring-roll-skin-machine\/#breadcrumb","itemListElement":[{"@type":"ListItem","position":1,"name":"Home","item":"https:\/\/www.springrollsolution.com\/"},{"@type":"ListItem","position":2,"name":"Products","item":"https:\/\/www.springrollsolution.com\/shop\/"},{"@type":"ListItem","position":3,"name":"GG-12060 Spring Roll Skin Machine 380\/220V"}]},{"@type":"WebSite","@id":"https:\/\/www.springrollsolution.com\/#website","url":"https:\/\/www.springrollsolution.com\/","name":"M\u00e1quina procesadora de rollitos de primavera","description":"Proveedor de soluciones de procesamiento de rollitos de primavera","publisher":{"@id":"https:\/\/www.springrollsolution.com\/#organization"},"potentialAction":[{"@type":"SearchAction","target":{"@type":"EntryPoint","urlTemplate":"https:\/\/www.springrollsolution.com\/?s={search_term_string}"},"query-input":{"@type":"PropertyValueSpecification","valueRequired":true,"valueName":"search_term_string"}}],"inLanguage":"es"},{"@type":"Organization","@id":"https:\/\/www.springrollsolution.com\/#organization","name":"M\u00e1quina procesadora de rollitos de primavera","url":"https:\/\/www.springrollsolution.com\/","logo":{"@type":"ImageObject","inLanguage":"es","@id":"https:\/\/www.springrollsolution.com\/#\/schema\/logo\/image\/","url":"https:\/\/www.springrollsolution.com\/wp-content\/uploads\/2025\/05\/cropped-logo.png","contentUrl":"https:\/\/www.springrollsolution.com\/wp-content\/uploads\/2025\/05\/cropped-logo.png","width":180,"height":60,"caption":"Spring Roll Processing Machine"},"image":{"@id":"https:\/\/www.springrollsolution.com\/#\/schema\/logo\/image\/"}},false]}},"yasr_visitor_votes":{"stars_attributes":{"read_only":false,"span_bottom":false},"number_of_votes":1,"sum_votes":5},"_links":{"self":[{"href":"https:\/\/www.springrollsolution.com\/es\/wp-json\/wp\/v2\/product\/4884","targetHints":{"allow":["GET"]}}],"collection":[{"href":"https:\/\/www.springrollsolution.com\/es\/wp-json\/wp\/v2\/product"}],"about":[{"href":"https:\/\/www.springrollsolution.com\/es\/wp-json\/wp\/v2\/types\/product"}],"replies":[{"embeddable":true,"href":"https:\/\/www.springrollsolution.com\/es\/wp-json\/wp\/v2\/comments?post=4884"}],"wp:featuredmedia":[{"embeddable":true,"href":"https:\/\/www.springrollsolution.com\/es\/wp-json\/wp\/v2\/media\/4885"}],"wp:attachment":[{"href":"https:\/\/www.springrollsolution.com\/es\/wp-json\/wp\/v2\/media?parent=4884"}],"wp:term":[{"taxonomy":"product_brand","embeddable":true,"href":"https:\/\/www.springrollsolution.com\/es\/wp-json\/wp\/v2\/product_brand?post=4884"},{"taxonomy":"product_cat","embeddable":true,"href":"https:\/\/www.springrollsolution.com\/es\/wp-json\/wp\/v2\/product_cat?post=4884"},{"taxonomy":"product_tag","embeddable":true,"href":"https:\/\/www.springrollsolution.com\/es\/wp-json\/wp\/v2\/product_tag?post=4884"}],"curies":[{"name":"wp","href":"https:\/\/api.w.org\/{rel}","templated":true}]}}