{"id":3318,"date":"2022-06-27T20:59:26","date_gmt":"2022-06-27T12:59:26","guid":{"rendered":"https:\/\/www.springrollsolution.com\/?post_type=product&#038;p=3318"},"modified":"2022-08-26T15:40:08","modified_gmt":"2022-08-26T07:40:08","slug":"spring-roll-packing-machine","status":"publish","type":"product","link":"https:\/\/www.springrollsolution.com\/es\/producto\/spring-roll-packing-machine\/","title":{"rendered":"Envasadora autom\u00e1tica de rollitos de primavera 300-2000 gramos"},"content":{"rendered":"<p>La m\u00e1quina envasadora de rollitos de primavera puede envasar rollitos de primavera con el mismo peso, el rango de envasado es de 300-2000 gramos. Esta serie de m\u00e1quinas envasadoras controlan con precisi\u00f3n el tiempo de alimentaci\u00f3n y el espesor con alta precisi\u00f3n.<\/p>\n<p><img fetchpriority=\"high\" decoding=\"async\" class=\"alignnone size-full wp-image-3323\" src=\"https:\/\/www.springrollsolution.com\/wp-content\/uploads\/2022\/06\/44.jpg\" alt=\"M\u00e1quina empaquetadora de rollitos de primavera\" width=\"700\" height=\"400\" srcset=\"https:\/\/www.springrollsolution.com\/wp-content\/uploads\/2022\/06\/44.jpg 700w, https:\/\/www.springrollsolution.com\/wp-content\/uploads\/2022\/06\/44-300x171.jpg 300w\" sizes=\"(max-width: 700px) 100vw, 700px\" \/><\/p>\n<h2><strong>Estructura b\u00e1sica de la m\u00e1quina envasadora<\/strong><\/h2>\n<p>Se compone principalmente de unidad de potencia, mecanismo de transmisi\u00f3n, mecanismo de alimentaci\u00f3n, dispositivo de medici\u00f3n, sistema de control, dispositivo de transporte del cuerpo y otras partes.<\/p>\n<p>&nbsp;<\/p>\n<h2><strong>Caracter\u00edsticas de la m\u00e1quina empaquetadora autom\u00e1tica de resortes<\/strong><\/h2>\n<ul>\n<li>La m\u00e1quina est\u00e1 totalmente automatizada y el proceso de envasado est\u00e1 integrado, lo que lo hace m\u00e1s eficaz y sencillo.<\/li>\n<li>Las piezas mec\u00e1nicas de la m\u00e1quina empaquetadora de rollitos de primavera son de alta calidad, con baja p\u00e9rdida y durabilidad.<\/li>\n<li>Todos los accesorios el\u00e9ctricos utilizan marcas conocidas en el pa\u00eds y en el extranjero, con larga vida \u00fatil y gran estabilidad.<\/li>\n<li>La m\u00e1quina empacadora de balanza multicabezal tiene una estructura simple y tiene la funci\u00f3n de correcci\u00f3n autom\u00e1tica de desviaci\u00f3n.<\/li>\n<li>Sistema de control PLC, operaci\u00f3n simple, alto grado de automatizaci\u00f3n, con hardware de alta calidad, trabajo m\u00e1s eficiente.<\/li>\n<\/ul>\n<p>&nbsp;<\/p>\n<h2><strong>Aplicaci\u00f3n de la m\u00e1quina empacadora de rollos primavera<\/strong><\/h2>\n<p>Materiales de envasado aplicables: todo tipo de aperitivos, alimentos ultracongelados, rollitos de primavera, leche en polvo, alimentos para mascotas, caf\u00e9, cereales, galletas, pan, pasteles peque\u00f1os, sal, alimentos inflados, arroz, materiales medicinales, t\u00e9, ferreter\u00eda, etc.<\/p>\n<p>&nbsp;<\/p>\n<h2><strong>Ventajas de la m\u00e1quina empaquetadora de rollitos de primavera<\/strong><\/h2>\n<ul>\n<li>Equipos conjuntos de pesaje y envasado, el pesaje y el envasado est\u00e1n integrados, control por programa PLC.<\/li>\n<li>Pesaje de objetivos peque\u00f1os de alta precisi\u00f3n, la combinaci\u00f3n de alta precisi\u00f3n y alta velocidad.<\/li>\n<li>La m\u00e1quina de pesaje y envasado de rollitos de primavera est\u00e1 controlada por ordenador integrado, y la interfaz hombre-m\u00e1quina de tipo t\u00e1ctil facilita la operaci\u00f3n y el mantenimiento.<\/li>\n<li>Esta m\u00e1quina de embalaje tiene un sistema autom\u00e1tico de alarma de fallos, y el trabajo es seguro y fiable.<\/li>\n<li>La m\u00e1quina empaquetadora de rollitos de primavera tiene un sistema autom\u00e1tico de alarma de fallos, y el trabajo es seguro y fiable.<\/li>\n<li>M\u00e1ximo ahorro de espacio y coste de inversi\u00f3n, el rendimiento de costes de la m\u00e1quina de envasado es bastante alto.<\/li>\n<\/ul>\n<p>&nbsp;<\/p>\n<h3><strong>Par\u00e1metros t\u00e9cnicos<\/strong><\/h3>\n<table border=\"0\" cellspacing=\"0\">\n<tbody>\n<tr>\n<td>Modelo<\/td>\n<td>GG-LK720<\/td>\n<td>GG-LK520<\/td>\n<\/tr>\n<tr>\n<td>Anchura de la pel\u00edcula<\/td>\n<td>m\u00e1x. 720 mm<\/td>\n<td>m\u00e1x. 520 mm<\/td>\n<\/tr>\n<tr>\n<td>Anchura de la bolsa<\/td>\n<td>110-350 mm<\/td>\n<td>90-250 mm<\/td>\n<\/tr>\n<tr>\n<td>Longitud de la bolsa<\/td>\n<td>100-420 mm<\/td>\n<td>80-350 mm<\/td>\n<\/tr>\n<tr>\n<td>Velocidad de embalaje<\/td>\n<td>10-50 bolsas\/min<\/td>\n<td>10-70 bolsas\/min<\/td>\n<\/tr>\n<tr>\n<td>Gama de embalajes<\/td>\n<td>150-4000 ml<\/td>\n<td>150-2000 ml<\/td>\n<\/tr>\n<tr>\n<td>Espesor de la pel\u00edcula<\/td>\n<td>0,04-0,10 mm<\/td>\n<td>0,04-0,10 mm<\/td>\n<\/tr>\n<tr>\n<td>Potencia<\/td>\n<td>4kw\/220v 50-60Hz<\/td>\n<td>3kw\/220v 50-60Hz<\/td>\n<\/tr>\n<tr>\n<td>Tama\u00f1o de la m\u00e1quina<\/td>\n<td>1780*1350*2000mm<\/td>\n<td>1430*1200*1700mm<\/td>\n<\/tr>\n<tr>\n<td>Peso de la m\u00e1quina<\/td>\n<td>800 kg<\/td>\n<td>650 kg<\/td>\n<\/tr>\n<tr>\n<td>Consumo de aire<\/td>\n<td>0,8m\u00b3\/min 0,8mpa<\/td>\n<td>0,4m\u00b3\/min 0,6mpa<\/td>\n<\/tr>\n<\/tbody>\n<\/table>\n<p>&nbsp;<\/p>\n<h3><strong>Dejar solicitud de presupuesto gratuito<\/strong><\/h3>\n\n<div class=\"wpcf7 no-js\" id=\"wpcf7-f3214-o1\" lang=\"en-US\" dir=\"ltr\" data-wpcf7-id=\"3214\">\n<div class=\"screen-reader-response\"><p role=\"status\" aria-live=\"polite\" aria-atomic=\"true\"><\/p> <ul><\/ul><\/div>\n<form action=\"\/es\/wp-json\/wp\/v2\/product\/3318#wpcf7-f3214-o1\" method=\"post\" class=\"wpcf7-form init\" aria-label=\"Formulario de contacto\" novalidate=\"novalidate\" data-status=\"init\" data-trp-original-action=\"\/es\/wp-json\/wp\/v2\/product\/3318#wpcf7-f3214-o1\">\n<fieldset class=\"hidden-fields-container\"><input type=\"hidden\" name=\"_wpcf7\" value=\"3214\" \/><input type=\"hidden\" name=\"_wpcf7_version\" value=\"6.1.5\" \/><input type=\"hidden\" name=\"_wpcf7_locale\" value=\"en_US\" \/><input type=\"hidden\" name=\"_wpcf7_unit_tag\" value=\"wpcf7-f3214-o1\" \/><input type=\"hidden\" name=\"_wpcf7_container_post\" value=\"0\" \/><input type=\"hidden\" name=\"_wpcf7_posted_data_hash\" value=\"\" \/>\n<\/fieldset>\n<p><label> Su nombre<br \/>\n<span class=\"wpcf7-form-control-wrap\" data-name=\"your-name\"><input size=\"40\" maxlength=\"400\" class=\"wpcf7-form-control wpcf7-text wpcf7-validates-as-required\" aria-required=\"true\" aria-invalid=\"false\" value=\"\" type=\"text\" name=\"your-name\" \/><\/span> <\/label>\n<\/p>\n<p><label> Su pa\u00eds<br \/>\n<span class=\"wpcf7-form-control-wrap\" data-name=\"your-country\"><input size=\"40\" maxlength=\"400\" class=\"wpcf7-form-control wpcf7-text\" aria-invalid=\"false\" value=\"\" type=\"text\" name=\"your-country\" \/><\/span> <\/label>\n<\/p>\n<p><label> Su correo electr\u00f3nico<br \/>\n<span class=\"wpcf7-form-control-wrap\" data-name=\"your-email\"><input size=\"40\" maxlength=\"400\" class=\"wpcf7-form-control wpcf7-email wpcf7-validates-as-required wpcf7-text wpcf7-validates-as-email\" aria-required=\"true\" aria-invalid=\"false\" value=\"\" type=\"email\" name=\"your-email\" \/><\/span> <\/label>\n<\/p>\n<p><label> Tu tel\u00e9fono<br \/>\n<span class=\"wpcf7-form-control-wrap\" data-name=\"your-phone\"><input size=\"40\" maxlength=\"400\" class=\"wpcf7-form-control wpcf7-tel wpcf7-text wpcf7-validates-as-tel\" aria-invalid=\"false\" value=\"\" type=\"tel\" name=\"your-phone\" \/><\/span> <\/label>\n<\/p>\n<p><label> Nombre de la empresa<br \/>\n<span class=\"wpcf7-form-control-wrap\" data-name=\"text-457\"><input size=\"40\" maxlength=\"400\" class=\"wpcf7-form-control wpcf7-text\" aria-invalid=\"false\" value=\"\" type=\"text\" name=\"text-457\" \/><\/span> <\/label>\n<\/p>\n<p><label> El sitio web de su empresa<br \/>\n<span class=\"wpcf7-form-control-wrap\" data-name=\"text-546\"><input size=\"40\" maxlength=\"400\" class=\"wpcf7-form-control wpcf7-text\" aria-invalid=\"false\" value=\"\" type=\"text\" name=\"text-546\" \/><\/span> <\/label>\n<\/p>\n<p><label> Sus requisitos*<br \/>\n<span class=\"wpcf7-form-control-wrap\" data-name=\"your-requirement\"><textarea cols=\"40\" rows=\"10\" maxlength=\"2000\" class=\"wpcf7-form-control wpcf7-textarea wpcf7-validates-as-required\" aria-required=\"true\" aria-invalid=\"false\" name=\"your-requirement\"><\/textarea><\/span> <\/label>\n<\/p>\n<p><input class=\"wpcf7-form-control wpcf7-submit has-spinner\" type=\"submit\" value=\"Enviar\" \/>\n<\/p>\n<div style=\"clear:both\">\n<\/div><p style=\"display: none !important;\" class=\"akismet-fields-container\" data-prefix=\"_wpcf7_ak_\"><label>&#916;<textarea name=\"_wpcf7_ak_hp_textarea\" cols=\"45\" rows=\"8\" maxlength=\"100\"><\/textarea><\/label><input type=\"hidden\" id=\"ak_js_1\" name=\"_wpcf7_ak_js\" value=\"75\"\/><script>document.getElementById( \"ak_js_1\" ).setAttribute( \"value\", ( new Date() ).getTime() );<\/script><\/p><div class=\"wpcf7-response-output\" aria-hidden=\"true\"><\/div>\n<input type=\"hidden\" name=\"trp-form-language\" value=\"es\"\/><\/form>\n<\/div>\n\n<div style='text-align:left' class='yasr-auto-insert-visitor'><\/div>","protected":false},"excerpt":{"rendered":"<p>Spring roll packing machine can pack spring rolls with the same weight, the packing range is 300-2000 grams. this series of packing machines precisely control the feeding time and thickness with high precision. Basic Structure of Packaging Machine It is mainly composed of power unit, transmission mechanism, feeding mechanism, metering device, control system, body conveying [&hellip;]<\/p>","protected":false},"featured_media":3322,"comment_status":"open","ping_status":"closed","template":"","meta":{"site-sidebar-layout":"default","site-content-layout":"default","ast-site-content-layout":"default","site-content-style":"default","site-sidebar-style":"default","ast-global-header-display":"","ast-banner-title-visibility":"","ast-main-header-display":"","ast-hfb-above-header-display":"","ast-hfb-below-header-display":"","ast-hfb-mobile-header-display":"","site-post-title":"","ast-breadcrumbs-content":"","ast-featured-img":"","footer-sml-layout":"","theme-transparent-header-meta":"","adv-header-id-meta":"","stick-header-meta":"","header-above-stick-meta":"","header-main-stick-meta":"","header-below-stick-meta":"","astra-migrate-meta-layouts":"default","ast-page-background-enabled":"default","ast-page-background-meta":{"desktop":{"background-color":"","background-image":"","background-repeat":"repeat","background-position":"center center","background-size":"auto","background-attachment":"scroll","background-type":"","background-media":"","overlay-type":"","overlay-color":"","overlay-opacity":"","overlay-gradient":""},"tablet":{"background-color":"","background-image":"","background-repeat":"repeat","background-position":"center center","background-size":"auto","background-attachment":"scroll","background-type":"","background-media":"","overlay-type":"","overlay-color":"","overlay-opacity":"","overlay-gradient":""},"mobile":{"background-color":"","background-image":"","background-repeat":"repeat","background-position":"center center","background-size":"auto","background-attachment":"scroll","background-type":"","background-media":"","overlay-type":"","overlay-color":"","overlay-opacity":"","overlay-gradient":""}},"ast-content-background-meta":{"desktop":{"background-color":"var(--ast-global-color-5)","background-image":"","background-repeat":"repeat","background-position":"center center","background-size":"auto","background-attachment":"scroll","background-type":"","background-media":"","overlay-type":"","overlay-color":"","overlay-opacity":"","overlay-gradient":""},"tablet":{"background-color":"var(--ast-global-color-5)","background-image":"","background-repeat":"repeat","background-position":"center center","background-size":"auto","background-attachment":"scroll","background-type":"","background-media":"","overlay-type":"","overlay-color":"","overlay-opacity":"","overlay-gradient":""},"mobile":{"background-color":"var(--ast-global-color-5)","background-image":"","background-repeat":"repeat","background-position":"center center","background-size":"auto","background-attachment":"scroll","background-type":"","background-media":"","overlay-type":"","overlay-color":"","overlay-opacity":"","overlay-gradient":""}},"yasr_overall_rating":0,"yasr_post_is_review":"","yasr_auto_insert_disabled":"","yasr_review_type":""},"product_brand":[],"product_cat":[26],"product_tag":[],"class_list":{"0":"post-3318","1":"product","2":"type-product","3":"status-publish","4":"has-post-thumbnail","6":"product_cat-related-machine","7":"desktop-align-left","8":"tablet-align-left","9":"mobile-align-left","11":"first","12":"instock","13":"shipping-taxable","14":"product-type-simple"},"yoast_head":"<!-- This site is optimized with the Yoast SEO plugin v26.4 - https:\/\/yoast.com\/wordpress\/plugins\/seo\/ -->\n<title>Automatic Spring Roll Packing Machine 300-2000 grams<\/title>\n<meta name=\"description\" content=\"The automatic spring roll packing machine can be used to pack frozen spring rolls, frozen dumplings, etc. With wide applications and accurate weighing.\" \/>\n<meta name=\"robots\" content=\"index, follow, max-snippet:-1, max-image-preview:large, max-video-preview:-1\" \/>\n<link rel=\"canonical\" href=\"https:\/\/www.springrollsolution.com\/es\/producto\/spring-roll-packing-machine\/\" \/>\n<meta property=\"og:locale\" content=\"es_ES\" \/>\n<meta property=\"og:type\" content=\"article\" \/>\n<meta property=\"og:title\" content=\"Automatic Spring Roll Packing Machine 300-2000 grams\" \/>\n<meta property=\"og:description\" content=\"The automatic spring roll packing machine can be used to pack frozen spring rolls, frozen dumplings, etc. With wide applications and accurate weighing.\" \/>\n<meta property=\"og:url\" content=\"https:\/\/www.springrollsolution.com\/es\/producto\/spring-roll-packing-machine\/\" \/>\n<meta property=\"og:site_name\" content=\"Spring Roll Processing Machine\" \/>\n<meta property=\"article:modified_time\" content=\"2022-08-26T07:40:08+00:00\" \/>\n<meta property=\"og:image\" content=\"https:\/\/www.springrollsolution.com\/wp-content\/uploads\/2022\/06\/43.jpg\" \/>\n\t<meta property=\"og:image:width\" content=\"600\" \/>\n\t<meta property=\"og:image:height\" content=\"600\" \/>\n\t<meta property=\"og:image:type\" content=\"image\/jpeg\" \/>\n<meta name=\"twitter:card\" content=\"summary_large_image\" \/>\n<meta name=\"twitter:label1\" content=\"Tiempo de lectura\" \/>\n\t<meta name=\"twitter:data1\" content=\"2 minutos\" \/>\n<script type=\"application\/ld+json\" class=\"yoast-schema-graph\">{\"@context\":\"https:\/\/schema.org\",\"@graph\":[{\"@type\":\"WebPage\",\"@id\":\"https:\/\/www.springrollsolution.com\/product\/spring-roll-packing-machine\/\",\"url\":\"https:\/\/www.springrollsolution.com\/product\/spring-roll-packing-machine\/\",\"name\":\"Automatic Spring Roll Packing Machine 300-2000 grams\",\"isPartOf\":{\"@id\":\"https:\/\/www.springrollsolution.com\/#website\"},\"primaryImageOfPage\":{\"@id\":\"https:\/\/www.springrollsolution.com\/product\/spring-roll-packing-machine\/#primaryimage\"},\"image\":{\"@id\":\"https:\/\/www.springrollsolution.com\/product\/spring-roll-packing-machine\/#primaryimage\"},\"thumbnailUrl\":\"https:\/\/www.springrollsolution.com\/wp-content\/uploads\/2022\/06\/43.jpg\",\"datePublished\":\"2022-06-27T12:59:26+00:00\",\"dateModified\":\"2022-08-26T07:40:08+00:00\",\"description\":\"The automatic spring roll packing machine can be used to pack frozen spring rolls, frozen dumplings, etc. With wide applications and accurate weighing.\",\"breadcrumb\":{\"@id\":\"https:\/\/www.springrollsolution.com\/product\/spring-roll-packing-machine\/#breadcrumb\"},\"inLanguage\":\"es\",\"potentialAction\":[{\"@type\":\"ReadAction\",\"target\":[\"https:\/\/www.springrollsolution.com\/product\/spring-roll-packing-machine\/\"]}]},{\"@type\":\"ImageObject\",\"inLanguage\":\"es\",\"@id\":\"https:\/\/www.springrollsolution.com\/product\/spring-roll-packing-machine\/#primaryimage\",\"url\":\"https:\/\/www.springrollsolution.com\/wp-content\/uploads\/2022\/06\/43.jpg\",\"contentUrl\":\"https:\/\/www.springrollsolution.com\/wp-content\/uploads\/2022\/06\/43.jpg\",\"width\":600,\"height\":600,\"caption\":\"Spring Roll Packing Machine\"},{\"@type\":\"BreadcrumbList\",\"@id\":\"https:\/\/www.springrollsolution.com\/product\/spring-roll-packing-machine\/#breadcrumb\",\"itemListElement\":[{\"@type\":\"ListItem\",\"position\":1,\"name\":\"Home\",\"item\":\"https:\/\/www.springrollsolution.com\/\"},{\"@type\":\"ListItem\",\"position\":2,\"name\":\"Products\",\"item\":\"https:\/\/www.springrollsolution.com\/shop\/\"},{\"@type\":\"ListItem\",\"position\":3,\"name\":\"Automatic Spring Roll Packing Machine 300-2000 grams\"}]},{\"@type\":\"WebSite\",\"@id\":\"https:\/\/www.springrollsolution.com\/#website\",\"url\":\"https:\/\/www.springrollsolution.com\/\",\"name\":\"Spring Roll Processing Machine\",\"description\":\"Spring roll processing solution provider\",\"publisher\":{\"@id\":\"https:\/\/www.springrollsolution.com\/#organization\"},\"potentialAction\":[{\"@type\":\"SearchAction\",\"target\":{\"@type\":\"EntryPoint\",\"urlTemplate\":\"https:\/\/www.springrollsolution.com\/?s={search_term_string}\"},\"query-input\":{\"@type\":\"PropertyValueSpecification\",\"valueRequired\":true,\"valueName\":\"search_term_string\"}}],\"inLanguage\":\"es\"},{\"@type\":\"Organization\",\"@id\":\"https:\/\/www.springrollsolution.com\/#organization\",\"name\":\"Spring Roll Processing Machine\",\"url\":\"https:\/\/www.springrollsolution.com\/\",\"logo\":{\"@type\":\"ImageObject\",\"inLanguage\":\"es\",\"@id\":\"https:\/\/www.springrollsolution.com\/#\/schema\/logo\/image\/\",\"url\":\"https:\/\/www.springrollsolution.com\/wp-content\/uploads\/2025\/05\/cropped-logo.png\",\"contentUrl\":\"https:\/\/www.springrollsolution.com\/wp-content\/uploads\/2025\/05\/cropped-logo.png\",\"width\":180,\"height\":60,\"caption\":\"Spring Roll Processing Machine\"},\"image\":{\"@id\":\"https:\/\/www.springrollsolution.com\/#\/schema\/logo\/image\/\"}},false]}<\/script>\n<!-- \/ Yoast SEO plugin. -->","yoast_head_json":{"title":"Envasadora autom\u00e1tica de rollitos de primavera 300-2000 gramos","description":"La envasadora autom\u00e1tica de rollitos de primavera se puede utilizar para envasar rollitos de primavera congelados, alb\u00f3ndigas congeladas, etc. Con amplias aplicaciones y pesaje preciso.","robots":{"index":"index","follow":"follow","max-snippet":"max-snippet:-1","max-image-preview":"max-image-preview:large","max-video-preview":"max-video-preview:-1"},"canonical":"https:\/\/www.springrollsolution.com\/es\/producto\/spring-roll-packing-machine\/","og_locale":"es_ES","og_type":"article","og_title":"Automatic Spring Roll Packing Machine 300-2000 grams","og_description":"The automatic spring roll packing machine can be used to pack frozen spring rolls, frozen dumplings, etc. With wide applications and accurate weighing.","og_url":"https:\/\/www.springrollsolution.com\/es\/producto\/spring-roll-packing-machine\/","og_site_name":"Spring Roll Processing Machine","article_modified_time":"2022-08-26T07:40:08+00:00","og_image":[{"width":600,"height":600,"url":"https:\/\/www.springrollsolution.com\/wp-content\/uploads\/2022\/06\/43.jpg","type":"image\/jpeg"}],"twitter_card":"summary_large_image","twitter_misc":{"Tiempo de lectura":"2 minutos"},"schema":{"@context":"https:\/\/schema.org","@graph":[{"@type":"WebPage","@id":"https:\/\/www.springrollsolution.com\/product\/spring-roll-packing-machine\/","url":"https:\/\/www.springrollsolution.com\/product\/spring-roll-packing-machine\/","name":"Envasadora autom\u00e1tica de rollitos de primavera 300-2000 gramos","isPartOf":{"@id":"https:\/\/www.springrollsolution.com\/#website"},"primaryImageOfPage":{"@id":"https:\/\/www.springrollsolution.com\/product\/spring-roll-packing-machine\/#primaryimage"},"image":{"@id":"https:\/\/www.springrollsolution.com\/product\/spring-roll-packing-machine\/#primaryimage"},"thumbnailUrl":"https:\/\/www.springrollsolution.com\/wp-content\/uploads\/2022\/06\/43.jpg","datePublished":"2022-06-27T12:59:26+00:00","dateModified":"2022-08-26T07:40:08+00:00","description":"La envasadora autom\u00e1tica de rollitos de primavera se puede utilizar para envasar rollitos de primavera congelados, alb\u00f3ndigas congeladas, etc. Con amplias aplicaciones y pesaje preciso.","breadcrumb":{"@id":"https:\/\/www.springrollsolution.com\/product\/spring-roll-packing-machine\/#breadcrumb"},"inLanguage":"es","potentialAction":[{"@type":"ReadAction","target":["https:\/\/www.springrollsolution.com\/product\/spring-roll-packing-machine\/"]}]},{"@type":"ImageObject","inLanguage":"es","@id":"https:\/\/www.springrollsolution.com\/product\/spring-roll-packing-machine\/#primaryimage","url":"https:\/\/www.springrollsolution.com\/wp-content\/uploads\/2022\/06\/43.jpg","contentUrl":"https:\/\/www.springrollsolution.com\/wp-content\/uploads\/2022\/06\/43.jpg","width":600,"height":600,"caption":"Spring Roll Packing Machine"},{"@type":"BreadcrumbList","@id":"https:\/\/www.springrollsolution.com\/product\/spring-roll-packing-machine\/#breadcrumb","itemListElement":[{"@type":"ListItem","position":1,"name":"Home","item":"https:\/\/www.springrollsolution.com\/"},{"@type":"ListItem","position":2,"name":"Products","item":"https:\/\/www.springrollsolution.com\/shop\/"},{"@type":"ListItem","position":3,"name":"Automatic Spring Roll Packing Machine 300-2000 grams"}]},{"@type":"WebSite","@id":"https:\/\/www.springrollsolution.com\/#website","url":"https:\/\/www.springrollsolution.com\/","name":"M\u00e1quina procesadora de rollitos de primavera","description":"Proveedor de soluciones de procesamiento de rollitos de primavera","publisher":{"@id":"https:\/\/www.springrollsolution.com\/#organization"},"potentialAction":[{"@type":"SearchAction","target":{"@type":"EntryPoint","urlTemplate":"https:\/\/www.springrollsolution.com\/?s={search_term_string}"},"query-input":{"@type":"PropertyValueSpecification","valueRequired":true,"valueName":"search_term_string"}}],"inLanguage":"es"},{"@type":"Organization","@id":"https:\/\/www.springrollsolution.com\/#organization","name":"M\u00e1quina procesadora de rollitos de primavera","url":"https:\/\/www.springrollsolution.com\/","logo":{"@type":"ImageObject","inLanguage":"es","@id":"https:\/\/www.springrollsolution.com\/#\/schema\/logo\/image\/","url":"https:\/\/www.springrollsolution.com\/wp-content\/uploads\/2025\/05\/cropped-logo.png","contentUrl":"https:\/\/www.springrollsolution.com\/wp-content\/uploads\/2025\/05\/cropped-logo.png","width":180,"height":60,"caption":"Spring Roll Processing Machine"},"image":{"@id":"https:\/\/www.springrollsolution.com\/#\/schema\/logo\/image\/"}},false]}},"yasr_visitor_votes":{"stars_attributes":{"read_only":false,"span_bottom":false},"number_of_votes":0,"sum_votes":0},"_links":{"self":[{"href":"https:\/\/www.springrollsolution.com\/es\/wp-json\/wp\/v2\/product\/3318","targetHints":{"allow":["GET"]}}],"collection":[{"href":"https:\/\/www.springrollsolution.com\/es\/wp-json\/wp\/v2\/product"}],"about":[{"href":"https:\/\/www.springrollsolution.com\/es\/wp-json\/wp\/v2\/types\/product"}],"replies":[{"embeddable":true,"href":"https:\/\/www.springrollsolution.com\/es\/wp-json\/wp\/v2\/comments?post=3318"}],"wp:featuredmedia":[{"embeddable":true,"href":"https:\/\/www.springrollsolution.com\/es\/wp-json\/wp\/v2\/media\/3322"}],"wp:attachment":[{"href":"https:\/\/www.springrollsolution.com\/es\/wp-json\/wp\/v2\/media?parent=3318"}],"wp:term":[{"taxonomy":"product_brand","embeddable":true,"href":"https:\/\/www.springrollsolution.com\/es\/wp-json\/wp\/v2\/product_brand?post=3318"},{"taxonomy":"product_cat","embeddable":true,"href":"https:\/\/www.springrollsolution.com\/es\/wp-json\/wp\/v2\/product_cat?post=3318"},{"taxonomy":"product_tag","embeddable":true,"href":"https:\/\/www.springrollsolution.com\/es\/wp-json\/wp\/v2\/product_tag?post=3318"}],"curies":[{"name":"wp","href":"https:\/\/api.w.org\/{rel}","templated":true}]}}