{"id":3302,"date":"2022-06-27T16:56:04","date_gmt":"2022-06-27T08:56:04","guid":{"rendered":"https:\/\/www.springrollsolution.com\/?post_type=product&#038;p=3302"},"modified":"2024-08-16T10:16:20","modified_gmt":"2024-08-16T02:16:20","slug":"spring-roll-pastry-machine","status":"publish","type":"product","link":"https:\/\/www.springrollsolution.com\/es\/producto\/spring-roll-pastry-machine\/","title":{"rendered":"0.2mm Espesor Spring Roll M\u00e1quina Pastelera Autom\u00e1tica"},"content":{"rendered":"<p>La m\u00e1quina puede producir l\u00e1minas redondas, cuadradas y de otras formas, y el rango de ajuste del grosor es de 0,2-2 mm.<\/p>\n<p>Toda la m\u00e1quina est\u00e1 hecha de acero inoxidable de calidad alimentaria, y asegurarse de que los productos de pasteler\u00eda rollito de primavera producidos por los clientes son m\u00e1s higi\u00e9nicos y seguros.<\/p>\n<p><img fetchpriority=\"high\" decoding=\"async\" class=\"alignnone size-full wp-image-3304\" src=\"https:\/\/www.springrollsolution.com\/wp-content\/uploads\/2022\/06\/36.jpg\" alt=\"M\u00e1quina para hacer rollitos de primavera\" width=\"700\" height=\"400\" srcset=\"https:\/\/www.springrollsolution.com\/wp-content\/uploads\/2022\/06\/36.jpg 700w, https:\/\/www.springrollsolution.com\/wp-content\/uploads\/2022\/06\/36-300x171.jpg 300w\" sizes=\"(max-width: 700px) 100vw, 700px\" \/><\/p>\n<h2><strong>Pieza de la m\u00e1quina para hacer rollitos de primavera<\/strong><\/h2>\n<p>La m\u00e1quina incluye principalmente horneado, llenado, transmisi\u00f3n, enfriamiento, corte, recuento y otras partes. Cuando la m\u00e1quina est\u00e1 trabajando, la masa se pone en el cubo, y la masa se eleva a la boquilla por la bomba de elevaci\u00f3n, que se adjunta a la rueda de cocci\u00f3n suave, y la primavera rollo de pasteler\u00eda hoja de formaci\u00f3n. A continuaci\u00f3n, se cortan, se cuentan, se apilan, se empaquetan y se venden.<\/p>\n<p>&nbsp;<\/p>\n<h2><strong>Aplicaciones de la m\u00e1quina de hacer rollitos de primavera<\/strong><\/h2>\n<p>La m\u00e1quina autom\u00e1tica es vers\u00e1til y puede hacer hojas de masa de rollitos de primavera, pieles de samosa, crepes, tortitas y otros alimentos de hoja de masa seg\u00fan las necesidades de los clientes. Hay varias recetas disponibles.<\/p>\n<p><img decoding=\"async\" class=\"alignnone size-full wp-image-3305\" src=\"https:\/\/www.springrollsolution.com\/wp-content\/uploads\/2022\/06\/37.jpg\" alt=\"Rollitos de primavera\" width=\"700\" height=\"400\" srcset=\"https:\/\/www.springrollsolution.com\/wp-content\/uploads\/2022\/06\/37.jpg 700w, https:\/\/www.springrollsolution.com\/wp-content\/uploads\/2022\/06\/37-300x171.jpg 300w\" sizes=\"(max-width: 700px) 100vw, 700px\" \/><\/p>\n<h2>Ventajas de la m\u00e1quina de l\u00e1minas de hojaldre<\/h2>\n<ul>\n<li>La propia bobina no genera calor, el retardo t\u00e9rmico es peque\u00f1o, la inercia t\u00e9rmica es baja, la temperatura de las paredes interior y exterior del barril es constante, el control de la temperatura es en tiempo real y preciso, y la eficiencia de producci\u00f3n de la m\u00e1quina es alta.<\/li>\n<li>El calor se concentra en el interior del cuerpo calefactor de la m\u00e1quina de hacer rollitos de primavera, y el consumo de calor externo es peque\u00f1o. La temperatura ambiente se reduce a la temperatura normal desde m\u00e1s de 100\u00b0C durante el calentamiento. Mejora eficazmente el entusiasmo de los trabajadores de producci\u00f3n y reduce el coste de ventilaci\u00f3n y refrigeraci\u00f3n en la zona de la planta de verano.<\/li>\n<li>Puede elegir el sistema operativo PLC inteligente, control de pantalla t\u00e1ctil. Cambiar entre chino e ingl\u00e9s, f\u00e1cil de usar. Y la m\u00e1quina est\u00e1 equipada con un sistema de alarma autom\u00e1tica de fallo.<\/li>\n<li>La m\u00e1quina autom\u00e1tica de l\u00e1minas de hojaldre para rollitos de primavera puede completar autom\u00e1ticamente los procesos de mezcla, formaci\u00f3n, enfriamiento por aire y otros procesos de las envolturas.<\/li>\n<\/ul>\n<p>&nbsp;<\/p>\n<h3><strong>C\u00f3mo hacer rollitos de primavera<\/strong><\/h3>\n<p><iframe title=\"M\u00e1quina para fabricar rollitos de primavera (hojaldre)\" width=\"500\" height=\"281\" src=\"https:\/\/www.youtube.com\/embed\/SFKnLoYI07g?feature=oembed\" frameborder=\"0\" allow=\"accelerometer; autoplay; clipboard-write; encrypted-media; gyroscope; picture-in-picture; web-share\" referrerpolicy=\"strict-origin-when-cross-origin\" allowfullscreen><\/iframe><\/p>\n<p>&nbsp;<\/p>\n<p>Nuestra empresa se especializa en equipos de procesamiento de alimentos en rollos de resorte. Tenemos muchos a\u00f1os de experiencia en la fabricaci\u00f3n en el campo de la maquinaria alimentaria. Tiene muchos clientes extranjeros de calidad superior. Nos esforzamos por ofrecer a nuestros clientes una calidad excelente y servicios excepcionales.<\/p>\n<p>Como proveedor profesional de soluciones para rollitos de primavera, la f\u00e1brica cuenta con diferentes tipos de m\u00e1quinas envolvedoras de rollitos de primavera. Si usted es un nuevo negocio o negocio en expansi\u00f3n, si usted est\u00e1 interesado en nuestro equipo, por favor ll\u00e1menos o d\u00e9jenos un mensaje.<\/p>\n<p>&nbsp;<\/p>\n<h3><strong>Par\u00e1metros t\u00e9cnicos<\/strong><\/h3>\n<table border=\"1\" cellspacing=\"0\">\n<tbody>\n<tr>\n<td>Modelo<\/td>\n<td>GGSR-12060Y\/F<\/td>\n<\/tr>\n<tr>\n<td>Tensi\u00f3n<\/td>\n<td>380V\/220V<\/td>\n<\/tr>\n<tr>\n<td>Capacidad<\/td>\n<td>4500-7000PCS\/H<\/td>\n<\/tr>\n<tr>\n<td>Potencia<\/td>\n<td>69KW<\/td>\n<\/tr>\n<tr>\n<td>M\u00e9todo de calentamiento<\/td>\n<td>Electricidad y gas<\/td>\n<\/tr>\n<tr>\n<td>Dimensi\u00f3n<\/td>\n<td>3800*1100*2000MM<\/td>\n<\/tr>\n<\/tbody>\n<\/table>\n<p>&nbsp;<\/p>\n<h3><strong>Dejar solicitud de presupuesto gratuito<\/strong><\/h3>\n\n<div class=\"wpcf7 no-js\" id=\"wpcf7-f3214-o1\" lang=\"en-US\" dir=\"ltr\" data-wpcf7-id=\"3214\">\n<div class=\"screen-reader-response\"><p role=\"status\" aria-live=\"polite\" aria-atomic=\"true\"><\/p> <ul><\/ul><\/div>\n<form action=\"\/es\/wp-json\/wp\/v2\/product\/3302#wpcf7-f3214-o1\" method=\"post\" class=\"wpcf7-form init\" aria-label=\"Formulario de contacto\" novalidate=\"novalidate\" data-status=\"init\" data-trp-original-action=\"\/es\/wp-json\/wp\/v2\/product\/3302#wpcf7-f3214-o1\">\n<fieldset class=\"hidden-fields-container\"><input type=\"hidden\" name=\"_wpcf7\" value=\"3214\" \/><input type=\"hidden\" name=\"_wpcf7_version\" value=\"6.1.5\" \/><input type=\"hidden\" name=\"_wpcf7_locale\" value=\"en_US\" \/><input type=\"hidden\" name=\"_wpcf7_unit_tag\" value=\"wpcf7-f3214-o1\" \/><input type=\"hidden\" name=\"_wpcf7_container_post\" value=\"0\" \/><input type=\"hidden\" name=\"_wpcf7_posted_data_hash\" value=\"\" \/>\n<\/fieldset>\n<p><label> Su nombre<br \/>\n<span class=\"wpcf7-form-control-wrap\" data-name=\"your-name\"><input size=\"40\" maxlength=\"400\" class=\"wpcf7-form-control wpcf7-text wpcf7-validates-as-required\" aria-required=\"true\" aria-invalid=\"false\" value=\"\" type=\"text\" name=\"your-name\" \/><\/span> <\/label>\n<\/p>\n<p><label> Su pa\u00eds<br \/>\n<span class=\"wpcf7-form-control-wrap\" data-name=\"your-country\"><input size=\"40\" maxlength=\"400\" class=\"wpcf7-form-control wpcf7-text\" aria-invalid=\"false\" value=\"\" type=\"text\" name=\"your-country\" \/><\/span> <\/label>\n<\/p>\n<p><label> Su correo electr\u00f3nico<br \/>\n<span class=\"wpcf7-form-control-wrap\" data-name=\"your-email\"><input size=\"40\" maxlength=\"400\" class=\"wpcf7-form-control wpcf7-email wpcf7-validates-as-required wpcf7-text wpcf7-validates-as-email\" aria-required=\"true\" aria-invalid=\"false\" value=\"\" type=\"email\" name=\"your-email\" \/><\/span> <\/label>\n<\/p>\n<p><label> Tu tel\u00e9fono<br \/>\n<span class=\"wpcf7-form-control-wrap\" data-name=\"your-phone\"><input size=\"40\" maxlength=\"400\" class=\"wpcf7-form-control wpcf7-tel wpcf7-text wpcf7-validates-as-tel\" aria-invalid=\"false\" value=\"\" type=\"tel\" name=\"your-phone\" \/><\/span> <\/label>\n<\/p>\n<p><label> Nombre de la empresa<br \/>\n<span class=\"wpcf7-form-control-wrap\" data-name=\"text-457\"><input size=\"40\" maxlength=\"400\" class=\"wpcf7-form-control wpcf7-text\" aria-invalid=\"false\" value=\"\" type=\"text\" name=\"text-457\" \/><\/span> <\/label>\n<\/p>\n<p><label> El sitio web de su empresa<br \/>\n<span class=\"wpcf7-form-control-wrap\" data-name=\"text-546\"><input size=\"40\" maxlength=\"400\" class=\"wpcf7-form-control wpcf7-text\" aria-invalid=\"false\" value=\"\" type=\"text\" name=\"text-546\" \/><\/span> <\/label>\n<\/p>\n<p><label> Sus requisitos*<br \/>\n<span class=\"wpcf7-form-control-wrap\" data-name=\"your-requirement\"><textarea cols=\"40\" rows=\"10\" maxlength=\"2000\" class=\"wpcf7-form-control wpcf7-textarea wpcf7-validates-as-required\" aria-required=\"true\" aria-invalid=\"false\" name=\"your-requirement\"><\/textarea><\/span> <\/label>\n<\/p>\n<p><input class=\"wpcf7-form-control wpcf7-submit has-spinner\" type=\"submit\" value=\"Enviar\" \/>\n<\/p>\n<div style=\"clear:both\">\n<\/div><p style=\"display: none !important;\" class=\"akismet-fields-container\" data-prefix=\"_wpcf7_ak_\"><label>&#916;<textarea name=\"_wpcf7_ak_hp_textarea\" cols=\"45\" rows=\"8\" maxlength=\"100\"><\/textarea><\/label><input type=\"hidden\" id=\"ak_js_1\" name=\"_wpcf7_ak_js\" value=\"100\"\/><script>document.getElementById( \"ak_js_1\" ).setAttribute( \"value\", ( new Date() ).getTime() );<\/script><\/p><div class=\"wpcf7-response-output\" aria-hidden=\"true\"><\/div>\n<input type=\"hidden\" name=\"trp-form-language\" value=\"es\"\/><\/form>\n<\/div>\n\n<div style='text-align:left' class='yasr-auto-insert-visitor'><\/div>","protected":false},"excerpt":{"rendered":"<p>The spring roll pastry machine can produce round, square and other shapes of spring roll pastry sheets, and the thickness adjustment range is 0.2-2 mm. The whole machine is made of food-grade stainless steel, and make sure the spring roll pastry products produced by customers are more hygienic and safe. Spring Roll Pastry Making Machine [&hellip;]<\/p>","protected":false},"featured_media":3303,"comment_status":"open","ping_status":"closed","template":"","meta":{"site-sidebar-layout":"default","site-content-layout":"default","ast-site-content-layout":"default","site-content-style":"default","site-sidebar-style":"default","ast-global-header-display":"","ast-banner-title-visibility":"","ast-main-header-display":"","ast-hfb-above-header-display":"","ast-hfb-below-header-display":"","ast-hfb-mobile-header-display":"","site-post-title":"","ast-breadcrumbs-content":"","ast-featured-img":"","footer-sml-layout":"","theme-transparent-header-meta":"","adv-header-id-meta":"","stick-header-meta":"","header-above-stick-meta":"","header-main-stick-meta":"","header-below-stick-meta":"","astra-migrate-meta-layouts":"default","ast-page-background-enabled":"default","ast-page-background-meta":{"desktop":{"background-color":"","background-image":"","background-repeat":"repeat","background-position":"center center","background-size":"auto","background-attachment":"scroll","background-type":"","background-media":"","overlay-type":"","overlay-color":"","overlay-opacity":"","overlay-gradient":""},"tablet":{"background-color":"","background-image":"","background-repeat":"repeat","background-position":"center center","background-size":"auto","background-attachment":"scroll","background-type":"","background-media":"","overlay-type":"","overlay-color":"","overlay-opacity":"","overlay-gradient":""},"mobile":{"background-color":"","background-image":"","background-repeat":"repeat","background-position":"center center","background-size":"auto","background-attachment":"scroll","background-type":"","background-media":"","overlay-type":"","overlay-color":"","overlay-opacity":"","overlay-gradient":""}},"ast-content-background-meta":{"desktop":{"background-color":"var(--ast-global-color-5)","background-image":"","background-repeat":"repeat","background-position":"center center","background-size":"auto","background-attachment":"scroll","background-type":"","background-media":"","overlay-type":"","overlay-color":"","overlay-opacity":"","overlay-gradient":""},"tablet":{"background-color":"var(--ast-global-color-5)","background-image":"","background-repeat":"repeat","background-position":"center center","background-size":"auto","background-attachment":"scroll","background-type":"","background-media":"","overlay-type":"","overlay-color":"","overlay-opacity":"","overlay-gradient":""},"mobile":{"background-color":"var(--ast-global-color-5)","background-image":"","background-repeat":"repeat","background-position":"center center","background-size":"auto","background-attachment":"scroll","background-type":"","background-media":"","overlay-type":"","overlay-color":"","overlay-opacity":"","overlay-gradient":""}},"yasr_overall_rating":0,"yasr_post_is_review":"","yasr_auto_insert_disabled":"","yasr_review_type":""},"product_brand":[],"product_cat":[6],"product_tag":[],"class_list":{"0":"post-3302","1":"product","2":"type-product","3":"status-publish","4":"has-post-thumbnail","6":"product_cat-wrapper-machine","7":"desktop-align-left","8":"tablet-align-left","9":"mobile-align-left","11":"first","12":"instock","13":"shipping-taxable","14":"product-type-simple"},"yoast_head":"<!-- This site is optimized with the Yoast SEO plugin v26.4 - https:\/\/yoast.com\/wordpress\/plugins\/seo\/ -->\n<title>0.2mm Thickness Spring Roll Pastry Machine Automatic<\/title>\n<meta name=\"description\" content=\"The spring roll pastry machine can produce round, square and other shapes of spring roll pastry sheets, and the thickness range is 0.2-2 mm.\" \/>\n<meta name=\"robots\" content=\"index, follow, max-snippet:-1, max-image-preview:large, max-video-preview:-1\" \/>\n<link rel=\"canonical\" href=\"https:\/\/www.springrollsolution.com\/es\/producto\/spring-roll-pastry-machine\/\" \/>\n<meta property=\"og:locale\" content=\"es_ES\" \/>\n<meta property=\"og:type\" content=\"article\" \/>\n<meta property=\"og:title\" content=\"0.2mm Thickness Spring Roll Pastry Machine Automatic\" \/>\n<meta property=\"og:description\" content=\"The spring roll pastry machine can produce round, square and other shapes of spring roll pastry sheets, and the thickness range is 0.2-2 mm.\" \/>\n<meta property=\"og:url\" content=\"https:\/\/www.springrollsolution.com\/es\/producto\/spring-roll-pastry-machine\/\" \/>\n<meta property=\"og:site_name\" content=\"Spring Roll Processing Machine\" \/>\n<meta property=\"article:modified_time\" content=\"2024-08-16T02:16:20+00:00\" \/>\n<meta property=\"og:image\" content=\"https:\/\/www.springrollsolution.com\/wp-content\/uploads\/2022\/06\/35.jpg\" \/>\n\t<meta property=\"og:image:width\" content=\"600\" \/>\n\t<meta property=\"og:image:height\" content=\"600\" \/>\n\t<meta property=\"og:image:type\" content=\"image\/jpeg\" \/>\n<meta name=\"twitter:card\" content=\"summary_large_image\" \/>\n<meta name=\"twitter:label1\" content=\"Tiempo de lectura\" \/>\n\t<meta name=\"twitter:data1\" content=\"2 minutos\" \/>\n<script type=\"application\/ld+json\" class=\"yoast-schema-graph\">{\"@context\":\"https:\/\/schema.org\",\"@graph\":[{\"@type\":\"WebPage\",\"@id\":\"https:\/\/www.springrollsolution.com\/id\/produk\/spring-roll-pastry-machine\/\",\"url\":\"https:\/\/www.springrollsolution.com\/id\/produk\/spring-roll-pastry-machine\/\",\"name\":\"0.2mm Thickness Spring Roll Pastry Machine Automatic\",\"isPartOf\":{\"@id\":\"https:\/\/www.springrollsolution.com\/#website\"},\"primaryImageOfPage\":{\"@id\":\"https:\/\/www.springrollsolution.com\/id\/produk\/spring-roll-pastry-machine\/#primaryimage\"},\"image\":{\"@id\":\"https:\/\/www.springrollsolution.com\/id\/produk\/spring-roll-pastry-machine\/#primaryimage\"},\"thumbnailUrl\":\"https:\/\/www.springrollsolution.com\/wp-content\/uploads\/2022\/06\/35.jpg\",\"datePublished\":\"2022-06-27T08:56:04+00:00\",\"dateModified\":\"2024-08-16T02:16:20+00:00\",\"description\":\"The spring roll pastry machine can produce round, square and other shapes of spring roll pastry sheets, and the thickness range is 0.2-2 mm.\",\"breadcrumb\":{\"@id\":\"https:\/\/www.springrollsolution.com\/id\/produk\/spring-roll-pastry-machine\/#breadcrumb\"},\"inLanguage\":\"es\",\"potentialAction\":[{\"@type\":\"ReadAction\",\"target\":[\"https:\/\/www.springrollsolution.com\/id\/produk\/spring-roll-pastry-machine\/\"]}]},{\"@type\":\"ImageObject\",\"inLanguage\":\"es\",\"@id\":\"https:\/\/www.springrollsolution.com\/id\/produk\/spring-roll-pastry-machine\/#primaryimage\",\"url\":\"https:\/\/www.springrollsolution.com\/wp-content\/uploads\/2022\/06\/35.jpg\",\"contentUrl\":\"https:\/\/www.springrollsolution.com\/wp-content\/uploads\/2022\/06\/35.jpg\",\"width\":600,\"height\":600,\"caption\":\"Spring Roll Pastry Machine\"},{\"@type\":\"BreadcrumbList\",\"@id\":\"https:\/\/www.springrollsolution.com\/id\/produk\/spring-roll-pastry-machine\/#breadcrumb\",\"itemListElement\":[{\"@type\":\"ListItem\",\"position\":1,\"name\":\"Home\",\"item\":\"https:\/\/www.springrollsolution.com\/\"},{\"@type\":\"ListItem\",\"position\":2,\"name\":\"Products\",\"item\":\"https:\/\/www.springrollsolution.com\/shop\/\"},{\"@type\":\"ListItem\",\"position\":3,\"name\":\"0.2mm Thickness Spring Roll Pastry Machine Automatic\"}]},{\"@type\":\"WebSite\",\"@id\":\"https:\/\/www.springrollsolution.com\/#website\",\"url\":\"https:\/\/www.springrollsolution.com\/\",\"name\":\"Spring Roll Processing Machine\",\"description\":\"Spring roll processing solution provider\",\"publisher\":{\"@id\":\"https:\/\/www.springrollsolution.com\/#organization\"},\"potentialAction\":[{\"@type\":\"SearchAction\",\"target\":{\"@type\":\"EntryPoint\",\"urlTemplate\":\"https:\/\/www.springrollsolution.com\/?s={search_term_string}\"},\"query-input\":{\"@type\":\"PropertyValueSpecification\",\"valueRequired\":true,\"valueName\":\"search_term_string\"}}],\"inLanguage\":\"es\"},{\"@type\":\"Organization\",\"@id\":\"https:\/\/www.springrollsolution.com\/#organization\",\"name\":\"Spring Roll Processing Machine\",\"url\":\"https:\/\/www.springrollsolution.com\/\",\"logo\":{\"@type\":\"ImageObject\",\"inLanguage\":\"es\",\"@id\":\"https:\/\/www.springrollsolution.com\/#\/schema\/logo\/image\/\",\"url\":\"https:\/\/www.springrollsolution.com\/wp-content\/uploads\/2025\/05\/cropped-logo.png\",\"contentUrl\":\"https:\/\/www.springrollsolution.com\/wp-content\/uploads\/2025\/05\/cropped-logo.png\",\"width\":180,\"height\":60,\"caption\":\"Spring Roll Processing Machine\"},\"image\":{\"@id\":\"https:\/\/www.springrollsolution.com\/#\/schema\/logo\/image\/\"}},false]}<\/script>\n<!-- \/ Yoast SEO plugin. -->","yoast_head_json":{"title":"0.2mm Espesor Spring Roll M\u00e1quina Pastelera Autom\u00e1tica","description":"La m\u00e1quina puede producir l\u00e1minas redondas, cuadradas y de otras formas, y el rango de espesor es de 0,2-2 mm.","robots":{"index":"index","follow":"follow","max-snippet":"max-snippet:-1","max-image-preview":"max-image-preview:large","max-video-preview":"max-video-preview:-1"},"canonical":"https:\/\/www.springrollsolution.com\/es\/producto\/spring-roll-pastry-machine\/","og_locale":"es_ES","og_type":"article","og_title":"0.2mm Thickness Spring Roll Pastry Machine Automatic","og_description":"The spring roll pastry machine can produce round, square and other shapes of spring roll pastry sheets, and the thickness range is 0.2-2 mm.","og_url":"https:\/\/www.springrollsolution.com\/es\/producto\/spring-roll-pastry-machine\/","og_site_name":"Spring Roll Processing Machine","article_modified_time":"2024-08-16T02:16:20+00:00","og_image":[{"width":600,"height":600,"url":"https:\/\/www.springrollsolution.com\/wp-content\/uploads\/2022\/06\/35.jpg","type":"image\/jpeg"}],"twitter_card":"summary_large_image","twitter_misc":{"Tiempo de lectura":"2 minutos"},"schema":{"@context":"https:\/\/schema.org","@graph":[{"@type":"WebPage","@id":"https:\/\/www.springrollsolution.com\/id\/produk\/spring-roll-pastry-machine\/","url":"https:\/\/www.springrollsolution.com\/id\/produk\/spring-roll-pastry-machine\/","name":"0.2mm Espesor Spring Roll M\u00e1quina Pastelera Autom\u00e1tica","isPartOf":{"@id":"https:\/\/www.springrollsolution.com\/#website"},"primaryImageOfPage":{"@id":"https:\/\/www.springrollsolution.com\/id\/produk\/spring-roll-pastry-machine\/#primaryimage"},"image":{"@id":"https:\/\/www.springrollsolution.com\/id\/produk\/spring-roll-pastry-machine\/#primaryimage"},"thumbnailUrl":"https:\/\/www.springrollsolution.com\/wp-content\/uploads\/2022\/06\/35.jpg","datePublished":"2022-06-27T08:56:04+00:00","dateModified":"2024-08-16T02:16:20+00:00","description":"La m\u00e1quina puede producir l\u00e1minas redondas, cuadradas y de otras formas, y el rango de espesor es de 0,2-2 mm.","breadcrumb":{"@id":"https:\/\/www.springrollsolution.com\/id\/produk\/spring-roll-pastry-machine\/#breadcrumb"},"inLanguage":"es","potentialAction":[{"@type":"ReadAction","target":["https:\/\/www.springrollsolution.com\/id\/produk\/spring-roll-pastry-machine\/"]}]},{"@type":"ImageObject","inLanguage":"es","@id":"https:\/\/www.springrollsolution.com\/id\/produk\/spring-roll-pastry-machine\/#primaryimage","url":"https:\/\/www.springrollsolution.com\/wp-content\/uploads\/2022\/06\/35.jpg","contentUrl":"https:\/\/www.springrollsolution.com\/wp-content\/uploads\/2022\/06\/35.jpg","width":600,"height":600,"caption":"Spring Roll Pastry Machine"},{"@type":"BreadcrumbList","@id":"https:\/\/www.springrollsolution.com\/id\/produk\/spring-roll-pastry-machine\/#breadcrumb","itemListElement":[{"@type":"ListItem","position":1,"name":"Home","item":"https:\/\/www.springrollsolution.com\/"},{"@type":"ListItem","position":2,"name":"Products","item":"https:\/\/www.springrollsolution.com\/shop\/"},{"@type":"ListItem","position":3,"name":"0.2mm Thickness Spring Roll Pastry Machine Automatic"}]},{"@type":"WebSite","@id":"https:\/\/www.springrollsolution.com\/#website","url":"https:\/\/www.springrollsolution.com\/","name":"M\u00e1quina procesadora de rollitos de primavera","description":"Proveedor de soluciones de procesamiento de rollitos de primavera","publisher":{"@id":"https:\/\/www.springrollsolution.com\/#organization"},"potentialAction":[{"@type":"SearchAction","target":{"@type":"EntryPoint","urlTemplate":"https:\/\/www.springrollsolution.com\/?s={search_term_string}"},"query-input":{"@type":"PropertyValueSpecification","valueRequired":true,"valueName":"search_term_string"}}],"inLanguage":"es"},{"@type":"Organization","@id":"https:\/\/www.springrollsolution.com\/#organization","name":"M\u00e1quina procesadora de rollitos de primavera","url":"https:\/\/www.springrollsolution.com\/","logo":{"@type":"ImageObject","inLanguage":"es","@id":"https:\/\/www.springrollsolution.com\/#\/schema\/logo\/image\/","url":"https:\/\/www.springrollsolution.com\/wp-content\/uploads\/2025\/05\/cropped-logo.png","contentUrl":"https:\/\/www.springrollsolution.com\/wp-content\/uploads\/2025\/05\/cropped-logo.png","width":180,"height":60,"caption":"Spring Roll Processing Machine"},"image":{"@id":"https:\/\/www.springrollsolution.com\/#\/schema\/logo\/image\/"}},false]}},"yasr_visitor_votes":{"stars_attributes":{"read_only":false,"span_bottom":false},"number_of_votes":1,"sum_votes":5},"_links":{"self":[{"href":"https:\/\/www.springrollsolution.com\/es\/wp-json\/wp\/v2\/product\/3302","targetHints":{"allow":["GET"]}}],"collection":[{"href":"https:\/\/www.springrollsolution.com\/es\/wp-json\/wp\/v2\/product"}],"about":[{"href":"https:\/\/www.springrollsolution.com\/es\/wp-json\/wp\/v2\/types\/product"}],"replies":[{"embeddable":true,"href":"https:\/\/www.springrollsolution.com\/es\/wp-json\/wp\/v2\/comments?post=3302"}],"wp:featuredmedia":[{"embeddable":true,"href":"https:\/\/www.springrollsolution.com\/es\/wp-json\/wp\/v2\/media\/3303"}],"wp:attachment":[{"href":"https:\/\/www.springrollsolution.com\/es\/wp-json\/wp\/v2\/media?parent=3302"}],"wp:term":[{"taxonomy":"product_brand","embeddable":true,"href":"https:\/\/www.springrollsolution.com\/es\/wp-json\/wp\/v2\/product_brand?post=3302"},{"taxonomy":"product_cat","embeddable":true,"href":"https:\/\/www.springrollsolution.com\/es\/wp-json\/wp\/v2\/product_cat?post=3302"},{"taxonomy":"product_tag","embeddable":true,"href":"https:\/\/www.springrollsolution.com\/es\/wp-json\/wp\/v2\/product_tag?post=3302"}],"curies":[{"name":"wp","href":"https:\/\/api.w.org\/{rel}","templated":true}]}}