{"id":3261,"date":"2022-06-24T19:42:40","date_gmt":"2022-06-24T11:42:40","guid":{"rendered":"https:\/\/www.springrollsolution.com\/?post_type=product&#038;p=3261"},"modified":"2023-11-15T19:35:25","modified_gmt":"2023-11-15T11:35:25","slug":"harumaki-making-machine","status":"publish","type":"product","link":"https:\/\/www.springrollsolution.com\/es\/producto\/harumaki-making-machine\/","title":{"rendered":"30 gramos Chun Juan Harumaki que hace la m\u00e1quina para la venta"},"content":{"rendered":"<p>La m\u00e1quina para hacer harumaki GG-CJX5000 ha sido dise\u00f1ada para la producci\u00f3n industrial de harumaki (chun juan chino). La media del producto pesa entre 30-40 gramos y sabe muy bien.<\/p>\n<p>La m\u00e1quina para hacer chun juan tiene buena calidad y se vende en todo el mundo, como Chile, Estados Unidos, Canad\u00e1, Malasia, Australia, Indonesia, Arabia Saudita, Yemen, Emiratos \u00c1rabes Unidos, Filipinas y otros pa\u00edses.<\/p>\n<p><img fetchpriority=\"high\" decoding=\"async\" class=\"alignnone size-full wp-image-3265\" src=\"https:\/\/www.springrollsolution.com\/wp-content\/uploads\/2022\/06\/21-1.jpg\" alt=\"M\u00e1quina Harumaki\" width=\"700\" height=\"400\" srcset=\"https:\/\/www.springrollsolution.com\/wp-content\/uploads\/2022\/06\/21-1.jpg 700w, https:\/\/www.springrollsolution.com\/wp-content\/uploads\/2022\/06\/21-1-300x171.jpg 300w\" sizes=\"(max-width: 700px) 100vw, 700px\" \/><\/p>\n<h2><strong>Estructura de la m\u00e1quina de fabricaci\u00f3n de Harumaki<\/strong><\/h2>\n<p>A. M\u00e1quina envolvedora Harumaki: puede producir diferentes tama\u00f1os de envoltorios.<br \/>\nB. M\u00e1quina de relleno: Rellene los rellenos preparados en las hojas delgadas, se puede rellenar una variedad de rellenos.<br \/>\nC. M\u00e1quina formadora: Para doblar y enrollar los envoltorios de rollitos de primavera con relleno, luego se forman los rollitos de primavera.<\/p>\n<p><strong>Otras estructuras:<\/strong><\/p>\n<ul>\n<li>Equipos de congelaci\u00f3n r\u00e1pida: equipos para congelar r\u00e1pidamente chun juan. Hay congeladores, sistemas de refrigeraci\u00f3n, sistemas de transporte, etc.<\/li>\n<li>Equipo de envasado: equipo para envasar chun juan. Evita que los rollitos de primavera se contaminen y da\u00f1en durante el transporte y el almacenamiento.<\/li>\n<\/ul>\n<p>&nbsp;<\/p>\n<h2><strong>Proceso de producci\u00f3n de Harumaki:<\/strong><\/h2>\n<ul>\n<li>En primer lugar, la masa de la tolva se distribuye uniformemente en la rueda de cocci\u00f3n y se calienta a alta temperatura para formar las envolturas harumaki.<\/li>\n<li>A continuaci\u00f3n, el envoltorio de harumaki cocido se palea con un cuchillo y cae sobre una cinta transportadora de enfriamiento para formar una larga y fina piel de harumaki.<\/li>\n<li>Despu\u00e9s, los envoltorios de harumaki se cortar\u00e1n del mismo tama\u00f1o.<\/li>\n<li>A continuaci\u00f3n, las pieles de chun juan siguen siendo transportadas, se detienen en el lugar designado (debajo de la tolva de llenado), y luego caen los rellenos.<\/li>\n<li>Por \u00faltimo, se doblan las hojas que envuelven el relleno y se enrollan para hacer un rollito de primavera harumaki.<\/li>\n<\/ul>\n<h2><strong>V\u00eddeo de la m\u00e1quina autom\u00e1tica Chun Juan<\/strong><\/h2>\n<p><iframe title=\"M\u00e1quina autom\u00e1tica para hacer rollitos de primavera|M\u00e1quina para hacer lumpias\" width=\"500\" height=\"281\" src=\"https:\/\/www.youtube.com\/embed\/ak5XqE-YxZ0?feature=oembed\" frameborder=\"0\" allow=\"accelerometer; autoplay; clipboard-write; encrypted-media; gyroscope; picture-in-picture; web-share\" referrerpolicy=\"strict-origin-when-cross-origin\" allowfullscreen><\/iframe><\/p>\n<p>&nbsp;<\/p>\n<h2><strong>Caracter\u00edsticas de la m\u00e1quina Harumaki<\/strong><\/h2>\n<ol>\n<li>La m\u00e1quina harumaki es un equipo de producci\u00f3n industrial para rellenar, hornear, enfriar l\u00e1minas, rellenar, plegar y envolver de forma totalmente autom\u00e1tica para completar los rollitos de primavera harumaki.<\/li>\n<li>La empresa puede suministrar m\u00e1quinas chun juan chinas de alta calidad y diversas soluciones de rollitos de primavera.<\/li>\n<li>Esta m\u00e1quina se utiliza para hacer chun juan con rellenos h\u00famedos, secos, blandos y otros rellenos inestables.<\/li>\n<li>Alto grado de automatizaci\u00f3n: La mayor\u00eda de los procesos del equipo est\u00e1n automatizados, lo que puede mejorar eficazmente la eficiencia de la producci\u00f3n y reducir los costes laborales.<\/li>\n<li>Calidad estable del producto: Esta m\u00e1quina puede garantizar la uniformidad de la forma, el tama\u00f1o, el peso y los rellenos de los productos harumaki, mejorando as\u00ed la calidad del producto.<\/li>\n<\/ol>\n<p>&nbsp;<\/p>\n<h2><strong>Aplicaci\u00f3n de la m\u00e1quina Harumaki Maker<\/strong><\/h2>\n<p>Es adecuado para todo tipo de rellenos, como carne picada, gambas, verduras picadas o rellenos dulces como pasta de jud\u00edas rojas y pasta de taro. Puede utilizarse para elaborar rollitos de primavera harumaki de distintos sabores.<\/p>\n<p><img decoding=\"async\" class=\"alignnone size-full wp-image-3262\" src=\"https:\/\/www.springrollsolution.com\/wp-content\/uploads\/2022\/06\/19-1.jpg\" alt=\"M\u00e1quina Chun Juan\" width=\"700\" height=\"400\" srcset=\"https:\/\/www.springrollsolution.com\/wp-content\/uploads\/2022\/06\/19-1.jpg 700w, https:\/\/www.springrollsolution.com\/wp-content\/uploads\/2022\/06\/19-1-300x171.jpg 300w\" sizes=\"(max-width: 700px) 100vw, 700px\" \/><\/p>\n<p>&nbsp;<\/p>\n<h3><strong>Par\u00e1metros t\u00e9cnicos<\/strong><\/h3>\n<table border=\"0\" cellspacing=\"0\" cellpadding=\"0\">\n<tbody>\n<tr>\n<td colspan=\"4\" rowspan=\"1\">M\u00e1quina Harumaki GG-CJX5000<\/td>\n<\/tr>\n<tr>\n<td>Nombre<\/td>\n<td>Dimensiton\uff08mm\uff09<\/td>\n<td>Potencia\uff08KW\uff09<\/td>\n<td>No.<\/td>\n<\/tr>\n<tr>\n<td>Harumaki Wapper Part<\/td>\n<td>2200*2000*2200<\/td>\n<td>59<\/td>\n<td>1<\/td>\n<\/tr>\n<tr>\n<td>Pieza de relleno<\/td>\n<td>700*600*1000<\/td>\n<td>0.4<\/td>\n<td>1<\/td>\n<\/tr>\n<tr>\n<td>Pieza plegable Harumaki<\/td>\n<td>1700*500*1360<\/td>\n<td>0.4<\/td>\n<td>1<\/td>\n<\/tr>\n<tr>\n<td>Pieza de formaci\u00f3n Harumaki<\/td>\n<td>4030*500*1100<\/td>\n<td>0.4<\/td>\n<td>1<\/td>\n<\/tr>\n<tr>\n<td>Batidora<\/td>\n<td>1300*600*900<\/td>\n<td>1.1<\/td>\n<td>1<\/td>\n<\/tr>\n<tr>\n<td>Tanque de bater\u00edas<\/td>\n<td>800*300*320<\/td>\n<td>\/<\/td>\n<td>1<\/td>\n<\/tr>\n<tr>\n<td>Bomba de bater\u00eda<\/td>\n<td>-<\/td>\n<td>0.55<\/td>\n<td>2<\/td>\n<\/tr>\n<tr>\n<td colspan=\"4\" rowspan=\"1\">Capacidad 3000-4000pcs\/h<\/td>\n<\/tr>\n<\/tbody>\n<\/table>\n<p>&nbsp;<\/p>\n<h3><strong>Dejar solicitud de presupuesto gratuito<\/strong><\/h3>\n\n<div class=\"wpcf7 no-js\" id=\"wpcf7-f3214-o1\" lang=\"en-US\" dir=\"ltr\" data-wpcf7-id=\"3214\">\n<div class=\"screen-reader-response\"><p role=\"status\" aria-live=\"polite\" aria-atomic=\"true\"><\/p> <ul><\/ul><\/div>\n<form action=\"\/es\/wp-json\/wp\/v2\/product\/3261#wpcf7-f3214-o1\" method=\"post\" class=\"wpcf7-form init\" aria-label=\"Formulario de contacto\" novalidate=\"novalidate\" data-status=\"init\" data-trp-original-action=\"\/es\/wp-json\/wp\/v2\/product\/3261#wpcf7-f3214-o1\">\n<fieldset class=\"hidden-fields-container\"><input type=\"hidden\" name=\"_wpcf7\" value=\"3214\" \/><input type=\"hidden\" name=\"_wpcf7_version\" value=\"6.1.5\" \/><input type=\"hidden\" name=\"_wpcf7_locale\" value=\"en_US\" \/><input type=\"hidden\" name=\"_wpcf7_unit_tag\" value=\"wpcf7-f3214-o1\" \/><input type=\"hidden\" name=\"_wpcf7_container_post\" value=\"0\" \/><input type=\"hidden\" name=\"_wpcf7_posted_data_hash\" value=\"\" \/>\n<\/fieldset>\n<p><label> Su nombre<br \/>\n<span class=\"wpcf7-form-control-wrap\" data-name=\"your-name\"><input size=\"40\" maxlength=\"400\" class=\"wpcf7-form-control wpcf7-text wpcf7-validates-as-required\" aria-required=\"true\" aria-invalid=\"false\" value=\"\" type=\"text\" name=\"your-name\" \/><\/span> <\/label>\n<\/p>\n<p><label> Su pa\u00eds<br \/>\n<span class=\"wpcf7-form-control-wrap\" data-name=\"your-country\"><input size=\"40\" maxlength=\"400\" class=\"wpcf7-form-control wpcf7-text\" aria-invalid=\"false\" value=\"\" type=\"text\" name=\"your-country\" \/><\/span> <\/label>\n<\/p>\n<p><label> Su correo electr\u00f3nico<br \/>\n<span class=\"wpcf7-form-control-wrap\" data-name=\"your-email\"><input size=\"40\" maxlength=\"400\" class=\"wpcf7-form-control wpcf7-email wpcf7-validates-as-required wpcf7-text wpcf7-validates-as-email\" aria-required=\"true\" aria-invalid=\"false\" value=\"\" type=\"email\" name=\"your-email\" \/><\/span> <\/label>\n<\/p>\n<p><label> Tu tel\u00e9fono<br \/>\n<span class=\"wpcf7-form-control-wrap\" data-name=\"your-phone\"><input size=\"40\" maxlength=\"400\" class=\"wpcf7-form-control wpcf7-tel wpcf7-text wpcf7-validates-as-tel\" aria-invalid=\"false\" value=\"\" type=\"tel\" name=\"your-phone\" \/><\/span> <\/label>\n<\/p>\n<p><label> Nombre de la empresa<br \/>\n<span class=\"wpcf7-form-control-wrap\" data-name=\"text-457\"><input size=\"40\" maxlength=\"400\" class=\"wpcf7-form-control wpcf7-text\" aria-invalid=\"false\" value=\"\" type=\"text\" name=\"text-457\" \/><\/span> <\/label>\n<\/p>\n<p><label> El sitio web de su empresa<br \/>\n<span class=\"wpcf7-form-control-wrap\" data-name=\"text-546\"><input size=\"40\" maxlength=\"400\" class=\"wpcf7-form-control wpcf7-text\" aria-invalid=\"false\" value=\"\" type=\"text\" name=\"text-546\" \/><\/span> <\/label>\n<\/p>\n<p><label> Sus requisitos*<br \/>\n<span class=\"wpcf7-form-control-wrap\" data-name=\"your-requirement\"><textarea cols=\"40\" rows=\"10\" maxlength=\"2000\" class=\"wpcf7-form-control wpcf7-textarea wpcf7-validates-as-required\" aria-required=\"true\" aria-invalid=\"false\" name=\"your-requirement\"><\/textarea><\/span> <\/label>\n<\/p>\n<p><input class=\"wpcf7-form-control wpcf7-submit has-spinner\" type=\"submit\" value=\"Enviar\" \/>\n<\/p>\n<div style=\"clear:both\">\n<\/div><p style=\"display: none !important;\" class=\"akismet-fields-container\" data-prefix=\"_wpcf7_ak_\"><label>&#916;<textarea name=\"_wpcf7_ak_hp_textarea\" cols=\"45\" rows=\"8\" maxlength=\"100\"><\/textarea><\/label><input type=\"hidden\" id=\"ak_js_1\" name=\"_wpcf7_ak_js\" value=\"235\"\/><script>document.getElementById( \"ak_js_1\" ).setAttribute( \"value\", ( new Date() ).getTime() );<\/script><\/p><div class=\"wpcf7-response-output\" aria-hidden=\"true\"><\/div>\n<input type=\"hidden\" name=\"trp-form-language\" value=\"es\"\/><\/form>\n<\/div>\n\n<div style='text-align:left' class='yasr-auto-insert-visitor'><\/div>","protected":false},"excerpt":{"rendered":"<p>GG-CJX5000 harumaki making machine was designed for industrial harumaki(Chinese chun juan) production. The average of product weighs between 30-40 grams and tastes great. The chun juan making machine has good quality and for sale all over the world, such as Chile, the United States, Canada, Malaysia, Australia, Indonesia, Saudi Arabia, Yemen, the United Arab Emirates, [&hellip;]<\/p>","protected":false},"featured_media":3263,"comment_status":"open","ping_status":"closed","template":"","meta":{"site-sidebar-layout":"default","site-content-layout":"default","ast-site-content-layout":"default","site-content-style":"default","site-sidebar-style":"default","ast-global-header-display":"","ast-banner-title-visibility":"","ast-main-header-display":"","ast-hfb-above-header-display":"","ast-hfb-below-header-display":"","ast-hfb-mobile-header-display":"","site-post-title":"","ast-breadcrumbs-content":"","ast-featured-img":"","footer-sml-layout":"","theme-transparent-header-meta":"","adv-header-id-meta":"","stick-header-meta":"","header-above-stick-meta":"","header-main-stick-meta":"","header-below-stick-meta":"","astra-migrate-meta-layouts":"default","ast-page-background-enabled":"default","ast-page-background-meta":{"desktop":{"background-color":"","background-image":"","background-repeat":"repeat","background-position":"center center","background-size":"auto","background-attachment":"scroll","background-type":"","background-media":"","overlay-type":"","overlay-color":"","overlay-opacity":"","overlay-gradient":""},"tablet":{"background-color":"","background-image":"","background-repeat":"repeat","background-position":"center center","background-size":"auto","background-attachment":"scroll","background-type":"","background-media":"","overlay-type":"","overlay-color":"","overlay-opacity":"","overlay-gradient":""},"mobile":{"background-color":"","background-image":"","background-repeat":"repeat","background-position":"center center","background-size":"auto","background-attachment":"scroll","background-type":"","background-media":"","overlay-type":"","overlay-color":"","overlay-opacity":"","overlay-gradient":""}},"ast-content-background-meta":{"desktop":{"background-color":"var(--ast-global-color-5)","background-image":"","background-repeat":"repeat","background-position":"center center","background-size":"auto","background-attachment":"scroll","background-type":"","background-media":"","overlay-type":"","overlay-color":"","overlay-opacity":"","overlay-gradient":""},"tablet":{"background-color":"var(--ast-global-color-5)","background-image":"","background-repeat":"repeat","background-position":"center center","background-size":"auto","background-attachment":"scroll","background-type":"","background-media":"","overlay-type":"","overlay-color":"","overlay-opacity":"","overlay-gradient":""},"mobile":{"background-color":"var(--ast-global-color-5)","background-image":"","background-repeat":"repeat","background-position":"center center","background-size":"auto","background-attachment":"scroll","background-type":"","background-media":"","overlay-type":"","overlay-color":"","overlay-opacity":"","overlay-gradient":""}},"yasr_overall_rating":0,"yasr_post_is_review":"","yasr_auto_insert_disabled":"","yasr_review_type":""},"product_brand":[],"product_cat":[24],"product_tag":[],"class_list":{"0":"post-3261","1":"product","2":"type-product","3":"status-publish","4":"has-post-thumbnail","6":"product_cat-spring-roll-machine","7":"desktop-align-left","8":"tablet-align-left","9":"mobile-align-left","11":"first","12":"instock","13":"shipping-taxable","14":"product-type-simple"},"yoast_head":"<!-- This site is optimized with the Yoast SEO plugin v26.4 - https:\/\/yoast.com\/wordpress\/plugins\/seo\/ -->\n<title>30 grams Chun Juan Harumaki Making Machine For Sale<\/title>\n<meta name=\"description\" content=\"This harumaki making machine can make 30-40 grams of harumaki, lumpia, spring roll and other product. Large output, suitable for commercial use.\" \/>\n<meta name=\"robots\" content=\"index, follow, max-snippet:-1, max-image-preview:large, max-video-preview:-1\" \/>\n<link rel=\"canonical\" href=\"https:\/\/www.springrollsolution.com\/es\/producto\/harumaki-making-machine\/\" \/>\n<meta property=\"og:locale\" content=\"es_ES\" \/>\n<meta property=\"og:type\" content=\"article\" \/>\n<meta property=\"og:title\" content=\"30 grams Chun Juan Harumaki Making Machine For Sale\" \/>\n<meta property=\"og:description\" content=\"This harumaki making machine can make 30-40 grams of harumaki, lumpia, spring roll and other product. Large output, suitable for commercial use.\" \/>\n<meta property=\"og:url\" content=\"https:\/\/www.springrollsolution.com\/es\/producto\/harumaki-making-machine\/\" \/>\n<meta property=\"og:site_name\" content=\"Spring Roll Processing Machine\" \/>\n<meta property=\"article:modified_time\" content=\"2023-11-15T11:35:25+00:00\" \/>\n<meta property=\"og:image\" content=\"https:\/\/www.springrollsolution.com\/wp-content\/uploads\/2022\/06\/20-1.jpg\" \/>\n\t<meta property=\"og:image:width\" content=\"600\" \/>\n\t<meta property=\"og:image:height\" content=\"600\" \/>\n\t<meta property=\"og:image:type\" content=\"image\/jpeg\" \/>\n<meta name=\"twitter:card\" content=\"summary_large_image\" \/>\n<meta name=\"twitter:label1\" content=\"Tiempo de lectura\" \/>\n\t<meta name=\"twitter:data1\" content=\"3 minutos\" \/>\n<script type=\"application\/ld+json\" class=\"yoast-schema-graph\">{\"@context\":\"https:\/\/schema.org\",\"@graph\":[{\"@type\":\"WebPage\",\"@id\":\"https:\/\/www.springrollsolution.com\/product\/harumaki-making-machine\/\",\"url\":\"https:\/\/www.springrollsolution.com\/product\/harumaki-making-machine\/\",\"name\":\"30 grams Chun Juan Harumaki Making Machine For Sale\",\"isPartOf\":{\"@id\":\"https:\/\/www.springrollsolution.com\/#website\"},\"primaryImageOfPage\":{\"@id\":\"https:\/\/www.springrollsolution.com\/product\/harumaki-making-machine\/#primaryimage\"},\"image\":{\"@id\":\"https:\/\/www.springrollsolution.com\/product\/harumaki-making-machine\/#primaryimage\"},\"thumbnailUrl\":\"https:\/\/www.springrollsolution.com\/wp-content\/uploads\/2022\/06\/20-1.jpg\",\"datePublished\":\"2022-06-24T11:42:40+00:00\",\"dateModified\":\"2023-11-15T11:35:25+00:00\",\"description\":\"This harumaki making machine can make 30-40 grams of harumaki, lumpia, spring roll and other product. Large output, suitable for commercial use.\",\"breadcrumb\":{\"@id\":\"https:\/\/www.springrollsolution.com\/product\/harumaki-making-machine\/#breadcrumb\"},\"inLanguage\":\"es\",\"potentialAction\":[{\"@type\":\"ReadAction\",\"target\":[\"https:\/\/www.springrollsolution.com\/product\/harumaki-making-machine\/\"]}]},{\"@type\":\"ImageObject\",\"inLanguage\":\"es\",\"@id\":\"https:\/\/www.springrollsolution.com\/product\/harumaki-making-machine\/#primaryimage\",\"url\":\"https:\/\/www.springrollsolution.com\/wp-content\/uploads\/2022\/06\/20-1.jpg\",\"contentUrl\":\"https:\/\/www.springrollsolution.com\/wp-content\/uploads\/2022\/06\/20-1.jpg\",\"width\":600,\"height\":600,\"caption\":\"Harumaki Making Machine For Sale\"},{\"@type\":\"BreadcrumbList\",\"@id\":\"https:\/\/www.springrollsolution.com\/product\/harumaki-making-machine\/#breadcrumb\",\"itemListElement\":[{\"@type\":\"ListItem\",\"position\":1,\"name\":\"Home\",\"item\":\"https:\/\/www.springrollsolution.com\/\"},{\"@type\":\"ListItem\",\"position\":2,\"name\":\"Products\",\"item\":\"https:\/\/www.springrollsolution.com\/shop\/\"},{\"@type\":\"ListItem\",\"position\":3,\"name\":\"30 grams Chun Juan Harumaki Making Machine For Sale\"}]},{\"@type\":\"WebSite\",\"@id\":\"https:\/\/www.springrollsolution.com\/#website\",\"url\":\"https:\/\/www.springrollsolution.com\/\",\"name\":\"Spring Roll Processing Machine\",\"description\":\"Spring roll processing solution provider\",\"publisher\":{\"@id\":\"https:\/\/www.springrollsolution.com\/#organization\"},\"potentialAction\":[{\"@type\":\"SearchAction\",\"target\":{\"@type\":\"EntryPoint\",\"urlTemplate\":\"https:\/\/www.springrollsolution.com\/?s={search_term_string}\"},\"query-input\":{\"@type\":\"PropertyValueSpecification\",\"valueRequired\":true,\"valueName\":\"search_term_string\"}}],\"inLanguage\":\"es\"},{\"@type\":\"Organization\",\"@id\":\"https:\/\/www.springrollsolution.com\/#organization\",\"name\":\"Spring Roll Processing Machine\",\"url\":\"https:\/\/www.springrollsolution.com\/\",\"logo\":{\"@type\":\"ImageObject\",\"inLanguage\":\"es\",\"@id\":\"https:\/\/www.springrollsolution.com\/#\/schema\/logo\/image\/\",\"url\":\"https:\/\/www.springrollsolution.com\/wp-content\/uploads\/2025\/05\/cropped-logo.png\",\"contentUrl\":\"https:\/\/www.springrollsolution.com\/wp-content\/uploads\/2025\/05\/cropped-logo.png\",\"width\":180,\"height\":60,\"caption\":\"Spring Roll Processing Machine\"},\"image\":{\"@id\":\"https:\/\/www.springrollsolution.com\/#\/schema\/logo\/image\/\"}},false]}<\/script>\n<!-- \/ Yoast SEO plugin. -->","yoast_head_json":{"title":"30 gramos Chun Juan Harumaki que hace la m\u00e1quina para la venta","description":"Esta m\u00e1quina de hacer harumaki puede hacer 30-40 gramos de harumaki, lumpia, rollito de primavera y otros productos. Gran producci\u00f3n, adecuado para uso comercial.","robots":{"index":"index","follow":"follow","max-snippet":"max-snippet:-1","max-image-preview":"max-image-preview:large","max-video-preview":"max-video-preview:-1"},"canonical":"https:\/\/www.springrollsolution.com\/es\/producto\/harumaki-making-machine\/","og_locale":"es_ES","og_type":"article","og_title":"30 grams Chun Juan Harumaki Making Machine For Sale","og_description":"This harumaki making machine can make 30-40 grams of harumaki, lumpia, spring roll and other product. Large output, suitable for commercial use.","og_url":"https:\/\/www.springrollsolution.com\/es\/producto\/harumaki-making-machine\/","og_site_name":"Spring Roll Processing Machine","article_modified_time":"2023-11-15T11:35:25+00:00","og_image":[{"width":600,"height":600,"url":"https:\/\/www.springrollsolution.com\/wp-content\/uploads\/2022\/06\/20-1.jpg","type":"image\/jpeg"}],"twitter_card":"summary_large_image","twitter_misc":{"Tiempo de lectura":"3 minutos"},"schema":{"@context":"https:\/\/schema.org","@graph":[{"@type":"WebPage","@id":"https:\/\/www.springrollsolution.com\/product\/harumaki-making-machine\/","url":"https:\/\/www.springrollsolution.com\/product\/harumaki-making-machine\/","name":"30 gramos Chun Juan Harumaki que hace la m\u00e1quina para la venta","isPartOf":{"@id":"https:\/\/www.springrollsolution.com\/#website"},"primaryImageOfPage":{"@id":"https:\/\/www.springrollsolution.com\/product\/harumaki-making-machine\/#primaryimage"},"image":{"@id":"https:\/\/www.springrollsolution.com\/product\/harumaki-making-machine\/#primaryimage"},"thumbnailUrl":"https:\/\/www.springrollsolution.com\/wp-content\/uploads\/2022\/06\/20-1.jpg","datePublished":"2022-06-24T11:42:40+00:00","dateModified":"2023-11-15T11:35:25+00:00","description":"Esta m\u00e1quina de hacer harumaki puede hacer 30-40 gramos de harumaki, lumpia, rollito de primavera y otros productos. Gran producci\u00f3n, adecuado para uso comercial.","breadcrumb":{"@id":"https:\/\/www.springrollsolution.com\/product\/harumaki-making-machine\/#breadcrumb"},"inLanguage":"es","potentialAction":[{"@type":"ReadAction","target":["https:\/\/www.springrollsolution.com\/product\/harumaki-making-machine\/"]}]},{"@type":"ImageObject","inLanguage":"es","@id":"https:\/\/www.springrollsolution.com\/product\/harumaki-making-machine\/#primaryimage","url":"https:\/\/www.springrollsolution.com\/wp-content\/uploads\/2022\/06\/20-1.jpg","contentUrl":"https:\/\/www.springrollsolution.com\/wp-content\/uploads\/2022\/06\/20-1.jpg","width":600,"height":600,"caption":"Harumaki Making Machine For Sale"},{"@type":"BreadcrumbList","@id":"https:\/\/www.springrollsolution.com\/product\/harumaki-making-machine\/#breadcrumb","itemListElement":[{"@type":"ListItem","position":1,"name":"Home","item":"https:\/\/www.springrollsolution.com\/"},{"@type":"ListItem","position":2,"name":"Products","item":"https:\/\/www.springrollsolution.com\/shop\/"},{"@type":"ListItem","position":3,"name":"30 grams Chun Juan Harumaki Making Machine For Sale"}]},{"@type":"WebSite","@id":"https:\/\/www.springrollsolution.com\/#website","url":"https:\/\/www.springrollsolution.com\/","name":"M\u00e1quina procesadora de rollitos de primavera","description":"Proveedor de soluciones de procesamiento de rollitos de primavera","publisher":{"@id":"https:\/\/www.springrollsolution.com\/#organization"},"potentialAction":[{"@type":"SearchAction","target":{"@type":"EntryPoint","urlTemplate":"https:\/\/www.springrollsolution.com\/?s={search_term_string}"},"query-input":{"@type":"PropertyValueSpecification","valueRequired":true,"valueName":"search_term_string"}}],"inLanguage":"es"},{"@type":"Organization","@id":"https:\/\/www.springrollsolution.com\/#organization","name":"M\u00e1quina procesadora de rollitos de primavera","url":"https:\/\/www.springrollsolution.com\/","logo":{"@type":"ImageObject","inLanguage":"es","@id":"https:\/\/www.springrollsolution.com\/#\/schema\/logo\/image\/","url":"https:\/\/www.springrollsolution.com\/wp-content\/uploads\/2025\/05\/cropped-logo.png","contentUrl":"https:\/\/www.springrollsolution.com\/wp-content\/uploads\/2025\/05\/cropped-logo.png","width":180,"height":60,"caption":"Spring Roll Processing Machine"},"image":{"@id":"https:\/\/www.springrollsolution.com\/#\/schema\/logo\/image\/"}},false]}},"yasr_visitor_votes":{"stars_attributes":{"read_only":false,"span_bottom":false},"number_of_votes":0,"sum_votes":0},"_links":{"self":[{"href":"https:\/\/www.springrollsolution.com\/es\/wp-json\/wp\/v2\/product\/3261","targetHints":{"allow":["GET"]}}],"collection":[{"href":"https:\/\/www.springrollsolution.com\/es\/wp-json\/wp\/v2\/product"}],"about":[{"href":"https:\/\/www.springrollsolution.com\/es\/wp-json\/wp\/v2\/types\/product"}],"replies":[{"embeddable":true,"href":"https:\/\/www.springrollsolution.com\/es\/wp-json\/wp\/v2\/comments?post=3261"}],"wp:featuredmedia":[{"embeddable":true,"href":"https:\/\/www.springrollsolution.com\/es\/wp-json\/wp\/v2\/media\/3263"}],"wp:attachment":[{"href":"https:\/\/www.springrollsolution.com\/es\/wp-json\/wp\/v2\/media?parent=3261"}],"wp:term":[{"taxonomy":"product_brand","embeddable":true,"href":"https:\/\/www.springrollsolution.com\/es\/wp-json\/wp\/v2\/product_brand?post=3261"},{"taxonomy":"product_cat","embeddable":true,"href":"https:\/\/www.springrollsolution.com\/es\/wp-json\/wp\/v2\/product_cat?post=3261"},{"taxonomy":"product_tag","embeddable":true,"href":"https:\/\/www.springrollsolution.com\/es\/wp-json\/wp\/v2\/product_tag?post=3261"}],"curies":[{"name":"wp","href":"https:\/\/api.w.org\/{rel}","templated":true}]}}