{"id":3189,"date":"2022-06-20T17:55:21","date_gmt":"2022-06-20T09:55:21","guid":{"rendered":"https:\/\/www.springrollsolution.com\/?post_type=product&#038;p=3189"},"modified":"2025-08-19T09:38:50","modified_gmt":"2025-08-19T01:38:50","slug":"spring-roll-machine-price","status":"publish","type":"product","link":"https:\/\/www.springrollsolution.com\/es\/producto\/spring-roll-machine-price\/","title":{"rendered":"Enrolladora de resortes industrial Precio 5000 piezas\/h"},"content":{"rendered":"<p>El precio de la m\u00e1quina de rollitos de primavera es un factor importante a tener en cuenta a la hora de iniciar un negocio en el sector alimentario, sobre todo si desea especializarse en cocina asi\u00e1tica.<\/p>\n<p>Nuestra compa\u00f1\u00eda produce y desarrolla la m\u00e1quina industrial del rollo de primavera, se especializa para hacer productos del rollo de primavera. Puede producir diversos tipos, tales como rollos del huevo, lumpia, rollos del queso y as\u00ed sucesivamente.<\/p>\n<p><img fetchpriority=\"high\" decoding=\"async\" class=\"alignnone size-full wp-image-3192\" src=\"https:\/\/www.springrollsolution.com\/wp-content\/uploads\/2022\/06\/13-1.jpg\" alt=\"Enrolladora de muelles\" width=\"700\" height=\"400\" srcset=\"https:\/\/www.springrollsolution.com\/wp-content\/uploads\/2022\/06\/13-1.jpg 700w, https:\/\/www.springrollsolution.com\/wp-content\/uploads\/2022\/06\/13-1-300x171.jpg 300w\" sizes=\"(max-width: 700px) 100vw, 700px\" \/><\/p>\n<h2><strong>Estructura de la m\u00e1quina industrial de enrollado de muelles<\/strong><\/h2>\n<p>Esta m\u00e1quina incluye batidor de masa, bomba de transferencia, m\u00e1quina de hornear envoltura de rollitos de primavera, parte de enfriamiento, m\u00e1quina de llenado de relleno, m\u00e1quina plegadora, parte de enrollado y parte de transporte.<\/p>\n<p>El alto grado de automatizaci\u00f3n del equipo no s\u00f3lo aumenta la velocidad de producci\u00f3n de rollitos de primavera, sino que tambi\u00e9n garantiza la consistencia de la calidad y el sabor de los rollitos de primavera, por lo que es una soluci\u00f3n ideal para la producci\u00f3n de rollitos de primavera a gran escala.<\/p>\n<p>Con la popularidad de los rollitos de primavera, cada vez hay m\u00e1s fabricantes de equipos relacionados, y el precio de la m\u00e1quina de rollitos de primavera de las diferentes empresas tambi\u00e9n son diferentes. La raz\u00f3n sigue siendo diferentes materiales, diferente capacidad de producci\u00f3n, etc.<\/p>\n<p><img decoding=\"async\" class=\"alignnone size-full wp-image-5399\" src=\"https:\/\/www.springrollsolution.com\/wp-content\/uploads\/2022\/06\/8-3.jpg\" alt=\"Precio de la m\u00e1quina para hacer rollitos de primavera\" width=\"630\" height=\"400\" srcset=\"https:\/\/www.springrollsolution.com\/wp-content\/uploads\/2022\/06\/8-3.jpg 630w, https:\/\/www.springrollsolution.com\/wp-content\/uploads\/2022\/06\/8-3-300x190.jpg 300w, https:\/\/www.springrollsolution.com\/wp-content\/uploads\/2022\/06\/8-3-18x12.jpg 18w\" sizes=\"(max-width: 630px) 100vw, 630px\" \/><\/p>\n<h2><strong>Introducci\u00f3n de los rollitos de primavera<\/strong><\/h2>\n<p>Los rollitos de primavera son un aperitivo o dim sum habitual en la cocina china y otras cocinas del sudeste asi\u00e1tico. Son populares en Australia, Alemania, Francia, Polonia, Pa\u00edses Bajos, B\u00e9lgica, Brasil, Chile, M\u00e9xico, Venezuela, Argentina y otros pa\u00edses. Cada lugar tiene un proceso de producci\u00f3n distinto, por lo que hay diferencias en la elaboraci\u00f3n de la piel, el relleno, etc.<\/p>\n<ul>\n<li>Fabricaci\u00f3n de envoltorios: Las materias primas utilizadas son diferentes, algunos utilizan masa de arroz, algunos utilizan pasta de harina, y otros ingredientes ser\u00e1n ligeramente diferentes seg\u00fan los diferentes productos.<\/li>\n<li>Rellenos: Los rellenos dulces y salados son habituales. Los rollitos de primavera pueden envolverse con alubias rojas, zanahorias, col, jud\u00edas verdes, brotes de bamb\u00fa, corazones de pl\u00e1tano, puerros y, a veces, carne picada; pollo, gambas, cerdo o ternera. Normalmente, estos materiales deben picarse y luego introducirse en la tolva, pues de lo contrario el relleno no caer\u00e1 f\u00e1cilmente.<\/li>\n<\/ul>\n<p><img decoding=\"async\" class=\"alignnone size-full wp-image-3193\" src=\"https:\/\/www.springrollsolution.com\/wp-content\/uploads\/2022\/06\/14-1.jpg\" alt=\"Producci\u00f3n de rollitos de primavera\" width=\"700\" height=\"400\" srcset=\"https:\/\/www.springrollsolution.com\/wp-content\/uploads\/2022\/06\/14-1.jpg 700w, https:\/\/www.springrollsolution.com\/wp-content\/uploads\/2022\/06\/14-1-300x171.jpg 300w\" sizes=\"(max-width: 700px) 100vw, 700px\" \/><\/p>\n<h2><strong>Ventajas de la m\u00e1quina para fabricar rollitos de primavera<\/strong><\/h2>\n<ol>\n<li>Admite la personalizaci\u00f3n y la elaboraci\u00f3n de rollitos de primavera con un di\u00e1metro de 2,6 cm, una longitud de 9 cm y un peso de 30-40 gramos.<\/li>\n<li>Multifuncional, esta m\u00e1quina no s\u00f3lo puede producir rollitos de primavera, sino tambi\u00e9n rollos de huevo, harumaki, palitos de mozzarella y otros productos.<\/li>\n<li>La parte delantera de la cinta transportadora adopta el tipo de cinta de malla, que favorece la disipaci\u00f3n del calor de la piel del rodillo el\u00e1stico.<\/li>\n<li>Los rollitos de primavera se forman completamente, sin dejar ver el relleno, y el enrollado es regular.<\/li>\n<li>El precio de la m\u00e1quina para hacer rollitos de primavera viene determinado por la producci\u00f3n, el material, el voltaje y otros factores de la m\u00e1quina.<\/li>\n<li>La m\u00e1quina tiene una alta eficiencia de producci\u00f3n y un funcionamiento sencillo, lo que es propicio para la producci\u00f3n a gran escala de rollitos de primavera en las f\u00e1bricas.<\/li>\n<li>El armario de control se utiliza para controlar y operar el equipo. Cuando se producen rollitos de primavera, la proporci\u00f3n se puede ajustar de acuerdo con diferentes requisitos, lo que es muy f\u00e1cil de ajustar.<\/li>\n<li>El m\u00e9todo de calentamiento es electromagn\u00e9tico, lo que ahorra 30% energ\u00eda en comparaci\u00f3n con el m\u00e9todo de calentamiento tradicional.<\/li>\n<\/ol>\n<h2><strong>Proceso de producci\u00f3n de los rollitos de primavera<\/strong><\/h2>\n<p><iframe title=\"Reproductor de v\u00eddeo YouTube\" src=\"https:\/\/www.youtube.com\/embed\/ak5XqE-YxZ0\" width=\"560\" height=\"315\" frameborder=\"0\" allowfullscreen=\"allowfullscreen\"><\/iframe><\/p>\n<h2><strong>Precauciones de la m\u00e1quina autom\u00e1tica de hacer rollitos de primavera<\/strong><\/h2>\n<ul>\n<li>La m\u00e1quina debe instalarse en un suelo estable y nivelado.<\/li>\n<li>La calefacci\u00f3n debe estar paralela a la l\u00ednea auxiliar durante la instalaci\u00f3n.<\/li>\n<li>Abra la tapa el\u00e9ctrica y ponga el aparato en funcionamiento.<\/li>\n<li>Una vez realizado el trabajo, la m\u00e1quina debe lavarse con agua.<\/li>\n<li>Antes de su uso, debe utilizarse un cable de tierra.<\/li>\n<li>Necesita el precio de la m\u00e1quina de rollo de primavera, por favor p\u00f3ngase en contacto con nosotros: ya sea por <a href=\"mailto:lisa@machinehall.com\"><span style=\"color: #3366ff;\"><strong>Correo electr\u00f3nico<\/strong><\/span><\/a> o <a href=\"https:\/\/wa.me\/8615515571373\"><span style=\"color: #3366ff;\"><strong>WhatsApp<\/strong><\/span><\/a>.<\/li>\n<\/ul>\n<h3><strong>Par\u00e1metros t\u00e9cnicos<\/strong><\/h3>\n<table border=\"0\" cellspacing=\"0\" cellpadding=\"0\">\n<tbody>\n<tr>\n<td colspan=\"4\" rowspan=\"1\">GG-CJX5000 Enrolladora de muelles industrial<\/td>\n<\/tr>\n<tr>\n<td>Nombre<\/td>\n<td>Dimensiton\uff08mm\uff09<\/td>\n<td>Potencia\uff08KW\uff09<\/td>\n<td>No.<\/td>\n<\/tr>\n<tr>\n<td>Spring Roll Wapper Pieza<\/td>\n<td>2200*2000*2200<\/td>\n<td>59<\/td>\n<td>1<\/td>\n<\/tr>\n<tr>\n<td>Pieza de relleno<\/td>\n<td>700*600*1000<\/td>\n<td>0.4<\/td>\n<td>1<\/td>\n<\/tr>\n<tr>\n<td>Pieza plegable Spring Roll<\/td>\n<td>1700*500*1360<\/td>\n<td>0.4<\/td>\n<td>1<\/td>\n<\/tr>\n<tr>\n<td>Pieza para perfilado de muelles<\/td>\n<td>4030*500*1100<\/td>\n<td>0.4<\/td>\n<td>1<\/td>\n<\/tr>\n<tr>\n<td>Batidora<\/td>\n<td>1300*600*900<\/td>\n<td>1.1<\/td>\n<td>1<\/td>\n<\/tr>\n<tr>\n<td>Tanque de bater\u00edas<\/td>\n<td>800*300*320<\/td>\n<td>\/<\/td>\n<td>1<\/td>\n<\/tr>\n<tr>\n<td>Bomba de bater\u00eda<\/td>\n<td>&#8211;<\/td>\n<td>0.55<\/td>\n<td>2<\/td>\n<\/tr>\n<tr>\n<td colspan=\"4\" rowspan=\"1\">Capacidad 3000-4000pcs\/h<\/td>\n<\/tr>\n<\/tbody>\n<\/table>\n<h3><strong>Dejar solicitud de presupuesto gratuito<\/strong><\/h3>\n\n<div class=\"wpcf7 no-js\" id=\"wpcf7-f3214-o1\" lang=\"en-US\" dir=\"ltr\" data-wpcf7-id=\"3214\">\n<div class=\"screen-reader-response\"><p role=\"status\" aria-live=\"polite\" aria-atomic=\"true\"><\/p> <ul><\/ul><\/div>\n<form action=\"\/es\/wp-json\/wp\/v2\/product\/3189#wpcf7-f3214-o1\" method=\"post\" class=\"wpcf7-form init\" aria-label=\"Formulario de contacto\" novalidate=\"novalidate\" data-status=\"init\" data-trp-original-action=\"\/es\/wp-json\/wp\/v2\/product\/3189#wpcf7-f3214-o1\">\n<fieldset class=\"hidden-fields-container\"><input type=\"hidden\" name=\"_wpcf7\" value=\"3214\" \/><input type=\"hidden\" name=\"_wpcf7_version\" value=\"6.1.5\" \/><input type=\"hidden\" name=\"_wpcf7_locale\" value=\"en_US\" \/><input type=\"hidden\" name=\"_wpcf7_unit_tag\" value=\"wpcf7-f3214-o1\" \/><input type=\"hidden\" name=\"_wpcf7_container_post\" value=\"0\" \/><input type=\"hidden\" name=\"_wpcf7_posted_data_hash\" value=\"\" \/>\n<\/fieldset>\n<p><label> Su nombre<br \/>\n<span class=\"wpcf7-form-control-wrap\" data-name=\"your-name\"><input size=\"40\" maxlength=\"400\" class=\"wpcf7-form-control wpcf7-text wpcf7-validates-as-required\" aria-required=\"true\" aria-invalid=\"false\" value=\"\" type=\"text\" name=\"your-name\" \/><\/span> <\/label>\n<\/p>\n<p><label> Su pa\u00eds<br \/>\n<span class=\"wpcf7-form-control-wrap\" data-name=\"your-country\"><input size=\"40\" maxlength=\"400\" class=\"wpcf7-form-control wpcf7-text\" aria-invalid=\"false\" value=\"\" type=\"text\" name=\"your-country\" \/><\/span> <\/label>\n<\/p>\n<p><label> Su correo electr\u00f3nico<br \/>\n<span class=\"wpcf7-form-control-wrap\" data-name=\"your-email\"><input size=\"40\" maxlength=\"400\" class=\"wpcf7-form-control wpcf7-email wpcf7-validates-as-required wpcf7-text wpcf7-validates-as-email\" aria-required=\"true\" aria-invalid=\"false\" value=\"\" type=\"email\" name=\"your-email\" \/><\/span> <\/label>\n<\/p>\n<p><label> Tu tel\u00e9fono<br \/>\n<span class=\"wpcf7-form-control-wrap\" data-name=\"your-phone\"><input size=\"40\" maxlength=\"400\" class=\"wpcf7-form-control wpcf7-tel wpcf7-text wpcf7-validates-as-tel\" aria-invalid=\"false\" value=\"\" type=\"tel\" name=\"your-phone\" \/><\/span> <\/label>\n<\/p>\n<p><label> Nombre de la empresa<br \/>\n<span class=\"wpcf7-form-control-wrap\" data-name=\"text-457\"><input size=\"40\" maxlength=\"400\" class=\"wpcf7-form-control wpcf7-text\" aria-invalid=\"false\" value=\"\" type=\"text\" name=\"text-457\" \/><\/span> <\/label>\n<\/p>\n<p><label> El sitio web de su empresa<br \/>\n<span class=\"wpcf7-form-control-wrap\" data-name=\"text-546\"><input size=\"40\" maxlength=\"400\" class=\"wpcf7-form-control wpcf7-text\" aria-invalid=\"false\" value=\"\" type=\"text\" name=\"text-546\" \/><\/span> <\/label>\n<\/p>\n<p><label> Sus requisitos*<br \/>\n<span class=\"wpcf7-form-control-wrap\" data-name=\"your-requirement\"><textarea cols=\"40\" rows=\"10\" maxlength=\"2000\" class=\"wpcf7-form-control wpcf7-textarea wpcf7-validates-as-required\" aria-required=\"true\" aria-invalid=\"false\" name=\"your-requirement\"><\/textarea><\/span> <\/label>\n<\/p>\n<p><input class=\"wpcf7-form-control wpcf7-submit has-spinner\" type=\"submit\" value=\"Enviar\" \/>\n<\/p>\n<div style=\"clear:both\">\n<\/div><p style=\"display: none !important;\" class=\"akismet-fields-container\" data-prefix=\"_wpcf7_ak_\"><label>&#916;<textarea name=\"_wpcf7_ak_hp_textarea\" cols=\"45\" rows=\"8\" maxlength=\"100\"><\/textarea><\/label><input type=\"hidden\" id=\"ak_js_1\" name=\"_wpcf7_ak_js\" value=\"207\"\/><script>document.getElementById( \"ak_js_1\" ).setAttribute( \"value\", ( new Date() ).getTime() );<\/script><\/p><div class=\"wpcf7-response-output\" aria-hidden=\"true\"><\/div>\n<input type=\"hidden\" name=\"trp-form-language\" value=\"es\"\/><\/form>\n<\/div>\n\n<div style='text-align:left' class='yasr-auto-insert-visitor'><\/div>","protected":false},"excerpt":{"rendered":"<ul>\n<li><span style=\"color: #3366ff;\"><strong>Correo electr\u00f3nico: <a style=\"color: #3366ff;\" href=\"mailto:lisa@machinehall.com\">lisa@machinehall.com<\/a><\/strong><\/span><\/li>\n<li><span style=\"color: #3366ff;\"><strong>WhatsApp: <a style=\"color: #3366ff;\" href=\"https:\/\/wa.me\/8615515571373\">+8615515571373<\/a><\/strong><\/span><\/li>\n<li><\/li>\n<\/ul>","protected":false},"featured_media":3197,"comment_status":"open","ping_status":"closed","template":"","meta":{"site-sidebar-layout":"default","site-content-layout":"default","ast-site-content-layout":"default","site-content-style":"default","site-sidebar-style":"default","ast-global-header-display":"","ast-banner-title-visibility":"","ast-main-header-display":"","ast-hfb-above-header-display":"","ast-hfb-below-header-display":"","ast-hfb-mobile-header-display":"","site-post-title":"","ast-breadcrumbs-content":"","ast-featured-img":"","footer-sml-layout":"","theme-transparent-header-meta":"","adv-header-id-meta":"","stick-header-meta":"","header-above-stick-meta":"","header-main-stick-meta":"","header-below-stick-meta":"","astra-migrate-meta-layouts":"default","ast-page-background-enabled":"default","ast-page-background-meta":{"desktop":{"background-color":"","background-image":"","background-repeat":"repeat","background-position":"center center","background-size":"auto","background-attachment":"scroll","background-type":"","background-media":"","overlay-type":"","overlay-color":"","overlay-opacity":"","overlay-gradient":""},"tablet":{"background-color":"","background-image":"","background-repeat":"repeat","background-position":"center center","background-size":"auto","background-attachment":"scroll","background-type":"","background-media":"","overlay-type":"","overlay-color":"","overlay-opacity":"","overlay-gradient":""},"mobile":{"background-color":"","background-image":"","background-repeat":"repeat","background-position":"center center","background-size":"auto","background-attachment":"scroll","background-type":"","background-media":"","overlay-type":"","overlay-color":"","overlay-opacity":"","overlay-gradient":""}},"ast-content-background-meta":{"desktop":{"background-color":"var(--ast-global-color-5)","background-image":"","background-repeat":"repeat","background-position":"center center","background-size":"auto","background-attachment":"scroll","background-type":"","background-media":"","overlay-type":"","overlay-color":"","overlay-opacity":"","overlay-gradient":""},"tablet":{"background-color":"var(--ast-global-color-5)","background-image":"","background-repeat":"repeat","background-position":"center center","background-size":"auto","background-attachment":"scroll","background-type":"","background-media":"","overlay-type":"","overlay-color":"","overlay-opacity":"","overlay-gradient":""},"mobile":{"background-color":"var(--ast-global-color-5)","background-image":"","background-repeat":"repeat","background-position":"center center","background-size":"auto","background-attachment":"scroll","background-type":"","background-media":"","overlay-type":"","overlay-color":"","overlay-opacity":"","overlay-gradient":""}},"yasr_overall_rating":5,"yasr_post_is_review":"","yasr_auto_insert_disabled":"","yasr_review_type":""},"product_brand":[],"product_cat":[24],"product_tag":[],"class_list":{"0":"post-3189","1":"product","2":"type-product","3":"status-publish","4":"has-post-thumbnail","6":"product_cat-spring-roll-machine","7":"desktop-align-left","8":"tablet-align-left","9":"mobile-align-left","11":"first","12":"instock","13":"shipping-taxable","14":"product-type-simple"},"yoast_head":"<!-- This site is optimized with the Yoast SEO plugin v26.4 - https:\/\/yoast.com\/wordpress\/plugins\/seo\/ -->\n<title>Industrial Spring Roll Machine Price 5000 Pieces\/h<\/title>\n<meta name=\"description\" content=\"The spring roll machine has a variety of models to choose from, 1000pcs\/h, 3000pcs\/h, 5000pcs\/h, etc. And the price is also different.\" \/>\n<meta name=\"robots\" content=\"index, follow, max-snippet:-1, max-image-preview:large, max-video-preview:-1\" \/>\n<link rel=\"canonical\" href=\"https:\/\/www.springrollsolution.com\/es\/producto\/spring-roll-machine-price\/\" \/>\n<meta property=\"og:locale\" content=\"es_ES\" \/>\n<meta property=\"og:type\" content=\"article\" \/>\n<meta property=\"og:title\" content=\"Industrial Spring Roll Machine Price 5000 Pieces\/h\" \/>\n<meta property=\"og:description\" content=\"The spring roll machine has a variety of models to choose from, 1000pcs\/h, 3000pcs\/h, 5000pcs\/h, etc. And the price is also different.\" \/>\n<meta property=\"og:url\" content=\"https:\/\/www.springrollsolution.com\/es\/producto\/spring-roll-machine-price\/\" \/>\n<meta property=\"og:site_name\" content=\"Spring Roll Processing Machine\" \/>\n<meta property=\"article:modified_time\" content=\"2025-08-19T01:38:50+00:00\" \/>\n<meta property=\"og:image\" content=\"https:\/\/www.springrollsolution.com\/wp-content\/uploads\/2022\/06\/15-2.jpg\" \/>\n\t<meta property=\"og:image:width\" content=\"600\" \/>\n\t<meta property=\"og:image:height\" content=\"600\" \/>\n\t<meta property=\"og:image:type\" content=\"image\/jpeg\" \/>\n<meta name=\"twitter:card\" content=\"summary_large_image\" \/>\n<meta name=\"twitter:label1\" content=\"Tiempo de lectura\" \/>\n\t<meta name=\"twitter:data1\" content=\"4 minutos\" \/>\n<script type=\"application\/ld+json\" class=\"yoast-schema-graph\">{\"@context\":\"https:\/\/schema.org\",\"@graph\":[{\"@type\":\"WebPage\",\"@id\":\"https:\/\/www.springrollsolution.com\/id\/produk\/spring-roll-machine-price\/\",\"url\":\"https:\/\/www.springrollsolution.com\/id\/produk\/spring-roll-machine-price\/\",\"name\":\"Industrial Spring Roll Machine Price 5000 Pieces\/h\",\"isPartOf\":{\"@id\":\"https:\/\/www.springrollsolution.com\/#website\"},\"primaryImageOfPage\":{\"@id\":\"https:\/\/www.springrollsolution.com\/id\/produk\/spring-roll-machine-price\/#primaryimage\"},\"image\":{\"@id\":\"https:\/\/www.springrollsolution.com\/id\/produk\/spring-roll-machine-price\/#primaryimage\"},\"thumbnailUrl\":\"https:\/\/www.springrollsolution.com\/wp-content\/uploads\/2022\/06\/15-2.jpg\",\"datePublished\":\"2022-06-20T09:55:21+00:00\",\"dateModified\":\"2025-08-19T01:38:50+00:00\",\"description\":\"The spring roll machine has a variety of models to choose from, 1000pcs\/h, 3000pcs\/h, 5000pcs\/h, etc. And the price is also different.\",\"breadcrumb\":{\"@id\":\"https:\/\/www.springrollsolution.com\/id\/produk\/spring-roll-machine-price\/#breadcrumb\"},\"inLanguage\":\"es\",\"potentialAction\":[{\"@type\":\"ReadAction\",\"target\":[\"https:\/\/www.springrollsolution.com\/id\/produk\/spring-roll-machine-price\/\"]}]},{\"@type\":\"ImageObject\",\"inLanguage\":\"es\",\"@id\":\"https:\/\/www.springrollsolution.com\/id\/produk\/spring-roll-machine-price\/#primaryimage\",\"url\":\"https:\/\/www.springrollsolution.com\/wp-content\/uploads\/2022\/06\/15-2.jpg\",\"contentUrl\":\"https:\/\/www.springrollsolution.com\/wp-content\/uploads\/2022\/06\/15-2.jpg\",\"width\":600,\"height\":600,\"caption\":\"Spring Roll Machine\"},{\"@type\":\"BreadcrumbList\",\"@id\":\"https:\/\/www.springrollsolution.com\/id\/produk\/spring-roll-machine-price\/#breadcrumb\",\"itemListElement\":[{\"@type\":\"ListItem\",\"position\":1,\"name\":\"Home\",\"item\":\"https:\/\/www.springrollsolution.com\/\"},{\"@type\":\"ListItem\",\"position\":2,\"name\":\"Products\",\"item\":\"https:\/\/www.springrollsolution.com\/shop\/\"},{\"@type\":\"ListItem\",\"position\":3,\"name\":\"Industrial Spring Roll Machine Price 5000 Pieces\/h\"}]},{\"@type\":\"WebSite\",\"@id\":\"https:\/\/www.springrollsolution.com\/#website\",\"url\":\"https:\/\/www.springrollsolution.com\/\",\"name\":\"Spring Roll Processing Machine\",\"description\":\"Spring roll processing solution provider\",\"publisher\":{\"@id\":\"https:\/\/www.springrollsolution.com\/#organization\"},\"potentialAction\":[{\"@type\":\"SearchAction\",\"target\":{\"@type\":\"EntryPoint\",\"urlTemplate\":\"https:\/\/www.springrollsolution.com\/?s={search_term_string}\"},\"query-input\":{\"@type\":\"PropertyValueSpecification\",\"valueRequired\":true,\"valueName\":\"search_term_string\"}}],\"inLanguage\":\"es\"},{\"@type\":\"Organization\",\"@id\":\"https:\/\/www.springrollsolution.com\/#organization\",\"name\":\"Spring Roll Processing Machine\",\"url\":\"https:\/\/www.springrollsolution.com\/\",\"logo\":{\"@type\":\"ImageObject\",\"inLanguage\":\"es\",\"@id\":\"https:\/\/www.springrollsolution.com\/#\/schema\/logo\/image\/\",\"url\":\"https:\/\/www.springrollsolution.com\/wp-content\/uploads\/2025\/05\/cropped-logo.png\",\"contentUrl\":\"https:\/\/www.springrollsolution.com\/wp-content\/uploads\/2025\/05\/cropped-logo.png\",\"width\":180,\"height\":60,\"caption\":\"Spring Roll Processing Machine\"},\"image\":{\"@id\":\"https:\/\/www.springrollsolution.com\/#\/schema\/logo\/image\/\"}},false]}<\/script>\n<!-- \/ Yoast SEO plugin. -->","yoast_head_json":{"title":"Enrolladora de resortes industrial Precio 5000 piezas\/h","description":"La m\u00e1quina de rollitos de primavera tiene una variedad de modelos para elegir, 1000pcs\/h, 3000pcs\/h, 5000pcs\/h, etc. Y el precio tambi\u00e9n es diferente.","robots":{"index":"index","follow":"follow","max-snippet":"max-snippet:-1","max-image-preview":"max-image-preview:large","max-video-preview":"max-video-preview:-1"},"canonical":"https:\/\/www.springrollsolution.com\/es\/producto\/spring-roll-machine-price\/","og_locale":"es_ES","og_type":"article","og_title":"Industrial Spring Roll Machine Price 5000 Pieces\/h","og_description":"The spring roll machine has a variety of models to choose from, 1000pcs\/h, 3000pcs\/h, 5000pcs\/h, etc. And the price is also different.","og_url":"https:\/\/www.springrollsolution.com\/es\/producto\/spring-roll-machine-price\/","og_site_name":"Spring Roll Processing Machine","article_modified_time":"2025-08-19T01:38:50+00:00","og_image":[{"width":600,"height":600,"url":"https:\/\/www.springrollsolution.com\/wp-content\/uploads\/2022\/06\/15-2.jpg","type":"image\/jpeg"}],"twitter_card":"summary_large_image","twitter_misc":{"Tiempo de lectura":"4 minutos"},"schema":{"@context":"https:\/\/schema.org","@graph":[{"@type":"WebPage","@id":"https:\/\/www.springrollsolution.com\/id\/produk\/spring-roll-machine-price\/","url":"https:\/\/www.springrollsolution.com\/id\/produk\/spring-roll-machine-price\/","name":"Enrolladora de resortes industrial Precio 5000 piezas\/h","isPartOf":{"@id":"https:\/\/www.springrollsolution.com\/#website"},"primaryImageOfPage":{"@id":"https:\/\/www.springrollsolution.com\/id\/produk\/spring-roll-machine-price\/#primaryimage"},"image":{"@id":"https:\/\/www.springrollsolution.com\/id\/produk\/spring-roll-machine-price\/#primaryimage"},"thumbnailUrl":"https:\/\/www.springrollsolution.com\/wp-content\/uploads\/2022\/06\/15-2.jpg","datePublished":"2022-06-20T09:55:21+00:00","dateModified":"2025-08-19T01:38:50+00:00","description":"La m\u00e1quina de rollitos de primavera tiene una variedad de modelos para elegir, 1000pcs\/h, 3000pcs\/h, 5000pcs\/h, etc. Y el precio tambi\u00e9n es diferente.","breadcrumb":{"@id":"https:\/\/www.springrollsolution.com\/id\/produk\/spring-roll-machine-price\/#breadcrumb"},"inLanguage":"es","potentialAction":[{"@type":"ReadAction","target":["https:\/\/www.springrollsolution.com\/id\/produk\/spring-roll-machine-price\/"]}]},{"@type":"ImageObject","inLanguage":"es","@id":"https:\/\/www.springrollsolution.com\/id\/produk\/spring-roll-machine-price\/#primaryimage","url":"https:\/\/www.springrollsolution.com\/wp-content\/uploads\/2022\/06\/15-2.jpg","contentUrl":"https:\/\/www.springrollsolution.com\/wp-content\/uploads\/2022\/06\/15-2.jpg","width":600,"height":600,"caption":"Spring Roll Machine"},{"@type":"BreadcrumbList","@id":"https:\/\/www.springrollsolution.com\/id\/produk\/spring-roll-machine-price\/#breadcrumb","itemListElement":[{"@type":"ListItem","position":1,"name":"Home","item":"https:\/\/www.springrollsolution.com\/"},{"@type":"ListItem","position":2,"name":"Products","item":"https:\/\/www.springrollsolution.com\/shop\/"},{"@type":"ListItem","position":3,"name":"Industrial Spring Roll Machine Price 5000 Pieces\/h"}]},{"@type":"WebSite","@id":"https:\/\/www.springrollsolution.com\/#website","url":"https:\/\/www.springrollsolution.com\/","name":"M\u00e1quina procesadora de rollitos de primavera","description":"Proveedor de soluciones de procesamiento de rollitos de primavera","publisher":{"@id":"https:\/\/www.springrollsolution.com\/#organization"},"potentialAction":[{"@type":"SearchAction","target":{"@type":"EntryPoint","urlTemplate":"https:\/\/www.springrollsolution.com\/?s={search_term_string}"},"query-input":{"@type":"PropertyValueSpecification","valueRequired":true,"valueName":"search_term_string"}}],"inLanguage":"es"},{"@type":"Organization","@id":"https:\/\/www.springrollsolution.com\/#organization","name":"M\u00e1quina procesadora de rollitos de primavera","url":"https:\/\/www.springrollsolution.com\/","logo":{"@type":"ImageObject","inLanguage":"es","@id":"https:\/\/www.springrollsolution.com\/#\/schema\/logo\/image\/","url":"https:\/\/www.springrollsolution.com\/wp-content\/uploads\/2025\/05\/cropped-logo.png","contentUrl":"https:\/\/www.springrollsolution.com\/wp-content\/uploads\/2025\/05\/cropped-logo.png","width":180,"height":60,"caption":"Spring Roll Processing Machine"},"image":{"@id":"https:\/\/www.springrollsolution.com\/#\/schema\/logo\/image\/"}},false]}},"yasr_visitor_votes":{"stars_attributes":{"read_only":false,"span_bottom":false},"number_of_votes":5,"sum_votes":25},"_links":{"self":[{"href":"https:\/\/www.springrollsolution.com\/es\/wp-json\/wp\/v2\/product\/3189","targetHints":{"allow":["GET"]}}],"collection":[{"href":"https:\/\/www.springrollsolution.com\/es\/wp-json\/wp\/v2\/product"}],"about":[{"href":"https:\/\/www.springrollsolution.com\/es\/wp-json\/wp\/v2\/types\/product"}],"replies":[{"embeddable":true,"href":"https:\/\/www.springrollsolution.com\/es\/wp-json\/wp\/v2\/comments?post=3189"}],"wp:featuredmedia":[{"embeddable":true,"href":"https:\/\/www.springrollsolution.com\/es\/wp-json\/wp\/v2\/media\/3197"}],"wp:attachment":[{"href":"https:\/\/www.springrollsolution.com\/es\/wp-json\/wp\/v2\/media?parent=3189"}],"wp:term":[{"taxonomy":"product_brand","embeddable":true,"href":"https:\/\/www.springrollsolution.com\/es\/wp-json\/wp\/v2\/product_brand?post=3189"},{"taxonomy":"product_cat","embeddable":true,"href":"https:\/\/www.springrollsolution.com\/es\/wp-json\/wp\/v2\/product_cat?post=3189"},{"taxonomy":"product_tag","embeddable":true,"href":"https:\/\/www.springrollsolution.com\/es\/wp-json\/wp\/v2\/product_tag?post=3189"}],"curies":[{"name":"wp","href":"https:\/\/api.w.org\/{rel}","templated":true}]}}