{"id":3184,"date":"2022-06-20T16:09:13","date_gmt":"2022-06-20T08:09:13","guid":{"rendered":"https:\/\/www.springrollsolution.com\/?post_type=product&#038;p=3184"},"modified":"2025-07-02T15:40:04","modified_gmt":"2025-07-02T07:40:04","slug":"egg-roll-wrapper-making-machine","status":"publish","type":"product","link":"https:\/\/www.springrollsolution.com\/es\/producto\/egg-roll-wrapper-making-machine\/","title":{"rendered":"Precio de la m\u00e1quina envolvedora de rollitos de huevo el\u00e9ctrica de gas"},"content":{"rendered":"<p>Esta m\u00e1quina envolvedora de rollitos de huevo puede producir rollitos de huevo de alta calidad. Hay dos m\u00e9todos de calefacci\u00f3n: calefacci\u00f3n el\u00e9ctrica y calefacci\u00f3n de gas, el usuario puede elegir el adecuado.<\/p>\n<p>The machine can also customize the equipment according to the user&#8217;s needs to produce other similar products. This machine is usually for egg roll wrappers production and is easy to operate.<\/p>\n<p><img fetchpriority=\"high\" decoding=\"async\" class=\"alignnone size-full wp-image-3185\" src=\"https:\/\/www.springrollsolution.com\/wp-content\/uploads\/2022\/06\/11-1.jpg\" alt=\"M\u00e1quina envolvedora de rollitos de huevo\" width=\"700\" height=\"400\" srcset=\"https:\/\/www.springrollsolution.com\/wp-content\/uploads\/2022\/06\/11-1.jpg 700w, https:\/\/www.springrollsolution.com\/wp-content\/uploads\/2022\/06\/11-1-300x171.jpg 300w\" sizes=\"(max-width: 700px) 100vw, 700px\" \/><\/p>\n<h2><strong>C\u00f3mo hacer rollitos de huevo<\/strong><\/h2>\n<p>1. En primer lugar, ponga la masa de pozo en el cubo y, a continuaci\u00f3n, encienda el interruptor de la m\u00e1quina.<br \/>\n2. La masa se adhiere a la rueda de horneado y, a continuaci\u00f3n, se hornea a una temperatura determinada; cuando se gira 270\u00b0, la envoltura del rollito est\u00e1 madura.<br \/>\n3. The egg roll wrapper machine features an integrated cutter, cooling system, and conveyor. It rapidly cools the finished wrappers and delivers them for collection.<\/p>\n<p>Nota: La temperatura de la m\u00e1quina puede ajustarse seg\u00fan diferentes recetas; el producto final no s\u00f3lo produce pieles de rollitos de huevo.<\/p>\n<p><img decoding=\"async\" class=\"alignnone size-full wp-image-3186\" src=\"https:\/\/www.springrollsolution.com\/wp-content\/uploads\/2022\/06\/10-1.jpg\" alt=\"Producci\u00f3n de rollitos de huevo\" width=\"750\" height=\"450\" srcset=\"https:\/\/www.springrollsolution.com\/wp-content\/uploads\/2022\/06\/10-1.jpg 750w, https:\/\/www.springrollsolution.com\/wp-content\/uploads\/2022\/06\/10-1-300x180.jpg 300w\" sizes=\"(max-width: 750px) 100vw, 750px\" \/><\/p>\n<h2><strong>Characters of Egg Roll Wrapper Machine<\/strong><\/h2>\n<ol>\n<li>Adopt intelligent temperature control system, the temperature reaches zero error, and the heat waste is less, which plays the role of energy saving and environmental protection.<\/li>\n<li>La m\u00e1quina tiene un alto grado de automatizaci\u00f3n y es muy sencilla de manejar, todo ello a trav\u00e9s del panel de control para reducir los costes de mano de obra.<\/li>\n<li>Egg roll wrapper making machine&#8217;s material is safe, hygienic and durable. The parts that come into contact with food are made of stainless steel to ensure hygiene and safety in the production process.<\/li>\n<li>Gracias a la tecnolog\u00eda de procesamiento autom\u00e1tico del ruido, el ruido de funcionamiento de toda la m\u00e1quina envolvedora de rollitos de huevo puede controlarse por debajo de 50 decibelios para evitar que afecte al trabajo y al descanso de las personas de alrededor.<\/li>\n<li>La parte de calentamiento adopta una estructura de cable en forma de anillo, el propio cable no generar\u00e1 demasiado calor, y puede soportar altas temperaturas por encima de 500 \u2103, con una vida \u00fatil de m\u00e1s de 10 a\u00f1os. B\u00e1sicamente no hay costes de mantenimiento en el per\u00edodo posterior.<\/li>\n<li>Esta m\u00e1quina el\u00e9ctrica tiene un alto rendimiento, realizando la producci\u00f3n de envolturas de rollos de huevo a gran escala. Alta eficiencia, ahorro de costes, y aumentar la competitividad del mercado.<\/li>\n<li>Las m\u00e1quinas tienen diferentes modelos, rendimientos y concesiones de precios para satisfacer las necesidades de producci\u00f3n de los clientes.<\/li>\n<\/ol>\n<h2><strong>Working Video of Egg Roll Wrapper Making Machine<\/strong><\/h2>\n<p><iframe title=\"Reproductor de v\u00eddeo YouTube\" src=\"https:\/\/www.youtube.com\/embed\/UesWHPJKIWw\" width=\"560\" height=\"315\" frameborder=\"0\" allowfullscreen=\"allowfullscreen\"><\/iframe><\/p>\n<h2><strong>Equipo compatible:<\/strong><\/h2>\n<ul>\n<li>Cooling Conveyor Belt<\/li>\n<li>Stacking and Counting Devices<\/li>\n<li>Continuous Frying Machine for Egg Rolls<\/li>\n<li>Freezer Machine for Egg Roll Wrappers<\/li>\n<li>Packing Machine for Egg Roll Wrappers<\/li>\n<\/ul>\n<p>&nbsp;<\/p>\n<h2><strong>After-sale Service of Machine for Egg Roll Wrappers<\/strong><\/h2>\n<p>1. Los clientes que compran equipos de procesamiento de rollos de huevo de nuestra empresa traer\u00e1 el manual de instrucciones de la m\u00e1quina y proporcionar orientaci\u00f3n de v\u00eddeo cuando el env\u00edo.<br \/>\n2. Una vez que hay un problema con el dispositivo, por favor retroalimentaci\u00f3n a nosotros, y vamos a resolver el problema para usted inmediatamente.<br \/>\n3. The warranty period of the egg roll wrapper machine is one year. Within one year, if the machine has non-human-caused problems, free maintenance services will be provided.<br \/>\n4. Si el problema se debe a factores humanos, se cobrar\u00e1 la tarifa de mantenimiento correspondiente tras la reparaci\u00f3n.<\/p>\n<p>&nbsp;<\/p>\n<h3><strong>Par\u00e1metros t\u00e9cnicos<\/strong><\/h3>\n<table border=\"0\" cellspacing=\"0\" cellpadding=\"0\">\n<tbody>\n<tr>\n<td>Modelo<\/td>\n<td>GGSR-5029Y\/F<\/td>\n<td>GGSR-8045Y\/F<\/td>\n<td>GGSR-12060Y\/F<\/td>\n<\/tr>\n<tr>\n<td>Tensi\u00f3n<\/td>\n<td>380\/220V\uff0850\/60HZ\uff09<\/td>\n<td>380\/220V\uff0850\/60HZ\uff09<\/td>\n<td>380\/220V\uff0850\/60HZ\uff09<\/td>\n<\/tr>\n<tr>\n<td>Potencia<\/td>\n<td>18kw<\/td>\n<td>40kw<\/td>\n<td>59kw<\/td>\n<\/tr>\n<tr>\n<td>Potencia de acogida<\/td>\n<td>0,4 kW<\/td>\n<td>0,4 kW<\/td>\n<td>0,75 kW<\/td>\n<\/tr>\n<tr>\n<td>Potencia de corte<\/td>\n<td>0,2 kW<\/td>\n<td>0,2 kW<\/td>\n<td>0,2 kW<\/td>\n<\/tr>\n<tr>\n<td>Potencia de la cinta transportadora<\/td>\n<td>0,36 kW<\/td>\n<td>0,36 kW<\/td>\n<td>0,55 kw<\/td>\n<\/tr>\n<tr>\n<td>Capacidad<\/td>\n<td>1000-1500pcs\/h<\/td>\n<td>3500-4500pcs\/h<\/td>\n<td>4500-7000pcs\/h<\/td>\n<\/tr>\n<tr>\n<td>Machine Size<\/td>\n<td>5200*950*1350mm<\/td>\n<td>6200*1100*1600mm<\/td>\n<td>6200*1300*2000mm<\/td>\n<\/tr>\n<tr>\n<td>Peso neto<\/td>\n<td>520 kg<\/td>\n<td>1000kg<\/td>\n<td>1750kg<\/td>\n<\/tr>\n<tr>\n<td>Thickness of Egg Roll Wrappers<\/td>\n<td>0,3-2,0 mm<\/td>\n<td>0,3-2,0 mm<\/td>\n<td>0,3-2,0 mm<\/td>\n<\/tr>\n<\/tbody>\n<\/table>\n<p>&nbsp;<\/p>\n<h3><strong>Dejar solicitud de presupuesto gratuito<\/strong><\/h3>\n\n<div class=\"wpcf7 no-js\" id=\"wpcf7-f3214-o1\" lang=\"en-US\" dir=\"ltr\" data-wpcf7-id=\"3214\">\n<div class=\"screen-reader-response\"><p role=\"status\" aria-live=\"polite\" aria-atomic=\"true\"><\/p> <ul><\/ul><\/div>\n<form action=\"\/es\/wp-json\/wp\/v2\/product\/3184#wpcf7-f3214-o1\" method=\"post\" class=\"wpcf7-form init\" aria-label=\"Formulario de contacto\" novalidate=\"novalidate\" data-status=\"init\" data-trp-original-action=\"\/es\/wp-json\/wp\/v2\/product\/3184#wpcf7-f3214-o1\">\n<fieldset class=\"hidden-fields-container\"><input type=\"hidden\" name=\"_wpcf7\" value=\"3214\" \/><input type=\"hidden\" name=\"_wpcf7_version\" value=\"6.1.5\" \/><input type=\"hidden\" name=\"_wpcf7_locale\" value=\"en_US\" \/><input type=\"hidden\" name=\"_wpcf7_unit_tag\" value=\"wpcf7-f3214-o1\" \/><input type=\"hidden\" name=\"_wpcf7_container_post\" value=\"0\" \/><input type=\"hidden\" name=\"_wpcf7_posted_data_hash\" value=\"\" \/>\n<\/fieldset>\n<p><label> Su nombre<br \/>\n<span class=\"wpcf7-form-control-wrap\" data-name=\"your-name\"><input size=\"40\" maxlength=\"400\" class=\"wpcf7-form-control wpcf7-text wpcf7-validates-as-required\" aria-required=\"true\" aria-invalid=\"false\" value=\"\" type=\"text\" name=\"your-name\" \/><\/span> <\/label>\n<\/p>\n<p><label> Su pa\u00eds<br \/>\n<span class=\"wpcf7-form-control-wrap\" data-name=\"your-country\"><input size=\"40\" maxlength=\"400\" class=\"wpcf7-form-control wpcf7-text\" aria-invalid=\"false\" value=\"\" type=\"text\" name=\"your-country\" \/><\/span> <\/label>\n<\/p>\n<p><label> Su correo electr\u00f3nico<br \/>\n<span class=\"wpcf7-form-control-wrap\" data-name=\"your-email\"><input size=\"40\" maxlength=\"400\" class=\"wpcf7-form-control wpcf7-email wpcf7-validates-as-required wpcf7-text wpcf7-validates-as-email\" aria-required=\"true\" aria-invalid=\"false\" value=\"\" type=\"email\" name=\"your-email\" \/><\/span> <\/label>\n<\/p>\n<p><label> Tu tel\u00e9fono<br \/>\n<span class=\"wpcf7-form-control-wrap\" data-name=\"your-phone\"><input size=\"40\" maxlength=\"400\" class=\"wpcf7-form-control wpcf7-tel wpcf7-text wpcf7-validates-as-tel\" aria-invalid=\"false\" value=\"\" type=\"tel\" name=\"your-phone\" \/><\/span> <\/label>\n<\/p>\n<p><label> Nombre de la empresa<br \/>\n<span class=\"wpcf7-form-control-wrap\" data-name=\"text-457\"><input size=\"40\" maxlength=\"400\" class=\"wpcf7-form-control wpcf7-text\" aria-invalid=\"false\" value=\"\" type=\"text\" name=\"text-457\" \/><\/span> <\/label>\n<\/p>\n<p><label> El sitio web de su empresa<br \/>\n<span class=\"wpcf7-form-control-wrap\" data-name=\"text-546\"><input size=\"40\" maxlength=\"400\" class=\"wpcf7-form-control wpcf7-text\" aria-invalid=\"false\" value=\"\" type=\"text\" name=\"text-546\" \/><\/span> <\/label>\n<\/p>\n<p><label> Sus requisitos*<br \/>\n<span class=\"wpcf7-form-control-wrap\" data-name=\"your-requirement\"><textarea cols=\"40\" rows=\"10\" maxlength=\"2000\" class=\"wpcf7-form-control wpcf7-textarea wpcf7-validates-as-required\" aria-required=\"true\" aria-invalid=\"false\" name=\"your-requirement\"><\/textarea><\/span> <\/label>\n<\/p>\n<p><input class=\"wpcf7-form-control wpcf7-submit has-spinner\" type=\"submit\" value=\"Enviar\" \/>\n<\/p>\n<div style=\"clear:both\">\n<\/div><p style=\"display: none !important;\" class=\"akismet-fields-container\" data-prefix=\"_wpcf7_ak_\"><label>&#916;<textarea name=\"_wpcf7_ak_hp_textarea\" cols=\"45\" rows=\"8\" maxlength=\"100\"><\/textarea><\/label><input type=\"hidden\" id=\"ak_js_1\" name=\"_wpcf7_ak_js\" value=\"65\"\/><script>document.getElementById( \"ak_js_1\" ).setAttribute( \"value\", ( new Date() ).getTime() );<\/script><\/p><div class=\"wpcf7-response-output\" aria-hidden=\"true\"><\/div>\n<input type=\"hidden\" name=\"trp-form-language\" value=\"es\"\/><\/form>\n<\/div>\n\n<div style='text-align:left' class='yasr-auto-insert-visitor'><\/div>","protected":false},"excerpt":{"rendered":"<p>This egg roll wrapper machine can produce high quality egg roll wrappers product. There are two heating methods: electric heating and gas heating, the user can choose the suitable one. The machine can also customize the equipment according to the user&#8217;s needs to produce other similar products. This machine is usually for egg roll wrappers [&hellip;]<\/p>","protected":false},"featured_media":3188,"comment_status":"open","ping_status":"closed","template":"","meta":{"site-sidebar-layout":"default","site-content-layout":"default","ast-site-content-layout":"default","site-content-style":"default","site-sidebar-style":"default","ast-global-header-display":"","ast-banner-title-visibility":"","ast-main-header-display":"","ast-hfb-above-header-display":"","ast-hfb-below-header-display":"","ast-hfb-mobile-header-display":"","site-post-title":"","ast-breadcrumbs-content":"","ast-featured-img":"","footer-sml-layout":"","theme-transparent-header-meta":"","adv-header-id-meta":"","stick-header-meta":"","header-above-stick-meta":"","header-main-stick-meta":"","header-below-stick-meta":"","astra-migrate-meta-layouts":"default","ast-page-background-enabled":"default","ast-page-background-meta":{"desktop":{"background-color":"","background-image":"","background-repeat":"repeat","background-position":"center center","background-size":"auto","background-attachment":"scroll","background-type":"","background-media":"","overlay-type":"","overlay-color":"","overlay-opacity":"","overlay-gradient":""},"tablet":{"background-color":"","background-image":"","background-repeat":"repeat","background-position":"center center","background-size":"auto","background-attachment":"scroll","background-type":"","background-media":"","overlay-type":"","overlay-color":"","overlay-opacity":"","overlay-gradient":""},"mobile":{"background-color":"","background-image":"","background-repeat":"repeat","background-position":"center center","background-size":"auto","background-attachment":"scroll","background-type":"","background-media":"","overlay-type":"","overlay-color":"","overlay-opacity":"","overlay-gradient":""}},"ast-content-background-meta":{"desktop":{"background-color":"var(--ast-global-color-5)","background-image":"","background-repeat":"repeat","background-position":"center center","background-size":"auto","background-attachment":"scroll","background-type":"","background-media":"","overlay-type":"","overlay-color":"","overlay-opacity":"","overlay-gradient":""},"tablet":{"background-color":"var(--ast-global-color-5)","background-image":"","background-repeat":"repeat","background-position":"center center","background-size":"auto","background-attachment":"scroll","background-type":"","background-media":"","overlay-type":"","overlay-color":"","overlay-opacity":"","overlay-gradient":""},"mobile":{"background-color":"var(--ast-global-color-5)","background-image":"","background-repeat":"repeat","background-position":"center center","background-size":"auto","background-attachment":"scroll","background-type":"","background-media":"","overlay-type":"","overlay-color":"","overlay-opacity":"","overlay-gradient":""}},"yasr_overall_rating":0,"yasr_post_is_review":"","yasr_auto_insert_disabled":"","yasr_review_type":""},"product_brand":[],"product_cat":[6],"product_tag":[],"class_list":{"0":"post-3184","1":"product","2":"type-product","3":"status-publish","4":"has-post-thumbnail","6":"product_cat-wrapper-machine","7":"desktop-align-left","8":"tablet-align-left","9":"mobile-align-left","11":"first","12":"instock","13":"shipping-taxable","14":"product-type-simple"},"yoast_head":"<!-- This site is optimized with the Yoast SEO plugin v26.4 - https:\/\/yoast.com\/wordpress\/plugins\/seo\/ -->\n<title>Electric Gas Egg Roll Wrapper Making Machine Price<\/title>\n<meta name=\"description\" content=\"The egg roll wrapper machine has two heating methods, electric heating and gas heating, and can produce high-quality egg roll wrappers.\" \/>\n<meta name=\"robots\" content=\"index, follow, max-snippet:-1, max-image-preview:large, max-video-preview:-1\" \/>\n<link rel=\"canonical\" href=\"https:\/\/www.springrollsolution.com\/es\/producto\/egg-roll-wrapper-making-machine\/\" \/>\n<meta property=\"og:locale\" content=\"es_ES\" \/>\n<meta property=\"og:type\" content=\"article\" \/>\n<meta property=\"og:title\" content=\"Electric Gas Egg Roll Wrapper Making Machine Price\" \/>\n<meta property=\"og:description\" content=\"The egg roll wrapper machine has two heating methods, electric heating and gas heating, and can produce high-quality egg roll wrappers.\" \/>\n<meta property=\"og:url\" content=\"https:\/\/www.springrollsolution.com\/es\/producto\/egg-roll-wrapper-making-machine\/\" \/>\n<meta property=\"og:site_name\" content=\"Spring Roll Processing Machine\" \/>\n<meta property=\"article:modified_time\" content=\"2025-07-02T07:40:04+00:00\" \/>\n<meta property=\"og:image\" content=\"https:\/\/www.springrollsolution.com\/wp-content\/uploads\/2022\/06\/12-1.jpg\" \/>\n\t<meta property=\"og:image:width\" content=\"600\" \/>\n\t<meta property=\"og:image:height\" content=\"600\" \/>\n\t<meta property=\"og:image:type\" content=\"image\/jpeg\" \/>\n<meta name=\"twitter:card\" content=\"summary_large_image\" \/>\n<meta name=\"twitter:label1\" content=\"Tiempo de lectura\" \/>\n\t<meta name=\"twitter:data1\" content=\"3 minutos\" \/>\n<script type=\"application\/ld+json\" class=\"yoast-schema-graph\">{\"@context\":\"https:\/\/schema.org\",\"@graph\":[{\"@type\":\"WebPage\",\"@id\":\"https:\/\/www.springrollsolution.com\/ms\/product\/egg-roll-wrapper-making-machine\/\",\"url\":\"https:\/\/www.springrollsolution.com\/ms\/product\/egg-roll-wrapper-making-machine\/\",\"name\":\"Electric Gas Egg Roll Wrapper Making Machine Price\",\"isPartOf\":{\"@id\":\"https:\/\/www.springrollsolution.com\/#website\"},\"primaryImageOfPage\":{\"@id\":\"https:\/\/www.springrollsolution.com\/ms\/product\/egg-roll-wrapper-making-machine\/#primaryimage\"},\"image\":{\"@id\":\"https:\/\/www.springrollsolution.com\/ms\/product\/egg-roll-wrapper-making-machine\/#primaryimage\"},\"thumbnailUrl\":\"https:\/\/www.springrollsolution.com\/wp-content\/uploads\/2022\/06\/12-1.jpg\",\"datePublished\":\"2022-06-20T08:09:13+00:00\",\"dateModified\":\"2025-07-02T07:40:04+00:00\",\"description\":\"The egg roll wrapper machine has two heating methods, electric heating and gas heating, and can produce high-quality egg roll wrappers.\",\"breadcrumb\":{\"@id\":\"https:\/\/www.springrollsolution.com\/ms\/product\/egg-roll-wrapper-making-machine\/#breadcrumb\"},\"inLanguage\":\"es\",\"potentialAction\":[{\"@type\":\"ReadAction\",\"target\":[\"https:\/\/www.springrollsolution.com\/ms\/product\/egg-roll-wrapper-making-machine\/\"]}]},{\"@type\":\"ImageObject\",\"inLanguage\":\"es\",\"@id\":\"https:\/\/www.springrollsolution.com\/ms\/product\/egg-roll-wrapper-making-machine\/#primaryimage\",\"url\":\"https:\/\/www.springrollsolution.com\/wp-content\/uploads\/2022\/06\/12-1.jpg\",\"contentUrl\":\"https:\/\/www.springrollsolution.com\/wp-content\/uploads\/2022\/06\/12-1.jpg\",\"width\":600,\"height\":600,\"caption\":\"Egg Roll Wrapper Machine\"},{\"@type\":\"BreadcrumbList\",\"@id\":\"https:\/\/www.springrollsolution.com\/ms\/product\/egg-roll-wrapper-making-machine\/#breadcrumb\",\"itemListElement\":[{\"@type\":\"ListItem\",\"position\":1,\"name\":\"Home\",\"item\":\"https:\/\/www.springrollsolution.com\/\"},{\"@type\":\"ListItem\",\"position\":2,\"name\":\"Products\",\"item\":\"https:\/\/www.springrollsolution.com\/shop\/\"},{\"@type\":\"ListItem\",\"position\":3,\"name\":\"Electric Gas Egg Roll Wrapper Making Machine Price\"}]},{\"@type\":\"WebSite\",\"@id\":\"https:\/\/www.springrollsolution.com\/#website\",\"url\":\"https:\/\/www.springrollsolution.com\/\",\"name\":\"Spring Roll Processing Machine\",\"description\":\"Spring roll processing solution provider\",\"publisher\":{\"@id\":\"https:\/\/www.springrollsolution.com\/#organization\"},\"potentialAction\":[{\"@type\":\"SearchAction\",\"target\":{\"@type\":\"EntryPoint\",\"urlTemplate\":\"https:\/\/www.springrollsolution.com\/?s={search_term_string}\"},\"query-input\":{\"@type\":\"PropertyValueSpecification\",\"valueRequired\":true,\"valueName\":\"search_term_string\"}}],\"inLanguage\":\"es\"},{\"@type\":\"Organization\",\"@id\":\"https:\/\/www.springrollsolution.com\/#organization\",\"name\":\"Spring Roll Processing Machine\",\"url\":\"https:\/\/www.springrollsolution.com\/\",\"logo\":{\"@type\":\"ImageObject\",\"inLanguage\":\"es\",\"@id\":\"https:\/\/www.springrollsolution.com\/#\/schema\/logo\/image\/\",\"url\":\"https:\/\/www.springrollsolution.com\/wp-content\/uploads\/2025\/05\/cropped-logo.png\",\"contentUrl\":\"https:\/\/www.springrollsolution.com\/wp-content\/uploads\/2025\/05\/cropped-logo.png\",\"width\":180,\"height\":60,\"caption\":\"Spring Roll Processing Machine\"},\"image\":{\"@id\":\"https:\/\/www.springrollsolution.com\/#\/schema\/logo\/image\/\"}},false]}<\/script>\n<!-- \/ Yoast SEO plugin. -->","yoast_head_json":{"title":"Precio de la m\u00e1quina envolvedora de rollitos de huevo el\u00e9ctrica de gas","description":"La m\u00e1quina envolvedora de rollitos de huevo tiene dos m\u00e9todos de calentamiento, calentamiento el\u00e9ctrico y calentamiento por gas, y puede producir envolturas de rollitos de huevo de alta calidad.","robots":{"index":"index","follow":"follow","max-snippet":"max-snippet:-1","max-image-preview":"max-image-preview:large","max-video-preview":"max-video-preview:-1"},"canonical":"https:\/\/www.springrollsolution.com\/es\/producto\/egg-roll-wrapper-making-machine\/","og_locale":"es_ES","og_type":"article","og_title":"Electric Gas Egg Roll Wrapper Making Machine Price","og_description":"The egg roll wrapper machine has two heating methods, electric heating and gas heating, and can produce high-quality egg roll wrappers.","og_url":"https:\/\/www.springrollsolution.com\/es\/producto\/egg-roll-wrapper-making-machine\/","og_site_name":"Spring Roll Processing Machine","article_modified_time":"2025-07-02T07:40:04+00:00","og_image":[{"width":600,"height":600,"url":"https:\/\/www.springrollsolution.com\/wp-content\/uploads\/2022\/06\/12-1.jpg","type":"image\/jpeg"}],"twitter_card":"summary_large_image","twitter_misc":{"Tiempo de lectura":"3 minutos"},"schema":{"@context":"https:\/\/schema.org","@graph":[{"@type":"WebPage","@id":"https:\/\/www.springrollsolution.com\/ms\/product\/egg-roll-wrapper-making-machine\/","url":"https:\/\/www.springrollsolution.com\/ms\/product\/egg-roll-wrapper-making-machine\/","name":"Precio de la m\u00e1quina envolvedora de rollitos de huevo el\u00e9ctrica de gas","isPartOf":{"@id":"https:\/\/www.springrollsolution.com\/#website"},"primaryImageOfPage":{"@id":"https:\/\/www.springrollsolution.com\/ms\/product\/egg-roll-wrapper-making-machine\/#primaryimage"},"image":{"@id":"https:\/\/www.springrollsolution.com\/ms\/product\/egg-roll-wrapper-making-machine\/#primaryimage"},"thumbnailUrl":"https:\/\/www.springrollsolution.com\/wp-content\/uploads\/2022\/06\/12-1.jpg","datePublished":"2022-06-20T08:09:13+00:00","dateModified":"2025-07-02T07:40:04+00:00","description":"La m\u00e1quina envolvedora de rollitos de huevo tiene dos m\u00e9todos de calentamiento, calentamiento el\u00e9ctrico y calentamiento por gas, y puede producir envolturas de rollitos de huevo de alta calidad.","breadcrumb":{"@id":"https:\/\/www.springrollsolution.com\/ms\/product\/egg-roll-wrapper-making-machine\/#breadcrumb"},"inLanguage":"es","potentialAction":[{"@type":"ReadAction","target":["https:\/\/www.springrollsolution.com\/ms\/product\/egg-roll-wrapper-making-machine\/"]}]},{"@type":"ImageObject","inLanguage":"es","@id":"https:\/\/www.springrollsolution.com\/ms\/product\/egg-roll-wrapper-making-machine\/#primaryimage","url":"https:\/\/www.springrollsolution.com\/wp-content\/uploads\/2022\/06\/12-1.jpg","contentUrl":"https:\/\/www.springrollsolution.com\/wp-content\/uploads\/2022\/06\/12-1.jpg","width":600,"height":600,"caption":"Egg Roll Wrapper Machine"},{"@type":"BreadcrumbList","@id":"https:\/\/www.springrollsolution.com\/ms\/product\/egg-roll-wrapper-making-machine\/#breadcrumb","itemListElement":[{"@type":"ListItem","position":1,"name":"Home","item":"https:\/\/www.springrollsolution.com\/"},{"@type":"ListItem","position":2,"name":"Products","item":"https:\/\/www.springrollsolution.com\/shop\/"},{"@type":"ListItem","position":3,"name":"Electric Gas Egg Roll Wrapper Making Machine Price"}]},{"@type":"WebSite","@id":"https:\/\/www.springrollsolution.com\/#website","url":"https:\/\/www.springrollsolution.com\/","name":"M\u00e1quina procesadora de rollitos de primavera","description":"Proveedor de soluciones de procesamiento de rollitos de primavera","publisher":{"@id":"https:\/\/www.springrollsolution.com\/#organization"},"potentialAction":[{"@type":"SearchAction","target":{"@type":"EntryPoint","urlTemplate":"https:\/\/www.springrollsolution.com\/?s={search_term_string}"},"query-input":{"@type":"PropertyValueSpecification","valueRequired":true,"valueName":"search_term_string"}}],"inLanguage":"es"},{"@type":"Organization","@id":"https:\/\/www.springrollsolution.com\/#organization","name":"M\u00e1quina procesadora de rollitos de primavera","url":"https:\/\/www.springrollsolution.com\/","logo":{"@type":"ImageObject","inLanguage":"es","@id":"https:\/\/www.springrollsolution.com\/#\/schema\/logo\/image\/","url":"https:\/\/www.springrollsolution.com\/wp-content\/uploads\/2025\/05\/cropped-logo.png","contentUrl":"https:\/\/www.springrollsolution.com\/wp-content\/uploads\/2025\/05\/cropped-logo.png","width":180,"height":60,"caption":"Spring Roll Processing Machine"},"image":{"@id":"https:\/\/www.springrollsolution.com\/#\/schema\/logo\/image\/"}},false]}},"yasr_visitor_votes":{"stars_attributes":{"read_only":false,"span_bottom":false},"number_of_votes":1,"sum_votes":5},"_links":{"self":[{"href":"https:\/\/www.springrollsolution.com\/es\/wp-json\/wp\/v2\/product\/3184","targetHints":{"allow":["GET"]}}],"collection":[{"href":"https:\/\/www.springrollsolution.com\/es\/wp-json\/wp\/v2\/product"}],"about":[{"href":"https:\/\/www.springrollsolution.com\/es\/wp-json\/wp\/v2\/types\/product"}],"replies":[{"embeddable":true,"href":"https:\/\/www.springrollsolution.com\/es\/wp-json\/wp\/v2\/comments?post=3184"}],"wp:featuredmedia":[{"embeddable":true,"href":"https:\/\/www.springrollsolution.com\/es\/wp-json\/wp\/v2\/media\/3188"}],"wp:attachment":[{"href":"https:\/\/www.springrollsolution.com\/es\/wp-json\/wp\/v2\/media?parent=3184"}],"wp:term":[{"taxonomy":"product_brand","embeddable":true,"href":"https:\/\/www.springrollsolution.com\/es\/wp-json\/wp\/v2\/product_brand?post=3184"},{"taxonomy":"product_cat","embeddable":true,"href":"https:\/\/www.springrollsolution.com\/es\/wp-json\/wp\/v2\/product_cat?post=3184"},{"taxonomy":"product_tag","embeddable":true,"href":"https:\/\/www.springrollsolution.com\/es\/wp-json\/wp\/v2\/product_tag?post=3184"}],"curies":[{"name":"wp","href":"https:\/\/api.w.org\/{rel}","templated":true}]}}