{"id":175,"date":"2020-04-19T04:02:47","date_gmt":"2020-04-19T04:02:47","guid":{"rendered":"http:\/\/www.springrollsolution.com\/product\/premium-quality\/"},"modified":"2026-02-15T09:05:45","modified_gmt":"2026-02-15T01:05:45","slug":"spring-roll-wrapper-machine","status":"publish","type":"product","link":"https:\/\/www.springrollsolution.com\/es\/producto\/spring-roll-wrapper-machine\/","title":{"rendered":"M\u00e1quina envolvedora autom\u00e1tica de rollitos de primavera 500-1000pcs\/h"},"content":{"rendered":"<p><strong>Descripci\u00f3n de la m\u00e1quina envolvedora de rollitos de primavera<\/strong><br \/>\nEsta m\u00e1quina envolvedora de rollitos de primavera es una m\u00e1quina profesional de procesamiento de alimentos para producir autom\u00e1ticamente envolturas de rollitos de primavera. La producci\u00f3n es variada, con equipos peque\u00f1os, medianos y grandes.<\/p>\n<p><img fetchpriority=\"high\" decoding=\"async\" class=\"alignnone size-full wp-image-3169\" src=\"https:\/\/www.springrollsolution.com\/wp-content\/uploads\/2020\/04\/1.jpg\" alt=\"M\u00e1quina envolvedora de rollitos de primavera\" width=\"800\" height=\"400\" srcset=\"https:\/\/www.springrollsolution.com\/wp-content\/uploads\/2020\/04\/1.jpg 800w, https:\/\/www.springrollsolution.com\/wp-content\/uploads\/2020\/04\/1-300x150.jpg 300w, https:\/\/www.springrollsolution.com\/wp-content\/uploads\/2020\/04\/1-768x384.jpg 768w\" sizes=\"(max-width: 800px) 100vw, 800px\" \/><\/p>\n<h2><strong>Proceso de envoltura de rollitos de primavera:<\/strong><\/h2>\n<p>S\u00f3lo tiene que preparar los ingredientes, mezclarlos hasta obtener una masa homog\u00e9nea y, a continuaci\u00f3n, la m\u00e1quina envolvedora de rollitos de primavera completar\u00e1 autom\u00e1ticamente el relleno, el horneado, el corte, el recuento y el apilado. Por \u00faltimo, los rollitos de primavera horneados se apilan en montones, listos para envasar, congelar y vender en cualquier momento.<\/p>\n<p>Nuestros equipos pueden fabricarse seg\u00fan distintos procesos, y existen muchos modelos para satisfacer las necesidades. Para m\u00e1s informaci\u00f3n y presupuestos, <a href=\"https:\/\/www.springrollsolution.com\/es\/contact-us\/\"><strong><span style=\"color: #ff9900;\">haga clic para ponerse en contacto con nosotros<\/span><\/strong><\/a>.<\/p>\n<h3><strong>Productos de aplicaci\u00f3n de la m\u00e1quina envolvedora de rollitos de primavera:<\/strong><\/h3>\n<p>Esta envolvedora autom\u00e1tica de rollitos de primavera es adecuada para hacer envolturas de rollitos de primavera, pasta de rollitos de huevo, crepes, envolturas de lumpia, pasta de rollitos de primavera, warqa, envoltura filo, panqueques, envoltura filo y otros productos similares.<\/p>\n<p><img decoding=\"async\" class=\"alignnone size-full wp-image-3170\" src=\"https:\/\/www.springrollsolution.com\/wp-content\/uploads\/2020\/04\/2.jpg\" alt=\"Soluciones para rollitos de primavera\" width=\"800\" height=\"400\" srcset=\"https:\/\/www.springrollsolution.com\/wp-content\/uploads\/2020\/04\/2.jpg 800w, https:\/\/www.springrollsolution.com\/wp-content\/uploads\/2020\/04\/2-300x150.jpg 300w, https:\/\/www.springrollsolution.com\/wp-content\/uploads\/2020\/04\/2-768x384.jpg 768w\" sizes=\"(max-width: 800px) 100vw, 800px\" \/><\/p>\n<h2><strong>Caracter\u00edsticas de la m\u00e1quina envolvedora autom\u00e1tica de rollitos de primavera<\/strong><\/h2>\n<ol>\n<li>Funcionamiento sencillo: encienda el interruptor de la m\u00e1quina, la m\u00e1quina autom\u00e1ticamente el tama\u00f1o, hornear para formar. Los pasteles producidos se pueden vender directamente. Ahorre tiempo y esfuerzo.<\/li>\n<li>La m\u00e1quina tiene un dise\u00f1o razonable, una estructura compacta, es f\u00e1cil de mover y no ocupa espacio. Y f\u00e1cil de mantener y limpiar.<\/li>\n<li>Est\u00e1 fabricada en acero inoxidable. Montaje con rodamientos, sin aceite, sin \u00f3xido, sin rebabas en la superficie de corte. El material es seguro, higi\u00e9nico y duradero.<\/li>\n<li>Procesador PLC inteligente, operaci\u00f3n de pantalla t\u00e1ctil. Sistema operativo en chino e ingl\u00e9s, equipado con sistema autom\u00e1tico de alarma de fallos.<\/li>\n<li>La m\u00e1quina envolvedora de rollitos de primavera adopta la regulaci\u00f3n de velocidad por conversi\u00f3n de frecuencia, funcionando suavemente, asegurando la velocidad y el buen efecto de cocci\u00f3n de las envolturas de rollitos de primavera.<\/li>\n<li>La potencia est\u00e1 diversificada, y para la calefacci\u00f3n se pueden utilizar diversas fuentes de energ\u00eda, como la calefacci\u00f3n por gas licuado o la calefacci\u00f3n el\u00e9ctrica. Apoya el servicio personalizado.<\/li>\n<\/ol>\n<p><img decoding=\"async\" class=\"alignnone size-full wp-image-3171\" src=\"https:\/\/www.springrollsolution.com\/wp-content\/uploads\/2020\/04\/3.jpg\" alt=\"Precio de la m\u00e1quina envolvedora de rollitos de primavera\" width=\"600\" height=\"600\" srcset=\"https:\/\/www.springrollsolution.com\/wp-content\/uploads\/2020\/04\/3.jpg 600w, https:\/\/www.springrollsolution.com\/wp-content\/uploads\/2020\/04\/3-300x300.jpg 300w, https:\/\/www.springrollsolution.com\/wp-content\/uploads\/2020\/04\/3-150x150.jpg 150w, https:\/\/www.springrollsolution.com\/wp-content\/uploads\/2020\/04\/3-100x100.jpg 100w\" sizes=\"(max-width: 600px) 100vw, 600px\" \/><\/p>\n<h3><strong>Receta de rollitos de primavera:<\/strong><\/h3>\n<p>\u25cf A\u00f1ada agua al cubo de batir, despu\u00e9s a\u00f1ada aceite de cocina, sal y, por \u00faltimo, harina.<br \/>\n\u25cf Las proporciones son las siguientes: 50 kg de harina con 67 kg a 78 kg de agua, 600 gramos a 800 gramos de aceite comestible y 500 a 800 gramos de sal.<br \/>\n\u25cf Las harinas disponibles son harina para rollitos de primavera, harina de reposter\u00eda y harina com\u00fan.<br \/>\n\u25cf A\u00f1ade \u226410% de maicena al amasar los fideos, la piel del rollito de primavera horneado quedar\u00e1 m\u00e1s brillante.<\/p>\n<p>&nbsp;<\/p>\n<h2><strong>V\u00eddeo de la m\u00e1quina envolvedora de rollitos de primavera<\/strong><\/h2>\n<p><iframe title=\"Reproductor de v\u00eddeo YouTube\" src=\"https:\/\/www.youtube.com\/embed\/-ShIQh6TIok\" width=\"560\" height=\"315\" frameborder=\"0\" allowfullscreen=\"allowfullscreen\"><\/iframe><\/p>\n<p>Somos un fabricante de equipos de producci\u00f3n de alimentos en China, establecida en 2010, centr\u00e1ndose en la investigaci\u00f3n y el desarrollo y la producci\u00f3n de rollos de primavera y equipos de procesamiento de envoltura de rollos de primavera.<\/p>\n<p>Nuestras m\u00e1quinas se han vendido a m\u00e1s de 50 pa\u00edses en el mundo como EE.UU., Canad\u00e1, Australia, Malasia, Indonesia, Arabia Saudita, Yemen, Emiratos \u00c1rabes Unidos, Filipinas, Brasil, Chile, Vietnam, Botswana, Jordania y as\u00ed sucesivamente. Para m\u00e1s de 300 fabricantes de procesamiento de alimentos.<\/p>\n<p>Proporcionamos soluciones de alta calidad y especializadas en m\u00e1quinas envolvedoras de rollitos de primavera y rollitos de primavera, incluidas las soluciones completas semiautom\u00e1ticas y totalmente autom\u00e1ticas. Aseg\u00farese de que se cumplan las demandas de cada cliente.<\/p>\n<p>&nbsp;<\/p>\n<h3>Par\u00e1metros t\u00e9cnicos<\/h3>\n<table border=\"0\" cellspacing=\"0\" cellpadding=\"0\">\n<tbody>\n<tr>\n<td>Modelo<\/td>\n<td>GGSR-5029Y\/F<\/td>\n<td>GGSR-8045Y\/F<\/td>\n<td>GGSR-12060Y\/F<\/td>\n<\/tr>\n<tr>\n<td>Tensi\u00f3n<\/td>\n<td>380\/220V\uff0850\/60HZ\uff09<\/td>\n<td>380\/220V\uff0850\/60HZ\uff09<\/td>\n<td>380\/220V\uff0850\/60HZ\uff09<\/td>\n<\/tr>\n<tr>\n<td>Potencia<\/td>\n<td>18kw<\/td>\n<td>40kw<\/td>\n<td>59kw<\/td>\n<\/tr>\n<tr>\n<td>Potencia de acogida<\/td>\n<td>0,4 kW<\/td>\n<td>0,4 kW<\/td>\n<td>0,75 kW<\/td>\n<\/tr>\n<tr>\n<td>Potencia de corte<\/td>\n<td>0,2 kW<\/td>\n<td>0,2 kW<\/td>\n<td>0,2 kW<\/td>\n<\/tr>\n<tr>\n<td>Potencia de la cinta transportadora<\/td>\n<td>0,36 kW<\/td>\n<td>0,36 kW<\/td>\n<td>0,55 kw<\/td>\n<\/tr>\n<tr>\n<td>Capacidad<\/td>\n<td>1000-1500pcs\/h<\/td>\n<td>3500-4500pcs\/h<\/td>\n<td>4500-7000pcs\/h<\/td>\n<\/tr>\n<tr>\n<td>Talla<\/td>\n<td>5200*950*1350mm<\/td>\n<td>6200*1100*1600mm<\/td>\n<td>6200*1300*2000mm<\/td>\n<\/tr>\n<tr>\n<td>Peso neto<\/td>\n<td>520 kg<\/td>\n<td>1000kg<\/td>\n<td>1750kg<\/td>\n<\/tr>\n<tr>\n<td>Grosor de la Dosa<\/td>\n<td>0,3-2,0 mm<\/td>\n<td>0,3-2,0 mm<\/td>\n<td>0,3-2,0 mm<\/td>\n<\/tr>\n<\/tbody>\n<\/table>\n<p>&nbsp;<\/p>\n<h3><strong>Dejar solicitud de presupuesto gratuito<\/strong><\/h3>\n\n<div class=\"wpcf7 no-js\" id=\"wpcf7-f3214-o1\" lang=\"en-US\" dir=\"ltr\" data-wpcf7-id=\"3214\">\n<div class=\"screen-reader-response\"><p role=\"status\" aria-live=\"polite\" aria-atomic=\"true\"><\/p> <ul><\/ul><\/div>\n<form action=\"\/es\/wp-json\/wp\/v2\/product\/175#wpcf7-f3214-o1\" method=\"post\" class=\"wpcf7-form init\" aria-label=\"Formulario de contacto\" novalidate=\"novalidate\" data-status=\"init\" data-trp-original-action=\"\/es\/wp-json\/wp\/v2\/product\/175#wpcf7-f3214-o1\">\n<fieldset class=\"hidden-fields-container\"><input type=\"hidden\" name=\"_wpcf7\" value=\"3214\" \/><input type=\"hidden\" name=\"_wpcf7_version\" value=\"6.1.5\" \/><input type=\"hidden\" name=\"_wpcf7_locale\" value=\"en_US\" \/><input type=\"hidden\" name=\"_wpcf7_unit_tag\" value=\"wpcf7-f3214-o1\" \/><input type=\"hidden\" name=\"_wpcf7_container_post\" value=\"0\" \/><input type=\"hidden\" name=\"_wpcf7_posted_data_hash\" value=\"\" \/>\n<\/fieldset>\n<p><label> Su nombre<br \/>\n<span class=\"wpcf7-form-control-wrap\" data-name=\"your-name\"><input size=\"40\" maxlength=\"400\" class=\"wpcf7-form-control wpcf7-text wpcf7-validates-as-required\" aria-required=\"true\" aria-invalid=\"false\" value=\"\" type=\"text\" name=\"your-name\" \/><\/span> <\/label>\n<\/p>\n<p><label> Su pa\u00eds<br \/>\n<span class=\"wpcf7-form-control-wrap\" data-name=\"your-country\"><input size=\"40\" maxlength=\"400\" class=\"wpcf7-form-control wpcf7-text\" aria-invalid=\"false\" value=\"\" type=\"text\" name=\"your-country\" \/><\/span> <\/label>\n<\/p>\n<p><label> Su correo electr\u00f3nico<br \/>\n<span class=\"wpcf7-form-control-wrap\" data-name=\"your-email\"><input size=\"40\" maxlength=\"400\" class=\"wpcf7-form-control wpcf7-email wpcf7-validates-as-required wpcf7-text wpcf7-validates-as-email\" aria-required=\"true\" aria-invalid=\"false\" value=\"\" type=\"email\" name=\"your-email\" \/><\/span> <\/label>\n<\/p>\n<p><label> Tu tel\u00e9fono<br \/>\n<span class=\"wpcf7-form-control-wrap\" data-name=\"your-phone\"><input size=\"40\" maxlength=\"400\" class=\"wpcf7-form-control wpcf7-tel wpcf7-text wpcf7-validates-as-tel\" aria-invalid=\"false\" value=\"\" type=\"tel\" name=\"your-phone\" \/><\/span> <\/label>\n<\/p>\n<p><label> Nombre de la empresa<br \/>\n<span class=\"wpcf7-form-control-wrap\" data-name=\"text-457\"><input size=\"40\" maxlength=\"400\" class=\"wpcf7-form-control wpcf7-text\" aria-invalid=\"false\" value=\"\" type=\"text\" name=\"text-457\" \/><\/span> <\/label>\n<\/p>\n<p><label> El sitio web de su empresa<br \/>\n<span class=\"wpcf7-form-control-wrap\" data-name=\"text-546\"><input size=\"40\" maxlength=\"400\" class=\"wpcf7-form-control wpcf7-text\" aria-invalid=\"false\" value=\"\" type=\"text\" name=\"text-546\" \/><\/span> <\/label>\n<\/p>\n<p><label> Sus requisitos*<br \/>\n<span class=\"wpcf7-form-control-wrap\" data-name=\"your-requirement\"><textarea cols=\"40\" rows=\"10\" maxlength=\"2000\" class=\"wpcf7-form-control wpcf7-textarea wpcf7-validates-as-required\" aria-required=\"true\" aria-invalid=\"false\" name=\"your-requirement\"><\/textarea><\/span> <\/label>\n<\/p>\n<p><input class=\"wpcf7-form-control wpcf7-submit has-spinner\" type=\"submit\" value=\"Enviar\" \/>\n<\/p>\n<div style=\"clear:both\">\n<\/div><p style=\"display: none !important;\" class=\"akismet-fields-container\" data-prefix=\"_wpcf7_ak_\"><label>&#916;<textarea name=\"_wpcf7_ak_hp_textarea\" cols=\"45\" rows=\"8\" maxlength=\"100\"><\/textarea><\/label><input type=\"hidden\" id=\"ak_js_1\" name=\"_wpcf7_ak_js\" value=\"198\"\/><script>document.getElementById( \"ak_js_1\" ).setAttribute( \"value\", ( new Date() ).getTime() );<\/script><\/p><div class=\"wpcf7-response-output\" aria-hidden=\"true\"><\/div>\n<input type=\"hidden\" name=\"trp-form-language\" value=\"es\"\/><\/form>\n<\/div>\n\n<div style='text-align:left' class='yasr-auto-insert-visitor'><\/div>","protected":false},"excerpt":{"rendered":"<ul>\n<li><strong>Capacidad: 500-1000 piezas\/h<\/strong><\/li>\n<li><strong>Aplicaci\u00f3n: Se puede utilizar para hacer envoltorios de rollitos de primavera, envoltorios de lumpia, crepes, tortitas, etc.<\/strong><\/li>\n<li><strong><span style=\"color: #3366ff;\">Correo electr\u00f3nico: <a style=\"color: #3366ff;\" href=\"mailto:lisa@machinehall.com\">lisa@machinehall.com<\/a><\/span><\/strong><\/li>\n<li><strong><span style=\"color: #3366ff;\">WhatsApp: <a style=\"color: #3366ff;\" href=\"https:\/\/wa.me\/8615515571373\">+8615515571373<\/a><\/span><\/strong><\/li>\n<li><strong><\/strong><\/li>\n<\/ul>","protected":false},"featured_media":3172,"comment_status":"open","ping_status":"closed","template":"","meta":{"site-sidebar-layout":"default","site-content-layout":"default","ast-site-content-layout":"default","site-content-style":"default","site-sidebar-style":"default","ast-global-header-display":"","ast-banner-title-visibility":"","ast-main-header-display":"","ast-hfb-above-header-display":"","ast-hfb-below-header-display":"","ast-hfb-mobile-header-display":"","site-post-title":"","ast-breadcrumbs-content":"","ast-featured-img":"","footer-sml-layout":"","theme-transparent-header-meta":"","adv-header-id-meta":"","stick-header-meta":"","header-above-stick-meta":"","header-main-stick-meta":"","header-below-stick-meta":"","astra-migrate-meta-layouts":"default","ast-page-background-enabled":"default","ast-page-background-meta":{"desktop":{"background-color":"","background-image":"","background-repeat":"repeat","background-position":"center center","background-size":"auto","background-attachment":"scroll","background-type":"","background-media":"","overlay-type":"","overlay-color":"","overlay-opacity":"","overlay-gradient":""},"tablet":{"background-color":"","background-image":"","background-repeat":"repeat","background-position":"center center","background-size":"auto","background-attachment":"scroll","background-type":"","background-media":"","overlay-type":"","overlay-color":"","overlay-opacity":"","overlay-gradient":""},"mobile":{"background-color":"","background-image":"","background-repeat":"repeat","background-position":"center center","background-size":"auto","background-attachment":"scroll","background-type":"","background-media":"","overlay-type":"","overlay-color":"","overlay-opacity":"","overlay-gradient":""}},"ast-content-background-meta":{"desktop":{"background-color":"var(--ast-global-color-5)","background-image":"","background-repeat":"repeat","background-position":"center center","background-size":"auto","background-attachment":"scroll","background-type":"","background-media":"","overlay-type":"","overlay-color":"","overlay-opacity":"","overlay-gradient":""},"tablet":{"background-color":"var(--ast-global-color-5)","background-image":"","background-repeat":"repeat","background-position":"center center","background-size":"auto","background-attachment":"scroll","background-type":"","background-media":"","overlay-type":"","overlay-color":"","overlay-opacity":"","overlay-gradient":""},"mobile":{"background-color":"var(--ast-global-color-5)","background-image":"","background-repeat":"repeat","background-position":"center center","background-size":"auto","background-attachment":"scroll","background-type":"","background-media":"","overlay-type":"","overlay-color":"","overlay-opacity":"","overlay-gradient":""}},"yasr_overall_rating":5,"yasr_post_is_review":"","yasr_auto_insert_disabled":"","yasr_review_type":""},"product_brand":[],"product_cat":[6],"product_tag":[],"class_list":{"0":"post-175","1":"product","2":"type-product","3":"status-publish","4":"has-post-thumbnail","6":"product_cat-wrapper-machine","7":"desktop-align-left","8":"tablet-align-left","9":"mobile-align-left","11":"first","12":"instock","13":"shipping-taxable","14":"product-type-simple"},"yoast_head":"<!-- This site is optimized with the Yoast SEO plugin v26.4 - https:\/\/yoast.com\/wordpress\/plugins\/seo\/ -->\n<title>Automatic Spring Roll Wrapper Making Machine 500-1000pcs\/h<\/title>\n<meta name=\"description\" content=\"The spring roll wrapper machine is a professional equipment for making spring roll wrappers, lumpia wrappers, samosa sheets and so on.\" \/>\n<meta name=\"robots\" content=\"index, follow, max-snippet:-1, max-image-preview:large, max-video-preview:-1\" \/>\n<link rel=\"canonical\" href=\"https:\/\/www.springrollsolution.com\/es\/producto\/spring-roll-wrapper-machine\/\" \/>\n<meta property=\"og:locale\" content=\"es_ES\" \/>\n<meta property=\"og:type\" content=\"article\" \/>\n<meta property=\"og:title\" content=\"Automatic Spring Roll Wrapper Making Machine 500-1000pcs\/h\" \/>\n<meta property=\"og:description\" content=\"The spring roll wrapper machine is a professional equipment for making spring roll wrappers, lumpia wrappers, samosa sheets and so on.\" \/>\n<meta property=\"og:url\" content=\"https:\/\/www.springrollsolution.com\/es\/producto\/spring-roll-wrapper-machine\/\" \/>\n<meta property=\"og:site_name\" content=\"Spring Roll Processing Machine\" \/>\n<meta property=\"article:modified_time\" content=\"2026-02-15T01:05:45+00:00\" \/>\n<meta property=\"og:image\" content=\"https:\/\/www.springrollsolution.com\/wp-content\/uploads\/2020\/04\/4.jpg\" \/>\n\t<meta property=\"og:image:width\" content=\"600\" \/>\n\t<meta property=\"og:image:height\" content=\"600\" \/>\n\t<meta property=\"og:image:type\" content=\"image\/jpeg\" \/>\n<meta name=\"twitter:card\" content=\"summary_large_image\" \/>\n<meta name=\"twitter:label1\" content=\"Tiempo de lectura\" \/>\n\t<meta name=\"twitter:data1\" content=\"4 minutos\" \/>\n<script type=\"application\/ld+json\" class=\"yoast-schema-graph\">{\"@context\":\"https:\/\/schema.org\",\"@graph\":[{\"@type\":\"WebPage\",\"@id\":\"https:\/\/www.springrollsolution.com\/es\/producto\/spring-roll-wrapper-machine\/\",\"url\":\"https:\/\/www.springrollsolution.com\/es\/producto\/spring-roll-wrapper-machine\/\",\"name\":\"Automatic Spring Roll Wrapper Making Machine 500-1000pcs\/h\",\"isPartOf\":{\"@id\":\"https:\/\/www.springrollsolution.com\/#website\"},\"primaryImageOfPage\":{\"@id\":\"https:\/\/www.springrollsolution.com\/es\/producto\/spring-roll-wrapper-machine\/#primaryimage\"},\"image\":{\"@id\":\"https:\/\/www.springrollsolution.com\/es\/producto\/spring-roll-wrapper-machine\/#primaryimage\"},\"thumbnailUrl\":\"https:\/\/www.springrollsolution.com\/wp-content\/uploads\/2020\/04\/4.jpg\",\"datePublished\":\"2020-04-19T04:02:47+00:00\",\"dateModified\":\"2026-02-15T01:05:45+00:00\",\"description\":\"The spring roll wrapper machine is a professional equipment for making spring roll wrappers, lumpia wrappers, samosa sheets and so on.\",\"breadcrumb\":{\"@id\":\"https:\/\/www.springrollsolution.com\/es\/producto\/spring-roll-wrapper-machine\/#breadcrumb\"},\"inLanguage\":\"es\",\"potentialAction\":[{\"@type\":\"ReadAction\",\"target\":[\"https:\/\/www.springrollsolution.com\/es\/producto\/spring-roll-wrapper-machine\/\"]}]},{\"@type\":\"ImageObject\",\"inLanguage\":\"es\",\"@id\":\"https:\/\/www.springrollsolution.com\/es\/producto\/spring-roll-wrapper-machine\/#primaryimage\",\"url\":\"https:\/\/www.springrollsolution.com\/wp-content\/uploads\/2020\/04\/4.jpg\",\"contentUrl\":\"https:\/\/www.springrollsolution.com\/wp-content\/uploads\/2020\/04\/4.jpg\",\"width\":600,\"height\":600,\"caption\":\"Spring Roll Wrapper Making Machine\"},{\"@type\":\"BreadcrumbList\",\"@id\":\"https:\/\/www.springrollsolution.com\/es\/producto\/spring-roll-wrapper-machine\/#breadcrumb\",\"itemListElement\":[{\"@type\":\"ListItem\",\"position\":1,\"name\":\"Home\",\"item\":\"https:\/\/www.springrollsolution.com\/\"},{\"@type\":\"ListItem\",\"position\":2,\"name\":\"Products\",\"item\":\"https:\/\/www.springrollsolution.com\/shop\/\"},{\"@type\":\"ListItem\",\"position\":3,\"name\":\"Automatic Spring Roll Wrapper Making Machine 500-1000pcs\/h\"}]},{\"@type\":\"WebSite\",\"@id\":\"https:\/\/www.springrollsolution.com\/#website\",\"url\":\"https:\/\/www.springrollsolution.com\/\",\"name\":\"Spring Roll Processing Machine\",\"description\":\"Spring roll processing solution provider\",\"publisher\":{\"@id\":\"https:\/\/www.springrollsolution.com\/#organization\"},\"potentialAction\":[{\"@type\":\"SearchAction\",\"target\":{\"@type\":\"EntryPoint\",\"urlTemplate\":\"https:\/\/www.springrollsolution.com\/?s={search_term_string}\"},\"query-input\":{\"@type\":\"PropertyValueSpecification\",\"valueRequired\":true,\"valueName\":\"search_term_string\"}}],\"inLanguage\":\"es\"},{\"@type\":\"Organization\",\"@id\":\"https:\/\/www.springrollsolution.com\/#organization\",\"name\":\"Spring Roll Processing Machine\",\"url\":\"https:\/\/www.springrollsolution.com\/\",\"logo\":{\"@type\":\"ImageObject\",\"inLanguage\":\"es\",\"@id\":\"https:\/\/www.springrollsolution.com\/#\/schema\/logo\/image\/\",\"url\":\"https:\/\/www.springrollsolution.com\/wp-content\/uploads\/2025\/05\/cropped-logo.png\",\"contentUrl\":\"https:\/\/www.springrollsolution.com\/wp-content\/uploads\/2025\/05\/cropped-logo.png\",\"width\":180,\"height\":60,\"caption\":\"Spring Roll Processing Machine\"},\"image\":{\"@id\":\"https:\/\/www.springrollsolution.com\/#\/schema\/logo\/image\/\"}},false]}<\/script>\n<!-- \/ Yoast SEO plugin. -->","yoast_head_json":{"title":"M\u00e1quina envolvedora autom\u00e1tica de rollitos de primavera 500-1000pcs\/h","description":"La m\u00e1quina envolvedora de rollitos de primavera es un equipo profesional para hacer envolturas de rollitos de primavera, envolturas de lumpia, l\u00e1minas de samosa, etc.","robots":{"index":"index","follow":"follow","max-snippet":"max-snippet:-1","max-image-preview":"max-image-preview:large","max-video-preview":"max-video-preview:-1"},"canonical":"https:\/\/www.springrollsolution.com\/es\/producto\/spring-roll-wrapper-machine\/","og_locale":"es_ES","og_type":"article","og_title":"Automatic Spring Roll Wrapper Making Machine 500-1000pcs\/h","og_description":"The spring roll wrapper machine is a professional equipment for making spring roll wrappers, lumpia wrappers, samosa sheets and so on.","og_url":"https:\/\/www.springrollsolution.com\/es\/producto\/spring-roll-wrapper-machine\/","og_site_name":"Spring Roll Processing Machine","article_modified_time":"2026-02-15T01:05:45+00:00","og_image":[{"width":600,"height":600,"url":"https:\/\/www.springrollsolution.com\/wp-content\/uploads\/2020\/04\/4.jpg","type":"image\/jpeg"}],"twitter_card":"summary_large_image","twitter_misc":{"Tiempo de lectura":"4 minutos"},"schema":{"@context":"https:\/\/schema.org","@graph":[{"@type":"WebPage","@id":"https:\/\/www.springrollsolution.com\/es\/producto\/spring-roll-wrapper-machine\/","url":"https:\/\/www.springrollsolution.com\/es\/producto\/spring-roll-wrapper-machine\/","name":"M\u00e1quina envolvedora autom\u00e1tica de rollitos de primavera 500-1000pcs\/h","isPartOf":{"@id":"https:\/\/www.springrollsolution.com\/#website"},"primaryImageOfPage":{"@id":"https:\/\/www.springrollsolution.com\/es\/producto\/spring-roll-wrapper-machine\/#primaryimage"},"image":{"@id":"https:\/\/www.springrollsolution.com\/es\/producto\/spring-roll-wrapper-machine\/#primaryimage"},"thumbnailUrl":"https:\/\/www.springrollsolution.com\/wp-content\/uploads\/2020\/04\/4.jpg","datePublished":"2020-04-19T04:02:47+00:00","dateModified":"2026-02-15T01:05:45+00:00","description":"La m\u00e1quina envolvedora de rollitos de primavera es un equipo profesional para hacer envolturas de rollitos de primavera, envolturas de lumpia, l\u00e1minas de samosa, etc.","breadcrumb":{"@id":"https:\/\/www.springrollsolution.com\/es\/producto\/spring-roll-wrapper-machine\/#breadcrumb"},"inLanguage":"es","potentialAction":[{"@type":"ReadAction","target":["https:\/\/www.springrollsolution.com\/es\/producto\/spring-roll-wrapper-machine\/"]}]},{"@type":"ImageObject","inLanguage":"es","@id":"https:\/\/www.springrollsolution.com\/es\/producto\/spring-roll-wrapper-machine\/#primaryimage","url":"https:\/\/www.springrollsolution.com\/wp-content\/uploads\/2020\/04\/4.jpg","contentUrl":"https:\/\/www.springrollsolution.com\/wp-content\/uploads\/2020\/04\/4.jpg","width":600,"height":600,"caption":"Spring Roll Wrapper Making Machine"},{"@type":"BreadcrumbList","@id":"https:\/\/www.springrollsolution.com\/es\/producto\/spring-roll-wrapper-machine\/#breadcrumb","itemListElement":[{"@type":"ListItem","position":1,"name":"Home","item":"https:\/\/www.springrollsolution.com\/"},{"@type":"ListItem","position":2,"name":"Products","item":"https:\/\/www.springrollsolution.com\/shop\/"},{"@type":"ListItem","position":3,"name":"Automatic Spring Roll Wrapper Making Machine 500-1000pcs\/h"}]},{"@type":"WebSite","@id":"https:\/\/www.springrollsolution.com\/#website","url":"https:\/\/www.springrollsolution.com\/","name":"M\u00e1quina procesadora de rollitos de primavera","description":"Proveedor de soluciones de procesamiento de rollitos de primavera","publisher":{"@id":"https:\/\/www.springrollsolution.com\/#organization"},"potentialAction":[{"@type":"SearchAction","target":{"@type":"EntryPoint","urlTemplate":"https:\/\/www.springrollsolution.com\/?s={search_term_string}"},"query-input":{"@type":"PropertyValueSpecification","valueRequired":true,"valueName":"search_term_string"}}],"inLanguage":"es"},{"@type":"Organization","@id":"https:\/\/www.springrollsolution.com\/#organization","name":"M\u00e1quina procesadora de rollitos de primavera","url":"https:\/\/www.springrollsolution.com\/","logo":{"@type":"ImageObject","inLanguage":"es","@id":"https:\/\/www.springrollsolution.com\/#\/schema\/logo\/image\/","url":"https:\/\/www.springrollsolution.com\/wp-content\/uploads\/2025\/05\/cropped-logo.png","contentUrl":"https:\/\/www.springrollsolution.com\/wp-content\/uploads\/2025\/05\/cropped-logo.png","width":180,"height":60,"caption":"Spring Roll Processing Machine"},"image":{"@id":"https:\/\/www.springrollsolution.com\/#\/schema\/logo\/image\/"}},false]}},"yasr_visitor_votes":{"stars_attributes":{"read_only":false,"span_bottom":false},"number_of_votes":3,"sum_votes":15},"_links":{"self":[{"href":"https:\/\/www.springrollsolution.com\/es\/wp-json\/wp\/v2\/product\/175","targetHints":{"allow":["GET"]}}],"collection":[{"href":"https:\/\/www.springrollsolution.com\/es\/wp-json\/wp\/v2\/product"}],"about":[{"href":"https:\/\/www.springrollsolution.com\/es\/wp-json\/wp\/v2\/types\/product"}],"replies":[{"embeddable":true,"href":"https:\/\/www.springrollsolution.com\/es\/wp-json\/wp\/v2\/comments?post=175"}],"wp:featuredmedia":[{"embeddable":true,"href":"https:\/\/www.springrollsolution.com\/es\/wp-json\/wp\/v2\/media\/3172"}],"wp:attachment":[{"href":"https:\/\/www.springrollsolution.com\/es\/wp-json\/wp\/v2\/media?parent=175"}],"wp:term":[{"taxonomy":"product_brand","embeddable":true,"href":"https:\/\/www.springrollsolution.com\/es\/wp-json\/wp\/v2\/product_brand?post=175"},{"taxonomy":"product_cat","embeddable":true,"href":"https:\/\/www.springrollsolution.com\/es\/wp-json\/wp\/v2\/product_cat?post=175"},{"taxonomy":"product_tag","embeddable":true,"href":"https:\/\/www.springrollsolution.com\/es\/wp-json\/wp\/v2\/product_tag?post=175"}],"curies":[{"name":"wp","href":"https:\/\/api.w.org\/{rel}","templated":true}]}}